{"id":47824,"date":"2023-03-16T20:42:26","date_gmt":"2023-03-16T18:42:26","guid":{"rendered":"https:\/\/www.gintaresgeles.lt\/puokste\/home-fragrance-with-sticks-ylang-and-tangerine-200ml\/"},"modified":"2025-01-22T10:06:57","modified_gmt":"2025-01-22T08:06:57","slug":"home-fragrance-with-sticks-ylang-and-tangerine-200ml","status":"publish","type":"product","link":"https:\/\/www.gintaresgeles.lt\/en\/puokste\/home-fragrance-with-sticks-ylang-and-tangerine-200ml\/","title":{"rendered":"Home fragrance with sticks &#8220;Ylang and tangerine&#8221; (200ml)"},"content":{"rendered":"","protected":false},"excerpt":{"rendered":"<p>Tangerine and Ylang Ylang Floral Home Fragrance is made with natural essential oils, making it a great gift for any occasion. A pleasant aroma will fill any room where it is placed. This home fragrance will keep you smelling great for up to 12 weeks.<\/p>\n","protected":false},"featured_media":46819,"template":"","meta":[],"product_brand":[],"product_cat":[237],"product_tag":[],"class_list":{"0":"post-47824","1":"product","2":"type-product","3":"status-publish","4":"has-post-thumbnail","6":"product_cat-gifts","7":"tm-has-options","9":"first","10":"instock","11":"taxable","12":"shipping-taxable","13":"purchasable","14":"product-type-simple"},"yoast_head":"<!-- This site is optimized with the Yoast SEO plugin v25.3 - https:\/\/yoast.com\/wordpress\/plugins\/seo\/ -->\n<title>Home fragrance with sticks &quot;Ylang and tangerine&#039;&#039; | Gintar\u0117s G\u0117l\u0117s<\/title>\n<meta name=\"description\" content=\"A scent diffuser with a pleasant aroma will make a great symbolic gift, which you can purchase together with the flowers of your choice.\" \/>\n<meta name=\"robots\" content=\"index, follow, max-snippet:-1, max-image-preview:large, max-video-preview:-1\" \/>\n<link rel=\"canonical\" href=\"https:\/\/www.gintaresgeles.lt\/en\/puokste\/home-fragrance-with-sticks-ylang-and-tangerine-200ml\/\" \/>\n<meta property=\"og:locale\" content=\"en_US\" \/>\n<meta property=\"og:type\" content=\"article\" \/>\n<meta property=\"og:title\" content=\"Home fragrance with sticks &quot;Ylang and tangerine&#039;&#039; | Gintar\u0117s G\u0117l\u0117s\" \/>\n<meta property=\"og:description\" content=\"A scent diffuser with a pleasant aroma will make a great symbolic gift, which you can purchase together with the flowers of your choice.\" \/>\n<meta property=\"og:url\" content=\"https:\/\/www.gintaresgeles.lt\/en\/puokste\/home-fragrance-with-sticks-ylang-and-tangerine-200ml\/\" \/>\n<meta property=\"og:site_name\" content=\"gintaresgeles.lt\" \/>\n<meta property=\"article:modified_time\" content=\"2025-01-22T08:06:57+00:00\" \/>\n<meta property=\"og:image\" content=\"https:\/\/www.gintaresgeles.lt\/wp-content\/uploads\/2023\/02\/namu-kvapas-dovana-draugei.jpeg\" \/>\n\t<meta property=\"og:image:width\" content=\"600\" \/>\n\t<meta property=\"og:image:height\" content=\"600\" \/>\n\t<meta property=\"og:image:type\" content=\"image\/jpeg\" \/>\n<meta name=\"twitter:card\" content=\"summary_large_image\" \/>\n<script type=\"application\/ld+json\" class=\"yoast-schema-graph\">{\"@context\":\"https:\/\/schema.org\",\"@graph\":[{\"@type\":\"WebPage\",\"@id\":\"https:\/\/www.gintaresgeles.lt\/en\/puokste\/home-fragrance-with-sticks-ylang-and-tangerine-200ml\/\",\"url\":\"https:\/\/www.gintaresgeles.lt\/en\/puokste\/home-fragrance-with-sticks-ylang-and-tangerine-200ml\/\",\"name\":\"Home fragrance with sticks \\\"Ylang and tangerine'' | Gintar\u0117s G\u0117l\u0117s\",\"isPartOf\":{\"@id\":\"https:\/\/www.gintaresgeles.lt\/en\/#website\"},\"primaryImageOfPage\":{\"@id\":\"https:\/\/www.gintaresgeles.lt\/en\/puokste\/home-fragrance-with-sticks-ylang-and-tangerine-200ml\/#primaryimage\"},\"image\":{\"@id\":\"https:\/\/www.gintaresgeles.lt\/en\/puokste\/home-fragrance-with-sticks-ylang-and-tangerine-200ml\/#primaryimage\"},\"thumbnailUrl\":\"https:\/\/www.gintaresgeles.lt\/wp-content\/uploads\/2023\/02\/namu-kvapas-dovana-draugei.jpeg\",\"datePublished\":\"2023-03-16T18:42:26+00:00\",\"dateModified\":\"2025-01-22T08:06:57+00:00\",\"description\":\"A scent diffuser with a pleasant aroma will make a great symbolic gift, which you can purchase together with the flowers of your choice.\",\"breadcrumb\":{\"@id\":\"https:\/\/www.gintaresgeles.lt\/en\/puokste\/home-fragrance-with-sticks-ylang-and-tangerine-200ml\/#breadcrumb\"},\"inLanguage\":\"en-US\",\"potentialAction\":[{\"@type\":\"ReadAction\",\"target\":[\"https:\/\/www.gintaresgeles.lt\/en\/puokste\/home-fragrance-with-sticks-ylang-and-tangerine-200ml\/\"]}]},{\"@type\":\"ImageObject\",\"inLanguage\":\"en-US\",\"@id\":\"https:\/\/www.gintaresgeles.lt\/en\/puokste\/home-fragrance-with-sticks-ylang-and-tangerine-200ml\/#primaryimage\",\"url\":\"https:\/\/www.gintaresgeles.lt\/wp-content\/uploads\/2023\/02\/namu-kvapas-dovana-draugei.jpeg\",\"contentUrl\":\"https:\/\/www.gintaresgeles.lt\/wp-content\/uploads\/2023\/02\/namu-kvapas-dovana-draugei.jpeg\",\"width\":600,\"height\":600,\"caption\":\"Ylang ir mandarin\u0173 kvapo nam\u0173 kvapas gimtadienio dovana\"},{\"@type\":\"BreadcrumbList\",\"@id\":\"https:\/\/www.gintaresgeles.lt\/en\/puokste\/home-fragrance-with-sticks-ylang-and-tangerine-200ml\/#breadcrumb\",\"itemListElement\":[{\"@type\":\"ListItem\",\"position\":1,\"name\":\"Prad\u017eia\",\"item\":\"https:\/\/www.gintaresgeles.lt\/en\/\"},{\"@type\":\"ListItem\",\"position\":2,\"name\":\"All flowers and other products\",\"item\":\"https:\/\/www.gintaresgeles.lt\/en\/all-flowers-and-other-products\/\"},{\"@type\":\"ListItem\",\"position\":3,\"name\":\"Home fragrance with sticks &#8222;Ylang and tangerine&#8221; (200ml)\"}]},{\"@type\":\"WebSite\",\"@id\":\"https:\/\/www.gintaresgeles.lt\/en\/#website\",\"url\":\"https:\/\/www.gintaresgeles.lt\/en\/\",\"name\":\"gintaresgeles.lt\",\"description\":\"G\u0117li\u0173 parduotuv\u0117 internete\",\"potentialAction\":[{\"@type\":\"SearchAction\",\"target\":{\"@type\":\"EntryPoint\",\"urlTemplate\":\"https:\/\/www.gintaresgeles.lt\/en\/?s={search_term_string}\"},\"query-input\":{\"@type\":\"PropertyValueSpecification\",\"valueRequired\":true,\"valueName\":\"search_term_string\"}}],\"inLanguage\":\"en-US\"}]}<\/script>\n<!-- \/ Yoast SEO plugin. -->","yoast_head_json":{"title":"Home fragrance with sticks \"Ylang and tangerine'' | Gintar\u0117s G\u0117l\u0117s","description":"A scent diffuser with a pleasant aroma will make a great symbolic gift, which you can purchase together with the flowers of your choice.","robots":{"index":"index","follow":"follow","max-snippet":"max-snippet:-1","max-image-preview":"max-image-preview:large","max-video-preview":"max-video-preview:-1"},"canonical":"https:\/\/www.gintaresgeles.lt\/en\/puokste\/home-fragrance-with-sticks-ylang-and-tangerine-200ml\/","og_locale":"en_US","og_type":"article","og_title":"Home fragrance with sticks \"Ylang and tangerine'' | Gintar\u0117s G\u0117l\u0117s","og_description":"A scent diffuser with a pleasant aroma will make a great symbolic gift, which you can purchase together with the flowers of your choice.","og_url":"https:\/\/www.gintaresgeles.lt\/en\/puokste\/home-fragrance-with-sticks-ylang-and-tangerine-200ml\/","og_site_name":"gintaresgeles.lt","article_modified_time":"2025-01-22T08:06:57+00:00","og_image":[{"width":600,"height":600,"url":"https:\/\/www.gintaresgeles.lt\/wp-content\/uploads\/2023\/02\/namu-kvapas-dovana-draugei.jpeg","type":"image\/jpeg"}],"twitter_card":"summary_large_image","schema":{"@context":"https:\/\/schema.org","@graph":[{"@type":"WebPage","@id":"https:\/\/www.gintaresgeles.lt\/en\/puokste\/home-fragrance-with-sticks-ylang-and-tangerine-200ml\/","url":"https:\/\/www.gintaresgeles.lt\/en\/puokste\/home-fragrance-with-sticks-ylang-and-tangerine-200ml\/","name":"Home fragrance with sticks \"Ylang and tangerine'' | Gintar\u0117s G\u0117l\u0117s","isPartOf":{"@id":"https:\/\/www.gintaresgeles.lt\/en\/#website"},"primaryImageOfPage":{"@id":"https:\/\/www.gintaresgeles.lt\/en\/puokste\/home-fragrance-with-sticks-ylang-and-tangerine-200ml\/#primaryimage"},"image":{"@id":"https:\/\/www.gintaresgeles.lt\/en\/puokste\/home-fragrance-with-sticks-ylang-and-tangerine-200ml\/#primaryimage"},"thumbnailUrl":"https:\/\/www.gintaresgeles.lt\/wp-content\/uploads\/2023\/02\/namu-kvapas-dovana-draugei.jpeg","datePublished":"2023-03-16T18:42:26+00:00","dateModified":"2025-01-22T08:06:57+00:00","description":"A scent diffuser with a pleasant aroma will make a great symbolic gift, which you can purchase together with the flowers of your choice.","breadcrumb":{"@id":"https:\/\/www.gintaresgeles.lt\/en\/puokste\/home-fragrance-with-sticks-ylang-and-tangerine-200ml\/#breadcrumb"},"inLanguage":"en-US","potentialAction":[{"@type":"ReadAction","target":["https:\/\/www.gintaresgeles.lt\/en\/puokste\/home-fragrance-with-sticks-ylang-and-tangerine-200ml\/"]}]},{"@type":"ImageObject","inLanguage":"en-US","@id":"https:\/\/www.gintaresgeles.lt\/en\/puokste\/home-fragrance-with-sticks-ylang-and-tangerine-200ml\/#primaryimage","url":"https:\/\/www.gintaresgeles.lt\/wp-content\/uploads\/2023\/02\/namu-kvapas-dovana-draugei.jpeg","contentUrl":"https:\/\/www.gintaresgeles.lt\/wp-content\/uploads\/2023\/02\/namu-kvapas-dovana-draugei.jpeg","width":600,"height":600,"caption":"Ylang ir mandarin\u0173 kvapo nam\u0173 kvapas gimtadienio dovana"},{"@type":"BreadcrumbList","@id":"https:\/\/www.gintaresgeles.lt\/en\/puokste\/home-fragrance-with-sticks-ylang-and-tangerine-200ml\/#breadcrumb","itemListElement":[{"@type":"ListItem","position":1,"name":"Prad\u017eia","item":"https:\/\/www.gintaresgeles.lt\/en\/"},{"@type":"ListItem","position":2,"name":"All flowers and other products","item":"https:\/\/www.gintaresgeles.lt\/en\/all-flowers-and-other-products\/"},{"@type":"ListItem","position":3,"name":"Home fragrance with sticks &#8222;Ylang and tangerine&#8221; (200ml)"}]},{"@type":"WebSite","@id":"https:\/\/www.gintaresgeles.lt\/en\/#website","url":"https:\/\/www.gintaresgeles.lt\/en\/","name":"gintaresgeles.lt","description":"G\u0117li\u0173 parduotuv\u0117 internete","potentialAction":[{"@type":"SearchAction","target":{"@type":"EntryPoint","urlTemplate":"https:\/\/www.gintaresgeles.lt\/en\/?s={search_term_string}"},"query-input":{"@type":"PropertyValueSpecification","valueRequired":true,"valueName":"search_term_string"}}],"inLanguage":"en-US"}]}},"_links":{"self":[{"href":"https:\/\/www.gintaresgeles.lt\/en\/wp-json\/wp\/v2\/product\/47824","targetHints":{"allow":["GET"]}}],"collection":[{"href":"https:\/\/www.gintaresgeles.lt\/en\/wp-json\/wp\/v2\/product"}],"about":[{"href":"https:\/\/www.gintaresgeles.lt\/en\/wp-json\/wp\/v2\/types\/product"}],"wp:featuredmedia":[{"embeddable":true,"href":"https:\/\/www.gintaresgeles.lt\/en\/wp-json\/wp\/v2\/media\/46819"}],"wp:attachment":[{"href":"https:\/\/www.gintaresgeles.lt\/en\/wp-json\/wp\/v2\/media?parent=47824"}],"wp:term":[{"taxonomy":"product_brand","embeddable":true,"href":"https:\/\/www.gintaresgeles.lt\/en\/wp-json\/wp\/v2\/product_brand?post=47824"},{"taxonomy":"product_cat","embeddable":true,"href":"https:\/\/www.gintaresgeles.lt\/en\/wp-json\/wp\/v2\/product_cat?post=47824"},{"taxonomy":"product_tag","embeddable":true,"href":"https:\/\/www.gintaresgeles.lt\/en\/wp-json\/wp\/v2\/product_tag?post=47824"}],"curies":[{"name":"wp","href":"https:\/\/api.w.org\/{rel}","templated":true}]}}