{"id":47873,"date":"2023-03-01T17:51:43","date_gmt":"2023-03-01T15:51:43","guid":{"rendered":"https:\/\/www.gintaresgeles.lt\/puokste\/home-fragrance-with-sticks-peonies-140ml\/"},"modified":"2025-01-22T10:09:15","modified_gmt":"2025-01-22T08:09:15","slug":"home-fragrance-with-sticks-peonies-140ml","status":"publish","type":"product","link":"https:\/\/www.gintaresgeles.lt\/en\/puokste\/home-fragrance-with-sticks-peonies-140ml\/","title":{"rendered":"Home fragrance with sticks &#8220;Peonies&#8221; (140ml)"},"content":{"rendered":"","protected":false},"excerpt":{"rendered":"<p>Peony aroma home fragrance with sticks will decorate every space where it will be placed and will spread a pleasant aroma. A scent diffuser can become a great symbolic gift next to a bouquet or box of selected flowers.<\/p>\n","protected":false},"featured_media":46826,"template":"","meta":[],"product_brand":[],"product_cat":[237],"product_tag":[],"class_list":{"0":"post-47873","1":"product","2":"type-product","3":"status-publish","4":"has-post-thumbnail","6":"product_cat-gifts","7":"tm-has-options","9":"first","10":"instock","11":"taxable","12":"shipping-taxable","13":"purchasable","14":"product-type-simple"},"yoast_head":"<!-- This site is optimized with the Yoast SEO plugin v25.3 - https:\/\/yoast.com\/wordpress\/plugins\/seo\/ -->\n<title>Home fragrance with sticks &quot;Peonies&quot; | Gintar\u0117s G\u0117l\u0117s<\/title>\n<meta name=\"description\" content=\"Fresh peony aroma home fragrance with sticks will brighten the mood of every woman. Order online.\" \/>\n<meta name=\"robots\" content=\"index, follow, max-snippet:-1, max-image-preview:large, max-video-preview:-1\" \/>\n<link rel=\"canonical\" href=\"https:\/\/www.gintaresgeles.lt\/en\/puokste\/home-fragrance-with-sticks-peonies-140ml\/\" \/>\n<meta property=\"og:locale\" content=\"en_US\" \/>\n<meta property=\"og:type\" content=\"article\" \/>\n<meta property=\"og:title\" content=\"Home fragrance with sticks &quot;Peonies&quot; | Gintar\u0117s G\u0117l\u0117s\" \/>\n<meta property=\"og:description\" content=\"Fresh peony aroma home fragrance with sticks will brighten the mood of every woman. Order online.\" \/>\n<meta property=\"og:url\" content=\"https:\/\/www.gintaresgeles.lt\/en\/puokste\/home-fragrance-with-sticks-peonies-140ml\/\" \/>\n<meta property=\"og:site_name\" content=\"gintaresgeles.lt\" \/>\n<meta property=\"article:modified_time\" content=\"2025-01-22T08:09:15+00:00\" \/>\n<meta property=\"og:image\" content=\"https:\/\/www.gintaresgeles.lt\/wp-content\/uploads\/2023\/02\/namu-kvapas-bijunai-dovana-sesei.jpeg\" \/>\n\t<meta property=\"og:image:width\" content=\"600\" \/>\n\t<meta property=\"og:image:height\" content=\"600\" \/>\n\t<meta property=\"og:image:type\" content=\"image\/jpeg\" \/>\n<meta name=\"twitter:card\" content=\"summary_large_image\" \/>\n<script type=\"application\/ld+json\" class=\"yoast-schema-graph\">{\"@context\":\"https:\/\/schema.org\",\"@graph\":[{\"@type\":\"WebPage\",\"@id\":\"https:\/\/www.gintaresgeles.lt\/en\/puokste\/home-fragrance-with-sticks-peonies-140ml\/\",\"url\":\"https:\/\/www.gintaresgeles.lt\/en\/puokste\/home-fragrance-with-sticks-peonies-140ml\/\",\"name\":\"Home fragrance with sticks \\\"Peonies\\\" | Gintar\u0117s G\u0117l\u0117s\",\"isPartOf\":{\"@id\":\"https:\/\/www.gintaresgeles.lt\/en\/#website\"},\"primaryImageOfPage\":{\"@id\":\"https:\/\/www.gintaresgeles.lt\/en\/puokste\/home-fragrance-with-sticks-peonies-140ml\/#primaryimage\"},\"image\":{\"@id\":\"https:\/\/www.gintaresgeles.lt\/en\/puokste\/home-fragrance-with-sticks-peonies-140ml\/#primaryimage\"},\"thumbnailUrl\":\"https:\/\/www.gintaresgeles.lt\/wp-content\/uploads\/2023\/02\/namu-kvapas-bijunai-dovana-sesei.jpeg\",\"datePublished\":\"2023-03-01T15:51:43+00:00\",\"dateModified\":\"2025-01-22T08:09:15+00:00\",\"description\":\"Fresh peony aroma home fragrance with sticks will brighten the mood of every woman. Order online.\",\"breadcrumb\":{\"@id\":\"https:\/\/www.gintaresgeles.lt\/en\/puokste\/home-fragrance-with-sticks-peonies-140ml\/#breadcrumb\"},\"inLanguage\":\"en-US\",\"potentialAction\":[{\"@type\":\"ReadAction\",\"target\":[\"https:\/\/www.gintaresgeles.lt\/en\/puokste\/home-fragrance-with-sticks-peonies-140ml\/\"]}]},{\"@type\":\"ImageObject\",\"inLanguage\":\"en-US\",\"@id\":\"https:\/\/www.gintaresgeles.lt\/en\/puokste\/home-fragrance-with-sticks-peonies-140ml\/#primaryimage\",\"url\":\"https:\/\/www.gintaresgeles.lt\/wp-content\/uploads\/2023\/02\/namu-kvapas-bijunai-dovana-sesei.jpeg\",\"contentUrl\":\"https:\/\/www.gintaresgeles.lt\/wp-content\/uploads\/2023\/02\/namu-kvapas-bijunai-dovana-sesei.jpeg\",\"width\":600,\"height\":600,\"caption\":\"Bij\u016bn\u0173 nam\u0173 kvapas kovo 8-osios dovana\"},{\"@type\":\"BreadcrumbList\",\"@id\":\"https:\/\/www.gintaresgeles.lt\/en\/puokste\/home-fragrance-with-sticks-peonies-140ml\/#breadcrumb\",\"itemListElement\":[{\"@type\":\"ListItem\",\"position\":1,\"name\":\"Prad\u017eia\",\"item\":\"https:\/\/www.gintaresgeles.lt\/en\/\"},{\"@type\":\"ListItem\",\"position\":2,\"name\":\"All flowers and other products\",\"item\":\"https:\/\/www.gintaresgeles.lt\/en\/all-flowers-and-other-products\/\"},{\"@type\":\"ListItem\",\"position\":3,\"name\":\"Home fragrance with sticks &#8222;Peonies&#8221; (140ml)\"}]},{\"@type\":\"WebSite\",\"@id\":\"https:\/\/www.gintaresgeles.lt\/en\/#website\",\"url\":\"https:\/\/www.gintaresgeles.lt\/en\/\",\"name\":\"gintaresgeles.lt\",\"description\":\"G\u0117li\u0173 parduotuv\u0117 internete\",\"potentialAction\":[{\"@type\":\"SearchAction\",\"target\":{\"@type\":\"EntryPoint\",\"urlTemplate\":\"https:\/\/www.gintaresgeles.lt\/en\/?s={search_term_string}\"},\"query-input\":{\"@type\":\"PropertyValueSpecification\",\"valueRequired\":true,\"valueName\":\"search_term_string\"}}],\"inLanguage\":\"en-US\"}]}<\/script>\n<!-- \/ Yoast SEO plugin. -->","yoast_head_json":{"title":"Home fragrance with sticks \"Peonies\" | Gintar\u0117s G\u0117l\u0117s","description":"Fresh peony aroma home fragrance with sticks will brighten the mood of every woman. Order online.","robots":{"index":"index","follow":"follow","max-snippet":"max-snippet:-1","max-image-preview":"max-image-preview:large","max-video-preview":"max-video-preview:-1"},"canonical":"https:\/\/www.gintaresgeles.lt\/en\/puokste\/home-fragrance-with-sticks-peonies-140ml\/","og_locale":"en_US","og_type":"article","og_title":"Home fragrance with sticks \"Peonies\" | Gintar\u0117s G\u0117l\u0117s","og_description":"Fresh peony aroma home fragrance with sticks will brighten the mood of every woman. Order online.","og_url":"https:\/\/www.gintaresgeles.lt\/en\/puokste\/home-fragrance-with-sticks-peonies-140ml\/","og_site_name":"gintaresgeles.lt","article_modified_time":"2025-01-22T08:09:15+00:00","og_image":[{"width":600,"height":600,"url":"https:\/\/www.gintaresgeles.lt\/wp-content\/uploads\/2023\/02\/namu-kvapas-bijunai-dovana-sesei.jpeg","type":"image\/jpeg"}],"twitter_card":"summary_large_image","schema":{"@context":"https:\/\/schema.org","@graph":[{"@type":"WebPage","@id":"https:\/\/www.gintaresgeles.lt\/en\/puokste\/home-fragrance-with-sticks-peonies-140ml\/","url":"https:\/\/www.gintaresgeles.lt\/en\/puokste\/home-fragrance-with-sticks-peonies-140ml\/","name":"Home fragrance with sticks \"Peonies\" | Gintar\u0117s G\u0117l\u0117s","isPartOf":{"@id":"https:\/\/www.gintaresgeles.lt\/en\/#website"},"primaryImageOfPage":{"@id":"https:\/\/www.gintaresgeles.lt\/en\/puokste\/home-fragrance-with-sticks-peonies-140ml\/#primaryimage"},"image":{"@id":"https:\/\/www.gintaresgeles.lt\/en\/puokste\/home-fragrance-with-sticks-peonies-140ml\/#primaryimage"},"thumbnailUrl":"https:\/\/www.gintaresgeles.lt\/wp-content\/uploads\/2023\/02\/namu-kvapas-bijunai-dovana-sesei.jpeg","datePublished":"2023-03-01T15:51:43+00:00","dateModified":"2025-01-22T08:09:15+00:00","description":"Fresh peony aroma home fragrance with sticks will brighten the mood of every woman. Order online.","breadcrumb":{"@id":"https:\/\/www.gintaresgeles.lt\/en\/puokste\/home-fragrance-with-sticks-peonies-140ml\/#breadcrumb"},"inLanguage":"en-US","potentialAction":[{"@type":"ReadAction","target":["https:\/\/www.gintaresgeles.lt\/en\/puokste\/home-fragrance-with-sticks-peonies-140ml\/"]}]},{"@type":"ImageObject","inLanguage":"en-US","@id":"https:\/\/www.gintaresgeles.lt\/en\/puokste\/home-fragrance-with-sticks-peonies-140ml\/#primaryimage","url":"https:\/\/www.gintaresgeles.lt\/wp-content\/uploads\/2023\/02\/namu-kvapas-bijunai-dovana-sesei.jpeg","contentUrl":"https:\/\/www.gintaresgeles.lt\/wp-content\/uploads\/2023\/02\/namu-kvapas-bijunai-dovana-sesei.jpeg","width":600,"height":600,"caption":"Bij\u016bn\u0173 nam\u0173 kvapas kovo 8-osios dovana"},{"@type":"BreadcrumbList","@id":"https:\/\/www.gintaresgeles.lt\/en\/puokste\/home-fragrance-with-sticks-peonies-140ml\/#breadcrumb","itemListElement":[{"@type":"ListItem","position":1,"name":"Prad\u017eia","item":"https:\/\/www.gintaresgeles.lt\/en\/"},{"@type":"ListItem","position":2,"name":"All flowers and other products","item":"https:\/\/www.gintaresgeles.lt\/en\/all-flowers-and-other-products\/"},{"@type":"ListItem","position":3,"name":"Home fragrance with sticks &#8222;Peonies&#8221; (140ml)"}]},{"@type":"WebSite","@id":"https:\/\/www.gintaresgeles.lt\/en\/#website","url":"https:\/\/www.gintaresgeles.lt\/en\/","name":"gintaresgeles.lt","description":"G\u0117li\u0173 parduotuv\u0117 internete","potentialAction":[{"@type":"SearchAction","target":{"@type":"EntryPoint","urlTemplate":"https:\/\/www.gintaresgeles.lt\/en\/?s={search_term_string}"},"query-input":{"@type":"PropertyValueSpecification","valueRequired":true,"valueName":"search_term_string"}}],"inLanguage":"en-US"}]}},"_links":{"self":[{"href":"https:\/\/www.gintaresgeles.lt\/en\/wp-json\/wp\/v2\/product\/47873","targetHints":{"allow":["GET"]}}],"collection":[{"href":"https:\/\/www.gintaresgeles.lt\/en\/wp-json\/wp\/v2\/product"}],"about":[{"href":"https:\/\/www.gintaresgeles.lt\/en\/wp-json\/wp\/v2\/types\/product"}],"wp:featuredmedia":[{"embeddable":true,"href":"https:\/\/www.gintaresgeles.lt\/en\/wp-json\/wp\/v2\/media\/46826"}],"wp:attachment":[{"href":"https:\/\/www.gintaresgeles.lt\/en\/wp-json\/wp\/v2\/media?parent=47873"}],"wp:term":[{"taxonomy":"product_brand","embeddable":true,"href":"https:\/\/www.gintaresgeles.lt\/en\/wp-json\/wp\/v2\/product_brand?post=47873"},{"taxonomy":"product_cat","embeddable":true,"href":"https:\/\/www.gintaresgeles.lt\/en\/wp-json\/wp\/v2\/product_cat?post=47873"},{"taxonomy":"product_tag","embeddable":true,"href":"https:\/\/www.gintaresgeles.lt\/en\/wp-json\/wp\/v2\/product_tag?post=47873"}],"curies":[{"name":"wp","href":"https:\/\/api.w.org\/{rel}","templated":true}]}}