{"id":47882,"date":"2023-01-03T13:32:18","date_gmt":"2023-01-03T11:32:18","guid":{"rendered":"https:\/\/www.gintaresgeles.lt\/puokste\/gypsophila-sweets-and-champagne-in-a-heart-shaped-box\/"},"modified":"2025-01-31T10:39:23","modified_gmt":"2025-01-31T08:39:23","slug":"gypsophila-sweets-and-champagne-in-a-heart-shaped-box","status":"publish","type":"product","link":"https:\/\/www.gintaresgeles.lt\/en\/puokste\/gypsophila-sweets-and-champagne-in-a-heart-shaped-box\/","title":{"rendered":"Gypsophila, sweets and champagne in a heart-shaped box"},"content":{"rendered":"","protected":false},"excerpt":{"rendered":"<p>This heart-shaped box is perfect for anyone looking for a unique presentation of flowers and gifts. Small gypsophila, luxury-looking Ferrero Rocher candies and a small bottle of Moet champagne come together in a unique-looking whole. Give this box as a gift for a birthday, anniversary, Valentine&#8217;s Day or Women&#8217;s Day.<\/p>\n<p><em><strong>The colors of the gypsophila are selected from those that we currently have for sale, if you want a specific color, please contact us.<\/strong><\/em><\/p>\n","protected":false},"featured_media":45986,"template":"","meta":[],"product_brand":[],"product_cat":[260,259,252,266,265,256,253,257,237,428,262,263,264,1978,267,1804,1981],"product_tag":[],"class_list":{"0":"post-47882","1":"product","2":"type-product","3":"status-publish","4":"has-post-thumbnail","6":"product_cat-birthday-flowers","7":"product_cat-flowers-by-occasion","8":"product_cat-flowers-by-recipient","9":"product_cat-flowers-by-style","10":"product_cat-flowers-by-type","11":"product_cat-flowers-for-girlfriend","12":"product_cat-flowers-for-mom","13":"product_cat-flowers-for-women","14":"product_cat-gifts","15":"product_cat-jubilee-flowers","16":"product_cat-march8th-flowers","17":"product_cat-mothers-day-flowers","18":"product_cat-valentines-day-flowers","19":"product_cat-alcohol","20":"product_cat-flower-boxes","21":"product_cat-gypsophila","22":"product_cat-sweets","23":"tm-has-options","25":"first","26":"outofstock","27":"taxable","28":"shipping-taxable","29":"purchasable","30":"product-type-simple"},"yoast_head":"<!-- This site is optimized with the Yoast SEO plugin v25.3 - https:\/\/yoast.com\/wordpress\/plugins\/seo\/ -->\n<title>Gypsophila, sweets and champagne in a heart-shaped box | Gintar\u0117s G\u0117l\u0117s<\/title>\n<meta name=\"description\" content=\"A heart-shaped box filled with hollyhocks, champagne and sweets will be an exceptional gift, oozing with luxury and elegance.\" \/>\n<meta name=\"robots\" content=\"index, follow, max-snippet:-1, max-image-preview:large, max-video-preview:-1\" \/>\n<link rel=\"canonical\" href=\"https:\/\/www.gintaresgeles.lt\/en\/puokste\/gypsophila-sweets-and-champagne-in-a-heart-shaped-box\/\" \/>\n<meta property=\"og:locale\" content=\"en_US\" \/>\n<meta property=\"og:type\" content=\"article\" \/>\n<meta property=\"og:title\" content=\"Gypsophila, sweets and champagne in a heart-shaped box | Gintar\u0117s G\u0117l\u0117s\" \/>\n<meta property=\"og:description\" content=\"A heart-shaped box filled with hollyhocks, champagne and sweets will be an exceptional gift, oozing with luxury and elegance.\" \/>\n<meta property=\"og:url\" content=\"https:\/\/www.gintaresgeles.lt\/en\/puokste\/gypsophila-sweets-and-champagne-in-a-heart-shaped-box\/\" \/>\n<meta property=\"og:site_name\" content=\"gintaresgeles.lt\" \/>\n<meta property=\"article:modified_time\" content=\"2025-01-31T08:39:23+00:00\" \/>\n<meta property=\"og:image\" content=\"https:\/\/www.gintaresgeles.lt\/wp-content\/uploads\/2023\/01\/gubojos-saldainiai-ir-sampanas-dezuteje.jpg\" \/>\n\t<meta property=\"og:image:width\" content=\"600\" \/>\n\t<meta property=\"og:image:height\" content=\"600\" \/>\n\t<meta property=\"og:image:type\" content=\"image\/jpeg\" \/>\n<meta name=\"twitter:card\" content=\"summary_large_image\" \/>\n<script type=\"application\/ld+json\" class=\"yoast-schema-graph\">{\"@context\":\"https:\/\/schema.org\",\"@graph\":[{\"@type\":\"WebPage\",\"@id\":\"https:\/\/www.gintaresgeles.lt\/en\/puokste\/gypsophila-sweets-and-champagne-in-a-heart-shaped-box\/\",\"url\":\"https:\/\/www.gintaresgeles.lt\/en\/puokste\/gypsophila-sweets-and-champagne-in-a-heart-shaped-box\/\",\"name\":\"Gypsophila, sweets and champagne in a heart-shaped box | Gintar\u0117s G\u0117l\u0117s\",\"isPartOf\":{\"@id\":\"https:\/\/www.gintaresgeles.lt\/en\/#website\"},\"primaryImageOfPage\":{\"@id\":\"https:\/\/www.gintaresgeles.lt\/en\/puokste\/gypsophila-sweets-and-champagne-in-a-heart-shaped-box\/#primaryimage\"},\"image\":{\"@id\":\"https:\/\/www.gintaresgeles.lt\/en\/puokste\/gypsophila-sweets-and-champagne-in-a-heart-shaped-box\/#primaryimage\"},\"thumbnailUrl\":\"https:\/\/www.gintaresgeles.lt\/wp-content\/uploads\/2023\/01\/gubojos-saldainiai-ir-sampanas-dezuteje.jpg\",\"datePublished\":\"2023-01-03T11:32:18+00:00\",\"dateModified\":\"2025-01-31T08:39:23+00:00\",\"description\":\"A heart-shaped box filled with hollyhocks, champagne and sweets will be an exceptional gift, oozing with luxury and elegance.\",\"breadcrumb\":{\"@id\":\"https:\/\/www.gintaresgeles.lt\/en\/puokste\/gypsophila-sweets-and-champagne-in-a-heart-shaped-box\/#breadcrumb\"},\"inLanguage\":\"en-US\",\"potentialAction\":[{\"@type\":\"ReadAction\",\"target\":[\"https:\/\/www.gintaresgeles.lt\/en\/puokste\/gypsophila-sweets-and-champagne-in-a-heart-shaped-box\/\"]}]},{\"@type\":\"ImageObject\",\"inLanguage\":\"en-US\",\"@id\":\"https:\/\/www.gintaresgeles.lt\/en\/puokste\/gypsophila-sweets-and-champagne-in-a-heart-shaped-box\/#primaryimage\",\"url\":\"https:\/\/www.gintaresgeles.lt\/wp-content\/uploads\/2023\/01\/gubojos-saldainiai-ir-sampanas-dezuteje.jpg\",\"contentUrl\":\"https:\/\/www.gintaresgeles.lt\/wp-content\/uploads\/2023\/01\/gubojos-saldainiai-ir-sampanas-dezuteje.jpg\",\"width\":600,\"height\":600,\"caption\":\"\u0160irdel\u0117s formos d\u0117\u017eut\u0117 su gubojomis, saldainiais ir \u0161ampanu\"},{\"@type\":\"BreadcrumbList\",\"@id\":\"https:\/\/www.gintaresgeles.lt\/en\/puokste\/gypsophila-sweets-and-champagne-in-a-heart-shaped-box\/#breadcrumb\",\"itemListElement\":[{\"@type\":\"ListItem\",\"position\":1,\"name\":\"Prad\u017eia\",\"item\":\"https:\/\/www.gintaresgeles.lt\/en\/\"},{\"@type\":\"ListItem\",\"position\":2,\"name\":\"All flowers and other products\",\"item\":\"https:\/\/www.gintaresgeles.lt\/en\/all-flowers-and-other-products\/\"},{\"@type\":\"ListItem\",\"position\":3,\"name\":\"Gypsophila, sweets and champagne in a heart-shaped box\"}]},{\"@type\":\"WebSite\",\"@id\":\"https:\/\/www.gintaresgeles.lt\/en\/#website\",\"url\":\"https:\/\/www.gintaresgeles.lt\/en\/\",\"name\":\"gintaresgeles.lt\",\"description\":\"G\u0117li\u0173 parduotuv\u0117 internete\",\"potentialAction\":[{\"@type\":\"SearchAction\",\"target\":{\"@type\":\"EntryPoint\",\"urlTemplate\":\"https:\/\/www.gintaresgeles.lt\/en\/?s={search_term_string}\"},\"query-input\":{\"@type\":\"PropertyValueSpecification\",\"valueRequired\":true,\"valueName\":\"search_term_string\"}}],\"inLanguage\":\"en-US\"}]}<\/script>\n<!-- \/ Yoast SEO plugin. -->","yoast_head_json":{"title":"Gypsophila, sweets and champagne in a heart-shaped box | Gintar\u0117s G\u0117l\u0117s","description":"A heart-shaped box filled with hollyhocks, champagne and sweets will be an exceptional gift, oozing with luxury and elegance.","robots":{"index":"index","follow":"follow","max-snippet":"max-snippet:-1","max-image-preview":"max-image-preview:large","max-video-preview":"max-video-preview:-1"},"canonical":"https:\/\/www.gintaresgeles.lt\/en\/puokste\/gypsophila-sweets-and-champagne-in-a-heart-shaped-box\/","og_locale":"en_US","og_type":"article","og_title":"Gypsophila, sweets and champagne in a heart-shaped box | Gintar\u0117s G\u0117l\u0117s","og_description":"A heart-shaped box filled with hollyhocks, champagne and sweets will be an exceptional gift, oozing with luxury and elegance.","og_url":"https:\/\/www.gintaresgeles.lt\/en\/puokste\/gypsophila-sweets-and-champagne-in-a-heart-shaped-box\/","og_site_name":"gintaresgeles.lt","article_modified_time":"2025-01-31T08:39:23+00:00","og_image":[{"width":600,"height":600,"url":"https:\/\/www.gintaresgeles.lt\/wp-content\/uploads\/2023\/01\/gubojos-saldainiai-ir-sampanas-dezuteje.jpg","type":"image\/jpeg"}],"twitter_card":"summary_large_image","schema":{"@context":"https:\/\/schema.org","@graph":[{"@type":"WebPage","@id":"https:\/\/www.gintaresgeles.lt\/en\/puokste\/gypsophila-sweets-and-champagne-in-a-heart-shaped-box\/","url":"https:\/\/www.gintaresgeles.lt\/en\/puokste\/gypsophila-sweets-and-champagne-in-a-heart-shaped-box\/","name":"Gypsophila, sweets and champagne in a heart-shaped box | Gintar\u0117s G\u0117l\u0117s","isPartOf":{"@id":"https:\/\/www.gintaresgeles.lt\/en\/#website"},"primaryImageOfPage":{"@id":"https:\/\/www.gintaresgeles.lt\/en\/puokste\/gypsophila-sweets-and-champagne-in-a-heart-shaped-box\/#primaryimage"},"image":{"@id":"https:\/\/www.gintaresgeles.lt\/en\/puokste\/gypsophila-sweets-and-champagne-in-a-heart-shaped-box\/#primaryimage"},"thumbnailUrl":"https:\/\/www.gintaresgeles.lt\/wp-content\/uploads\/2023\/01\/gubojos-saldainiai-ir-sampanas-dezuteje.jpg","datePublished":"2023-01-03T11:32:18+00:00","dateModified":"2025-01-31T08:39:23+00:00","description":"A heart-shaped box filled with hollyhocks, champagne and sweets will be an exceptional gift, oozing with luxury and elegance.","breadcrumb":{"@id":"https:\/\/www.gintaresgeles.lt\/en\/puokste\/gypsophila-sweets-and-champagne-in-a-heart-shaped-box\/#breadcrumb"},"inLanguage":"en-US","potentialAction":[{"@type":"ReadAction","target":["https:\/\/www.gintaresgeles.lt\/en\/puokste\/gypsophila-sweets-and-champagne-in-a-heart-shaped-box\/"]}]},{"@type":"ImageObject","inLanguage":"en-US","@id":"https:\/\/www.gintaresgeles.lt\/en\/puokste\/gypsophila-sweets-and-champagne-in-a-heart-shaped-box\/#primaryimage","url":"https:\/\/www.gintaresgeles.lt\/wp-content\/uploads\/2023\/01\/gubojos-saldainiai-ir-sampanas-dezuteje.jpg","contentUrl":"https:\/\/www.gintaresgeles.lt\/wp-content\/uploads\/2023\/01\/gubojos-saldainiai-ir-sampanas-dezuteje.jpg","width":600,"height":600,"caption":"\u0160irdel\u0117s formos d\u0117\u017eut\u0117 su gubojomis, saldainiais ir \u0161ampanu"},{"@type":"BreadcrumbList","@id":"https:\/\/www.gintaresgeles.lt\/en\/puokste\/gypsophila-sweets-and-champagne-in-a-heart-shaped-box\/#breadcrumb","itemListElement":[{"@type":"ListItem","position":1,"name":"Prad\u017eia","item":"https:\/\/www.gintaresgeles.lt\/en\/"},{"@type":"ListItem","position":2,"name":"All flowers and other products","item":"https:\/\/www.gintaresgeles.lt\/en\/all-flowers-and-other-products\/"},{"@type":"ListItem","position":3,"name":"Gypsophila, sweets and champagne in a heart-shaped box"}]},{"@type":"WebSite","@id":"https:\/\/www.gintaresgeles.lt\/en\/#website","url":"https:\/\/www.gintaresgeles.lt\/en\/","name":"gintaresgeles.lt","description":"G\u0117li\u0173 parduotuv\u0117 internete","potentialAction":[{"@type":"SearchAction","target":{"@type":"EntryPoint","urlTemplate":"https:\/\/www.gintaresgeles.lt\/en\/?s={search_term_string}"},"query-input":{"@type":"PropertyValueSpecification","valueRequired":true,"valueName":"search_term_string"}}],"inLanguage":"en-US"}]}},"_links":{"self":[{"href":"https:\/\/www.gintaresgeles.lt\/en\/wp-json\/wp\/v2\/product\/47882","targetHints":{"allow":["GET"]}}],"collection":[{"href":"https:\/\/www.gintaresgeles.lt\/en\/wp-json\/wp\/v2\/product"}],"about":[{"href":"https:\/\/www.gintaresgeles.lt\/en\/wp-json\/wp\/v2\/types\/product"}],"wp:featuredmedia":[{"embeddable":true,"href":"https:\/\/www.gintaresgeles.lt\/en\/wp-json\/wp\/v2\/media\/45986"}],"wp:attachment":[{"href":"https:\/\/www.gintaresgeles.lt\/en\/wp-json\/wp\/v2\/media?parent=47882"}],"wp:term":[{"taxonomy":"product_brand","embeddable":true,"href":"https:\/\/www.gintaresgeles.lt\/en\/wp-json\/wp\/v2\/product_brand?post=47882"},{"taxonomy":"product_cat","embeddable":true,"href":"https:\/\/www.gintaresgeles.lt\/en\/wp-json\/wp\/v2\/product_cat?post=47882"},{"taxonomy":"product_tag","embeddable":true,"href":"https:\/\/www.gintaresgeles.lt\/en\/wp-json\/wp\/v2\/product_tag?post=47882"}],"curies":[{"name":"wp","href":"https:\/\/api.w.org\/{rel}","templated":true}]}}