{"id":47885,"date":"2022-12-08T21:44:13","date_gmt":"2022-12-08T19:44:13","guid":{"rendered":"https:\/\/www.gintaresgeles.lt\/puokste\/candy-set-sweet-moment\/"},"modified":"2023-06-13T12:03:14","modified_gmt":"2023-06-13T10:03:14","slug":"candy-set-sweet-moment","status":"publish","type":"product","link":"https:\/\/www.gintaresgeles.lt\/en\/puokste\/candy-set-sweet-moment\/","title":{"rendered":"Candy set \u201eSweet Moment\u201c"},"content":{"rendered":"","protected":false},"excerpt":{"rendered":"<p>&#8220;Sweet moment&#8221; is a gift that every loved one and close person of yours deserves. The abundance of sweets will definitely surprise you and, of course, make you happy. The set includes: Skittles, Maltesers, Daim Bites, Kinder surprise chocolate egg, Snickers chocolate bars, MilkyWay, Princessa, Majai gummies, Milka chocolates, soft drink Tango.<\/p>\n","protected":false},"featured_media":45805,"template":"","meta":[],"product_brand":[],"product_cat":[237,1977,1981],"product_tag":[],"class_list":{"0":"post-47885","1":"product","2":"type-product","3":"status-publish","4":"has-post-thumbnail","6":"product_cat-gifts","7":"product_cat-gift-set","8":"product_cat-sweets","9":"tm-has-options","11":"first","12":"outofstock","13":"taxable","14":"shipping-taxable","15":"purchasable","16":"product-type-simple"},"yoast_head":"<!-- This site is optimized with the Yoast SEO plugin v25.3 - https:\/\/yoast.com\/wordpress\/plugins\/seo\/ -->\n<title>Candy set \u201eSweet Moment\u201c | Gintar\u0117s G\u0117l\u0117s<\/title>\n<meta name=\"description\" content=\"A set of chocolate and fruit candies and drink &quot;Sweet moment&quot; is a great gift for sweets lovers. Order online.\" \/>\n<meta name=\"robots\" content=\"index, follow, max-snippet:-1, max-image-preview:large, max-video-preview:-1\" \/>\n<link rel=\"canonical\" href=\"https:\/\/www.gintaresgeles.lt\/en\/puokste\/candy-set-sweet-moment\/\" \/>\n<meta property=\"og:locale\" content=\"en_US\" \/>\n<meta property=\"og:type\" content=\"article\" \/>\n<meta property=\"og:title\" content=\"Candy set \u201eSweet Moment\u201c | Gintar\u0117s G\u0117l\u0117s\" \/>\n<meta property=\"og:description\" content=\"A set of chocolate and fruit candies and drink &quot;Sweet moment&quot; is a great gift for sweets lovers. Order online.\" \/>\n<meta property=\"og:url\" content=\"https:\/\/www.gintaresgeles.lt\/en\/puokste\/candy-set-sweet-moment\/\" \/>\n<meta property=\"og:site_name\" content=\"gintaresgeles.lt\" \/>\n<meta property=\"article:modified_time\" content=\"2023-06-13T10:03:14+00:00\" \/>\n<meta property=\"og:image\" content=\"https:\/\/www.gintaresgeles.lt\/wp-content\/uploads\/2022\/12\/saldainiu-rinkiniai-dovanos-draugams.jpg\" \/>\n\t<meta property=\"og:image:width\" content=\"1200\" \/>\n\t<meta property=\"og:image:height\" content=\"1200\" \/>\n\t<meta property=\"og:image:type\" content=\"image\/jpeg\" \/>\n<meta name=\"twitter:card\" content=\"summary_large_image\" \/>\n<script type=\"application\/ld+json\" class=\"yoast-schema-graph\">{\"@context\":\"https:\/\/schema.org\",\"@graph\":[{\"@type\":\"WebPage\",\"@id\":\"https:\/\/www.gintaresgeles.lt\/en\/puokste\/candy-set-sweet-moment\/\",\"url\":\"https:\/\/www.gintaresgeles.lt\/en\/puokste\/candy-set-sweet-moment\/\",\"name\":\"Candy set \u201eSweet Moment\u201c | Gintar\u0117s G\u0117l\u0117s\",\"isPartOf\":{\"@id\":\"https:\/\/www.gintaresgeles.lt\/en\/#website\"},\"primaryImageOfPage\":{\"@id\":\"https:\/\/www.gintaresgeles.lt\/en\/puokste\/candy-set-sweet-moment\/#primaryimage\"},\"image\":{\"@id\":\"https:\/\/www.gintaresgeles.lt\/en\/puokste\/candy-set-sweet-moment\/#primaryimage\"},\"thumbnailUrl\":\"https:\/\/www.gintaresgeles.lt\/wp-content\/uploads\/2022\/12\/saldainiu-rinkiniai-dovanos-draugams.jpg\",\"datePublished\":\"2022-12-08T19:44:13+00:00\",\"dateModified\":\"2023-06-13T10:03:14+00:00\",\"description\":\"A set of chocolate and fruit candies and drink \\\"Sweet moment\\\" is a great gift for sweets lovers. Order online.\",\"breadcrumb\":{\"@id\":\"https:\/\/www.gintaresgeles.lt\/en\/puokste\/candy-set-sweet-moment\/#breadcrumb\"},\"inLanguage\":\"en-US\",\"potentialAction\":[{\"@type\":\"ReadAction\",\"target\":[\"https:\/\/www.gintaresgeles.lt\/en\/puokste\/candy-set-sweet-moment\/\"]}]},{\"@type\":\"ImageObject\",\"inLanguage\":\"en-US\",\"@id\":\"https:\/\/www.gintaresgeles.lt\/en\/puokste\/candy-set-sweet-moment\/#primaryimage\",\"url\":\"https:\/\/www.gintaresgeles.lt\/wp-content\/uploads\/2022\/12\/saldainiu-rinkiniai-dovanos-draugams.jpg\",\"contentUrl\":\"https:\/\/www.gintaresgeles.lt\/wp-content\/uploads\/2022\/12\/saldainiu-rinkiniai-dovanos-draugams.jpg\",\"width\":1200,\"height\":1200,\"caption\":\"\u0160okoladini\u0173 ir vaisini\u0173 saldaini\u0173 rinkinys dovana draugei\"},{\"@type\":\"BreadcrumbList\",\"@id\":\"https:\/\/www.gintaresgeles.lt\/en\/puokste\/candy-set-sweet-moment\/#breadcrumb\",\"itemListElement\":[{\"@type\":\"ListItem\",\"position\":1,\"name\":\"Prad\u017eia\",\"item\":\"https:\/\/www.gintaresgeles.lt\/en\/\"},{\"@type\":\"ListItem\",\"position\":2,\"name\":\"All flowers and other products\",\"item\":\"https:\/\/www.gintaresgeles.lt\/en\/all-flowers-and-other-products\/\"},{\"@type\":\"ListItem\",\"position\":3,\"name\":\"Candy set \u201eSweet Moment\u201c\"}]},{\"@type\":\"WebSite\",\"@id\":\"https:\/\/www.gintaresgeles.lt\/en\/#website\",\"url\":\"https:\/\/www.gintaresgeles.lt\/en\/\",\"name\":\"gintaresgeles.lt\",\"description\":\"G\u0117li\u0173 parduotuv\u0117 internete\",\"potentialAction\":[{\"@type\":\"SearchAction\",\"target\":{\"@type\":\"EntryPoint\",\"urlTemplate\":\"https:\/\/www.gintaresgeles.lt\/en\/?s={search_term_string}\"},\"query-input\":{\"@type\":\"PropertyValueSpecification\",\"valueRequired\":true,\"valueName\":\"search_term_string\"}}],\"inLanguage\":\"en-US\"}]}<\/script>\n<!-- \/ Yoast SEO plugin. -->","yoast_head_json":{"title":"Candy set \u201eSweet Moment\u201c | Gintar\u0117s G\u0117l\u0117s","description":"A set of chocolate and fruit candies and drink \"Sweet moment\" is a great gift for sweets lovers. Order online.","robots":{"index":"index","follow":"follow","max-snippet":"max-snippet:-1","max-image-preview":"max-image-preview:large","max-video-preview":"max-video-preview:-1"},"canonical":"https:\/\/www.gintaresgeles.lt\/en\/puokste\/candy-set-sweet-moment\/","og_locale":"en_US","og_type":"article","og_title":"Candy set \u201eSweet Moment\u201c | Gintar\u0117s G\u0117l\u0117s","og_description":"A set of chocolate and fruit candies and drink \"Sweet moment\" is a great gift for sweets lovers. Order online.","og_url":"https:\/\/www.gintaresgeles.lt\/en\/puokste\/candy-set-sweet-moment\/","og_site_name":"gintaresgeles.lt","article_modified_time":"2023-06-13T10:03:14+00:00","og_image":[{"width":1200,"height":1200,"url":"https:\/\/www.gintaresgeles.lt\/wp-content\/uploads\/2022\/12\/saldainiu-rinkiniai-dovanos-draugams.jpg","type":"image\/jpeg"}],"twitter_card":"summary_large_image","schema":{"@context":"https:\/\/schema.org","@graph":[{"@type":"WebPage","@id":"https:\/\/www.gintaresgeles.lt\/en\/puokste\/candy-set-sweet-moment\/","url":"https:\/\/www.gintaresgeles.lt\/en\/puokste\/candy-set-sweet-moment\/","name":"Candy set \u201eSweet Moment\u201c | Gintar\u0117s G\u0117l\u0117s","isPartOf":{"@id":"https:\/\/www.gintaresgeles.lt\/en\/#website"},"primaryImageOfPage":{"@id":"https:\/\/www.gintaresgeles.lt\/en\/puokste\/candy-set-sweet-moment\/#primaryimage"},"image":{"@id":"https:\/\/www.gintaresgeles.lt\/en\/puokste\/candy-set-sweet-moment\/#primaryimage"},"thumbnailUrl":"https:\/\/www.gintaresgeles.lt\/wp-content\/uploads\/2022\/12\/saldainiu-rinkiniai-dovanos-draugams.jpg","datePublished":"2022-12-08T19:44:13+00:00","dateModified":"2023-06-13T10:03:14+00:00","description":"A set of chocolate and fruit candies and drink \"Sweet moment\" is a great gift for sweets lovers. Order online.","breadcrumb":{"@id":"https:\/\/www.gintaresgeles.lt\/en\/puokste\/candy-set-sweet-moment\/#breadcrumb"},"inLanguage":"en-US","potentialAction":[{"@type":"ReadAction","target":["https:\/\/www.gintaresgeles.lt\/en\/puokste\/candy-set-sweet-moment\/"]}]},{"@type":"ImageObject","inLanguage":"en-US","@id":"https:\/\/www.gintaresgeles.lt\/en\/puokste\/candy-set-sweet-moment\/#primaryimage","url":"https:\/\/www.gintaresgeles.lt\/wp-content\/uploads\/2022\/12\/saldainiu-rinkiniai-dovanos-draugams.jpg","contentUrl":"https:\/\/www.gintaresgeles.lt\/wp-content\/uploads\/2022\/12\/saldainiu-rinkiniai-dovanos-draugams.jpg","width":1200,"height":1200,"caption":"\u0160okoladini\u0173 ir vaisini\u0173 saldaini\u0173 rinkinys dovana draugei"},{"@type":"BreadcrumbList","@id":"https:\/\/www.gintaresgeles.lt\/en\/puokste\/candy-set-sweet-moment\/#breadcrumb","itemListElement":[{"@type":"ListItem","position":1,"name":"Prad\u017eia","item":"https:\/\/www.gintaresgeles.lt\/en\/"},{"@type":"ListItem","position":2,"name":"All flowers and other products","item":"https:\/\/www.gintaresgeles.lt\/en\/all-flowers-and-other-products\/"},{"@type":"ListItem","position":3,"name":"Candy set \u201eSweet Moment\u201c"}]},{"@type":"WebSite","@id":"https:\/\/www.gintaresgeles.lt\/en\/#website","url":"https:\/\/www.gintaresgeles.lt\/en\/","name":"gintaresgeles.lt","description":"G\u0117li\u0173 parduotuv\u0117 internete","potentialAction":[{"@type":"SearchAction","target":{"@type":"EntryPoint","urlTemplate":"https:\/\/www.gintaresgeles.lt\/en\/?s={search_term_string}"},"query-input":{"@type":"PropertyValueSpecification","valueRequired":true,"valueName":"search_term_string"}}],"inLanguage":"en-US"}]}},"_links":{"self":[{"href":"https:\/\/www.gintaresgeles.lt\/en\/wp-json\/wp\/v2\/product\/47885","targetHints":{"allow":["GET"]}}],"collection":[{"href":"https:\/\/www.gintaresgeles.lt\/en\/wp-json\/wp\/v2\/product"}],"about":[{"href":"https:\/\/www.gintaresgeles.lt\/en\/wp-json\/wp\/v2\/types\/product"}],"wp:featuredmedia":[{"embeddable":true,"href":"https:\/\/www.gintaresgeles.lt\/en\/wp-json\/wp\/v2\/media\/45805"}],"wp:attachment":[{"href":"https:\/\/www.gintaresgeles.lt\/en\/wp-json\/wp\/v2\/media?parent=47885"}],"wp:term":[{"taxonomy":"product_brand","embeddable":true,"href":"https:\/\/www.gintaresgeles.lt\/en\/wp-json\/wp\/v2\/product_brand?post=47885"},{"taxonomy":"product_cat","embeddable":true,"href":"https:\/\/www.gintaresgeles.lt\/en\/wp-json\/wp\/v2\/product_cat?post=47885"},{"taxonomy":"product_tag","embeddable":true,"href":"https:\/\/www.gintaresgeles.lt\/en\/wp-json\/wp\/v2\/product_tag?post=47885"}],"curies":[{"name":"wp","href":"https:\/\/api.w.org\/{rel}","templated":true}]}}