{"id":47977,"date":"2023-04-18T09:13:37","date_gmt":"2023-04-18T07:13:37","guid":{"rendered":"https:\/\/www.gintaresgeles.lt\/?post_type=product&#038;p=47977"},"modified":"2025-05-29T01:59:18","modified_gmt":"2025-05-28T23:59:18","slug":"pink-helium-balloon-with-white-hearts","status":"publish","type":"product","link":"https:\/\/www.gintaresgeles.lt\/en\/puokste\/pink-helium-balloon-with-white-hearts\/","title":{"rendered":"Pink helium balloon with white hearts"},"content":{"rendered":"","protected":false},"excerpt":{"rendered":"<p>Pink helium balloons with white hearts will go well with any flower bouquet and enhance it. Such balloons will surprise and delight a person of any age, lifting their mood for the whole day.<\/p>\n","protected":false},"featured_media":47980,"template":"","meta":[],"product_brand":[],"product_cat":[270,1960,893,915,1961,894,916,1954,1951,1203],"product_tag":[],"class_list":{"0":"post-47977","1":"product","2":"type-product","3":"status-publish","4":"has-post-thumbnail","6":"product_cat-helium-balloons","7":"product_cat-helium-balloons-for-a-hen-party","8":"product_cat-helium-balloons-for-birthday","9":"product_cat-helium-balloons-for-childbirth","10":"product_cat-helium-balloons-for-girls","11":"product_cat-helium-balloons-for-kids","12":"product_cat-helium-balloons-for-mom","13":"product_cat-helium-balloons-for-the-valentines-day","14":"product_cat-helium-balloons-for-the-wedding","15":"product_cat-helium-rubber-balloons","16":"tm-no-options","18":"first","19":"instock","20":"taxable","21":"shipping-taxable","22":"purchasable","23":"product-type-simple"},"yoast_head":"<!-- This site is optimized with the Yoast SEO plugin v25.3 - https:\/\/yoast.com\/wordpress\/plugins\/seo\/ -->\n<title>Pink helium balloon with white hearts | Gintar\u0117s G\u0117l\u0117s<\/title>\n<meta name=\"description\" content=\"A pink helium balloon with white hearts is a great addition to a bouquet. Helium balloons will make people of any age happy!\" \/>\n<meta name=\"robots\" content=\"index, follow, max-snippet:-1, max-image-preview:large, max-video-preview:-1\" \/>\n<link rel=\"canonical\" href=\"https:\/\/www.gintaresgeles.lt\/en\/puokste\/pink-helium-balloon-with-white-hearts\/\" \/>\n<meta property=\"og:locale\" content=\"en_US\" \/>\n<meta property=\"og:type\" content=\"article\" \/>\n<meta property=\"og:title\" content=\"Pink helium balloon with white hearts | Gintar\u0117s G\u0117l\u0117s\" \/>\n<meta property=\"og:description\" content=\"A pink helium balloon with white hearts is a great addition to a bouquet. Helium balloons will make people of any age happy!\" \/>\n<meta property=\"og:url\" content=\"https:\/\/www.gintaresgeles.lt\/en\/puokste\/pink-helium-balloon-with-white-hearts\/\" \/>\n<meta property=\"og:site_name\" content=\"gintaresgeles.lt\" \/>\n<meta property=\"article:modified_time\" content=\"2025-05-28T23:59:18+00:00\" \/>\n<meta property=\"og:image\" content=\"https:\/\/www.gintaresgeles.lt\/wp-content\/uploads\/2023\/04\/rozinishelio-balionas-su-sirdutemis.png\" \/>\n\t<meta property=\"og:image:width\" content=\"600\" \/>\n\t<meta property=\"og:image:height\" content=\"600\" \/>\n\t<meta property=\"og:image:type\" content=\"image\/png\" \/>\n<meta name=\"twitter:card\" content=\"summary_large_image\" \/>\n<script type=\"application\/ld+json\" class=\"yoast-schema-graph\">{\"@context\":\"https:\/\/schema.org\",\"@graph\":[{\"@type\":\"WebPage\",\"@id\":\"https:\/\/www.gintaresgeles.lt\/en\/puokste\/pink-helium-balloon-with-white-hearts\/\",\"url\":\"https:\/\/www.gintaresgeles.lt\/en\/puokste\/pink-helium-balloon-with-white-hearts\/\",\"name\":\"Pink helium balloon with white hearts | Gintar\u0117s G\u0117l\u0117s\",\"isPartOf\":{\"@id\":\"https:\/\/www.gintaresgeles.lt\/en\/#website\"},\"primaryImageOfPage\":{\"@id\":\"https:\/\/www.gintaresgeles.lt\/en\/puokste\/pink-helium-balloon-with-white-hearts\/#primaryimage\"},\"image\":{\"@id\":\"https:\/\/www.gintaresgeles.lt\/en\/puokste\/pink-helium-balloon-with-white-hearts\/#primaryimage\"},\"thumbnailUrl\":\"https:\/\/www.gintaresgeles.lt\/wp-content\/uploads\/2023\/04\/rozinishelio-balionas-su-sirdutemis.png\",\"datePublished\":\"2023-04-18T07:13:37+00:00\",\"dateModified\":\"2025-05-28T23:59:18+00:00\",\"description\":\"A pink helium balloon with white hearts is a great addition to a bouquet. Helium balloons will make people of any age happy!\",\"breadcrumb\":{\"@id\":\"https:\/\/www.gintaresgeles.lt\/en\/puokste\/pink-helium-balloon-with-white-hearts\/#breadcrumb\"},\"inLanguage\":\"en-US\",\"potentialAction\":[{\"@type\":\"ReadAction\",\"target\":[\"https:\/\/www.gintaresgeles.lt\/en\/puokste\/pink-helium-balloon-with-white-hearts\/\"]}]},{\"@type\":\"ImageObject\",\"inLanguage\":\"en-US\",\"@id\":\"https:\/\/www.gintaresgeles.lt\/en\/puokste\/pink-helium-balloon-with-white-hearts\/#primaryimage\",\"url\":\"https:\/\/www.gintaresgeles.lt\/wp-content\/uploads\/2023\/04\/rozinishelio-balionas-su-sirdutemis.png\",\"contentUrl\":\"https:\/\/www.gintaresgeles.lt\/wp-content\/uploads\/2023\/04\/rozinishelio-balionas-su-sirdutemis.png\",\"width\":600,\"height\":600,\"caption\":\"Helio balionas ro\u017ein\u0117s spalvos su \u0161irdel\u0117mis\"},{\"@type\":\"BreadcrumbList\",\"@id\":\"https:\/\/www.gintaresgeles.lt\/en\/puokste\/pink-helium-balloon-with-white-hearts\/#breadcrumb\",\"itemListElement\":[{\"@type\":\"ListItem\",\"position\":1,\"name\":\"Prad\u017eia\",\"item\":\"https:\/\/www.gintaresgeles.lt\/en\/\"},{\"@type\":\"ListItem\",\"position\":2,\"name\":\"All flowers and other products\",\"item\":\"https:\/\/www.gintaresgeles.lt\/en\/all-flowers-and-other-products\/\"},{\"@type\":\"ListItem\",\"position\":3,\"name\":\"Pink helium balloon with white hearts\"}]},{\"@type\":\"WebSite\",\"@id\":\"https:\/\/www.gintaresgeles.lt\/en\/#website\",\"url\":\"https:\/\/www.gintaresgeles.lt\/en\/\",\"name\":\"Gintares Geles\",\"description\":\"Flower delivery in Vilnius | Same-day delivery | Gintares geles\",\"potentialAction\":[{\"@type\":\"SearchAction\",\"target\":{\"@type\":\"EntryPoint\",\"urlTemplate\":\"https:\/\/www.gintaresgeles.lt\/en\/?s={search_term_string}\"},\"query-input\":{\"@type\":\"PropertyValueSpecification\",\"valueRequired\":true,\"valueName\":\"search_term_string\"}}],\"inLanguage\":\"en-US\"}]}<\/script>\n<!-- \/ Yoast SEO plugin. -->","yoast_head_json":{"title":"Pink helium balloon with white hearts | Gintar\u0117s G\u0117l\u0117s","description":"A pink helium balloon with white hearts is a great addition to a bouquet. Helium balloons will make people of any age happy!","robots":{"index":"index","follow":"follow","max-snippet":"max-snippet:-1","max-image-preview":"max-image-preview:large","max-video-preview":"max-video-preview:-1"},"canonical":"https:\/\/www.gintaresgeles.lt\/en\/puokste\/pink-helium-balloon-with-white-hearts\/","og_locale":"en_US","og_type":"article","og_title":"Pink helium balloon with white hearts | Gintar\u0117s G\u0117l\u0117s","og_description":"A pink helium balloon with white hearts is a great addition to a bouquet. Helium balloons will make people of any age happy!","og_url":"https:\/\/www.gintaresgeles.lt\/en\/puokste\/pink-helium-balloon-with-white-hearts\/","og_site_name":"gintaresgeles.lt","article_modified_time":"2025-05-28T23:59:18+00:00","og_image":[{"width":600,"height":600,"url":"https:\/\/www.gintaresgeles.lt\/wp-content\/uploads\/2023\/04\/rozinishelio-balionas-su-sirdutemis.png","type":"image\/png"}],"twitter_card":"summary_large_image","schema":{"@context":"https:\/\/schema.org","@graph":[{"@type":"WebPage","@id":"https:\/\/www.gintaresgeles.lt\/en\/puokste\/pink-helium-balloon-with-white-hearts\/","url":"https:\/\/www.gintaresgeles.lt\/en\/puokste\/pink-helium-balloon-with-white-hearts\/","name":"Pink helium balloon with white hearts | Gintar\u0117s G\u0117l\u0117s","isPartOf":{"@id":"https:\/\/www.gintaresgeles.lt\/en\/#website"},"primaryImageOfPage":{"@id":"https:\/\/www.gintaresgeles.lt\/en\/puokste\/pink-helium-balloon-with-white-hearts\/#primaryimage"},"image":{"@id":"https:\/\/www.gintaresgeles.lt\/en\/puokste\/pink-helium-balloon-with-white-hearts\/#primaryimage"},"thumbnailUrl":"https:\/\/www.gintaresgeles.lt\/wp-content\/uploads\/2023\/04\/rozinishelio-balionas-su-sirdutemis.png","datePublished":"2023-04-18T07:13:37+00:00","dateModified":"2025-05-28T23:59:18+00:00","description":"A pink helium balloon with white hearts is a great addition to a bouquet. Helium balloons will make people of any age happy!","breadcrumb":{"@id":"https:\/\/www.gintaresgeles.lt\/en\/puokste\/pink-helium-balloon-with-white-hearts\/#breadcrumb"},"inLanguage":"en-US","potentialAction":[{"@type":"ReadAction","target":["https:\/\/www.gintaresgeles.lt\/en\/puokste\/pink-helium-balloon-with-white-hearts\/"]}]},{"@type":"ImageObject","inLanguage":"en-US","@id":"https:\/\/www.gintaresgeles.lt\/en\/puokste\/pink-helium-balloon-with-white-hearts\/#primaryimage","url":"https:\/\/www.gintaresgeles.lt\/wp-content\/uploads\/2023\/04\/rozinishelio-balionas-su-sirdutemis.png","contentUrl":"https:\/\/www.gintaresgeles.lt\/wp-content\/uploads\/2023\/04\/rozinishelio-balionas-su-sirdutemis.png","width":600,"height":600,"caption":"Helio balionas ro\u017ein\u0117s spalvos su \u0161irdel\u0117mis"},{"@type":"BreadcrumbList","@id":"https:\/\/www.gintaresgeles.lt\/en\/puokste\/pink-helium-balloon-with-white-hearts\/#breadcrumb","itemListElement":[{"@type":"ListItem","position":1,"name":"Prad\u017eia","item":"https:\/\/www.gintaresgeles.lt\/en\/"},{"@type":"ListItem","position":2,"name":"All flowers and other products","item":"https:\/\/www.gintaresgeles.lt\/en\/all-flowers-and-other-products\/"},{"@type":"ListItem","position":3,"name":"Pink helium balloon with white hearts"}]},{"@type":"WebSite","@id":"https:\/\/www.gintaresgeles.lt\/en\/#website","url":"https:\/\/www.gintaresgeles.lt\/en\/","name":"Gintares Geles","description":"Flower delivery in Vilnius | Same-day delivery | Gintares geles","potentialAction":[{"@type":"SearchAction","target":{"@type":"EntryPoint","urlTemplate":"https:\/\/www.gintaresgeles.lt\/en\/?s={search_term_string}"},"query-input":{"@type":"PropertyValueSpecification","valueRequired":true,"valueName":"search_term_string"}}],"inLanguage":"en-US"}]}},"_links":{"self":[{"href":"https:\/\/www.gintaresgeles.lt\/en\/wp-json\/wp\/v2\/product\/47977","targetHints":{"allow":["GET"]}}],"collection":[{"href":"https:\/\/www.gintaresgeles.lt\/en\/wp-json\/wp\/v2\/product"}],"about":[{"href":"https:\/\/www.gintaresgeles.lt\/en\/wp-json\/wp\/v2\/types\/product"}],"wp:featuredmedia":[{"embeddable":true,"href":"https:\/\/www.gintaresgeles.lt\/en\/wp-json\/wp\/v2\/media\/47980"}],"wp:attachment":[{"href":"https:\/\/www.gintaresgeles.lt\/en\/wp-json\/wp\/v2\/media?parent=47977"}],"wp:term":[{"taxonomy":"product_brand","embeddable":true,"href":"https:\/\/www.gintaresgeles.lt\/en\/wp-json\/wp\/v2\/product_brand?post=47977"},{"taxonomy":"product_cat","embeddable":true,"href":"https:\/\/www.gintaresgeles.lt\/en\/wp-json\/wp\/v2\/product_cat?post=47977"},{"taxonomy":"product_tag","embeddable":true,"href":"https:\/\/www.gintaresgeles.lt\/en\/wp-json\/wp\/v2\/product_tag?post=47977"}],"curies":[{"name":"wp","href":"https:\/\/api.w.org\/{rel}","templated":true}]}}