{"id":48690,"date":"2023-06-24T13:17:34","date_gmt":"2023-06-24T11:17:36","guid":{"rendered":"https:\/\/www.gintaresgeles.lt\/?post_type=product&#038;p=48690"},"modified":"2025-05-29T01:59:18","modified_gmt":"2025-05-28T23:59:18","slug":"box-of-two-colored-peonies","status":"publish","type":"product","link":"https:\/\/www.gintaresgeles.lt\/en\/puokste\/box-of-two-colored-peonies\/","title":{"rendered":"Box of two-colored peonies"},"content":{"rendered":"<p>The color of peonies is chosen based on the flowers we have in the store at the time of the order. However, we choose the most suitable flowers for the box and match the color of the ribbon to the flowers.<\/p>\n","protected":false},"excerpt":{"rendered":"<p style=\"text-align: justify\">Purchase a summery two-colored peony box that will bring charm to any celebration and coziness to your home.<\/p>\n<p style=\"text-align: justify\"><strong>You can choose from several box sizes:<\/strong><\/p>\n<p style=\"text-align: justify\">Medium box &#8211; 11 peonies,<br \/>\nLarge box &#8211; 15 peonies.<\/p>\n<p style=\"text-align: left\"><em><strong>The colors are chosen from those we have in the store at the time of the order, if you want a specific color, please contact us.<\/strong><\/em><\/p>\n","protected":false},"featured_media":48697,"template":"","meta":[],"product_brand":[],"product_cat":[252,266,265,256,253,257,267,943],"product_tag":[],"class_list":{"0":"post-48690","1":"product","2":"type-product","3":"status-publish","4":"has-post-thumbnail","6":"product_cat-flowers-by-recipient","7":"product_cat-flowers-by-style","8":"product_cat-flowers-by-type","9":"product_cat-flowers-for-girlfriend","10":"product_cat-flowers-for-mom","11":"product_cat-flowers-for-women","12":"product_cat-flower-boxes","13":"product_cat-peonies","14":"tm-no-options","16":"first","17":"outofstock","18":"taxable","19":"shipping-taxable","20":"purchasable","21":"product-type-variable","22":"has-default-attributes"},"yoast_head":"<!-- This site is optimized with the Yoast SEO plugin v25.3 - https:\/\/yoast.com\/wordpress\/plugins\/seo\/ -->\n<title>Box of two-colored peonies | Flower delivery in Vilnius | Gintar\u0117s g\u0117l\u0117s<\/title>\n<meta name=\"description\" content=\"A box of two-colored peonies will be the perfect gift for every occasion. Order now and we will deliver the flowers to your address.\" \/>\n<meta name=\"robots\" content=\"index, follow, max-snippet:-1, max-image-preview:large, max-video-preview:-1\" \/>\n<link rel=\"canonical\" href=\"https:\/\/www.gintaresgeles.lt\/en\/puokste\/box-of-two-colored-peonies\/\" \/>\n<meta property=\"og:locale\" content=\"en_US\" \/>\n<meta property=\"og:type\" content=\"article\" \/>\n<meta property=\"og:title\" content=\"Box of two-colored peonies | Flower delivery in Vilnius | Gintar\u0117s g\u0117l\u0117s\" \/>\n<meta property=\"og:description\" content=\"A box of two-colored peonies will be the perfect gift for every occasion. Order now and we will deliver the flowers to your address.\" \/>\n<meta property=\"og:url\" content=\"https:\/\/www.gintaresgeles.lt\/en\/puokste\/box-of-two-colored-peonies\/\" \/>\n<meta property=\"og:site_name\" content=\"gintaresgeles.lt\" \/>\n<meta property=\"article:modified_time\" content=\"2025-05-28T23:59:18+00:00\" \/>\n<meta property=\"og:image\" content=\"https:\/\/www.gintaresgeles.lt\/wp-content\/uploads\/2023\/06\/dvieju-spalvu-bijunu-dezute-geles-merginai.jpg\" \/>\n\t<meta property=\"og:image:width\" content=\"1200\" \/>\n\t<meta property=\"og:image:height\" content=\"1200\" \/>\n\t<meta property=\"og:image:type\" content=\"image\/jpeg\" \/>\n<meta name=\"twitter:card\" content=\"summary_large_image\" \/>\n<script type=\"application\/ld+json\" class=\"yoast-schema-graph\">{\"@context\":\"https:\/\/schema.org\",\"@graph\":[{\"@type\":\"WebPage\",\"@id\":\"https:\/\/www.gintaresgeles.lt\/en\/puokste\/box-of-two-colored-peonies\/\",\"url\":\"https:\/\/www.gintaresgeles.lt\/en\/puokste\/box-of-two-colored-peonies\/\",\"name\":\"Box of two-colored peonies | Flower delivery in Vilnius | Gintar\u0117s g\u0117l\u0117s\",\"isPartOf\":{\"@id\":\"https:\/\/www.gintaresgeles.lt\/en\/#website\"},\"primaryImageOfPage\":{\"@id\":\"https:\/\/www.gintaresgeles.lt\/en\/puokste\/box-of-two-colored-peonies\/#primaryimage\"},\"image\":{\"@id\":\"https:\/\/www.gintaresgeles.lt\/en\/puokste\/box-of-two-colored-peonies\/#primaryimage\"},\"thumbnailUrl\":\"https:\/\/www.gintaresgeles.lt\/wp-content\/uploads\/2023\/06\/dvieju-spalvu-bijunu-dezute-geles-merginai.jpg\",\"datePublished\":\"2023-06-24T11:17:36+00:00\",\"dateModified\":\"2025-05-28T23:59:18+00:00\",\"description\":\"A box of two-colored peonies will be the perfect gift for every occasion. Order now and we will deliver the flowers to your address.\",\"breadcrumb\":{\"@id\":\"https:\/\/www.gintaresgeles.lt\/en\/puokste\/box-of-two-colored-peonies\/#breadcrumb\"},\"inLanguage\":\"en-US\",\"potentialAction\":[{\"@type\":\"ReadAction\",\"target\":[\"https:\/\/www.gintaresgeles.lt\/en\/puokste\/box-of-two-colored-peonies\/\"]}]},{\"@type\":\"ImageObject\",\"inLanguage\":\"en-US\",\"@id\":\"https:\/\/www.gintaresgeles.lt\/en\/puokste\/box-of-two-colored-peonies\/#primaryimage\",\"url\":\"https:\/\/www.gintaresgeles.lt\/wp-content\/uploads\/2023\/06\/dvieju-spalvu-bijunu-dezute-geles-merginai.jpg\",\"contentUrl\":\"https:\/\/www.gintaresgeles.lt\/wp-content\/uploads\/2023\/06\/dvieju-spalvu-bijunu-dezute-geles-merginai.jpg\",\"width\":1200,\"height\":1200,\"caption\":\"\u0160viesiai ir tamsiai ro\u017eini\u0173 bij\u016bn\u0173 d\u0117\u017eut\u0117\"},{\"@type\":\"BreadcrumbList\",\"@id\":\"https:\/\/www.gintaresgeles.lt\/en\/puokste\/box-of-two-colored-peonies\/#breadcrumb\",\"itemListElement\":[{\"@type\":\"ListItem\",\"position\":1,\"name\":\"Prad\u017eia\",\"item\":\"https:\/\/www.gintaresgeles.lt\/en\/\"},{\"@type\":\"ListItem\",\"position\":2,\"name\":\"All flowers and other products\",\"item\":\"https:\/\/www.gintaresgeles.lt\/en\/all-flowers-and-other-products\/\"},{\"@type\":\"ListItem\",\"position\":3,\"name\":\"Box of two-colored peonies\"}]},{\"@type\":\"WebSite\",\"@id\":\"https:\/\/www.gintaresgeles.lt\/en\/#website\",\"url\":\"https:\/\/www.gintaresgeles.lt\/en\/\",\"name\":\"gintaresgeles.lt\",\"description\":\"G\u0117li\u0173 parduotuv\u0117 internete\",\"potentialAction\":[{\"@type\":\"SearchAction\",\"target\":{\"@type\":\"EntryPoint\",\"urlTemplate\":\"https:\/\/www.gintaresgeles.lt\/en\/?s={search_term_string}\"},\"query-input\":{\"@type\":\"PropertyValueSpecification\",\"valueRequired\":true,\"valueName\":\"search_term_string\"}}],\"inLanguage\":\"en-US\"}]}<\/script>\n<!-- \/ Yoast SEO plugin. -->","yoast_head_json":{"title":"Box of two-colored peonies | Flower delivery in Vilnius | Gintar\u0117s g\u0117l\u0117s","description":"A box of two-colored peonies will be the perfect gift for every occasion. Order now and we will deliver the flowers to your address.","robots":{"index":"index","follow":"follow","max-snippet":"max-snippet:-1","max-image-preview":"max-image-preview:large","max-video-preview":"max-video-preview:-1"},"canonical":"https:\/\/www.gintaresgeles.lt\/en\/puokste\/box-of-two-colored-peonies\/","og_locale":"en_US","og_type":"article","og_title":"Box of two-colored peonies | Flower delivery in Vilnius | Gintar\u0117s g\u0117l\u0117s","og_description":"A box of two-colored peonies will be the perfect gift for every occasion. Order now and we will deliver the flowers to your address.","og_url":"https:\/\/www.gintaresgeles.lt\/en\/puokste\/box-of-two-colored-peonies\/","og_site_name":"gintaresgeles.lt","article_modified_time":"2025-05-28T23:59:18+00:00","og_image":[{"width":1200,"height":1200,"url":"https:\/\/www.gintaresgeles.lt\/wp-content\/uploads\/2023\/06\/dvieju-spalvu-bijunu-dezute-geles-merginai.jpg","type":"image\/jpeg"}],"twitter_card":"summary_large_image","schema":{"@context":"https:\/\/schema.org","@graph":[{"@type":"WebPage","@id":"https:\/\/www.gintaresgeles.lt\/en\/puokste\/box-of-two-colored-peonies\/","url":"https:\/\/www.gintaresgeles.lt\/en\/puokste\/box-of-two-colored-peonies\/","name":"Box of two-colored peonies | Flower delivery in Vilnius | Gintar\u0117s g\u0117l\u0117s","isPartOf":{"@id":"https:\/\/www.gintaresgeles.lt\/en\/#website"},"primaryImageOfPage":{"@id":"https:\/\/www.gintaresgeles.lt\/en\/puokste\/box-of-two-colored-peonies\/#primaryimage"},"image":{"@id":"https:\/\/www.gintaresgeles.lt\/en\/puokste\/box-of-two-colored-peonies\/#primaryimage"},"thumbnailUrl":"https:\/\/www.gintaresgeles.lt\/wp-content\/uploads\/2023\/06\/dvieju-spalvu-bijunu-dezute-geles-merginai.jpg","datePublished":"2023-06-24T11:17:36+00:00","dateModified":"2025-05-28T23:59:18+00:00","description":"A box of two-colored peonies will be the perfect gift for every occasion. Order now and we will deliver the flowers to your address.","breadcrumb":{"@id":"https:\/\/www.gintaresgeles.lt\/en\/puokste\/box-of-two-colored-peonies\/#breadcrumb"},"inLanguage":"en-US","potentialAction":[{"@type":"ReadAction","target":["https:\/\/www.gintaresgeles.lt\/en\/puokste\/box-of-two-colored-peonies\/"]}]},{"@type":"ImageObject","inLanguage":"en-US","@id":"https:\/\/www.gintaresgeles.lt\/en\/puokste\/box-of-two-colored-peonies\/#primaryimage","url":"https:\/\/www.gintaresgeles.lt\/wp-content\/uploads\/2023\/06\/dvieju-spalvu-bijunu-dezute-geles-merginai.jpg","contentUrl":"https:\/\/www.gintaresgeles.lt\/wp-content\/uploads\/2023\/06\/dvieju-spalvu-bijunu-dezute-geles-merginai.jpg","width":1200,"height":1200,"caption":"\u0160viesiai ir tamsiai ro\u017eini\u0173 bij\u016bn\u0173 d\u0117\u017eut\u0117"},{"@type":"BreadcrumbList","@id":"https:\/\/www.gintaresgeles.lt\/en\/puokste\/box-of-two-colored-peonies\/#breadcrumb","itemListElement":[{"@type":"ListItem","position":1,"name":"Prad\u017eia","item":"https:\/\/www.gintaresgeles.lt\/en\/"},{"@type":"ListItem","position":2,"name":"All flowers and other products","item":"https:\/\/www.gintaresgeles.lt\/en\/all-flowers-and-other-products\/"},{"@type":"ListItem","position":3,"name":"Box of two-colored peonies"}]},{"@type":"WebSite","@id":"https:\/\/www.gintaresgeles.lt\/en\/#website","url":"https:\/\/www.gintaresgeles.lt\/en\/","name":"gintaresgeles.lt","description":"G\u0117li\u0173 parduotuv\u0117 internete","potentialAction":[{"@type":"SearchAction","target":{"@type":"EntryPoint","urlTemplate":"https:\/\/www.gintaresgeles.lt\/en\/?s={search_term_string}"},"query-input":{"@type":"PropertyValueSpecification","valueRequired":true,"valueName":"search_term_string"}}],"inLanguage":"en-US"}]}},"_links":{"self":[{"href":"https:\/\/www.gintaresgeles.lt\/en\/wp-json\/wp\/v2\/product\/48690","targetHints":{"allow":["GET"]}}],"collection":[{"href":"https:\/\/www.gintaresgeles.lt\/en\/wp-json\/wp\/v2\/product"}],"about":[{"href":"https:\/\/www.gintaresgeles.lt\/en\/wp-json\/wp\/v2\/types\/product"}],"wp:featuredmedia":[{"embeddable":true,"href":"https:\/\/www.gintaresgeles.lt\/en\/wp-json\/wp\/v2\/media\/48697"}],"wp:attachment":[{"href":"https:\/\/www.gintaresgeles.lt\/en\/wp-json\/wp\/v2\/media?parent=48690"}],"wp:term":[{"taxonomy":"product_brand","embeddable":true,"href":"https:\/\/www.gintaresgeles.lt\/en\/wp-json\/wp\/v2\/product_brand?post=48690"},{"taxonomy":"product_cat","embeddable":true,"href":"https:\/\/www.gintaresgeles.lt\/en\/wp-json\/wp\/v2\/product_cat?post=48690"},{"taxonomy":"product_tag","embeddable":true,"href":"https:\/\/www.gintaresgeles.lt\/en\/wp-json\/wp\/v2\/product_tag?post=48690"}],"curies":[{"name":"wp","href":"https:\/\/api.w.org\/{rel}","templated":true}]}}