{"id":48940,"date":"2022-12-08T22:05:24","date_gmt":"2022-12-08T20:05:24","guid":{"rendered":"https:\/\/www.gintaresgeles.lt\/puokste\/candy-set-assorted-gummies\/"},"modified":"2022-12-08T22:05:24","modified_gmt":"2022-12-08T20:05:24","slug":"candy-set-assorted-gummies","status":"publish","type":"product","link":"https:\/\/www.gintaresgeles.lt\/en\/puokste\/candy-set-assorted-gummies\/","title":{"rendered":"Candy set &#8220;Assorted Gummies&#8221;"},"content":{"rendered":"","protected":false},"excerpt":{"rendered":"<p>The set of candies &#8220;Assorted Gummies&#8221; will be a great choice for when you are looking for an edible and colorful gift. If you have friends or relatives with a sweet tooth &#8211; this gift is just what you are looking for!<br \/>\nThe set includes: &#8220;Haribo&#8221;, &#8220;Vidal&#8221; 2 pcs., &#8220;Maom&#8221;, &#8220;Dino&#8221; 2 pcs., &#8220;Fini&#8221;, gummies &#8220;Potatoes FRI&#8221;.<\/p>\n","protected":false},"featured_media":45809,"template":"","meta":[],"product_brand":[],"product_cat":[237,1977,1981],"product_tag":[],"class_list":{"0":"post-48940","1":"product","2":"type-product","3":"status-publish","4":"has-post-thumbnail","6":"product_cat-gifts","7":"product_cat-gift-set","8":"product_cat-sweets","9":"tm-has-options","11":"first","12":"outofstock","13":"taxable","14":"shipping-taxable","15":"purchasable","16":"product-type-simple"},"yoast_head":"<!-- This site is optimized with the Yoast SEO plugin v25.3 - https:\/\/yoast.com\/wordpress\/plugins\/seo\/ -->\n<title>Candy set &quot;Assorted Gummies&quot; | Gintar\u0117s G\u0117l\u0117s<\/title>\n<meta name=\"description\" content=\"A colorful, sweet set of gummies will be a great gift for all those with a sweet tooth. You can give this set as a gift to both adults and children.\" \/>\n<meta name=\"robots\" content=\"index, follow, max-snippet:-1, max-image-preview:large, max-video-preview:-1\" \/>\n<link rel=\"canonical\" href=\"https:\/\/www.gintaresgeles.lt\/en\/puokste\/candy-set-assorted-gummies\/\" \/>\n<meta property=\"og:locale\" content=\"en_US\" \/>\n<meta property=\"og:type\" content=\"article\" \/>\n<meta property=\"og:title\" content=\"Candy set &quot;Assorted Gummies&quot; | Gintar\u0117s G\u0117l\u0117s\" \/>\n<meta property=\"og:description\" content=\"A colorful, sweet set of gummies will be a great gift for all those with a sweet tooth. You can give this set as a gift to both adults and children.\" \/>\n<meta property=\"og:url\" content=\"https:\/\/www.gintaresgeles.lt\/en\/puokste\/candy-set-assorted-gummies\/\" \/>\n<meta property=\"og:site_name\" content=\"gintaresgeles.lt\" \/>\n<meta property=\"og:image\" content=\"https:\/\/www.gintaresgeles.lt\/wp-content\/uploads\/2022\/12\/guminuku-rinkinys-dezuteje-dovanos-smaliziams.jpg\" \/>\n\t<meta property=\"og:image:width\" content=\"1200\" \/>\n\t<meta property=\"og:image:height\" content=\"1200\" \/>\n\t<meta property=\"og:image:type\" content=\"image\/jpeg\" \/>\n<meta name=\"twitter:card\" content=\"summary_large_image\" \/>\n<script type=\"application\/ld+json\" class=\"yoast-schema-graph\">{\"@context\":\"https:\/\/schema.org\",\"@graph\":[{\"@type\":\"WebPage\",\"@id\":\"https:\/\/www.gintaresgeles.lt\/en\/puokste\/candy-set-assorted-gummies\/\",\"url\":\"https:\/\/www.gintaresgeles.lt\/en\/puokste\/candy-set-assorted-gummies\/\",\"name\":\"Candy set \\\"Assorted Gummies\\\" | Gintar\u0117s G\u0117l\u0117s\",\"isPartOf\":{\"@id\":\"https:\/\/www.gintaresgeles.lt\/en\/#website\"},\"primaryImageOfPage\":{\"@id\":\"https:\/\/www.gintaresgeles.lt\/en\/puokste\/candy-set-assorted-gummies\/#primaryimage\"},\"image\":{\"@id\":\"https:\/\/www.gintaresgeles.lt\/en\/puokste\/candy-set-assorted-gummies\/#primaryimage\"},\"thumbnailUrl\":\"https:\/\/www.gintaresgeles.lt\/wp-content\/uploads\/2022\/12\/guminuku-rinkinys-dezuteje-dovanos-smaliziams.jpg\",\"datePublished\":\"2022-12-08T20:05:24+00:00\",\"description\":\"A colorful, sweet set of gummies will be a great gift for all those with a sweet tooth. You can give this set as a gift to both adults and children.\",\"breadcrumb\":{\"@id\":\"https:\/\/www.gintaresgeles.lt\/en\/puokste\/candy-set-assorted-gummies\/#breadcrumb\"},\"inLanguage\":\"en-US\",\"potentialAction\":[{\"@type\":\"ReadAction\",\"target\":[\"https:\/\/www.gintaresgeles.lt\/en\/puokste\/candy-set-assorted-gummies\/\"]}]},{\"@type\":\"ImageObject\",\"inLanguage\":\"en-US\",\"@id\":\"https:\/\/www.gintaresgeles.lt\/en\/puokste\/candy-set-assorted-gummies\/#primaryimage\",\"url\":\"https:\/\/www.gintaresgeles.lt\/wp-content\/uploads\/2022\/12\/guminuku-rinkinys-dezuteje-dovanos-smaliziams.jpg\",\"contentUrl\":\"https:\/\/www.gintaresgeles.lt\/wp-content\/uploads\/2022\/12\/guminuku-rinkinys-dezuteje-dovanos-smaliziams.jpg\",\"width\":1200,\"height\":1200,\"caption\":\"\u012evairi\u0173 guminuk\u0173 d\u0117\u017eut\u0117 dovanos draugams\"},{\"@type\":\"BreadcrumbList\",\"@id\":\"https:\/\/www.gintaresgeles.lt\/en\/puokste\/candy-set-assorted-gummies\/#breadcrumb\",\"itemListElement\":[{\"@type\":\"ListItem\",\"position\":1,\"name\":\"Prad\u017eia\",\"item\":\"https:\/\/www.gintaresgeles.lt\/en\/\"},{\"@type\":\"ListItem\",\"position\":2,\"name\":\"All flowers and other products\",\"item\":\"https:\/\/www.gintaresgeles.lt\/en\/all-flowers-and-other-products\/\"},{\"@type\":\"ListItem\",\"position\":3,\"name\":\"Candy set &#8222;Assorted Gummies&#8221;\"}]},{\"@type\":\"WebSite\",\"@id\":\"https:\/\/www.gintaresgeles.lt\/en\/#website\",\"url\":\"https:\/\/www.gintaresgeles.lt\/en\/\",\"name\":\"gintaresgeles.lt\",\"description\":\"G\u0117li\u0173 parduotuv\u0117 internete\",\"potentialAction\":[{\"@type\":\"SearchAction\",\"target\":{\"@type\":\"EntryPoint\",\"urlTemplate\":\"https:\/\/www.gintaresgeles.lt\/en\/?s={search_term_string}\"},\"query-input\":{\"@type\":\"PropertyValueSpecification\",\"valueRequired\":true,\"valueName\":\"search_term_string\"}}],\"inLanguage\":\"en-US\"}]}<\/script>\n<!-- \/ Yoast SEO plugin. -->","yoast_head_json":{"title":"Candy set \"Assorted Gummies\" | Gintar\u0117s G\u0117l\u0117s","description":"A colorful, sweet set of gummies will be a great gift for all those with a sweet tooth. You can give this set as a gift to both adults and children.","robots":{"index":"index","follow":"follow","max-snippet":"max-snippet:-1","max-image-preview":"max-image-preview:large","max-video-preview":"max-video-preview:-1"},"canonical":"https:\/\/www.gintaresgeles.lt\/en\/puokste\/candy-set-assorted-gummies\/","og_locale":"en_US","og_type":"article","og_title":"Candy set \"Assorted Gummies\" | Gintar\u0117s G\u0117l\u0117s","og_description":"A colorful, sweet set of gummies will be a great gift for all those with a sweet tooth. You can give this set as a gift to both adults and children.","og_url":"https:\/\/www.gintaresgeles.lt\/en\/puokste\/candy-set-assorted-gummies\/","og_site_name":"gintaresgeles.lt","og_image":[{"width":1200,"height":1200,"url":"https:\/\/www.gintaresgeles.lt\/wp-content\/uploads\/2022\/12\/guminuku-rinkinys-dezuteje-dovanos-smaliziams.jpg","type":"image\/jpeg"}],"twitter_card":"summary_large_image","schema":{"@context":"https:\/\/schema.org","@graph":[{"@type":"WebPage","@id":"https:\/\/www.gintaresgeles.lt\/en\/puokste\/candy-set-assorted-gummies\/","url":"https:\/\/www.gintaresgeles.lt\/en\/puokste\/candy-set-assorted-gummies\/","name":"Candy set \"Assorted Gummies\" | Gintar\u0117s G\u0117l\u0117s","isPartOf":{"@id":"https:\/\/www.gintaresgeles.lt\/en\/#website"},"primaryImageOfPage":{"@id":"https:\/\/www.gintaresgeles.lt\/en\/puokste\/candy-set-assorted-gummies\/#primaryimage"},"image":{"@id":"https:\/\/www.gintaresgeles.lt\/en\/puokste\/candy-set-assorted-gummies\/#primaryimage"},"thumbnailUrl":"https:\/\/www.gintaresgeles.lt\/wp-content\/uploads\/2022\/12\/guminuku-rinkinys-dezuteje-dovanos-smaliziams.jpg","datePublished":"2022-12-08T20:05:24+00:00","description":"A colorful, sweet set of gummies will be a great gift for all those with a sweet tooth. You can give this set as a gift to both adults and children.","breadcrumb":{"@id":"https:\/\/www.gintaresgeles.lt\/en\/puokste\/candy-set-assorted-gummies\/#breadcrumb"},"inLanguage":"en-US","potentialAction":[{"@type":"ReadAction","target":["https:\/\/www.gintaresgeles.lt\/en\/puokste\/candy-set-assorted-gummies\/"]}]},{"@type":"ImageObject","inLanguage":"en-US","@id":"https:\/\/www.gintaresgeles.lt\/en\/puokste\/candy-set-assorted-gummies\/#primaryimage","url":"https:\/\/www.gintaresgeles.lt\/wp-content\/uploads\/2022\/12\/guminuku-rinkinys-dezuteje-dovanos-smaliziams.jpg","contentUrl":"https:\/\/www.gintaresgeles.lt\/wp-content\/uploads\/2022\/12\/guminuku-rinkinys-dezuteje-dovanos-smaliziams.jpg","width":1200,"height":1200,"caption":"\u012evairi\u0173 guminuk\u0173 d\u0117\u017eut\u0117 dovanos draugams"},{"@type":"BreadcrumbList","@id":"https:\/\/www.gintaresgeles.lt\/en\/puokste\/candy-set-assorted-gummies\/#breadcrumb","itemListElement":[{"@type":"ListItem","position":1,"name":"Prad\u017eia","item":"https:\/\/www.gintaresgeles.lt\/en\/"},{"@type":"ListItem","position":2,"name":"All flowers and other products","item":"https:\/\/www.gintaresgeles.lt\/en\/all-flowers-and-other-products\/"},{"@type":"ListItem","position":3,"name":"Candy set &#8222;Assorted Gummies&#8221;"}]},{"@type":"WebSite","@id":"https:\/\/www.gintaresgeles.lt\/en\/#website","url":"https:\/\/www.gintaresgeles.lt\/en\/","name":"gintaresgeles.lt","description":"G\u0117li\u0173 parduotuv\u0117 internete","potentialAction":[{"@type":"SearchAction","target":{"@type":"EntryPoint","urlTemplate":"https:\/\/www.gintaresgeles.lt\/en\/?s={search_term_string}"},"query-input":{"@type":"PropertyValueSpecification","valueRequired":true,"valueName":"search_term_string"}}],"inLanguage":"en-US"}]}},"_links":{"self":[{"href":"https:\/\/www.gintaresgeles.lt\/en\/wp-json\/wp\/v2\/product\/48940","targetHints":{"allow":["GET"]}}],"collection":[{"href":"https:\/\/www.gintaresgeles.lt\/en\/wp-json\/wp\/v2\/product"}],"about":[{"href":"https:\/\/www.gintaresgeles.lt\/en\/wp-json\/wp\/v2\/types\/product"}],"wp:featuredmedia":[{"embeddable":true,"href":"https:\/\/www.gintaresgeles.lt\/en\/wp-json\/wp\/v2\/media\/45809"}],"wp:attachment":[{"href":"https:\/\/www.gintaresgeles.lt\/en\/wp-json\/wp\/v2\/media?parent=48940"}],"wp:term":[{"taxonomy":"product_brand","embeddable":true,"href":"https:\/\/www.gintaresgeles.lt\/en\/wp-json\/wp\/v2\/product_brand?post=48940"},{"taxonomy":"product_cat","embeddable":true,"href":"https:\/\/www.gintaresgeles.lt\/en\/wp-json\/wp\/v2\/product_cat?post=48940"},{"taxonomy":"product_tag","embeddable":true,"href":"https:\/\/www.gintaresgeles.lt\/en\/wp-json\/wp\/v2\/product_tag?post=48940"}],"curies":[{"name":"wp","href":"https:\/\/api.w.org\/{rel}","templated":true}]}}