{"id":49085,"date":"2023-08-07T15:08:30","date_gmt":"2023-08-07T13:08:30","guid":{"rendered":"https:\/\/www.gintaresgeles.lt\/puokste\/red-roses-with-kinder-chocolate-eggs-in-a-heart-shaped-box\/"},"modified":"2025-05-29T01:59:16","modified_gmt":"2025-05-28T23:59:16","slug":"red-roses-with-kinder-chocolate-eggs-in-a-heart-shaped-box","status":"publish","type":"product","link":"https:\/\/www.gintaresgeles.lt\/en\/puokste\/red-roses-with-kinder-chocolate-eggs-in-a-heart-shaped-box\/","title":{"rendered":"Red roses with Kinder chocolate eggs in a heart-shaped box"},"content":{"rendered":"","protected":false},"excerpt":{"rendered":"<p>Delight your beloved woman with this charming surprise and let the sweet moments last forever.<\/p>\n<p>The heart-shaped box consists of 9 red roses, and the other side of the box is decorated with 9 Kinder chocolate eggs.<\/p>\n","protected":false},"featured_media":49081,"template":"","meta":[],"product_brand":[],"product_cat":[260,252,266,256,253,257,428,262,263,891,650,264,267,238],"product_tag":[],"class_list":{"0":"post-49085","1":"product","2":"type-product","3":"status-publish","4":"has-post-thumbnail","6":"product_cat-birthday-flowers","7":"product_cat-flowers-by-recipient","8":"product_cat-flowers-by-style","9":"product_cat-flowers-for-girlfriend","10":"product_cat-flowers-for-mom","11":"product_cat-flowers-for-women","12":"product_cat-jubilee-flowers","13":"product_cat-march8th-flowers","14":"product_cat-mothers-day-flowers","15":"product_cat-red-roses","16":"product_cat-roses-in-a-box","17":"product_cat-valentines-day-flowers","18":"product_cat-flower-boxes","19":"product_cat-roses","20":"tm-has-options","22":"first","23":"instock","24":"taxable","25":"shipping-taxable","26":"purchasable","27":"product-type-simple"},"yoast_head":"<!-- This site is optimized with the Yoast SEO plugin v25.3 - https:\/\/yoast.com\/wordpress\/plugins\/seo\/ -->\n<title>Red roses with Kinder eggs in a box | Gintar\u0117s G\u0117l\u0117s<\/title>\n<meta name=\"description\" content=\"A box of red roses with Kinder chocolate eggs is suitable as a gift for a girl on Valentine&#039;s Day or on any other special occasion.\" \/>\n<meta name=\"robots\" content=\"index, follow, max-snippet:-1, max-image-preview:large, max-video-preview:-1\" \/>\n<link rel=\"canonical\" href=\"https:\/\/www.gintaresgeles.lt\/en\/puokste\/red-roses-with-kinder-chocolate-eggs-in-a-heart-shaped-box\/\" \/>\n<meta property=\"og:locale\" content=\"en_US\" \/>\n<meta property=\"og:type\" content=\"article\" \/>\n<meta property=\"og:title\" content=\"Red roses with Kinder eggs in a box | Gintar\u0117s G\u0117l\u0117s\" \/>\n<meta property=\"og:description\" content=\"A box of red roses with Kinder chocolate eggs is suitable as a gift for a girl on Valentine&#039;s Day or on any other special occasion.\" \/>\n<meta property=\"og:url\" content=\"https:\/\/www.gintaresgeles.lt\/en\/puokste\/red-roses-with-kinder-chocolate-eggs-in-a-heart-shaped-box\/\" \/>\n<meta property=\"og:site_name\" content=\"gintaresgeles.lt\" \/>\n<meta property=\"article:modified_time\" content=\"2025-05-28T23:59:16+00:00\" \/>\n<meta property=\"og:image\" content=\"https:\/\/www.gintaresgeles.lt\/wp-content\/uploads\/2023\/08\/sirdeles-formos-dezute-raudonos-rozes-sus-kinder-sokoladukais.jpg\" \/>\n\t<meta property=\"og:image:width\" content=\"1200\" \/>\n\t<meta property=\"og:image:height\" content=\"1200\" \/>\n\t<meta property=\"og:image:type\" content=\"image\/jpeg\" \/>\n<meta name=\"twitter:card\" content=\"summary_large_image\" \/>\n<script type=\"application\/ld+json\" class=\"yoast-schema-graph\">{\"@context\":\"https:\/\/schema.org\",\"@graph\":[{\"@type\":\"WebPage\",\"@id\":\"https:\/\/www.gintaresgeles.lt\/en\/puokste\/red-roses-with-kinder-chocolate-eggs-in-a-heart-shaped-box\/\",\"url\":\"https:\/\/www.gintaresgeles.lt\/en\/puokste\/red-roses-with-kinder-chocolate-eggs-in-a-heart-shaped-box\/\",\"name\":\"Red roses with Kinder eggs in a box | Gintar\u0117s G\u0117l\u0117s\",\"isPartOf\":{\"@id\":\"https:\/\/www.gintaresgeles.lt\/en\/#website\"},\"primaryImageOfPage\":{\"@id\":\"https:\/\/www.gintaresgeles.lt\/en\/puokste\/red-roses-with-kinder-chocolate-eggs-in-a-heart-shaped-box\/#primaryimage\"},\"image\":{\"@id\":\"https:\/\/www.gintaresgeles.lt\/en\/puokste\/red-roses-with-kinder-chocolate-eggs-in-a-heart-shaped-box\/#primaryimage\"},\"thumbnailUrl\":\"https:\/\/www.gintaresgeles.lt\/wp-content\/uploads\/2023\/08\/sirdeles-formos-dezute-raudonos-rozes-sus-kinder-sokoladukais.jpg\",\"datePublished\":\"2023-08-07T13:08:30+00:00\",\"dateModified\":\"2025-05-28T23:59:16+00:00\",\"description\":\"A box of red roses with Kinder chocolate eggs is suitable as a gift for a girl on Valentine's Day or on any other special occasion.\",\"breadcrumb\":{\"@id\":\"https:\/\/www.gintaresgeles.lt\/en\/puokste\/red-roses-with-kinder-chocolate-eggs-in-a-heart-shaped-box\/#breadcrumb\"},\"inLanguage\":\"en-US\",\"potentialAction\":[{\"@type\":\"ReadAction\",\"target\":[\"https:\/\/www.gintaresgeles.lt\/en\/puokste\/red-roses-with-kinder-chocolate-eggs-in-a-heart-shaped-box\/\"]}]},{\"@type\":\"ImageObject\",\"inLanguage\":\"en-US\",\"@id\":\"https:\/\/www.gintaresgeles.lt\/en\/puokste\/red-roses-with-kinder-chocolate-eggs-in-a-heart-shaped-box\/#primaryimage\",\"url\":\"https:\/\/www.gintaresgeles.lt\/wp-content\/uploads\/2023\/08\/sirdeles-formos-dezute-raudonos-rozes-sus-kinder-sokoladukais.jpg\",\"contentUrl\":\"https:\/\/www.gintaresgeles.lt\/wp-content\/uploads\/2023\/08\/sirdeles-formos-dezute-raudonos-rozes-sus-kinder-sokoladukais.jpg\",\"width\":1200,\"height\":1200,\"caption\":\"Raudonos ro\u017e\u0117s d\u0117\u017eut\u0117je su Kinder \u0161okoladiniais kiau\u0161iniais dovana merginai\"},{\"@type\":\"BreadcrumbList\",\"@id\":\"https:\/\/www.gintaresgeles.lt\/en\/puokste\/red-roses-with-kinder-chocolate-eggs-in-a-heart-shaped-box\/#breadcrumb\",\"itemListElement\":[{\"@type\":\"ListItem\",\"position\":1,\"name\":\"Prad\u017eia\",\"item\":\"https:\/\/www.gintaresgeles.lt\/en\/\"},{\"@type\":\"ListItem\",\"position\":2,\"name\":\"All flowers and other products\",\"item\":\"https:\/\/www.gintaresgeles.lt\/en\/all-flowers-and-other-products\/\"},{\"@type\":\"ListItem\",\"position\":3,\"name\":\"Red roses with Kinder chocolate eggs in a heart-shaped box\"}]},{\"@type\":\"WebSite\",\"@id\":\"https:\/\/www.gintaresgeles.lt\/en\/#website\",\"url\":\"https:\/\/www.gintaresgeles.lt\/en\/\",\"name\":\"Gintares Geles\",\"description\":\"Flower delivery in Vilnius | Same-day delivery | Gintares geles\",\"potentialAction\":[{\"@type\":\"SearchAction\",\"target\":{\"@type\":\"EntryPoint\",\"urlTemplate\":\"https:\/\/www.gintaresgeles.lt\/en\/?s={search_term_string}\"},\"query-input\":{\"@type\":\"PropertyValueSpecification\",\"valueRequired\":true,\"valueName\":\"search_term_string\"}}],\"inLanguage\":\"en-US\"}]}<\/script>\n<!-- \/ Yoast SEO plugin. -->","yoast_head_json":{"title":"Red roses with Kinder eggs in a box | Gintar\u0117s G\u0117l\u0117s","description":"A box of red roses with Kinder chocolate eggs is suitable as a gift for a girl on Valentine's Day or on any other special occasion.","robots":{"index":"index","follow":"follow","max-snippet":"max-snippet:-1","max-image-preview":"max-image-preview:large","max-video-preview":"max-video-preview:-1"},"canonical":"https:\/\/www.gintaresgeles.lt\/en\/puokste\/red-roses-with-kinder-chocolate-eggs-in-a-heart-shaped-box\/","og_locale":"en_US","og_type":"article","og_title":"Red roses with Kinder eggs in a box | Gintar\u0117s G\u0117l\u0117s","og_description":"A box of red roses with Kinder chocolate eggs is suitable as a gift for a girl on Valentine's Day or on any other special occasion.","og_url":"https:\/\/www.gintaresgeles.lt\/en\/puokste\/red-roses-with-kinder-chocolate-eggs-in-a-heart-shaped-box\/","og_site_name":"gintaresgeles.lt","article_modified_time":"2025-05-28T23:59:16+00:00","og_image":[{"width":1200,"height":1200,"url":"https:\/\/www.gintaresgeles.lt\/wp-content\/uploads\/2023\/08\/sirdeles-formos-dezute-raudonos-rozes-sus-kinder-sokoladukais.jpg","type":"image\/jpeg"}],"twitter_card":"summary_large_image","schema":{"@context":"https:\/\/schema.org","@graph":[{"@type":"WebPage","@id":"https:\/\/www.gintaresgeles.lt\/en\/puokste\/red-roses-with-kinder-chocolate-eggs-in-a-heart-shaped-box\/","url":"https:\/\/www.gintaresgeles.lt\/en\/puokste\/red-roses-with-kinder-chocolate-eggs-in-a-heart-shaped-box\/","name":"Red roses with Kinder eggs in a box | Gintar\u0117s G\u0117l\u0117s","isPartOf":{"@id":"https:\/\/www.gintaresgeles.lt\/en\/#website"},"primaryImageOfPage":{"@id":"https:\/\/www.gintaresgeles.lt\/en\/puokste\/red-roses-with-kinder-chocolate-eggs-in-a-heart-shaped-box\/#primaryimage"},"image":{"@id":"https:\/\/www.gintaresgeles.lt\/en\/puokste\/red-roses-with-kinder-chocolate-eggs-in-a-heart-shaped-box\/#primaryimage"},"thumbnailUrl":"https:\/\/www.gintaresgeles.lt\/wp-content\/uploads\/2023\/08\/sirdeles-formos-dezute-raudonos-rozes-sus-kinder-sokoladukais.jpg","datePublished":"2023-08-07T13:08:30+00:00","dateModified":"2025-05-28T23:59:16+00:00","description":"A box of red roses with Kinder chocolate eggs is suitable as a gift for a girl on Valentine's Day or on any other special occasion.","breadcrumb":{"@id":"https:\/\/www.gintaresgeles.lt\/en\/puokste\/red-roses-with-kinder-chocolate-eggs-in-a-heart-shaped-box\/#breadcrumb"},"inLanguage":"en-US","potentialAction":[{"@type":"ReadAction","target":["https:\/\/www.gintaresgeles.lt\/en\/puokste\/red-roses-with-kinder-chocolate-eggs-in-a-heart-shaped-box\/"]}]},{"@type":"ImageObject","inLanguage":"en-US","@id":"https:\/\/www.gintaresgeles.lt\/en\/puokste\/red-roses-with-kinder-chocolate-eggs-in-a-heart-shaped-box\/#primaryimage","url":"https:\/\/www.gintaresgeles.lt\/wp-content\/uploads\/2023\/08\/sirdeles-formos-dezute-raudonos-rozes-sus-kinder-sokoladukais.jpg","contentUrl":"https:\/\/www.gintaresgeles.lt\/wp-content\/uploads\/2023\/08\/sirdeles-formos-dezute-raudonos-rozes-sus-kinder-sokoladukais.jpg","width":1200,"height":1200,"caption":"Raudonos ro\u017e\u0117s d\u0117\u017eut\u0117je su Kinder \u0161okoladiniais kiau\u0161iniais dovana merginai"},{"@type":"BreadcrumbList","@id":"https:\/\/www.gintaresgeles.lt\/en\/puokste\/red-roses-with-kinder-chocolate-eggs-in-a-heart-shaped-box\/#breadcrumb","itemListElement":[{"@type":"ListItem","position":1,"name":"Prad\u017eia","item":"https:\/\/www.gintaresgeles.lt\/en\/"},{"@type":"ListItem","position":2,"name":"All flowers and other products","item":"https:\/\/www.gintaresgeles.lt\/en\/all-flowers-and-other-products\/"},{"@type":"ListItem","position":3,"name":"Red roses with Kinder chocolate eggs in a heart-shaped box"}]},{"@type":"WebSite","@id":"https:\/\/www.gintaresgeles.lt\/en\/#website","url":"https:\/\/www.gintaresgeles.lt\/en\/","name":"Gintares Geles","description":"Flower delivery in Vilnius | Same-day delivery | Gintares geles","potentialAction":[{"@type":"SearchAction","target":{"@type":"EntryPoint","urlTemplate":"https:\/\/www.gintaresgeles.lt\/en\/?s={search_term_string}"},"query-input":{"@type":"PropertyValueSpecification","valueRequired":true,"valueName":"search_term_string"}}],"inLanguage":"en-US"}]}},"_links":{"self":[{"href":"https:\/\/www.gintaresgeles.lt\/en\/wp-json\/wp\/v2\/product\/49085","targetHints":{"allow":["GET"]}}],"collection":[{"href":"https:\/\/www.gintaresgeles.lt\/en\/wp-json\/wp\/v2\/product"}],"about":[{"href":"https:\/\/www.gintaresgeles.lt\/en\/wp-json\/wp\/v2\/types\/product"}],"wp:featuredmedia":[{"embeddable":true,"href":"https:\/\/www.gintaresgeles.lt\/en\/wp-json\/wp\/v2\/media\/49081"}],"wp:attachment":[{"href":"https:\/\/www.gintaresgeles.lt\/en\/wp-json\/wp\/v2\/media?parent=49085"}],"wp:term":[{"taxonomy":"product_brand","embeddable":true,"href":"https:\/\/www.gintaresgeles.lt\/en\/wp-json\/wp\/v2\/product_brand?post=49085"},{"taxonomy":"product_cat","embeddable":true,"href":"https:\/\/www.gintaresgeles.lt\/en\/wp-json\/wp\/v2\/product_cat?post=49085"},{"taxonomy":"product_tag","embeddable":true,"href":"https:\/\/www.gintaresgeles.lt\/en\/wp-json\/wp\/v2\/product_tag?post=49085"}],"curies":[{"name":"wp","href":"https:\/\/api.w.org\/{rel}","templated":true}]}}