{"id":49264,"date":"2023-08-11T09:52:44","date_gmt":"2023-08-11T07:52:48","guid":{"rendered":"https:\/\/www.gintaresgeles.lt\/?post_type=product&#038;p=49264"},"modified":"2025-05-29T01:59:14","modified_gmt":"2025-05-28T23:59:14","slug":"flower-bouquet-spark","status":"publish","type":"product","link":"https:\/\/www.gintaresgeles.lt\/en\/puokste\/flower-bouquet-spark\/","title":{"rendered":"Flower Bouquet &#8220;Spark&#8221;"},"content":{"rendered":"","protected":false},"excerpt":{"rendered":"<p>The &#8220;Spark&#8221; bouquet is characterized by its elegance and simplicity. Don&#8217;t hesitate to purchase this bouquet for any occasion or celebration that suits you. It will surely be loved by your closest and dearest.<\/p>\n<p>The bouquet composition includes 3 red roses and fragrant eucalyptus.<\/p>\n<p>\u0430\u0441\u043d\u044b\u0445 \u0440\u043e\u0437 \u0438 \u0430\u0440\u043e\u043c\u0430\u0442\u043d\u043e\u0433\u043e \u044d\u0432\u043a\u0430\u043b\u0438\u043f\u0442\u0430.<\/p>\n","protected":false},"featured_media":49238,"template":"","meta":[],"product_brand":[],"product_cat":[261,260,259,252,266,265,256,253,2157,257,428,263,891,268,1966,238,2154],"product_tag":[],"class_list":{"0":"post-49264","1":"product","2":"type-product","3":"status-publish","4":"has-post-thumbnail","6":"product_cat-birthday-bouquets","7":"product_cat-birthday-flowers","8":"product_cat-flowers-by-occasion","9":"product_cat-flowers-by-recipient","10":"product_cat-flowers-by-style","11":"product_cat-flowers-by-type","12":"product_cat-flowers-for-girlfriend","13":"product_cat-flowers-for-mom","14":"product_cat-september-1","15":"product_cat-flowers-for-women","16":"product_cat-jubilee-flowers","17":"product_cat-mothers-day-flowers","18":"product_cat-red-roses","19":"product_cat-flower-bouquets","20":"product_cat-flowers-wrapped-in-paper","21":"product_cat-roses","22":"product_cat-small","23":"tm-has-options","25":"first","26":"instock","27":"taxable","28":"shipping-taxable","29":"purchasable","30":"product-type-simple"},"yoast_head":"<!-- This site is optimized with the Yoast SEO plugin v25.3 - https:\/\/yoast.com\/wordpress\/plugins\/seo\/ -->\n<title>Flower Bouquet &quot;Spark&quot; | Bouquets in Vilnius | Gintar\u0117s G\u0117l\u0117s<\/title>\n<meta name=\"description\" content=\"We offer this elegant bouquet of red roses and fragrant eucalyptus, &quot;Spark.&quot; Surprise your loved ones with this beautiful gift.\" \/>\n<meta name=\"robots\" content=\"index, follow, max-snippet:-1, max-image-preview:large, max-video-preview:-1\" \/>\n<link rel=\"canonical\" href=\"https:\/\/www.gintaresgeles.lt\/en\/puokste\/flower-bouquet-spark\/\" \/>\n<meta property=\"og:locale\" content=\"en_US\" \/>\n<meta property=\"og:type\" content=\"article\" \/>\n<meta property=\"og:title\" content=\"Flower Bouquet &quot;Spark&quot; | Bouquets in Vilnius | Gintar\u0117s G\u0117l\u0117s\" \/>\n<meta property=\"og:description\" content=\"We offer this elegant bouquet of red roses and fragrant eucalyptus, &quot;Spark.&quot; Surprise your loved ones with this beautiful gift.\" \/>\n<meta property=\"og:url\" content=\"https:\/\/www.gintaresgeles.lt\/en\/puokste\/flower-bouquet-spark\/\" \/>\n<meta property=\"og:site_name\" content=\"gintaresgeles.lt\" \/>\n<meta property=\"article:modified_time\" content=\"2025-05-28T23:59:14+00:00\" \/>\n<meta property=\"og:image\" content=\"https:\/\/www.gintaresgeles.lt\/wp-content\/uploads\/2023\/08\/Maza-puokste-su-raudonom-rozem-ir-eukaliptais.jpg\" \/>\n\t<meta property=\"og:image:width\" content=\"1200\" \/>\n\t<meta property=\"og:image:height\" content=\"1200\" \/>\n\t<meta property=\"og:image:type\" content=\"image\/jpeg\" \/>\n<meta name=\"twitter:card\" content=\"summary_large_image\" \/>\n<script type=\"application\/ld+json\" class=\"yoast-schema-graph\">{\"@context\":\"https:\/\/schema.org\",\"@graph\":[{\"@type\":\"WebPage\",\"@id\":\"https:\/\/www.gintaresgeles.lt\/en\/puokste\/flower-bouquet-spark\/\",\"url\":\"https:\/\/www.gintaresgeles.lt\/en\/puokste\/flower-bouquet-spark\/\",\"name\":\"Flower Bouquet \\\"Spark\\\" | Bouquets in Vilnius | Gintar\u0117s G\u0117l\u0117s\",\"isPartOf\":{\"@id\":\"https:\/\/www.gintaresgeles.lt\/en\/#website\"},\"primaryImageOfPage\":{\"@id\":\"https:\/\/www.gintaresgeles.lt\/en\/puokste\/flower-bouquet-spark\/#primaryimage\"},\"image\":{\"@id\":\"https:\/\/www.gintaresgeles.lt\/en\/puokste\/flower-bouquet-spark\/#primaryimage\"},\"thumbnailUrl\":\"https:\/\/www.gintaresgeles.lt\/wp-content\/uploads\/2023\/08\/Maza-puokste-su-raudonom-rozem-ir-eukaliptais.jpg\",\"datePublished\":\"2023-08-11T07:52:48+00:00\",\"dateModified\":\"2025-05-28T23:59:14+00:00\",\"description\":\"We offer this elegant bouquet of red roses and fragrant eucalyptus, \\\"Spark.\\\" Surprise your loved ones with this beautiful gift.\",\"breadcrumb\":{\"@id\":\"https:\/\/www.gintaresgeles.lt\/en\/puokste\/flower-bouquet-spark\/#breadcrumb\"},\"inLanguage\":\"en-US\",\"potentialAction\":[{\"@type\":\"ReadAction\",\"target\":[\"https:\/\/www.gintaresgeles.lt\/en\/puokste\/flower-bouquet-spark\/\"]}]},{\"@type\":\"ImageObject\",\"inLanguage\":\"en-US\",\"@id\":\"https:\/\/www.gintaresgeles.lt\/en\/puokste\/flower-bouquet-spark\/#primaryimage\",\"url\":\"https:\/\/www.gintaresgeles.lt\/wp-content\/uploads\/2023\/08\/Maza-puokste-su-raudonom-rozem-ir-eukaliptais.jpg\",\"contentUrl\":\"https:\/\/www.gintaresgeles.lt\/wp-content\/uploads\/2023\/08\/Maza-puokste-su-raudonom-rozem-ir-eukaliptais.jpg\",\"width\":1200,\"height\":1200,\"caption\":\"roziu ir eukaliptu puokste\"},{\"@type\":\"BreadcrumbList\",\"@id\":\"https:\/\/www.gintaresgeles.lt\/en\/puokste\/flower-bouquet-spark\/#breadcrumb\",\"itemListElement\":[{\"@type\":\"ListItem\",\"position\":1,\"name\":\"Prad\u017eia\",\"item\":\"https:\/\/www.gintaresgeles.lt\/en\/\"},{\"@type\":\"ListItem\",\"position\":2,\"name\":\"All flowers and other products\",\"item\":\"https:\/\/www.gintaresgeles.lt\/en\/all-flowers-and-other-products\/\"},{\"@type\":\"ListItem\",\"position\":3,\"name\":\"Flower Bouquet &#8222;Spark&#8221;\"}]},{\"@type\":\"WebSite\",\"@id\":\"https:\/\/www.gintaresgeles.lt\/en\/#website\",\"url\":\"https:\/\/www.gintaresgeles.lt\/en\/\",\"name\":\"Gintares Geles\",\"description\":\"Flower delivery in Vilnius | Same-day delivery | Gintares geles\",\"potentialAction\":[{\"@type\":\"SearchAction\",\"target\":{\"@type\":\"EntryPoint\",\"urlTemplate\":\"https:\/\/www.gintaresgeles.lt\/en\/?s={search_term_string}\"},\"query-input\":{\"@type\":\"PropertyValueSpecification\",\"valueRequired\":true,\"valueName\":\"search_term_string\"}}],\"inLanguage\":\"en-US\"}]}<\/script>\n<!-- \/ Yoast SEO plugin. -->","yoast_head_json":{"title":"Flower Bouquet \"Spark\" | Bouquets in Vilnius | Gintar\u0117s G\u0117l\u0117s","description":"We offer this elegant bouquet of red roses and fragrant eucalyptus, \"Spark.\" Surprise your loved ones with this beautiful gift.","robots":{"index":"index","follow":"follow","max-snippet":"max-snippet:-1","max-image-preview":"max-image-preview:large","max-video-preview":"max-video-preview:-1"},"canonical":"https:\/\/www.gintaresgeles.lt\/en\/puokste\/flower-bouquet-spark\/","og_locale":"en_US","og_type":"article","og_title":"Flower Bouquet \"Spark\" | Bouquets in Vilnius | Gintar\u0117s G\u0117l\u0117s","og_description":"We offer this elegant bouquet of red roses and fragrant eucalyptus, \"Spark.\" Surprise your loved ones with this beautiful gift.","og_url":"https:\/\/www.gintaresgeles.lt\/en\/puokste\/flower-bouquet-spark\/","og_site_name":"gintaresgeles.lt","article_modified_time":"2025-05-28T23:59:14+00:00","og_image":[{"width":1200,"height":1200,"url":"https:\/\/www.gintaresgeles.lt\/wp-content\/uploads\/2023\/08\/Maza-puokste-su-raudonom-rozem-ir-eukaliptais.jpg","type":"image\/jpeg"}],"twitter_card":"summary_large_image","schema":{"@context":"https:\/\/schema.org","@graph":[{"@type":"WebPage","@id":"https:\/\/www.gintaresgeles.lt\/en\/puokste\/flower-bouquet-spark\/","url":"https:\/\/www.gintaresgeles.lt\/en\/puokste\/flower-bouquet-spark\/","name":"Flower Bouquet \"Spark\" | Bouquets in Vilnius | Gintar\u0117s G\u0117l\u0117s","isPartOf":{"@id":"https:\/\/www.gintaresgeles.lt\/en\/#website"},"primaryImageOfPage":{"@id":"https:\/\/www.gintaresgeles.lt\/en\/puokste\/flower-bouquet-spark\/#primaryimage"},"image":{"@id":"https:\/\/www.gintaresgeles.lt\/en\/puokste\/flower-bouquet-spark\/#primaryimage"},"thumbnailUrl":"https:\/\/www.gintaresgeles.lt\/wp-content\/uploads\/2023\/08\/Maza-puokste-su-raudonom-rozem-ir-eukaliptais.jpg","datePublished":"2023-08-11T07:52:48+00:00","dateModified":"2025-05-28T23:59:14+00:00","description":"We offer this elegant bouquet of red roses and fragrant eucalyptus, \"Spark.\" Surprise your loved ones with this beautiful gift.","breadcrumb":{"@id":"https:\/\/www.gintaresgeles.lt\/en\/puokste\/flower-bouquet-spark\/#breadcrumb"},"inLanguage":"en-US","potentialAction":[{"@type":"ReadAction","target":["https:\/\/www.gintaresgeles.lt\/en\/puokste\/flower-bouquet-spark\/"]}]},{"@type":"ImageObject","inLanguage":"en-US","@id":"https:\/\/www.gintaresgeles.lt\/en\/puokste\/flower-bouquet-spark\/#primaryimage","url":"https:\/\/www.gintaresgeles.lt\/wp-content\/uploads\/2023\/08\/Maza-puokste-su-raudonom-rozem-ir-eukaliptais.jpg","contentUrl":"https:\/\/www.gintaresgeles.lt\/wp-content\/uploads\/2023\/08\/Maza-puokste-su-raudonom-rozem-ir-eukaliptais.jpg","width":1200,"height":1200,"caption":"roziu ir eukaliptu puokste"},{"@type":"BreadcrumbList","@id":"https:\/\/www.gintaresgeles.lt\/en\/puokste\/flower-bouquet-spark\/#breadcrumb","itemListElement":[{"@type":"ListItem","position":1,"name":"Prad\u017eia","item":"https:\/\/www.gintaresgeles.lt\/en\/"},{"@type":"ListItem","position":2,"name":"All flowers and other products","item":"https:\/\/www.gintaresgeles.lt\/en\/all-flowers-and-other-products\/"},{"@type":"ListItem","position":3,"name":"Flower Bouquet &#8222;Spark&#8221;"}]},{"@type":"WebSite","@id":"https:\/\/www.gintaresgeles.lt\/en\/#website","url":"https:\/\/www.gintaresgeles.lt\/en\/","name":"Gintares Geles","description":"Flower delivery in Vilnius | Same-day delivery | Gintares geles","potentialAction":[{"@type":"SearchAction","target":{"@type":"EntryPoint","urlTemplate":"https:\/\/www.gintaresgeles.lt\/en\/?s={search_term_string}"},"query-input":{"@type":"PropertyValueSpecification","valueRequired":true,"valueName":"search_term_string"}}],"inLanguage":"en-US"}]}},"_links":{"self":[{"href":"https:\/\/www.gintaresgeles.lt\/en\/wp-json\/wp\/v2\/product\/49264","targetHints":{"allow":["GET"]}}],"collection":[{"href":"https:\/\/www.gintaresgeles.lt\/en\/wp-json\/wp\/v2\/product"}],"about":[{"href":"https:\/\/www.gintaresgeles.lt\/en\/wp-json\/wp\/v2\/types\/product"}],"wp:featuredmedia":[{"embeddable":true,"href":"https:\/\/www.gintaresgeles.lt\/en\/wp-json\/wp\/v2\/media\/49238"}],"wp:attachment":[{"href":"https:\/\/www.gintaresgeles.lt\/en\/wp-json\/wp\/v2\/media?parent=49264"}],"wp:term":[{"taxonomy":"product_brand","embeddable":true,"href":"https:\/\/www.gintaresgeles.lt\/en\/wp-json\/wp\/v2\/product_brand?post=49264"},{"taxonomy":"product_cat","embeddable":true,"href":"https:\/\/www.gintaresgeles.lt\/en\/wp-json\/wp\/v2\/product_cat?post=49264"},{"taxonomy":"product_tag","embeddable":true,"href":"https:\/\/www.gintaresgeles.lt\/en\/wp-json\/wp\/v2\/product_tag?post=49264"}],"curies":[{"name":"wp","href":"https:\/\/api.w.org\/{rel}","templated":true}]}}