{"id":49279,"date":"2023-08-11T10:27:01","date_gmt":"2023-08-11T08:27:05","guid":{"rendered":"https:\/\/www.gintaresgeles.lt\/?post_type=product&#038;p=49279"},"modified":"2025-05-29T01:59:14","modified_gmt":"2025-05-28T23:59:14","slug":"flower-bouquet-ray-of-light","status":"publish","type":"product","link":"https:\/\/www.gintaresgeles.lt\/en\/puokste\/flower-bouquet-ray-of-light\/","title":{"rendered":"Flower bouquet &#8220;Ray of Light&#8221;"},"content":{"rendered":"","protected":false},"excerpt":{"rendered":"<p>Amaze your friends or loved ones by purchasing and gifting this symbolic bouquet of yellow roses and eucalyptus, titled &#8220;Ray of Light.&#8221; The bouquet composition includes 3 vibrant yellow roses and wonderfully fragrant eucalyptus sprigs.<\/p>\n","protected":false},"featured_media":49288,"template":"","meta":[],"product_brand":[],"product_cat":[261,260,259,252,266,265,256,253,2157,257,428,263,909,268,1966,2154],"product_tag":[],"class_list":{"0":"post-49279","1":"product","2":"type-product","3":"status-publish","4":"has-post-thumbnail","6":"product_cat-birthday-bouquets","7":"product_cat-birthday-flowers","8":"product_cat-flowers-by-occasion","9":"product_cat-flowers-by-recipient","10":"product_cat-flowers-by-style","11":"product_cat-flowers-by-type","12":"product_cat-flowers-for-girlfriend","13":"product_cat-flowers-for-mom","14":"product_cat-september-1","15":"product_cat-flowers-for-women","16":"product_cat-jubilee-flowers","17":"product_cat-mothers-day-flowers","18":"product_cat-yellow-roses","19":"product_cat-flower-bouquets","20":"product_cat-flowers-wrapped-in-paper","21":"product_cat-small","22":"tm-has-options","24":"first","25":"instock","26":"taxable","27":"shipping-taxable","28":"purchasable","29":"product-type-simple"},"yoast_head":"<!-- This site is optimized with the Yoast SEO plugin v25.3 - https:\/\/yoast.com\/wordpress\/plugins\/seo\/ -->\n<title>Flower bouquet &quot;Ray of Light&quot; | Gintar\u0117s g\u0117l\u0117s<\/title>\n<meta name=\"description\" content=\"The &quot;Ray of Light&quot; bouquet is unique because of its bright yellow roses and fragrant eucalyptus. Don&#039;t hesitate to buy this bouquet for your loved ones!.\" \/>\n<meta name=\"robots\" content=\"index, follow, max-snippet:-1, max-image-preview:large, max-video-preview:-1\" \/>\n<link rel=\"canonical\" href=\"https:\/\/www.gintaresgeles.lt\/en\/puokste\/flower-bouquet-ray-of-light\/\" \/>\n<meta property=\"og:locale\" content=\"en_US\" \/>\n<meta property=\"og:type\" content=\"article\" \/>\n<meta property=\"og:title\" content=\"Flower bouquet &quot;Ray of Light&quot; | Gintar\u0117s g\u0117l\u0117s\" \/>\n<meta property=\"og:description\" content=\"The &quot;Ray of Light&quot; bouquet is unique because of its bright yellow roses and fragrant eucalyptus. Don&#039;t hesitate to buy this bouquet for your loved ones!.\" \/>\n<meta property=\"og:url\" content=\"https:\/\/www.gintaresgeles.lt\/en\/puokste\/flower-bouquet-ray-of-light\/\" \/>\n<meta property=\"og:site_name\" content=\"gintaresgeles.lt\" \/>\n<meta property=\"article:modified_time\" content=\"2025-05-28T23:59:14+00:00\" \/>\n<meta property=\"og:image\" content=\"https:\/\/www.gintaresgeles.lt\/wp-content\/uploads\/2023\/08\/Maza-puokste-su-geltonom-rozem-ir-eukaliptais.jpg\" \/>\n\t<meta property=\"og:image:width\" content=\"1200\" \/>\n\t<meta property=\"og:image:height\" content=\"1200\" \/>\n\t<meta property=\"og:image:type\" content=\"image\/jpeg\" \/>\n<meta name=\"twitter:card\" content=\"summary_large_image\" \/>\n<script type=\"application\/ld+json\" class=\"yoast-schema-graph\">{\"@context\":\"https:\/\/schema.org\",\"@graph\":[{\"@type\":\"WebPage\",\"@id\":\"https:\/\/www.gintaresgeles.lt\/en\/puokste\/flower-bouquet-ray-of-light\/\",\"url\":\"https:\/\/www.gintaresgeles.lt\/en\/puokste\/flower-bouquet-ray-of-light\/\",\"name\":\"Flower bouquet \\\"Ray of Light\\\" | Gintar\u0117s g\u0117l\u0117s\",\"isPartOf\":{\"@id\":\"https:\/\/www.gintaresgeles.lt\/en\/#website\"},\"primaryImageOfPage\":{\"@id\":\"https:\/\/www.gintaresgeles.lt\/en\/puokste\/flower-bouquet-ray-of-light\/#primaryimage\"},\"image\":{\"@id\":\"https:\/\/www.gintaresgeles.lt\/en\/puokste\/flower-bouquet-ray-of-light\/#primaryimage\"},\"thumbnailUrl\":\"https:\/\/www.gintaresgeles.lt\/wp-content\/uploads\/2023\/08\/Maza-puokste-su-geltonom-rozem-ir-eukaliptais.jpg\",\"datePublished\":\"2023-08-11T08:27:05+00:00\",\"dateModified\":\"2025-05-28T23:59:14+00:00\",\"description\":\"The \\\"Ray of Light\\\" bouquet is unique because of its bright yellow roses and fragrant eucalyptus. Don't hesitate to buy this bouquet for your loved ones!.\",\"breadcrumb\":{\"@id\":\"https:\/\/www.gintaresgeles.lt\/en\/puokste\/flower-bouquet-ray-of-light\/#breadcrumb\"},\"inLanguage\":\"en-US\",\"potentialAction\":[{\"@type\":\"ReadAction\",\"target\":[\"https:\/\/www.gintaresgeles.lt\/en\/puokste\/flower-bouquet-ray-of-light\/\"]}]},{\"@type\":\"ImageObject\",\"inLanguage\":\"en-US\",\"@id\":\"https:\/\/www.gintaresgeles.lt\/en\/puokste\/flower-bouquet-ray-of-light\/#primaryimage\",\"url\":\"https:\/\/www.gintaresgeles.lt\/wp-content\/uploads\/2023\/08\/Maza-puokste-su-geltonom-rozem-ir-eukaliptais.jpg\",\"contentUrl\":\"https:\/\/www.gintaresgeles.lt\/wp-content\/uploads\/2023\/08\/Maza-puokste-su-geltonom-rozem-ir-eukaliptais.jpg\",\"width\":1200,\"height\":1200},{\"@type\":\"BreadcrumbList\",\"@id\":\"https:\/\/www.gintaresgeles.lt\/en\/puokste\/flower-bouquet-ray-of-light\/#breadcrumb\",\"itemListElement\":[{\"@type\":\"ListItem\",\"position\":1,\"name\":\"Prad\u017eia\",\"item\":\"https:\/\/www.gintaresgeles.lt\/en\/\"},{\"@type\":\"ListItem\",\"position\":2,\"name\":\"All flowers and other products\",\"item\":\"https:\/\/www.gintaresgeles.lt\/en\/all-flowers-and-other-products\/\"},{\"@type\":\"ListItem\",\"position\":3,\"name\":\"Flower bouquet &#8222;Ray of Light&#8221;\"}]},{\"@type\":\"WebSite\",\"@id\":\"https:\/\/www.gintaresgeles.lt\/en\/#website\",\"url\":\"https:\/\/www.gintaresgeles.lt\/en\/\",\"name\":\"Gintares Geles\",\"description\":\"Flower delivery in Vilnius | Same-day delivery | Gintares geles\",\"potentialAction\":[{\"@type\":\"SearchAction\",\"target\":{\"@type\":\"EntryPoint\",\"urlTemplate\":\"https:\/\/www.gintaresgeles.lt\/en\/?s={search_term_string}\"},\"query-input\":{\"@type\":\"PropertyValueSpecification\",\"valueRequired\":true,\"valueName\":\"search_term_string\"}}],\"inLanguage\":\"en-US\"}]}<\/script>\n<!-- \/ Yoast SEO plugin. -->","yoast_head_json":{"title":"Flower bouquet \"Ray of Light\" | Gintar\u0117s g\u0117l\u0117s","description":"The \"Ray of Light\" bouquet is unique because of its bright yellow roses and fragrant eucalyptus. Don't hesitate to buy this bouquet for your loved ones!.","robots":{"index":"index","follow":"follow","max-snippet":"max-snippet:-1","max-image-preview":"max-image-preview:large","max-video-preview":"max-video-preview:-1"},"canonical":"https:\/\/www.gintaresgeles.lt\/en\/puokste\/flower-bouquet-ray-of-light\/","og_locale":"en_US","og_type":"article","og_title":"Flower bouquet \"Ray of Light\" | Gintar\u0117s g\u0117l\u0117s","og_description":"The \"Ray of Light\" bouquet is unique because of its bright yellow roses and fragrant eucalyptus. Don't hesitate to buy this bouquet for your loved ones!.","og_url":"https:\/\/www.gintaresgeles.lt\/en\/puokste\/flower-bouquet-ray-of-light\/","og_site_name":"gintaresgeles.lt","article_modified_time":"2025-05-28T23:59:14+00:00","og_image":[{"width":1200,"height":1200,"url":"https:\/\/www.gintaresgeles.lt\/wp-content\/uploads\/2023\/08\/Maza-puokste-su-geltonom-rozem-ir-eukaliptais.jpg","type":"image\/jpeg"}],"twitter_card":"summary_large_image","schema":{"@context":"https:\/\/schema.org","@graph":[{"@type":"WebPage","@id":"https:\/\/www.gintaresgeles.lt\/en\/puokste\/flower-bouquet-ray-of-light\/","url":"https:\/\/www.gintaresgeles.lt\/en\/puokste\/flower-bouquet-ray-of-light\/","name":"Flower bouquet \"Ray of Light\" | Gintar\u0117s g\u0117l\u0117s","isPartOf":{"@id":"https:\/\/www.gintaresgeles.lt\/en\/#website"},"primaryImageOfPage":{"@id":"https:\/\/www.gintaresgeles.lt\/en\/puokste\/flower-bouquet-ray-of-light\/#primaryimage"},"image":{"@id":"https:\/\/www.gintaresgeles.lt\/en\/puokste\/flower-bouquet-ray-of-light\/#primaryimage"},"thumbnailUrl":"https:\/\/www.gintaresgeles.lt\/wp-content\/uploads\/2023\/08\/Maza-puokste-su-geltonom-rozem-ir-eukaliptais.jpg","datePublished":"2023-08-11T08:27:05+00:00","dateModified":"2025-05-28T23:59:14+00:00","description":"The \"Ray of Light\" bouquet is unique because of its bright yellow roses and fragrant eucalyptus. Don't hesitate to buy this bouquet for your loved ones!.","breadcrumb":{"@id":"https:\/\/www.gintaresgeles.lt\/en\/puokste\/flower-bouquet-ray-of-light\/#breadcrumb"},"inLanguage":"en-US","potentialAction":[{"@type":"ReadAction","target":["https:\/\/www.gintaresgeles.lt\/en\/puokste\/flower-bouquet-ray-of-light\/"]}]},{"@type":"ImageObject","inLanguage":"en-US","@id":"https:\/\/www.gintaresgeles.lt\/en\/puokste\/flower-bouquet-ray-of-light\/#primaryimage","url":"https:\/\/www.gintaresgeles.lt\/wp-content\/uploads\/2023\/08\/Maza-puokste-su-geltonom-rozem-ir-eukaliptais.jpg","contentUrl":"https:\/\/www.gintaresgeles.lt\/wp-content\/uploads\/2023\/08\/Maza-puokste-su-geltonom-rozem-ir-eukaliptais.jpg","width":1200,"height":1200},{"@type":"BreadcrumbList","@id":"https:\/\/www.gintaresgeles.lt\/en\/puokste\/flower-bouquet-ray-of-light\/#breadcrumb","itemListElement":[{"@type":"ListItem","position":1,"name":"Prad\u017eia","item":"https:\/\/www.gintaresgeles.lt\/en\/"},{"@type":"ListItem","position":2,"name":"All flowers and other products","item":"https:\/\/www.gintaresgeles.lt\/en\/all-flowers-and-other-products\/"},{"@type":"ListItem","position":3,"name":"Flower bouquet &#8222;Ray of Light&#8221;"}]},{"@type":"WebSite","@id":"https:\/\/www.gintaresgeles.lt\/en\/#website","url":"https:\/\/www.gintaresgeles.lt\/en\/","name":"Gintares Geles","description":"Flower delivery in Vilnius | Same-day delivery | Gintares geles","potentialAction":[{"@type":"SearchAction","target":{"@type":"EntryPoint","urlTemplate":"https:\/\/www.gintaresgeles.lt\/en\/?s={search_term_string}"},"query-input":{"@type":"PropertyValueSpecification","valueRequired":true,"valueName":"search_term_string"}}],"inLanguage":"en-US"}]}},"_links":{"self":[{"href":"https:\/\/www.gintaresgeles.lt\/en\/wp-json\/wp\/v2\/product\/49279","targetHints":{"allow":["GET"]}}],"collection":[{"href":"https:\/\/www.gintaresgeles.lt\/en\/wp-json\/wp\/v2\/product"}],"about":[{"href":"https:\/\/www.gintaresgeles.lt\/en\/wp-json\/wp\/v2\/types\/product"}],"wp:featuredmedia":[{"embeddable":true,"href":"https:\/\/www.gintaresgeles.lt\/en\/wp-json\/wp\/v2\/media\/49288"}],"wp:attachment":[{"href":"https:\/\/www.gintaresgeles.lt\/en\/wp-json\/wp\/v2\/media?parent=49279"}],"wp:term":[{"taxonomy":"product_brand","embeddable":true,"href":"https:\/\/www.gintaresgeles.lt\/en\/wp-json\/wp\/v2\/product_brand?post=49279"},{"taxonomy":"product_cat","embeddable":true,"href":"https:\/\/www.gintaresgeles.lt\/en\/wp-json\/wp\/v2\/product_cat?post=49279"},{"taxonomy":"product_tag","embeddable":true,"href":"https:\/\/www.gintaresgeles.lt\/en\/wp-json\/wp\/v2\/product_tag?post=49279"}],"curies":[{"name":"wp","href":"https:\/\/api.w.org\/{rel}","templated":true}]}}