{"id":49675,"date":"2023-10-12T17:00:23","date_gmt":"2023-10-12T15:00:23","guid":{"rendered":"https:\/\/www.gintaresgeles.lt\/?post_type=product&#038;p=49675"},"modified":"2025-05-29T01:59:12","modified_gmt":"2025-05-28T23:59:12","slug":"box-of-red-roses-sweet-compliment","status":"publish","type":"product","link":"https:\/\/www.gintaresgeles.lt\/en\/puokste\/box-of-red-roses-sweet-compliment\/","title":{"rendered":"Box of red roses \u201eSweet compliment\u201c"},"content":{"rendered":"","protected":false},"excerpt":{"rendered":"<p>The &#8220;Sweet Compliment&#8221; red rose box will captivate your loved one not only with its stunning rose petals but also with its sweet exterior. Delight the woman in your life with this special gift, and may the sweet moments last forever.<\/p>\n<p>The heart-shaped box contains 13 red roses, and the sides of the box are decorated with chocolate &#8220;Kinder&#8221; bars.<\/p>\n","protected":false},"featured_media":49677,"template":"","meta":[],"product_brand":[],"product_cat":[260,259,252,266,265,256,253,257,428,262,263,891,650,264,267,238],"product_tag":[],"class_list":{"0":"post-49675","1":"product","2":"type-product","3":"status-publish","4":"has-post-thumbnail","6":"product_cat-birthday-flowers","7":"product_cat-flowers-by-occasion","8":"product_cat-flowers-by-recipient","9":"product_cat-flowers-by-style","10":"product_cat-flowers-by-type","11":"product_cat-flowers-for-girlfriend","12":"product_cat-flowers-for-mom","13":"product_cat-flowers-for-women","14":"product_cat-jubilee-flowers","15":"product_cat-march8th-flowers","16":"product_cat-mothers-day-flowers","17":"product_cat-red-roses","18":"product_cat-roses-in-a-box","19":"product_cat-valentines-day-flowers","20":"product_cat-flower-boxes","21":"product_cat-roses","22":"tm-has-options","24":"first","25":"instock","26":"taxable","27":"shipping-taxable","28":"purchasable","29":"product-type-simple"},"yoast_head":"<!-- This site is optimized with the Yoast SEO plugin v25.3 - https:\/\/yoast.com\/wordpress\/plugins\/seo\/ -->\n<title>Box of red roses \u201eSweet compliment\u201c | Gintar\u0117sG\u0117l\u0117s<\/title>\n<meta name=\"description\" content=\"A box of red roses with Kinder chocolate bars is a great combination to cheer up your beloved woman.\" \/>\n<meta name=\"robots\" content=\"index, follow, max-snippet:-1, max-image-preview:large, max-video-preview:-1\" \/>\n<link rel=\"canonical\" href=\"https:\/\/www.gintaresgeles.lt\/en\/puokste\/box-of-red-roses-sweet-compliment\/\" \/>\n<meta property=\"og:locale\" content=\"en_US\" \/>\n<meta property=\"og:type\" content=\"article\" \/>\n<meta property=\"og:title\" content=\"Box of red roses \u201eSweet compliment\u201c | Gintar\u0117sG\u0117l\u0117s\" \/>\n<meta property=\"og:description\" content=\"A box of red roses with Kinder chocolate bars is a great combination to cheer up your beloved woman.\" \/>\n<meta property=\"og:url\" content=\"https:\/\/www.gintaresgeles.lt\/en\/puokste\/box-of-red-roses-sweet-compliment\/\" \/>\n<meta property=\"og:site_name\" content=\"gintaresgeles.lt\" \/>\n<meta property=\"article:modified_time\" content=\"2025-05-28T23:59:12+00:00\" \/>\n<meta property=\"og:image\" content=\"https:\/\/www.gintaresgeles.lt\/wp-content\/uploads\/2023\/10\/raudonos-rozes-sirdeles-formos-dezuteje-su-kinder-batoneliais.jpg\" \/>\n\t<meta property=\"og:image:width\" content=\"1200\" \/>\n\t<meta property=\"og:image:height\" content=\"1200\" \/>\n\t<meta property=\"og:image:type\" content=\"image\/jpeg\" \/>\n<meta name=\"twitter:card\" content=\"summary_large_image\" \/>\n<script type=\"application\/ld+json\" class=\"yoast-schema-graph\">{\"@context\":\"https:\/\/schema.org\",\"@graph\":[{\"@type\":\"WebPage\",\"@id\":\"https:\/\/www.gintaresgeles.lt\/en\/puokste\/box-of-red-roses-sweet-compliment\/\",\"url\":\"https:\/\/www.gintaresgeles.lt\/en\/puokste\/box-of-red-roses-sweet-compliment\/\",\"name\":\"Box of red roses \u201eSweet compliment\u201c | Gintar\u0117sG\u0117l\u0117s\",\"isPartOf\":{\"@id\":\"https:\/\/www.gintaresgeles.lt\/en\/#website\"},\"primaryImageOfPage\":{\"@id\":\"https:\/\/www.gintaresgeles.lt\/en\/puokste\/box-of-red-roses-sweet-compliment\/#primaryimage\"},\"image\":{\"@id\":\"https:\/\/www.gintaresgeles.lt\/en\/puokste\/box-of-red-roses-sweet-compliment\/#primaryimage\"},\"thumbnailUrl\":\"https:\/\/www.gintaresgeles.lt\/wp-content\/uploads\/2023\/10\/raudonos-rozes-sirdeles-formos-dezuteje-su-kinder-batoneliais.jpg\",\"datePublished\":\"2023-10-12T15:00:23+00:00\",\"dateModified\":\"2025-05-28T23:59:12+00:00\",\"description\":\"A box of red roses with Kinder chocolate bars is a great combination to cheer up your beloved woman.\",\"breadcrumb\":{\"@id\":\"https:\/\/www.gintaresgeles.lt\/en\/puokste\/box-of-red-roses-sweet-compliment\/#breadcrumb\"},\"inLanguage\":\"en-US\",\"potentialAction\":[{\"@type\":\"ReadAction\",\"target\":[\"https:\/\/www.gintaresgeles.lt\/en\/puokste\/box-of-red-roses-sweet-compliment\/\"]}]},{\"@type\":\"ImageObject\",\"inLanguage\":\"en-US\",\"@id\":\"https:\/\/www.gintaresgeles.lt\/en\/puokste\/box-of-red-roses-sweet-compliment\/#primaryimage\",\"url\":\"https:\/\/www.gintaresgeles.lt\/wp-content\/uploads\/2023\/10\/raudonos-rozes-sirdeles-formos-dezuteje-su-kinder-batoneliais.jpg\",\"contentUrl\":\"https:\/\/www.gintaresgeles.lt\/wp-content\/uploads\/2023\/10\/raudonos-rozes-sirdeles-formos-dezuteje-su-kinder-batoneliais.jpg\",\"width\":1200,\"height\":1200,\"caption\":\"Raudon\u0173 ro\u017ei\u0173 d\u0117\u017eut\u0117 su \u0161okoladiniais \u201eKinder\u201c baton\u0117liais\"},{\"@type\":\"BreadcrumbList\",\"@id\":\"https:\/\/www.gintaresgeles.lt\/en\/puokste\/box-of-red-roses-sweet-compliment\/#breadcrumb\",\"itemListElement\":[{\"@type\":\"ListItem\",\"position\":1,\"name\":\"Prad\u017eia\",\"item\":\"https:\/\/www.gintaresgeles.lt\/en\/\"},{\"@type\":\"ListItem\",\"position\":2,\"name\":\"All flowers and other products\",\"item\":\"https:\/\/www.gintaresgeles.lt\/en\/all-flowers-and-other-products\/\"},{\"@type\":\"ListItem\",\"position\":3,\"name\":\"Box of red roses \u201eSweet compliment\u201c\"}]},{\"@type\":\"WebSite\",\"@id\":\"https:\/\/www.gintaresgeles.lt\/en\/#website\",\"url\":\"https:\/\/www.gintaresgeles.lt\/en\/\",\"name\":\"gintaresgeles.lt\",\"description\":\"G\u0117li\u0173 parduotuv\u0117 internete\",\"potentialAction\":[{\"@type\":\"SearchAction\",\"target\":{\"@type\":\"EntryPoint\",\"urlTemplate\":\"https:\/\/www.gintaresgeles.lt\/en\/?s={search_term_string}\"},\"query-input\":{\"@type\":\"PropertyValueSpecification\",\"valueRequired\":true,\"valueName\":\"search_term_string\"}}],\"inLanguage\":\"en-US\"}]}<\/script>\n<!-- \/ Yoast SEO plugin. -->","yoast_head_json":{"title":"Box of red roses \u201eSweet compliment\u201c | Gintar\u0117sG\u0117l\u0117s","description":"A box of red roses with Kinder chocolate bars is a great combination to cheer up your beloved woman.","robots":{"index":"index","follow":"follow","max-snippet":"max-snippet:-1","max-image-preview":"max-image-preview:large","max-video-preview":"max-video-preview:-1"},"canonical":"https:\/\/www.gintaresgeles.lt\/en\/puokste\/box-of-red-roses-sweet-compliment\/","og_locale":"en_US","og_type":"article","og_title":"Box of red roses \u201eSweet compliment\u201c | Gintar\u0117sG\u0117l\u0117s","og_description":"A box of red roses with Kinder chocolate bars is a great combination to cheer up your beloved woman.","og_url":"https:\/\/www.gintaresgeles.lt\/en\/puokste\/box-of-red-roses-sweet-compliment\/","og_site_name":"gintaresgeles.lt","article_modified_time":"2025-05-28T23:59:12+00:00","og_image":[{"width":1200,"height":1200,"url":"https:\/\/www.gintaresgeles.lt\/wp-content\/uploads\/2023\/10\/raudonos-rozes-sirdeles-formos-dezuteje-su-kinder-batoneliais.jpg","type":"image\/jpeg"}],"twitter_card":"summary_large_image","schema":{"@context":"https:\/\/schema.org","@graph":[{"@type":"WebPage","@id":"https:\/\/www.gintaresgeles.lt\/en\/puokste\/box-of-red-roses-sweet-compliment\/","url":"https:\/\/www.gintaresgeles.lt\/en\/puokste\/box-of-red-roses-sweet-compliment\/","name":"Box of red roses \u201eSweet compliment\u201c | Gintar\u0117sG\u0117l\u0117s","isPartOf":{"@id":"https:\/\/www.gintaresgeles.lt\/en\/#website"},"primaryImageOfPage":{"@id":"https:\/\/www.gintaresgeles.lt\/en\/puokste\/box-of-red-roses-sweet-compliment\/#primaryimage"},"image":{"@id":"https:\/\/www.gintaresgeles.lt\/en\/puokste\/box-of-red-roses-sweet-compliment\/#primaryimage"},"thumbnailUrl":"https:\/\/www.gintaresgeles.lt\/wp-content\/uploads\/2023\/10\/raudonos-rozes-sirdeles-formos-dezuteje-su-kinder-batoneliais.jpg","datePublished":"2023-10-12T15:00:23+00:00","dateModified":"2025-05-28T23:59:12+00:00","description":"A box of red roses with Kinder chocolate bars is a great combination to cheer up your beloved woman.","breadcrumb":{"@id":"https:\/\/www.gintaresgeles.lt\/en\/puokste\/box-of-red-roses-sweet-compliment\/#breadcrumb"},"inLanguage":"en-US","potentialAction":[{"@type":"ReadAction","target":["https:\/\/www.gintaresgeles.lt\/en\/puokste\/box-of-red-roses-sweet-compliment\/"]}]},{"@type":"ImageObject","inLanguage":"en-US","@id":"https:\/\/www.gintaresgeles.lt\/en\/puokste\/box-of-red-roses-sweet-compliment\/#primaryimage","url":"https:\/\/www.gintaresgeles.lt\/wp-content\/uploads\/2023\/10\/raudonos-rozes-sirdeles-formos-dezuteje-su-kinder-batoneliais.jpg","contentUrl":"https:\/\/www.gintaresgeles.lt\/wp-content\/uploads\/2023\/10\/raudonos-rozes-sirdeles-formos-dezuteje-su-kinder-batoneliais.jpg","width":1200,"height":1200,"caption":"Raudon\u0173 ro\u017ei\u0173 d\u0117\u017eut\u0117 su \u0161okoladiniais \u201eKinder\u201c baton\u0117liais"},{"@type":"BreadcrumbList","@id":"https:\/\/www.gintaresgeles.lt\/en\/puokste\/box-of-red-roses-sweet-compliment\/#breadcrumb","itemListElement":[{"@type":"ListItem","position":1,"name":"Prad\u017eia","item":"https:\/\/www.gintaresgeles.lt\/en\/"},{"@type":"ListItem","position":2,"name":"All flowers and other products","item":"https:\/\/www.gintaresgeles.lt\/en\/all-flowers-and-other-products\/"},{"@type":"ListItem","position":3,"name":"Box of red roses \u201eSweet compliment\u201c"}]},{"@type":"WebSite","@id":"https:\/\/www.gintaresgeles.lt\/en\/#website","url":"https:\/\/www.gintaresgeles.lt\/en\/","name":"gintaresgeles.lt","description":"G\u0117li\u0173 parduotuv\u0117 internete","potentialAction":[{"@type":"SearchAction","target":{"@type":"EntryPoint","urlTemplate":"https:\/\/www.gintaresgeles.lt\/en\/?s={search_term_string}"},"query-input":{"@type":"PropertyValueSpecification","valueRequired":true,"valueName":"search_term_string"}}],"inLanguage":"en-US"}]}},"_links":{"self":[{"href":"https:\/\/www.gintaresgeles.lt\/en\/wp-json\/wp\/v2\/product\/49675","targetHints":{"allow":["GET"]}}],"collection":[{"href":"https:\/\/www.gintaresgeles.lt\/en\/wp-json\/wp\/v2\/product"}],"about":[{"href":"https:\/\/www.gintaresgeles.lt\/en\/wp-json\/wp\/v2\/types\/product"}],"wp:featuredmedia":[{"embeddable":true,"href":"https:\/\/www.gintaresgeles.lt\/en\/wp-json\/wp\/v2\/media\/49677"}],"wp:attachment":[{"href":"https:\/\/www.gintaresgeles.lt\/en\/wp-json\/wp\/v2\/media?parent=49675"}],"wp:term":[{"taxonomy":"product_brand","embeddable":true,"href":"https:\/\/www.gintaresgeles.lt\/en\/wp-json\/wp\/v2\/product_brand?post=49675"},{"taxonomy":"product_cat","embeddable":true,"href":"https:\/\/www.gintaresgeles.lt\/en\/wp-json\/wp\/v2\/product_cat?post=49675"},{"taxonomy":"product_tag","embeddable":true,"href":"https:\/\/www.gintaresgeles.lt\/en\/wp-json\/wp\/v2\/product_tag?post=49675"}],"curies":[{"name":"wp","href":"https:\/\/api.w.org\/{rel}","templated":true}]}}