{"id":49741,"date":"2023-10-19T21:32:39","date_gmt":"2023-10-19T19:32:42","guid":{"rendered":"https:\/\/www.gintaresgeles.lt\/?post_type=product&#038;p=49741"},"modified":"2025-05-29T01:59:12","modified_gmt":"2025-05-28T23:59:12","slug":"a-bouquet-of-yellow-roses-and-irises","status":"publish","type":"product","link":"https:\/\/www.gintaresgeles.lt\/en\/puokste\/a-bouquet-of-yellow-roses-and-irises\/","title":{"rendered":"A bouquet of yellow roses and irises"},"content":{"rendered":"","protected":false},"excerpt":{"rendered":"<p>A perfectly balaced color combination will surely lift the mood of every recipient. This flower bouquet is a wonderful gift for someone you want to surprise and delight.<\/p>\n<p>You can choose the bouquet from several sizes:<\/p>\n<ul>\n<li>6 yellow roses and 11 white irises;<\/li>\n<li>11 yellow roses and 16 white irises;<\/li>\n<li>16 yellow roses and 23 white irises.<\/li>\n<\/ul>\n","protected":false},"featured_media":49750,"template":"","meta":[],"product_brand":[],"product_cat":[261,260,259,252,266,265,256,253,257,428,262,263,264,909,268,1966,247,238],"product_tag":[],"class_list":{"0":"post-49741","1":"product","2":"type-product","3":"status-publish","4":"has-post-thumbnail","6":"product_cat-birthday-bouquets","7":"product_cat-birthday-flowers","8":"product_cat-flowers-by-occasion","9":"product_cat-flowers-by-recipient","10":"product_cat-flowers-by-style","11":"product_cat-flowers-by-type","12":"product_cat-flowers-for-girlfriend","13":"product_cat-flowers-for-mom","14":"product_cat-flowers-for-women","15":"product_cat-jubilee-flowers","16":"product_cat-march8th-flowers","17":"product_cat-mothers-day-flowers","18":"product_cat-valentines-day-flowers","19":"product_cat-yellow-roses","20":"product_cat-flower-bouquets","21":"product_cat-flowers-wrapped-in-paper","22":"product_cat-irises","23":"product_cat-roses","24":"tm-has-options","26":"first","27":"outofstock","28":"taxable","29":"shipping-taxable","30":"purchasable","31":"product-type-variable","32":"has-default-attributes"},"yoast_head":"<!-- This site is optimized with the Yoast SEO plugin v25.3 - https:\/\/yoast.com\/wordpress\/plugins\/seo\/ -->\n<title>A bouquet of yellow roses and irises | Gintar\u0117sG\u0117l\u0117s<\/title>\n<meta name=\"description\" content=\"Expressive and bright - that&#039;s how you can describe a bouquet of white irises and yellow roses. It is suitable as a gift for both men and women.\" \/>\n<meta name=\"robots\" content=\"index, follow, max-snippet:-1, max-image-preview:large, max-video-preview:-1\" \/>\n<link rel=\"canonical\" href=\"https:\/\/www.gintaresgeles.lt\/en\/puokste\/a-bouquet-of-yellow-roses-and-irises\/\" \/>\n<meta property=\"og:locale\" content=\"en_US\" \/>\n<meta property=\"og:type\" content=\"article\" \/>\n<meta property=\"og:title\" content=\"A bouquet of yellow roses and irises | Gintar\u0117sG\u0117l\u0117s\" \/>\n<meta property=\"og:description\" content=\"Expressive and bright - that&#039;s how you can describe a bouquet of white irises and yellow roses. It is suitable as a gift for both men and women.\" \/>\n<meta property=\"og:url\" content=\"https:\/\/www.gintaresgeles.lt\/en\/puokste\/a-bouquet-of-yellow-roses-and-irises\/\" \/>\n<meta property=\"og:site_name\" content=\"gintaresgeles.lt\" \/>\n<meta property=\"article:modified_time\" content=\"2025-05-28T23:59:12+00:00\" \/>\n<meta property=\"og:image\" content=\"https:\/\/www.gintaresgeles.lt\/wp-content\/uploads\/2023\/10\/baltu-irisu-ir-geltonu-roziu-puokste-gimtadienio-geles.jpg\" \/>\n\t<meta property=\"og:image:width\" content=\"1200\" \/>\n\t<meta property=\"og:image:height\" content=\"1200\" \/>\n\t<meta property=\"og:image:type\" content=\"image\/jpeg\" \/>\n<meta name=\"twitter:card\" content=\"summary_large_image\" \/>\n<script type=\"application\/ld+json\" class=\"yoast-schema-graph\">{\"@context\":\"https:\/\/schema.org\",\"@graph\":[{\"@type\":\"WebPage\",\"@id\":\"https:\/\/www.gintaresgeles.lt\/en\/puokste\/a-bouquet-of-yellow-roses-and-irises\/\",\"url\":\"https:\/\/www.gintaresgeles.lt\/en\/puokste\/a-bouquet-of-yellow-roses-and-irises\/\",\"name\":\"A bouquet of yellow roses and irises | Gintar\u0117sG\u0117l\u0117s\",\"isPartOf\":{\"@id\":\"https:\/\/www.gintaresgeles.lt\/en\/#website\"},\"primaryImageOfPage\":{\"@id\":\"https:\/\/www.gintaresgeles.lt\/en\/puokste\/a-bouquet-of-yellow-roses-and-irises\/#primaryimage\"},\"image\":{\"@id\":\"https:\/\/www.gintaresgeles.lt\/en\/puokste\/a-bouquet-of-yellow-roses-and-irises\/#primaryimage\"},\"thumbnailUrl\":\"https:\/\/www.gintaresgeles.lt\/wp-content\/uploads\/2023\/10\/baltu-irisu-ir-geltonu-roziu-puokste-gimtadienio-geles.jpg\",\"datePublished\":\"2023-10-19T19:32:42+00:00\",\"dateModified\":\"2025-05-28T23:59:12+00:00\",\"description\":\"Expressive and bright - that's how you can describe a bouquet of white irises and yellow roses. It is suitable as a gift for both men and women.\",\"breadcrumb\":{\"@id\":\"https:\/\/www.gintaresgeles.lt\/en\/puokste\/a-bouquet-of-yellow-roses-and-irises\/#breadcrumb\"},\"inLanguage\":\"en-US\",\"potentialAction\":[{\"@type\":\"ReadAction\",\"target\":[\"https:\/\/www.gintaresgeles.lt\/en\/puokste\/a-bouquet-of-yellow-roses-and-irises\/\"]}]},{\"@type\":\"ImageObject\",\"inLanguage\":\"en-US\",\"@id\":\"https:\/\/www.gintaresgeles.lt\/en\/puokste\/a-bouquet-of-yellow-roses-and-irises\/#primaryimage\",\"url\":\"https:\/\/www.gintaresgeles.lt\/wp-content\/uploads\/2023\/10\/baltu-irisu-ir-geltonu-roziu-puokste-gimtadienio-geles.jpg\",\"contentUrl\":\"https:\/\/www.gintaresgeles.lt\/wp-content\/uploads\/2023\/10\/baltu-irisu-ir-geltonu-roziu-puokste-gimtadienio-geles.jpg\",\"width\":1200,\"height\":1200,\"caption\":\"Gelton\u0173 ro\u017ei\u0173 ir balt\u0173 iris\u0173 puok\u0161t\u0117 gimtadienio progai\"},{\"@type\":\"BreadcrumbList\",\"@id\":\"https:\/\/www.gintaresgeles.lt\/en\/puokste\/a-bouquet-of-yellow-roses-and-irises\/#breadcrumb\",\"itemListElement\":[{\"@type\":\"ListItem\",\"position\":1,\"name\":\"Prad\u017eia\",\"item\":\"https:\/\/www.gintaresgeles.lt\/en\/\"},{\"@type\":\"ListItem\",\"position\":2,\"name\":\"All flowers and other products\",\"item\":\"https:\/\/www.gintaresgeles.lt\/en\/all-flowers-and-other-products\/\"},{\"@type\":\"ListItem\",\"position\":3,\"name\":\"A bouquet of yellow roses and irises\"}]},{\"@type\":\"WebSite\",\"@id\":\"https:\/\/www.gintaresgeles.lt\/en\/#website\",\"url\":\"https:\/\/www.gintaresgeles.lt\/en\/\",\"name\":\"Gintares Geles\",\"description\":\"Flower delivery in Vilnius | Same-day delivery | Gintares geles\",\"potentialAction\":[{\"@type\":\"SearchAction\",\"target\":{\"@type\":\"EntryPoint\",\"urlTemplate\":\"https:\/\/www.gintaresgeles.lt\/en\/?s={search_term_string}\"},\"query-input\":{\"@type\":\"PropertyValueSpecification\",\"valueRequired\":true,\"valueName\":\"search_term_string\"}}],\"inLanguage\":\"en-US\"}]}<\/script>\n<!-- \/ Yoast SEO plugin. -->","yoast_head_json":{"title":"A bouquet of yellow roses and irises | Gintar\u0117sG\u0117l\u0117s","description":"Expressive and bright - that's how you can describe a bouquet of white irises and yellow roses. It is suitable as a gift for both men and women.","robots":{"index":"index","follow":"follow","max-snippet":"max-snippet:-1","max-image-preview":"max-image-preview:large","max-video-preview":"max-video-preview:-1"},"canonical":"https:\/\/www.gintaresgeles.lt\/en\/puokste\/a-bouquet-of-yellow-roses-and-irises\/","og_locale":"en_US","og_type":"article","og_title":"A bouquet of yellow roses and irises | Gintar\u0117sG\u0117l\u0117s","og_description":"Expressive and bright - that's how you can describe a bouquet of white irises and yellow roses. It is suitable as a gift for both men and women.","og_url":"https:\/\/www.gintaresgeles.lt\/en\/puokste\/a-bouquet-of-yellow-roses-and-irises\/","og_site_name":"gintaresgeles.lt","article_modified_time":"2025-05-28T23:59:12+00:00","og_image":[{"width":1200,"height":1200,"url":"https:\/\/www.gintaresgeles.lt\/wp-content\/uploads\/2023\/10\/baltu-irisu-ir-geltonu-roziu-puokste-gimtadienio-geles.jpg","type":"image\/jpeg"}],"twitter_card":"summary_large_image","schema":{"@context":"https:\/\/schema.org","@graph":[{"@type":"WebPage","@id":"https:\/\/www.gintaresgeles.lt\/en\/puokste\/a-bouquet-of-yellow-roses-and-irises\/","url":"https:\/\/www.gintaresgeles.lt\/en\/puokste\/a-bouquet-of-yellow-roses-and-irises\/","name":"A bouquet of yellow roses and irises | Gintar\u0117sG\u0117l\u0117s","isPartOf":{"@id":"https:\/\/www.gintaresgeles.lt\/en\/#website"},"primaryImageOfPage":{"@id":"https:\/\/www.gintaresgeles.lt\/en\/puokste\/a-bouquet-of-yellow-roses-and-irises\/#primaryimage"},"image":{"@id":"https:\/\/www.gintaresgeles.lt\/en\/puokste\/a-bouquet-of-yellow-roses-and-irises\/#primaryimage"},"thumbnailUrl":"https:\/\/www.gintaresgeles.lt\/wp-content\/uploads\/2023\/10\/baltu-irisu-ir-geltonu-roziu-puokste-gimtadienio-geles.jpg","datePublished":"2023-10-19T19:32:42+00:00","dateModified":"2025-05-28T23:59:12+00:00","description":"Expressive and bright - that's how you can describe a bouquet of white irises and yellow roses. It is suitable as a gift for both men and women.","breadcrumb":{"@id":"https:\/\/www.gintaresgeles.lt\/en\/puokste\/a-bouquet-of-yellow-roses-and-irises\/#breadcrumb"},"inLanguage":"en-US","potentialAction":[{"@type":"ReadAction","target":["https:\/\/www.gintaresgeles.lt\/en\/puokste\/a-bouquet-of-yellow-roses-and-irises\/"]}]},{"@type":"ImageObject","inLanguage":"en-US","@id":"https:\/\/www.gintaresgeles.lt\/en\/puokste\/a-bouquet-of-yellow-roses-and-irises\/#primaryimage","url":"https:\/\/www.gintaresgeles.lt\/wp-content\/uploads\/2023\/10\/baltu-irisu-ir-geltonu-roziu-puokste-gimtadienio-geles.jpg","contentUrl":"https:\/\/www.gintaresgeles.lt\/wp-content\/uploads\/2023\/10\/baltu-irisu-ir-geltonu-roziu-puokste-gimtadienio-geles.jpg","width":1200,"height":1200,"caption":"Gelton\u0173 ro\u017ei\u0173 ir balt\u0173 iris\u0173 puok\u0161t\u0117 gimtadienio progai"},{"@type":"BreadcrumbList","@id":"https:\/\/www.gintaresgeles.lt\/en\/puokste\/a-bouquet-of-yellow-roses-and-irises\/#breadcrumb","itemListElement":[{"@type":"ListItem","position":1,"name":"Prad\u017eia","item":"https:\/\/www.gintaresgeles.lt\/en\/"},{"@type":"ListItem","position":2,"name":"All flowers and other products","item":"https:\/\/www.gintaresgeles.lt\/en\/all-flowers-and-other-products\/"},{"@type":"ListItem","position":3,"name":"A bouquet of yellow roses and irises"}]},{"@type":"WebSite","@id":"https:\/\/www.gintaresgeles.lt\/en\/#website","url":"https:\/\/www.gintaresgeles.lt\/en\/","name":"Gintares Geles","description":"Flower delivery in Vilnius | Same-day delivery | Gintares geles","potentialAction":[{"@type":"SearchAction","target":{"@type":"EntryPoint","urlTemplate":"https:\/\/www.gintaresgeles.lt\/en\/?s={search_term_string}"},"query-input":{"@type":"PropertyValueSpecification","valueRequired":true,"valueName":"search_term_string"}}],"inLanguage":"en-US"}]}},"_links":{"self":[{"href":"https:\/\/www.gintaresgeles.lt\/en\/wp-json\/wp\/v2\/product\/49741","targetHints":{"allow":["GET"]}}],"collection":[{"href":"https:\/\/www.gintaresgeles.lt\/en\/wp-json\/wp\/v2\/product"}],"about":[{"href":"https:\/\/www.gintaresgeles.lt\/en\/wp-json\/wp\/v2\/types\/product"}],"wp:featuredmedia":[{"embeddable":true,"href":"https:\/\/www.gintaresgeles.lt\/en\/wp-json\/wp\/v2\/media\/49750"}],"wp:attachment":[{"href":"https:\/\/www.gintaresgeles.lt\/en\/wp-json\/wp\/v2\/media?parent=49741"}],"wp:term":[{"taxonomy":"product_brand","embeddable":true,"href":"https:\/\/www.gintaresgeles.lt\/en\/wp-json\/wp\/v2\/product_brand?post=49741"},{"taxonomy":"product_cat","embeddable":true,"href":"https:\/\/www.gintaresgeles.lt\/en\/wp-json\/wp\/v2\/product_cat?post=49741"},{"taxonomy":"product_tag","embeddable":true,"href":"https:\/\/www.gintaresgeles.lt\/en\/wp-json\/wp\/v2\/product_tag?post=49741"}],"curies":[{"name":"wp","href":"https:\/\/api.w.org\/{rel}","templated":true}]}}