{"id":49930,"date":"2023-11-08T17:29:45","date_gmt":"2023-11-08T15:29:45","guid":{"rendered":"https:\/\/www.gintaresgeles.lt\/?post_type=product&#038;p=49930"},"modified":"2025-05-29T01:59:11","modified_gmt":"2025-05-28T23:59:11","slug":"one-sided-christmas-wreath-bubbles","status":"publish","type":"product","link":"https:\/\/www.gintaresgeles.lt\/en\/puokste\/one-sided-christmas-wreath-bubbles\/","title":{"rendered":"One Sided Christmas Wreath \u201eBubbles\u201c"},"content":{"rendered":"","protected":false},"excerpt":{"rendered":"<p>A handmade Advent wreath made of pine branches, decorated with red bubbles of various sizes &#8211; will create a true Christmas atmosphere.<\/p>\n<p>The diameter of the wreath is 30 cm.<\/p>\n","protected":false},"featured_media":49934,"template":"","meta":[],"product_brand":[],"product_cat":[2193,1964],"product_tag":[],"class_list":{"0":"post-49930","1":"product","2":"type-product","3":"status-publish","4":"has-post-thumbnail","6":"product_cat-christmas-compositions","7":"product_cat-christmas-wreaths","8":"tm-has-options","10":"first","11":"outofstock","12":"taxable","13":"shipping-taxable","14":"purchasable","15":"product-type-simple"},"yoast_head":"<!-- This site is optimized with the Yoast SEO plugin v25.3 - https:\/\/yoast.com\/wordpress\/plugins\/seo\/ -->\n<title>One Sided Christmas Wreath \u201eBubbles\u201c | Gintar\u0117s G\u0117l\u0117s<\/title>\n<meta name=\"description\" content=\"Dress up and decorate your home for the festive season with this one-sided Christmas wreath with red bubbles of various sizes.\" \/>\n<meta name=\"robots\" content=\"index, follow, max-snippet:-1, max-image-preview:large, max-video-preview:-1\" \/>\n<link rel=\"canonical\" href=\"https:\/\/www.gintaresgeles.lt\/en\/puokste\/one-sided-christmas-wreath-bubbles\/\" \/>\n<meta property=\"og:locale\" content=\"en_US\" \/>\n<meta property=\"og:type\" content=\"article\" \/>\n<meta property=\"og:title\" content=\"One Sided Christmas Wreath \u201eBubbles\u201c | Gintar\u0117s G\u0117l\u0117s\" \/>\n<meta property=\"og:description\" content=\"Dress up and decorate your home for the festive season with this one-sided Christmas wreath with red bubbles of various sizes.\" \/>\n<meta property=\"og:url\" content=\"https:\/\/www.gintaresgeles.lt\/en\/puokste\/one-sided-christmas-wreath-bubbles\/\" \/>\n<meta property=\"og:site_name\" content=\"gintaresgeles.lt\" \/>\n<meta property=\"article:modified_time\" content=\"2025-05-28T23:59:11+00:00\" \/>\n<meta property=\"og:image\" content=\"https:\/\/www.gintaresgeles.lt\/wp-content\/uploads\/2023\/11\/kaledinis-vainikas-su-raudonais-burbuliukais-dovanos-seimai.jpg\" \/>\n\t<meta property=\"og:image:width\" content=\"1200\" \/>\n\t<meta property=\"og:image:height\" content=\"1200\" \/>\n\t<meta property=\"og:image:type\" content=\"image\/jpeg\" \/>\n<meta name=\"twitter:card\" content=\"summary_large_image\" \/>\n<script type=\"application\/ld+json\" class=\"yoast-schema-graph\">{\"@context\":\"https:\/\/schema.org\",\"@graph\":[{\"@type\":\"WebPage\",\"@id\":\"https:\/\/www.gintaresgeles.lt\/en\/puokste\/one-sided-christmas-wreath-bubbles\/\",\"url\":\"https:\/\/www.gintaresgeles.lt\/en\/puokste\/one-sided-christmas-wreath-bubbles\/\",\"name\":\"One Sided Christmas Wreath \u201eBubbles\u201c | Gintar\u0117s G\u0117l\u0117s\",\"isPartOf\":{\"@id\":\"https:\/\/www.gintaresgeles.lt\/en\/#website\"},\"primaryImageOfPage\":{\"@id\":\"https:\/\/www.gintaresgeles.lt\/en\/puokste\/one-sided-christmas-wreath-bubbles\/#primaryimage\"},\"image\":{\"@id\":\"https:\/\/www.gintaresgeles.lt\/en\/puokste\/one-sided-christmas-wreath-bubbles\/#primaryimage\"},\"thumbnailUrl\":\"https:\/\/www.gintaresgeles.lt\/wp-content\/uploads\/2023\/11\/kaledinis-vainikas-su-raudonais-burbuliukais-dovanos-seimai.jpg\",\"datePublished\":\"2023-11-08T15:29:45+00:00\",\"dateModified\":\"2025-05-28T23:59:11+00:00\",\"description\":\"Dress up and decorate your home for the festive season with this one-sided Christmas wreath with red bubbles of various sizes.\",\"breadcrumb\":{\"@id\":\"https:\/\/www.gintaresgeles.lt\/en\/puokste\/one-sided-christmas-wreath-bubbles\/#breadcrumb\"},\"inLanguage\":\"en-US\",\"potentialAction\":[{\"@type\":\"ReadAction\",\"target\":[\"https:\/\/www.gintaresgeles.lt\/en\/puokste\/one-sided-christmas-wreath-bubbles\/\"]}]},{\"@type\":\"ImageObject\",\"inLanguage\":\"en-US\",\"@id\":\"https:\/\/www.gintaresgeles.lt\/en\/puokste\/one-sided-christmas-wreath-bubbles\/#primaryimage\",\"url\":\"https:\/\/www.gintaresgeles.lt\/wp-content\/uploads\/2023\/11\/kaledinis-vainikas-su-raudonais-burbuliukais-dovanos-seimai.jpg\",\"contentUrl\":\"https:\/\/www.gintaresgeles.lt\/wp-content\/uploads\/2023\/11\/kaledinis-vainikas-su-raudonais-burbuliukais-dovanos-seimai.jpg\",\"width\":1200,\"height\":1200,\"caption\":\"Kal\u0117diniai vainikai su raudonais burbuliukai dekoracijos namams\"},{\"@type\":\"BreadcrumbList\",\"@id\":\"https:\/\/www.gintaresgeles.lt\/en\/puokste\/one-sided-christmas-wreath-bubbles\/#breadcrumb\",\"itemListElement\":[{\"@type\":\"ListItem\",\"position\":1,\"name\":\"Prad\u017eia\",\"item\":\"https:\/\/www.gintaresgeles.lt\/en\/\"},{\"@type\":\"ListItem\",\"position\":2,\"name\":\"All flowers and other products\",\"item\":\"https:\/\/www.gintaresgeles.lt\/en\/all-flowers-and-other-products\/\"},{\"@type\":\"ListItem\",\"position\":3,\"name\":\"One Sided Christmas Wreath \u201eBubbles\u201c\"}]},{\"@type\":\"WebSite\",\"@id\":\"https:\/\/www.gintaresgeles.lt\/en\/#website\",\"url\":\"https:\/\/www.gintaresgeles.lt\/en\/\",\"name\":\"gintaresgeles.lt\",\"description\":\"G\u0117li\u0173 parduotuv\u0117 internete\",\"potentialAction\":[{\"@type\":\"SearchAction\",\"target\":{\"@type\":\"EntryPoint\",\"urlTemplate\":\"https:\/\/www.gintaresgeles.lt\/en\/?s={search_term_string}\"},\"query-input\":{\"@type\":\"PropertyValueSpecification\",\"valueRequired\":true,\"valueName\":\"search_term_string\"}}],\"inLanguage\":\"en-US\"}]}<\/script>\n<!-- \/ Yoast SEO plugin. -->","yoast_head_json":{"title":"One Sided Christmas Wreath \u201eBubbles\u201c | Gintar\u0117s G\u0117l\u0117s","description":"Dress up and decorate your home for the festive season with this one-sided Christmas wreath with red bubbles of various sizes.","robots":{"index":"index","follow":"follow","max-snippet":"max-snippet:-1","max-image-preview":"max-image-preview:large","max-video-preview":"max-video-preview:-1"},"canonical":"https:\/\/www.gintaresgeles.lt\/en\/puokste\/one-sided-christmas-wreath-bubbles\/","og_locale":"en_US","og_type":"article","og_title":"One Sided Christmas Wreath \u201eBubbles\u201c | Gintar\u0117s G\u0117l\u0117s","og_description":"Dress up and decorate your home for the festive season with this one-sided Christmas wreath with red bubbles of various sizes.","og_url":"https:\/\/www.gintaresgeles.lt\/en\/puokste\/one-sided-christmas-wreath-bubbles\/","og_site_name":"gintaresgeles.lt","article_modified_time":"2025-05-28T23:59:11+00:00","og_image":[{"width":1200,"height":1200,"url":"https:\/\/www.gintaresgeles.lt\/wp-content\/uploads\/2023\/11\/kaledinis-vainikas-su-raudonais-burbuliukais-dovanos-seimai.jpg","type":"image\/jpeg"}],"twitter_card":"summary_large_image","schema":{"@context":"https:\/\/schema.org","@graph":[{"@type":"WebPage","@id":"https:\/\/www.gintaresgeles.lt\/en\/puokste\/one-sided-christmas-wreath-bubbles\/","url":"https:\/\/www.gintaresgeles.lt\/en\/puokste\/one-sided-christmas-wreath-bubbles\/","name":"One Sided Christmas Wreath \u201eBubbles\u201c | Gintar\u0117s G\u0117l\u0117s","isPartOf":{"@id":"https:\/\/www.gintaresgeles.lt\/en\/#website"},"primaryImageOfPage":{"@id":"https:\/\/www.gintaresgeles.lt\/en\/puokste\/one-sided-christmas-wreath-bubbles\/#primaryimage"},"image":{"@id":"https:\/\/www.gintaresgeles.lt\/en\/puokste\/one-sided-christmas-wreath-bubbles\/#primaryimage"},"thumbnailUrl":"https:\/\/www.gintaresgeles.lt\/wp-content\/uploads\/2023\/11\/kaledinis-vainikas-su-raudonais-burbuliukais-dovanos-seimai.jpg","datePublished":"2023-11-08T15:29:45+00:00","dateModified":"2025-05-28T23:59:11+00:00","description":"Dress up and decorate your home for the festive season with this one-sided Christmas wreath with red bubbles of various sizes.","breadcrumb":{"@id":"https:\/\/www.gintaresgeles.lt\/en\/puokste\/one-sided-christmas-wreath-bubbles\/#breadcrumb"},"inLanguage":"en-US","potentialAction":[{"@type":"ReadAction","target":["https:\/\/www.gintaresgeles.lt\/en\/puokste\/one-sided-christmas-wreath-bubbles\/"]}]},{"@type":"ImageObject","inLanguage":"en-US","@id":"https:\/\/www.gintaresgeles.lt\/en\/puokste\/one-sided-christmas-wreath-bubbles\/#primaryimage","url":"https:\/\/www.gintaresgeles.lt\/wp-content\/uploads\/2023\/11\/kaledinis-vainikas-su-raudonais-burbuliukais-dovanos-seimai.jpg","contentUrl":"https:\/\/www.gintaresgeles.lt\/wp-content\/uploads\/2023\/11\/kaledinis-vainikas-su-raudonais-burbuliukais-dovanos-seimai.jpg","width":1200,"height":1200,"caption":"Kal\u0117diniai vainikai su raudonais burbuliukai dekoracijos namams"},{"@type":"BreadcrumbList","@id":"https:\/\/www.gintaresgeles.lt\/en\/puokste\/one-sided-christmas-wreath-bubbles\/#breadcrumb","itemListElement":[{"@type":"ListItem","position":1,"name":"Prad\u017eia","item":"https:\/\/www.gintaresgeles.lt\/en\/"},{"@type":"ListItem","position":2,"name":"All flowers and other products","item":"https:\/\/www.gintaresgeles.lt\/en\/all-flowers-and-other-products\/"},{"@type":"ListItem","position":3,"name":"One Sided Christmas Wreath \u201eBubbles\u201c"}]},{"@type":"WebSite","@id":"https:\/\/www.gintaresgeles.lt\/en\/#website","url":"https:\/\/www.gintaresgeles.lt\/en\/","name":"gintaresgeles.lt","description":"G\u0117li\u0173 parduotuv\u0117 internete","potentialAction":[{"@type":"SearchAction","target":{"@type":"EntryPoint","urlTemplate":"https:\/\/www.gintaresgeles.lt\/en\/?s={search_term_string}"},"query-input":{"@type":"PropertyValueSpecification","valueRequired":true,"valueName":"search_term_string"}}],"inLanguage":"en-US"}]}},"_links":{"self":[{"href":"https:\/\/www.gintaresgeles.lt\/en\/wp-json\/wp\/v2\/product\/49930","targetHints":{"allow":["GET"]}}],"collection":[{"href":"https:\/\/www.gintaresgeles.lt\/en\/wp-json\/wp\/v2\/product"}],"about":[{"href":"https:\/\/www.gintaresgeles.lt\/en\/wp-json\/wp\/v2\/types\/product"}],"wp:featuredmedia":[{"embeddable":true,"href":"https:\/\/www.gintaresgeles.lt\/en\/wp-json\/wp\/v2\/media\/49934"}],"wp:attachment":[{"href":"https:\/\/www.gintaresgeles.lt\/en\/wp-json\/wp\/v2\/media?parent=49930"}],"wp:term":[{"taxonomy":"product_brand","embeddable":true,"href":"https:\/\/www.gintaresgeles.lt\/en\/wp-json\/wp\/v2\/product_brand?post=49930"},{"taxonomy":"product_cat","embeddable":true,"href":"https:\/\/www.gintaresgeles.lt\/en\/wp-json\/wp\/v2\/product_cat?post=49930"},{"taxonomy":"product_tag","embeddable":true,"href":"https:\/\/www.gintaresgeles.lt\/en\/wp-json\/wp\/v2\/product_tag?post=49930"}],"curies":[{"name":"wp","href":"https:\/\/api.w.org\/{rel}","templated":true}]}}