{"id":51051,"date":"2024-03-03T22:39:34","date_gmt":"2024-03-03T20:39:34","guid":{"rendered":"https:\/\/www.gintaresgeles.lt\/puokste\/bouquet-of-tulips-pink-freshness\/"},"modified":"2025-05-29T01:59:09","modified_gmt":"2025-05-28T23:59:09","slug":"tulip-bouquet-pink-freshness","status":"publish","type":"product","link":"https:\/\/www.gintaresgeles.lt\/en\/puokste\/tulip-bouquet-pink-freshness\/","title":{"rendered":"Tulip bouquet &#8220;Pink freshness&#8221;"},"content":{"rendered":"","protected":false},"excerpt":{"rendered":"<p>Tulips are one of the most popular flowers that are given to women in the warm season. This bouquet is unique with its brightly colored flowers, and it looks especially wonderful in its original packaging.<\/p>\n<p>Quantity of tulips in a bouquet &#8211; 41 pcs. Flowers in a floral foam oasis, so there&#8217;s no need to worry about a vase.<\/p>\n","protected":false},"featured_media":51019,"template":"","meta":[],"product_brand":[],"product_cat":[261,260,259,252,266,265,256,253,257,428,262,263,264,268,2179,239],"product_tag":[],"class_list":{"0":"post-51051","1":"product","2":"type-product","3":"status-publish","4":"has-post-thumbnail","6":"product_cat-birthday-bouquets","7":"product_cat-birthday-flowers","8":"product_cat-flowers-by-occasion","9":"product_cat-flowers-by-recipient","10":"product_cat-flowers-by-style","11":"product_cat-flowers-by-type","12":"product_cat-flowers-for-girlfriend","13":"product_cat-flowers-for-mom","14":"product_cat-flowers-for-women","15":"product_cat-jubilee-flowers","16":"product_cat-march8th-flowers","17":"product_cat-mothers-day-flowers","18":"product_cat-valentines-day-flowers","19":"product_cat-flower-bouquets","20":"product_cat-flowers-in-exclusive-packaging","21":"product_cat-tulips","22":"tm-has-options","24":"first","25":"outofstock","26":"taxable","27":"shipping-taxable","28":"purchasable","29":"product-type-simple"},"yoast_head":"<!-- This site is optimized with the Yoast SEO plugin v25.3 - https:\/\/yoast.com\/wordpress\/plugins\/seo\/ -->\n<title>Tulip bouquet &quot;Pink freshness&quot; | Flower delivery | Gintar\u0117sG\u0117l\u0117s<\/title>\n<meta name=\"description\" content=\"Delight the woman you love with this beautiful bouquet of tulips. This bouquet consists of beautifully coordinated tulips - lilac and bright pink.\" \/>\n<meta name=\"robots\" content=\"index, follow, max-snippet:-1, max-image-preview:large, max-video-preview:-1\" \/>\n<link rel=\"canonical\" href=\"https:\/\/www.gintaresgeles.lt\/en\/puokste\/tulip-bouquet-pink-freshness\/\" \/>\n<meta property=\"og:locale\" content=\"en_US\" \/>\n<meta property=\"og:type\" content=\"article\" \/>\n<meta property=\"og:title\" content=\"Tulip bouquet &quot;Pink freshness&quot; | Flower delivery | Gintar\u0117sG\u0117l\u0117s\" \/>\n<meta property=\"og:description\" content=\"Delight the woman you love with this beautiful bouquet of tulips. This bouquet consists of beautifully coordinated tulips - lilac and bright pink.\" \/>\n<meta property=\"og:url\" content=\"https:\/\/www.gintaresgeles.lt\/en\/puokste\/tulip-bouquet-pink-freshness\/\" \/>\n<meta property=\"og:site_name\" content=\"gintaresgeles.lt\" \/>\n<meta property=\"article:modified_time\" content=\"2025-05-28T23:59:09+00:00\" \/>\n<meta property=\"og:image\" content=\"https:\/\/www.gintaresgeles.lt\/wp-content\/uploads\/2024\/03\/ryskiai-roziniu-ir-alyviniu-tulpiu-puokste-merginai.jpg\" \/>\n\t<meta property=\"og:image:width\" content=\"1200\" \/>\n\t<meta property=\"og:image:height\" content=\"1200\" \/>\n\t<meta property=\"og:image:type\" content=\"image\/jpeg\" \/>\n<meta name=\"twitter:card\" content=\"summary_large_image\" \/>\n<script type=\"application\/ld+json\" class=\"yoast-schema-graph\">{\"@context\":\"https:\/\/schema.org\",\"@graph\":[{\"@type\":\"WebPage\",\"@id\":\"https:\/\/www.gintaresgeles.lt\/en\/puokste\/tulip-bouquet-pink-freshness\/\",\"url\":\"https:\/\/www.gintaresgeles.lt\/en\/puokste\/tulip-bouquet-pink-freshness\/\",\"name\":\"Tulip bouquet \\\"Pink freshness\\\" | Flower delivery | Gintar\u0117sG\u0117l\u0117s\",\"isPartOf\":{\"@id\":\"https:\/\/www.gintaresgeles.lt\/en\/#website\"},\"primaryImageOfPage\":{\"@id\":\"https:\/\/www.gintaresgeles.lt\/en\/puokste\/tulip-bouquet-pink-freshness\/#primaryimage\"},\"image\":{\"@id\":\"https:\/\/www.gintaresgeles.lt\/en\/puokste\/tulip-bouquet-pink-freshness\/#primaryimage\"},\"thumbnailUrl\":\"https:\/\/www.gintaresgeles.lt\/wp-content\/uploads\/2024\/03\/ryskiai-roziniu-ir-alyviniu-tulpiu-puokste-merginai.jpg\",\"datePublished\":\"2024-03-03T20:39:34+00:00\",\"dateModified\":\"2025-05-28T23:59:09+00:00\",\"description\":\"Delight the woman you love with this beautiful bouquet of tulips. This bouquet consists of beautifully coordinated tulips - lilac and bright pink.\",\"breadcrumb\":{\"@id\":\"https:\/\/www.gintaresgeles.lt\/en\/puokste\/tulip-bouquet-pink-freshness\/#breadcrumb\"},\"inLanguage\":\"en-US\",\"potentialAction\":[{\"@type\":\"ReadAction\",\"target\":[\"https:\/\/www.gintaresgeles.lt\/en\/puokste\/tulip-bouquet-pink-freshness\/\"]}]},{\"@type\":\"ImageObject\",\"inLanguage\":\"en-US\",\"@id\":\"https:\/\/www.gintaresgeles.lt\/en\/puokste\/tulip-bouquet-pink-freshness\/#primaryimage\",\"url\":\"https:\/\/www.gintaresgeles.lt\/wp-content\/uploads\/2024\/03\/ryskiai-roziniu-ir-alyviniu-tulpiu-puokste-merginai.jpg\",\"contentUrl\":\"https:\/\/www.gintaresgeles.lt\/wp-content\/uploads\/2024\/03\/ryskiai-roziniu-ir-alyviniu-tulpiu-puokste-merginai.jpg\",\"width\":1200,\"height\":1200,\"caption\":\"Alyvin\u0117s ir ry\u0161kiai ro\u017ein\u0117s spalvos tulp\u0117s puok\u0161t\u0117je pavasario g\u0117l\u0117s\"},{\"@type\":\"BreadcrumbList\",\"@id\":\"https:\/\/www.gintaresgeles.lt\/en\/puokste\/tulip-bouquet-pink-freshness\/#breadcrumb\",\"itemListElement\":[{\"@type\":\"ListItem\",\"position\":1,\"name\":\"Prad\u017eia\",\"item\":\"https:\/\/www.gintaresgeles.lt\/en\/\"},{\"@type\":\"ListItem\",\"position\":2,\"name\":\"All flowers and other products\",\"item\":\"https:\/\/www.gintaresgeles.lt\/en\/all-flowers-and-other-products\/\"},{\"@type\":\"ListItem\",\"position\":3,\"name\":\"Tulip bouquet &#8222;Pink freshness&#8221;\"}]},{\"@type\":\"WebSite\",\"@id\":\"https:\/\/www.gintaresgeles.lt\/en\/#website\",\"url\":\"https:\/\/www.gintaresgeles.lt\/en\/\",\"name\":\"gintaresgeles.lt\",\"description\":\"G\u0117li\u0173 parduotuv\u0117 internete\",\"potentialAction\":[{\"@type\":\"SearchAction\",\"target\":{\"@type\":\"EntryPoint\",\"urlTemplate\":\"https:\/\/www.gintaresgeles.lt\/en\/?s={search_term_string}\"},\"query-input\":{\"@type\":\"PropertyValueSpecification\",\"valueRequired\":true,\"valueName\":\"search_term_string\"}}],\"inLanguage\":\"en-US\"}]}<\/script>\n<!-- \/ Yoast SEO plugin. -->","yoast_head_json":{"title":"Tulip bouquet \"Pink freshness\" | Flower delivery | Gintar\u0117sG\u0117l\u0117s","description":"Delight the woman you love with this beautiful bouquet of tulips. This bouquet consists of beautifully coordinated tulips - lilac and bright pink.","robots":{"index":"index","follow":"follow","max-snippet":"max-snippet:-1","max-image-preview":"max-image-preview:large","max-video-preview":"max-video-preview:-1"},"canonical":"https:\/\/www.gintaresgeles.lt\/en\/puokste\/tulip-bouquet-pink-freshness\/","og_locale":"en_US","og_type":"article","og_title":"Tulip bouquet \"Pink freshness\" | Flower delivery | Gintar\u0117sG\u0117l\u0117s","og_description":"Delight the woman you love with this beautiful bouquet of tulips. This bouquet consists of beautifully coordinated tulips - lilac and bright pink.","og_url":"https:\/\/www.gintaresgeles.lt\/en\/puokste\/tulip-bouquet-pink-freshness\/","og_site_name":"gintaresgeles.lt","article_modified_time":"2025-05-28T23:59:09+00:00","og_image":[{"width":1200,"height":1200,"url":"https:\/\/www.gintaresgeles.lt\/wp-content\/uploads\/2024\/03\/ryskiai-roziniu-ir-alyviniu-tulpiu-puokste-merginai.jpg","type":"image\/jpeg"}],"twitter_card":"summary_large_image","schema":{"@context":"https:\/\/schema.org","@graph":[{"@type":"WebPage","@id":"https:\/\/www.gintaresgeles.lt\/en\/puokste\/tulip-bouquet-pink-freshness\/","url":"https:\/\/www.gintaresgeles.lt\/en\/puokste\/tulip-bouquet-pink-freshness\/","name":"Tulip bouquet \"Pink freshness\" | Flower delivery | Gintar\u0117sG\u0117l\u0117s","isPartOf":{"@id":"https:\/\/www.gintaresgeles.lt\/en\/#website"},"primaryImageOfPage":{"@id":"https:\/\/www.gintaresgeles.lt\/en\/puokste\/tulip-bouquet-pink-freshness\/#primaryimage"},"image":{"@id":"https:\/\/www.gintaresgeles.lt\/en\/puokste\/tulip-bouquet-pink-freshness\/#primaryimage"},"thumbnailUrl":"https:\/\/www.gintaresgeles.lt\/wp-content\/uploads\/2024\/03\/ryskiai-roziniu-ir-alyviniu-tulpiu-puokste-merginai.jpg","datePublished":"2024-03-03T20:39:34+00:00","dateModified":"2025-05-28T23:59:09+00:00","description":"Delight the woman you love with this beautiful bouquet of tulips. This bouquet consists of beautifully coordinated tulips - lilac and bright pink.","breadcrumb":{"@id":"https:\/\/www.gintaresgeles.lt\/en\/puokste\/tulip-bouquet-pink-freshness\/#breadcrumb"},"inLanguage":"en-US","potentialAction":[{"@type":"ReadAction","target":["https:\/\/www.gintaresgeles.lt\/en\/puokste\/tulip-bouquet-pink-freshness\/"]}]},{"@type":"ImageObject","inLanguage":"en-US","@id":"https:\/\/www.gintaresgeles.lt\/en\/puokste\/tulip-bouquet-pink-freshness\/#primaryimage","url":"https:\/\/www.gintaresgeles.lt\/wp-content\/uploads\/2024\/03\/ryskiai-roziniu-ir-alyviniu-tulpiu-puokste-merginai.jpg","contentUrl":"https:\/\/www.gintaresgeles.lt\/wp-content\/uploads\/2024\/03\/ryskiai-roziniu-ir-alyviniu-tulpiu-puokste-merginai.jpg","width":1200,"height":1200,"caption":"Alyvin\u0117s ir ry\u0161kiai ro\u017ein\u0117s spalvos tulp\u0117s puok\u0161t\u0117je pavasario g\u0117l\u0117s"},{"@type":"BreadcrumbList","@id":"https:\/\/www.gintaresgeles.lt\/en\/puokste\/tulip-bouquet-pink-freshness\/#breadcrumb","itemListElement":[{"@type":"ListItem","position":1,"name":"Prad\u017eia","item":"https:\/\/www.gintaresgeles.lt\/en\/"},{"@type":"ListItem","position":2,"name":"All flowers and other products","item":"https:\/\/www.gintaresgeles.lt\/en\/all-flowers-and-other-products\/"},{"@type":"ListItem","position":3,"name":"Tulip bouquet &#8222;Pink freshness&#8221;"}]},{"@type":"WebSite","@id":"https:\/\/www.gintaresgeles.lt\/en\/#website","url":"https:\/\/www.gintaresgeles.lt\/en\/","name":"gintaresgeles.lt","description":"G\u0117li\u0173 parduotuv\u0117 internete","potentialAction":[{"@type":"SearchAction","target":{"@type":"EntryPoint","urlTemplate":"https:\/\/www.gintaresgeles.lt\/en\/?s={search_term_string}"},"query-input":{"@type":"PropertyValueSpecification","valueRequired":true,"valueName":"search_term_string"}}],"inLanguage":"en-US"}]}},"_links":{"self":[{"href":"https:\/\/www.gintaresgeles.lt\/en\/wp-json\/wp\/v2\/product\/51051","targetHints":{"allow":["GET"]}}],"collection":[{"href":"https:\/\/www.gintaresgeles.lt\/en\/wp-json\/wp\/v2\/product"}],"about":[{"href":"https:\/\/www.gintaresgeles.lt\/en\/wp-json\/wp\/v2\/types\/product"}],"wp:featuredmedia":[{"embeddable":true,"href":"https:\/\/www.gintaresgeles.lt\/en\/wp-json\/wp\/v2\/media\/51019"}],"wp:attachment":[{"href":"https:\/\/www.gintaresgeles.lt\/en\/wp-json\/wp\/v2\/media?parent=51051"}],"wp:term":[{"taxonomy":"product_brand","embeddable":true,"href":"https:\/\/www.gintaresgeles.lt\/en\/wp-json\/wp\/v2\/product_brand?post=51051"},{"taxonomy":"product_cat","embeddable":true,"href":"https:\/\/www.gintaresgeles.lt\/en\/wp-json\/wp\/v2\/product_cat?post=51051"},{"taxonomy":"product_tag","embeddable":true,"href":"https:\/\/www.gintaresgeles.lt\/en\/wp-json\/wp\/v2\/product_tag?post=51051"}],"curies":[{"name":"wp","href":"https:\/\/api.w.org\/{rel}","templated":true}]}}