{"id":51081,"date":"2023-11-10T17:10:06","date_gmt":"2023-11-10T15:10:06","guid":{"rendered":"https:\/\/www.gintaresgeles.lt\/puokste\/christmas-composition-ginger-cookie\/"},"modified":"2025-11-23T13:31:24","modified_gmt":"2025-11-23T11:31:24","slug":"christmas-composition-ginger-cookie","status":"publish","type":"product","link":"https:\/\/www.gintaresgeles.lt\/en\/puokste\/christmas-composition-ginger-cookie\/","title":{"rendered":"Christmas composition &#8220;Ginger cookie&#8221;"},"content":{"rendered":"","protected":false},"excerpt":{"rendered":"<p>Create the coziest atmosphere in your home, work or anywhere with this fragrant pine branch decoration in a box, which will remind you every day of the upcoming most beautiful holidays of the year.<\/p>\n<p>Every handmade composition is unique. While we meticulously strive to replicate the photo example, slight variations are possible, ensuring the overall style and harmony are maintained.<\/p>\n","protected":false},"featured_media":50220,"template":"","meta":[],"product_brand":[],"product_cat":[2193,252,256,257,267],"product_tag":[],"class_list":{"0":"post-51081","1":"product","2":"type-product","3":"status-publish","4":"has-post-thumbnail","6":"product_cat-christmas-compositions","7":"product_cat-flowers-by-recipient","8":"product_cat-flowers-for-girlfriend","9":"product_cat-flowers-for-women","10":"product_cat-flower-boxes","11":"tm-has-options","13":"first","14":"outofstock","15":"taxable","16":"shipping-taxable","17":"purchasable","18":"product-type-simple"},"yoast_head":"<!-- This site is optimized with the Yoast SEO plugin v25.3 - https:\/\/yoast.com\/wordpress\/plugins\/seo\/ -->\n<title>Christmas composition &quot;Ginger cookie&quot; | Gintar\u0117s G\u0117l\u0117s<\/title>\n<meta name=\"description\" content=\"Give your friends a boxed arrangement of fragrant fennel branches that will delight and will be perfect as a table decoration throughout the festive season.\" \/>\n<meta name=\"robots\" content=\"index, follow, max-snippet:-1, max-image-preview:large, max-video-preview:-1\" \/>\n<link rel=\"canonical\" href=\"https:\/\/www.gintaresgeles.lt\/en\/puokste\/christmas-composition-ginger-cookie\/\" \/>\n<meta property=\"og:locale\" content=\"en_US\" \/>\n<meta property=\"og:type\" content=\"article\" \/>\n<meta property=\"og:title\" content=\"Christmas composition &quot;Ginger cookie&quot; | Gintar\u0117s G\u0117l\u0117s\" \/>\n<meta property=\"og:description\" content=\"Give your friends a boxed arrangement of fragrant fennel branches that will delight and will be perfect as a table decoration throughout the festive season.\" \/>\n<meta property=\"og:url\" content=\"https:\/\/www.gintaresgeles.lt\/en\/puokste\/christmas-composition-ginger-cookie\/\" \/>\n<meta property=\"og:site_name\" content=\"gintaresgeles.lt\" \/>\n<meta property=\"article:modified_time\" content=\"2025-11-23T11:31:24+00:00\" \/>\n<meta property=\"og:image\" content=\"https:\/\/www.gintaresgeles.lt\/wp-content\/uploads\/2023\/11\/DSC_1438.jpg\" \/>\n\t<meta property=\"og:image:width\" content=\"1200\" \/>\n\t<meta property=\"og:image:height\" content=\"1200\" \/>\n\t<meta property=\"og:image:type\" content=\"image\/jpeg\" \/>\n<meta name=\"twitter:card\" content=\"summary_large_image\" \/>\n<script type=\"application\/ld+json\" class=\"yoast-schema-graph\">{\"@context\":\"https:\/\/schema.org\",\"@graph\":[{\"@type\":\"WebPage\",\"@id\":\"https:\/\/www.gintaresgeles.lt\/en\/puokste\/christmas-composition-ginger-cookie\/\",\"url\":\"https:\/\/www.gintaresgeles.lt\/en\/puokste\/christmas-composition-ginger-cookie\/\",\"name\":\"Christmas composition \\\"Ginger cookie\\\" | Gintar\u0117s G\u0117l\u0117s\",\"isPartOf\":{\"@id\":\"https:\/\/www.gintaresgeles.lt\/en\/#website\"},\"primaryImageOfPage\":{\"@id\":\"https:\/\/www.gintaresgeles.lt\/en\/puokste\/christmas-composition-ginger-cookie\/#primaryimage\"},\"image\":{\"@id\":\"https:\/\/www.gintaresgeles.lt\/en\/puokste\/christmas-composition-ginger-cookie\/#primaryimage\"},\"thumbnailUrl\":\"https:\/\/www.gintaresgeles.lt\/wp-content\/uploads\/2023\/11\/DSC_1438.jpg\",\"datePublished\":\"2023-11-10T15:10:06+00:00\",\"dateModified\":\"2025-11-23T11:31:24+00:00\",\"description\":\"Give your friends a boxed arrangement of fragrant fennel branches that will delight and will be perfect as a table decoration throughout the festive season.\",\"breadcrumb\":{\"@id\":\"https:\/\/www.gintaresgeles.lt\/en\/puokste\/christmas-composition-ginger-cookie\/#breadcrumb\"},\"inLanguage\":\"en-US\",\"potentialAction\":[{\"@type\":\"ReadAction\",\"target\":[\"https:\/\/www.gintaresgeles.lt\/en\/puokste\/christmas-composition-ginger-cookie\/\"]}]},{\"@type\":\"ImageObject\",\"inLanguage\":\"en-US\",\"@id\":\"https:\/\/www.gintaresgeles.lt\/en\/puokste\/christmas-composition-ginger-cookie\/#primaryimage\",\"url\":\"https:\/\/www.gintaresgeles.lt\/wp-content\/uploads\/2023\/11\/DSC_1438.jpg\",\"contentUrl\":\"https:\/\/www.gintaresgeles.lt\/wp-content\/uploads\/2023\/11\/DSC_1438.jpg\",\"width\":1200,\"height\":1200,\"caption\":\"Kal\u0117din\u0117 kompozicija d\u0117\u017eut\u0117je su dekoratyviniu imbieriniu sausainiu\"},{\"@type\":\"BreadcrumbList\",\"@id\":\"https:\/\/www.gintaresgeles.lt\/en\/puokste\/christmas-composition-ginger-cookie\/#breadcrumb\",\"itemListElement\":[{\"@type\":\"ListItem\",\"position\":1,\"name\":\"Prad\u017eia\",\"item\":\"https:\/\/www.gintaresgeles.lt\/en\/\"},{\"@type\":\"ListItem\",\"position\":2,\"name\":\"All flowers and other products\",\"item\":\"https:\/\/www.gintaresgeles.lt\/en\/all-flowers-and-other-products\/\"},{\"@type\":\"ListItem\",\"position\":3,\"name\":\"Christmas composition &#8222;Ginger cookie&#8221;\"}]},{\"@type\":\"WebSite\",\"@id\":\"https:\/\/www.gintaresgeles.lt\/en\/#website\",\"url\":\"https:\/\/www.gintaresgeles.lt\/en\/\",\"name\":\"Gintares Geles\",\"description\":\"Flower delivery in Vilnius | Same-day delivery | Gintares geles\",\"potentialAction\":[{\"@type\":\"SearchAction\",\"target\":{\"@type\":\"EntryPoint\",\"urlTemplate\":\"https:\/\/www.gintaresgeles.lt\/en\/?s={search_term_string}\"},\"query-input\":{\"@type\":\"PropertyValueSpecification\",\"valueRequired\":true,\"valueName\":\"search_term_string\"}}],\"inLanguage\":\"en-US\"}]}<\/script>\n<!-- \/ Yoast SEO plugin. -->","yoast_head_json":{"title":"Christmas composition \"Ginger cookie\" | Gintar\u0117s G\u0117l\u0117s","description":"Give your friends a boxed arrangement of fragrant fennel branches that will delight and will be perfect as a table decoration throughout the festive season.","robots":{"index":"index","follow":"follow","max-snippet":"max-snippet:-1","max-image-preview":"max-image-preview:large","max-video-preview":"max-video-preview:-1"},"canonical":"https:\/\/www.gintaresgeles.lt\/en\/puokste\/christmas-composition-ginger-cookie\/","og_locale":"en_US","og_type":"article","og_title":"Christmas composition \"Ginger cookie\" | Gintar\u0117s G\u0117l\u0117s","og_description":"Give your friends a boxed arrangement of fragrant fennel branches that will delight and will be perfect as a table decoration throughout the festive season.","og_url":"https:\/\/www.gintaresgeles.lt\/en\/puokste\/christmas-composition-ginger-cookie\/","og_site_name":"gintaresgeles.lt","article_modified_time":"2025-11-23T11:31:24+00:00","og_image":[{"width":1200,"height":1200,"url":"https:\/\/www.gintaresgeles.lt\/wp-content\/uploads\/2023\/11\/DSC_1438.jpg","type":"image\/jpeg"}],"twitter_card":"summary_large_image","schema":{"@context":"https:\/\/schema.org","@graph":[{"@type":"WebPage","@id":"https:\/\/www.gintaresgeles.lt\/en\/puokste\/christmas-composition-ginger-cookie\/","url":"https:\/\/www.gintaresgeles.lt\/en\/puokste\/christmas-composition-ginger-cookie\/","name":"Christmas composition \"Ginger cookie\" | Gintar\u0117s G\u0117l\u0117s","isPartOf":{"@id":"https:\/\/www.gintaresgeles.lt\/en\/#website"},"primaryImageOfPage":{"@id":"https:\/\/www.gintaresgeles.lt\/en\/puokste\/christmas-composition-ginger-cookie\/#primaryimage"},"image":{"@id":"https:\/\/www.gintaresgeles.lt\/en\/puokste\/christmas-composition-ginger-cookie\/#primaryimage"},"thumbnailUrl":"https:\/\/www.gintaresgeles.lt\/wp-content\/uploads\/2023\/11\/DSC_1438.jpg","datePublished":"2023-11-10T15:10:06+00:00","dateModified":"2025-11-23T11:31:24+00:00","description":"Give your friends a boxed arrangement of fragrant fennel branches that will delight and will be perfect as a table decoration throughout the festive season.","breadcrumb":{"@id":"https:\/\/www.gintaresgeles.lt\/en\/puokste\/christmas-composition-ginger-cookie\/#breadcrumb"},"inLanguage":"en-US","potentialAction":[{"@type":"ReadAction","target":["https:\/\/www.gintaresgeles.lt\/en\/puokste\/christmas-composition-ginger-cookie\/"]}]},{"@type":"ImageObject","inLanguage":"en-US","@id":"https:\/\/www.gintaresgeles.lt\/en\/puokste\/christmas-composition-ginger-cookie\/#primaryimage","url":"https:\/\/www.gintaresgeles.lt\/wp-content\/uploads\/2023\/11\/DSC_1438.jpg","contentUrl":"https:\/\/www.gintaresgeles.lt\/wp-content\/uploads\/2023\/11\/DSC_1438.jpg","width":1200,"height":1200,"caption":"Kal\u0117din\u0117 kompozicija d\u0117\u017eut\u0117je su dekoratyviniu imbieriniu sausainiu"},{"@type":"BreadcrumbList","@id":"https:\/\/www.gintaresgeles.lt\/en\/puokste\/christmas-composition-ginger-cookie\/#breadcrumb","itemListElement":[{"@type":"ListItem","position":1,"name":"Prad\u017eia","item":"https:\/\/www.gintaresgeles.lt\/en\/"},{"@type":"ListItem","position":2,"name":"All flowers and other products","item":"https:\/\/www.gintaresgeles.lt\/en\/all-flowers-and-other-products\/"},{"@type":"ListItem","position":3,"name":"Christmas composition &#8222;Ginger cookie&#8221;"}]},{"@type":"WebSite","@id":"https:\/\/www.gintaresgeles.lt\/en\/#website","url":"https:\/\/www.gintaresgeles.lt\/en\/","name":"Gintares Geles","description":"Flower delivery in Vilnius | Same-day delivery | Gintares geles","potentialAction":[{"@type":"SearchAction","target":{"@type":"EntryPoint","urlTemplate":"https:\/\/www.gintaresgeles.lt\/en\/?s={search_term_string}"},"query-input":{"@type":"PropertyValueSpecification","valueRequired":true,"valueName":"search_term_string"}}],"inLanguage":"en-US"}]}},"_links":{"self":[{"href":"https:\/\/www.gintaresgeles.lt\/en\/wp-json\/wp\/v2\/product\/51081","targetHints":{"allow":["GET"]}}],"collection":[{"href":"https:\/\/www.gintaresgeles.lt\/en\/wp-json\/wp\/v2\/product"}],"about":[{"href":"https:\/\/www.gintaresgeles.lt\/en\/wp-json\/wp\/v2\/types\/product"}],"wp:featuredmedia":[{"embeddable":true,"href":"https:\/\/www.gintaresgeles.lt\/en\/wp-json\/wp\/v2\/media\/50220"}],"wp:attachment":[{"href":"https:\/\/www.gintaresgeles.lt\/en\/wp-json\/wp\/v2\/media?parent=51081"}],"wp:term":[{"taxonomy":"product_brand","embeddable":true,"href":"https:\/\/www.gintaresgeles.lt\/en\/wp-json\/wp\/v2\/product_brand?post=51081"},{"taxonomy":"product_cat","embeddable":true,"href":"https:\/\/www.gintaresgeles.lt\/en\/wp-json\/wp\/v2\/product_cat?post=51081"},{"taxonomy":"product_tag","embeddable":true,"href":"https:\/\/www.gintaresgeles.lt\/en\/wp-json\/wp\/v2\/product_tag?post=51081"}],"curies":[{"name":"wp","href":"https:\/\/api.w.org\/{rel}","templated":true}]}}