{"id":51087,"date":"2023-09-22T14:29:53","date_gmt":"2023-09-22T12:29:53","guid":{"rendered":"https:\/\/www.gintaresgeles.lt\/puokste\/a-bouquet-of-pink-hydrangeas-and-white-hollyhocks\/"},"modified":"2025-01-31T10:16:13","modified_gmt":"2025-01-31T08:16:13","slug":"a-bouquet-of-pink-hydrangeas-and-white-hollyhocks","status":"publish","type":"product","link":"https:\/\/www.gintaresgeles.lt\/en\/puokste\/a-bouquet-of-pink-hydrangeas-and-white-hollyhocks\/","title":{"rendered":"A bouquet of pink hydrangeas and white hollyhocks"},"content":{"rendered":"","protected":false},"excerpt":{"rendered":"<p>The summer hydrangea, characterized by its exceptionally large flower, goes well with small-flowered white cypresses. Give this cute composition to your beloved sisters, mothers, aunts, teachers or your significant other and make them feel the most beautiful.<\/p>\n<p>The bouquet consists of 1 pc. pink hydrangeas and a white holly branch.<\/p>\n","protected":false},"featured_media":49556,"template":"","meta":[],"product_brand":[],"product_cat":[261,260,256,253,2157,2184,2183,257,268,1966,1804,906,2154],"product_tag":[],"class_list":{"0":"post-51087","1":"product","2":"type-product","3":"status-publish","4":"has-post-thumbnail","6":"product_cat-birthday-bouquets","7":"product_cat-birthday-flowers","8":"product_cat-flowers-for-girlfriend","9":"product_cat-flowers-for-mom","10":"product_cat-september-1","11":"product_cat-flowers-for-teachers-day","12":"product_cat-flowers-for-teachers","13":"product_cat-flowers-for-women","14":"product_cat-flower-bouquets","15":"product_cat-flowers-wrapped-in-paper","16":"product_cat-gypsophila","17":"product_cat-hydrangea","18":"product_cat-small","19":"tm-has-options","21":"first","22":"outofstock","23":"taxable","24":"shipping-taxable","25":"purchasable","26":"product-type-simple"},"yoast_head":"<!-- This site is optimized with the Yoast SEO plugin v25.3 - https:\/\/yoast.com\/wordpress\/plugins\/seo\/ -->\n<title>Pink hydrangea and white daisies in a bouquet | Gintar\u0117s G\u0117l\u0117s<\/title>\n<meta name=\"description\" content=\"Looking for something special for your lady love? This romantic bouquet of pink hydrangea and white hyacinths is sure to impress everyone.\" \/>\n<meta name=\"robots\" content=\"index, follow, max-snippet:-1, max-image-preview:large, max-video-preview:-1\" \/>\n<link rel=\"canonical\" href=\"https:\/\/www.gintaresgeles.lt\/en\/puokste\/a-bouquet-of-pink-hydrangeas-and-white-hollyhocks\/\" \/>\n<meta property=\"og:locale\" content=\"en_US\" \/>\n<meta property=\"og:type\" content=\"article\" \/>\n<meta property=\"og:title\" content=\"Pink hydrangea and white daisies in a bouquet | Gintar\u0117s G\u0117l\u0117s\" \/>\n<meta property=\"og:description\" content=\"Looking for something special for your lady love? This romantic bouquet of pink hydrangea and white hyacinths is sure to impress everyone.\" \/>\n<meta property=\"og:url\" content=\"https:\/\/www.gintaresgeles.lt\/en\/puokste\/a-bouquet-of-pink-hydrangeas-and-white-hollyhocks\/\" \/>\n<meta property=\"og:site_name\" content=\"gintaresgeles.lt\" \/>\n<meta property=\"article:modified_time\" content=\"2025-01-31T08:16:13+00:00\" \/>\n<meta property=\"og:image\" content=\"https:\/\/www.gintaresgeles.lt\/wp-content\/uploads\/2023\/09\/rozine-hortenzija-ir-balta-guboja-puoksteje-nedideles-puokste.jpg\" \/>\n\t<meta property=\"og:image:width\" content=\"1200\" \/>\n\t<meta property=\"og:image:height\" content=\"1200\" \/>\n\t<meta property=\"og:image:type\" content=\"image\/jpeg\" \/>\n<meta name=\"twitter:card\" content=\"summary_large_image\" \/>\n<script type=\"application\/ld+json\" class=\"yoast-schema-graph\">{\"@context\":\"https:\/\/schema.org\",\"@graph\":[{\"@type\":\"WebPage\",\"@id\":\"https:\/\/www.gintaresgeles.lt\/en\/puokste\/a-bouquet-of-pink-hydrangeas-and-white-hollyhocks\/\",\"url\":\"https:\/\/www.gintaresgeles.lt\/en\/puokste\/a-bouquet-of-pink-hydrangeas-and-white-hollyhocks\/\",\"name\":\"Pink hydrangea and white daisies in a bouquet | Gintar\u0117s G\u0117l\u0117s\",\"isPartOf\":{\"@id\":\"https:\/\/www.gintaresgeles.lt\/en\/#website\"},\"primaryImageOfPage\":{\"@id\":\"https:\/\/www.gintaresgeles.lt\/en\/puokste\/a-bouquet-of-pink-hydrangeas-and-white-hollyhocks\/#primaryimage\"},\"image\":{\"@id\":\"https:\/\/www.gintaresgeles.lt\/en\/puokste\/a-bouquet-of-pink-hydrangeas-and-white-hollyhocks\/#primaryimage\"},\"thumbnailUrl\":\"https:\/\/www.gintaresgeles.lt\/wp-content\/uploads\/2023\/09\/rozine-hortenzija-ir-balta-guboja-puoksteje-nedideles-puokste.jpg\",\"datePublished\":\"2023-09-22T12:29:53+00:00\",\"dateModified\":\"2025-01-31T08:16:13+00:00\",\"description\":\"Looking for something special for your lady love? This romantic bouquet of pink hydrangea and white hyacinths is sure to impress everyone.\",\"breadcrumb\":{\"@id\":\"https:\/\/www.gintaresgeles.lt\/en\/puokste\/a-bouquet-of-pink-hydrangeas-and-white-hollyhocks\/#breadcrumb\"},\"inLanguage\":\"en-US\",\"potentialAction\":[{\"@type\":\"ReadAction\",\"target\":[\"https:\/\/www.gintaresgeles.lt\/en\/puokste\/a-bouquet-of-pink-hydrangeas-and-white-hollyhocks\/\"]}]},{\"@type\":\"ImageObject\",\"inLanguage\":\"en-US\",\"@id\":\"https:\/\/www.gintaresgeles.lt\/en\/puokste\/a-bouquet-of-pink-hydrangeas-and-white-hollyhocks\/#primaryimage\",\"url\":\"https:\/\/www.gintaresgeles.lt\/wp-content\/uploads\/2023\/09\/rozine-hortenzija-ir-balta-guboja-puoksteje-nedideles-puokste.jpg\",\"contentUrl\":\"https:\/\/www.gintaresgeles.lt\/wp-content\/uploads\/2023\/09\/rozine-hortenzija-ir-balta-guboja-puoksteje-nedideles-puokste.jpg\",\"width\":1200,\"height\":1200,\"caption\":\"Ro\u017ein\u0117s hortenzijos ir balt\u0173 guboj\u0173 puok\u0161t\u0117 gimtadienio g\u0117l\u0117s\"},{\"@type\":\"BreadcrumbList\",\"@id\":\"https:\/\/www.gintaresgeles.lt\/en\/puokste\/a-bouquet-of-pink-hydrangeas-and-white-hollyhocks\/#breadcrumb\",\"itemListElement\":[{\"@type\":\"ListItem\",\"position\":1,\"name\":\"Prad\u017eia\",\"item\":\"https:\/\/www.gintaresgeles.lt\/en\/\"},{\"@type\":\"ListItem\",\"position\":2,\"name\":\"All flowers and other products\",\"item\":\"https:\/\/www.gintaresgeles.lt\/en\/all-flowers-and-other-products\/\"},{\"@type\":\"ListItem\",\"position\":3,\"name\":\"A bouquet of pink hydrangeas and white hollyhocks\"}]},{\"@type\":\"WebSite\",\"@id\":\"https:\/\/www.gintaresgeles.lt\/en\/#website\",\"url\":\"https:\/\/www.gintaresgeles.lt\/en\/\",\"name\":\"gintaresgeles.lt\",\"description\":\"G\u0117li\u0173 parduotuv\u0117 internete\",\"potentialAction\":[{\"@type\":\"SearchAction\",\"target\":{\"@type\":\"EntryPoint\",\"urlTemplate\":\"https:\/\/www.gintaresgeles.lt\/en\/?s={search_term_string}\"},\"query-input\":{\"@type\":\"PropertyValueSpecification\",\"valueRequired\":true,\"valueName\":\"search_term_string\"}}],\"inLanguage\":\"en-US\"}]}<\/script>\n<!-- \/ Yoast SEO plugin. -->","yoast_head_json":{"title":"Pink hydrangea and white daisies in a bouquet | Gintar\u0117s G\u0117l\u0117s","description":"Looking for something special for your lady love? This romantic bouquet of pink hydrangea and white hyacinths is sure to impress everyone.","robots":{"index":"index","follow":"follow","max-snippet":"max-snippet:-1","max-image-preview":"max-image-preview:large","max-video-preview":"max-video-preview:-1"},"canonical":"https:\/\/www.gintaresgeles.lt\/en\/puokste\/a-bouquet-of-pink-hydrangeas-and-white-hollyhocks\/","og_locale":"en_US","og_type":"article","og_title":"Pink hydrangea and white daisies in a bouquet | Gintar\u0117s G\u0117l\u0117s","og_description":"Looking for something special for your lady love? This romantic bouquet of pink hydrangea and white hyacinths is sure to impress everyone.","og_url":"https:\/\/www.gintaresgeles.lt\/en\/puokste\/a-bouquet-of-pink-hydrangeas-and-white-hollyhocks\/","og_site_name":"gintaresgeles.lt","article_modified_time":"2025-01-31T08:16:13+00:00","og_image":[{"width":1200,"height":1200,"url":"https:\/\/www.gintaresgeles.lt\/wp-content\/uploads\/2023\/09\/rozine-hortenzija-ir-balta-guboja-puoksteje-nedideles-puokste.jpg","type":"image\/jpeg"}],"twitter_card":"summary_large_image","schema":{"@context":"https:\/\/schema.org","@graph":[{"@type":"WebPage","@id":"https:\/\/www.gintaresgeles.lt\/en\/puokste\/a-bouquet-of-pink-hydrangeas-and-white-hollyhocks\/","url":"https:\/\/www.gintaresgeles.lt\/en\/puokste\/a-bouquet-of-pink-hydrangeas-and-white-hollyhocks\/","name":"Pink hydrangea and white daisies in a bouquet | Gintar\u0117s G\u0117l\u0117s","isPartOf":{"@id":"https:\/\/www.gintaresgeles.lt\/en\/#website"},"primaryImageOfPage":{"@id":"https:\/\/www.gintaresgeles.lt\/en\/puokste\/a-bouquet-of-pink-hydrangeas-and-white-hollyhocks\/#primaryimage"},"image":{"@id":"https:\/\/www.gintaresgeles.lt\/en\/puokste\/a-bouquet-of-pink-hydrangeas-and-white-hollyhocks\/#primaryimage"},"thumbnailUrl":"https:\/\/www.gintaresgeles.lt\/wp-content\/uploads\/2023\/09\/rozine-hortenzija-ir-balta-guboja-puoksteje-nedideles-puokste.jpg","datePublished":"2023-09-22T12:29:53+00:00","dateModified":"2025-01-31T08:16:13+00:00","description":"Looking for something special for your lady love? This romantic bouquet of pink hydrangea and white hyacinths is sure to impress everyone.","breadcrumb":{"@id":"https:\/\/www.gintaresgeles.lt\/en\/puokste\/a-bouquet-of-pink-hydrangeas-and-white-hollyhocks\/#breadcrumb"},"inLanguage":"en-US","potentialAction":[{"@type":"ReadAction","target":["https:\/\/www.gintaresgeles.lt\/en\/puokste\/a-bouquet-of-pink-hydrangeas-and-white-hollyhocks\/"]}]},{"@type":"ImageObject","inLanguage":"en-US","@id":"https:\/\/www.gintaresgeles.lt\/en\/puokste\/a-bouquet-of-pink-hydrangeas-and-white-hollyhocks\/#primaryimage","url":"https:\/\/www.gintaresgeles.lt\/wp-content\/uploads\/2023\/09\/rozine-hortenzija-ir-balta-guboja-puoksteje-nedideles-puokste.jpg","contentUrl":"https:\/\/www.gintaresgeles.lt\/wp-content\/uploads\/2023\/09\/rozine-hortenzija-ir-balta-guboja-puoksteje-nedideles-puokste.jpg","width":1200,"height":1200,"caption":"Ro\u017ein\u0117s hortenzijos ir balt\u0173 guboj\u0173 puok\u0161t\u0117 gimtadienio g\u0117l\u0117s"},{"@type":"BreadcrumbList","@id":"https:\/\/www.gintaresgeles.lt\/en\/puokste\/a-bouquet-of-pink-hydrangeas-and-white-hollyhocks\/#breadcrumb","itemListElement":[{"@type":"ListItem","position":1,"name":"Prad\u017eia","item":"https:\/\/www.gintaresgeles.lt\/en\/"},{"@type":"ListItem","position":2,"name":"All flowers and other products","item":"https:\/\/www.gintaresgeles.lt\/en\/all-flowers-and-other-products\/"},{"@type":"ListItem","position":3,"name":"A bouquet of pink hydrangeas and white hollyhocks"}]},{"@type":"WebSite","@id":"https:\/\/www.gintaresgeles.lt\/en\/#website","url":"https:\/\/www.gintaresgeles.lt\/en\/","name":"gintaresgeles.lt","description":"G\u0117li\u0173 parduotuv\u0117 internete","potentialAction":[{"@type":"SearchAction","target":{"@type":"EntryPoint","urlTemplate":"https:\/\/www.gintaresgeles.lt\/en\/?s={search_term_string}"},"query-input":{"@type":"PropertyValueSpecification","valueRequired":true,"valueName":"search_term_string"}}],"inLanguage":"en-US"}]}},"_links":{"self":[{"href":"https:\/\/www.gintaresgeles.lt\/en\/wp-json\/wp\/v2\/product\/51087","targetHints":{"allow":["GET"]}}],"collection":[{"href":"https:\/\/www.gintaresgeles.lt\/en\/wp-json\/wp\/v2\/product"}],"about":[{"href":"https:\/\/www.gintaresgeles.lt\/en\/wp-json\/wp\/v2\/types\/product"}],"wp:featuredmedia":[{"embeddable":true,"href":"https:\/\/www.gintaresgeles.lt\/en\/wp-json\/wp\/v2\/media\/49556"}],"wp:attachment":[{"href":"https:\/\/www.gintaresgeles.lt\/en\/wp-json\/wp\/v2\/media?parent=51087"}],"wp:term":[{"taxonomy":"product_brand","embeddable":true,"href":"https:\/\/www.gintaresgeles.lt\/en\/wp-json\/wp\/v2\/product_brand?post=51087"},{"taxonomy":"product_cat","embeddable":true,"href":"https:\/\/www.gintaresgeles.lt\/en\/wp-json\/wp\/v2\/product_cat?post=51087"},{"taxonomy":"product_tag","embeddable":true,"href":"https:\/\/www.gintaresgeles.lt\/en\/wp-json\/wp\/v2\/product_tag?post=51087"}],"curies":[{"name":"wp","href":"https:\/\/api.w.org\/{rel}","templated":true}]}}