{"id":51596,"date":"2024-04-25T13:25:13","date_gmt":"2024-04-25T11:25:14","guid":{"rendered":"https:\/\/www.gintaresgeles.lt\/?post_type=product&#038;p=51596"},"modified":"2025-01-22T09:43:08","modified_gmt":"2025-01-22T07:43:08","slug":"a-big-red-rose-bear-with-a-white-heart-in-a-box-2","status":"publish","type":"product","link":"https:\/\/www.gintaresgeles.lt\/en\/puokste\/a-big-red-rose-bear-with-a-white-heart-in-a-box-2\/","title":{"rendered":"A big red rose bear with a white heart in a box"},"content":{"rendered":"","protected":false},"excerpt":{"rendered":"<p>The rose bear is the perfect gift for your special woman. This subtle gift will remind to your significant other of your precious feelings. Surprise and congratulate women for various occasions &#8211; Valentine&#8217;s Day, Women&#8217;s Day, birthdays. And remember &#8211; the most important thing is the given attention!<\/p>\n<p>The bear is packed in the transparent plastic box which is wrapped with a ribbon. The size of a bear is 40cm.<\/p>\n","protected":false},"featured_media":51602,"template":"","meta":[],"product_brand":[],"product_cat":[237,1540],"product_tag":[],"class_list":{"0":"post-51596","1":"product","2":"type-product","3":"status-publish","4":"has-post-thumbnail","6":"product_cat-gifts","7":"product_cat-rose-bears","8":"tm-has-options","10":"first","11":"instock","12":"taxable","13":"shipping-taxable","14":"purchasable","15":"product-type-simple"},"yoast_head":"<!-- This site is optimized with the Yoast SEO plugin v25.3 - https:\/\/yoast.com\/wordpress\/plugins\/seo\/ -->\n<title>A big red rose bear with a white heart in a box | Gintar\u0117sG\u0117l\u0117s.lt<\/title>\n<meta name=\"description\" content=\"Show attention to the woman you love by giving her this unique, large red rose teddy bear with a white heart to decorate her home.\" \/>\n<meta name=\"robots\" content=\"index, follow, max-snippet:-1, max-image-preview:large, max-video-preview:-1\" \/>\n<link rel=\"canonical\" href=\"https:\/\/www.gintaresgeles.lt\/en\/puokste\/a-big-red-rose-bear-with-a-white-heart-in-a-box-2\/\" \/>\n<meta property=\"og:locale\" content=\"en_US\" \/>\n<meta property=\"og:type\" content=\"article\" \/>\n<meta property=\"og:title\" content=\"A big red rose bear with a white heart in a box | Gintar\u0117sG\u0117l\u0117s.lt\" \/>\n<meta property=\"og:description\" content=\"Show attention to the woman you love by giving her this unique, large red rose teddy bear with a white heart to decorate her home.\" \/>\n<meta property=\"og:url\" content=\"https:\/\/www.gintaresgeles.lt\/en\/puokste\/a-big-red-rose-bear-with-a-white-heart-in-a-box-2\/\" \/>\n<meta property=\"og:site_name\" content=\"gintaresgeles.lt\" \/>\n<meta property=\"article:modified_time\" content=\"2025-01-22T07:43:08+00:00\" \/>\n<meta property=\"og:image\" content=\"https:\/\/www.gintaresgeles.lt\/wp-content\/uploads\/2024\/04\/didelis-raudonas-roziu-meskiukas-1.jpg\" \/>\n\t<meta property=\"og:image:width\" content=\"600\" \/>\n\t<meta property=\"og:image:height\" content=\"600\" \/>\n\t<meta property=\"og:image:type\" content=\"image\/jpeg\" \/>\n<meta name=\"twitter:card\" content=\"summary_large_image\" \/>\n<script type=\"application\/ld+json\" class=\"yoast-schema-graph\">{\"@context\":\"https:\/\/schema.org\",\"@graph\":[{\"@type\":\"WebPage\",\"@id\":\"https:\/\/www.gintaresgeles.lt\/en\/puokste\/a-big-red-rose-bear-with-a-white-heart-in-a-box-2\/\",\"url\":\"https:\/\/www.gintaresgeles.lt\/en\/puokste\/a-big-red-rose-bear-with-a-white-heart-in-a-box-2\/\",\"name\":\"A big red rose bear with a white heart in a box | Gintar\u0117sG\u0117l\u0117s.lt\",\"isPartOf\":{\"@id\":\"https:\/\/www.gintaresgeles.lt\/en\/#website\"},\"primaryImageOfPage\":{\"@id\":\"https:\/\/www.gintaresgeles.lt\/en\/puokste\/a-big-red-rose-bear-with-a-white-heart-in-a-box-2\/#primaryimage\"},\"image\":{\"@id\":\"https:\/\/www.gintaresgeles.lt\/en\/puokste\/a-big-red-rose-bear-with-a-white-heart-in-a-box-2\/#primaryimage\"},\"thumbnailUrl\":\"https:\/\/www.gintaresgeles.lt\/wp-content\/uploads\/2024\/04\/didelis-raudonas-roziu-meskiukas-1.jpg\",\"datePublished\":\"2024-04-25T11:25:14+00:00\",\"dateModified\":\"2025-01-22T07:43:08+00:00\",\"description\":\"Show attention to the woman you love by giving her this unique, large red rose teddy bear with a white heart to decorate her home.\",\"breadcrumb\":{\"@id\":\"https:\/\/www.gintaresgeles.lt\/en\/puokste\/a-big-red-rose-bear-with-a-white-heart-in-a-box-2\/#breadcrumb\"},\"inLanguage\":\"en-US\",\"potentialAction\":[{\"@type\":\"ReadAction\",\"target\":[\"https:\/\/www.gintaresgeles.lt\/en\/puokste\/a-big-red-rose-bear-with-a-white-heart-in-a-box-2\/\"]}]},{\"@type\":\"ImageObject\",\"inLanguage\":\"en-US\",\"@id\":\"https:\/\/www.gintaresgeles.lt\/en\/puokste\/a-big-red-rose-bear-with-a-white-heart-in-a-box-2\/#primaryimage\",\"url\":\"https:\/\/www.gintaresgeles.lt\/wp-content\/uploads\/2024\/04\/didelis-raudonas-roziu-meskiukas-1.jpg\",\"contentUrl\":\"https:\/\/www.gintaresgeles.lt\/wp-content\/uploads\/2024\/04\/didelis-raudonas-roziu-meskiukas-1.jpg\",\"width\":600,\"height\":600,\"caption\":\"Raudonas ro\u017ei\u0173 me\u0161kiukas\"},{\"@type\":\"BreadcrumbList\",\"@id\":\"https:\/\/www.gintaresgeles.lt\/en\/puokste\/a-big-red-rose-bear-with-a-white-heart-in-a-box-2\/#breadcrumb\",\"itemListElement\":[{\"@type\":\"ListItem\",\"position\":1,\"name\":\"Prad\u017eia\",\"item\":\"https:\/\/www.gintaresgeles.lt\/en\/\"},{\"@type\":\"ListItem\",\"position\":2,\"name\":\"All flowers and other products\",\"item\":\"https:\/\/www.gintaresgeles.lt\/en\/all-flowers-and-other-products\/\"},{\"@type\":\"ListItem\",\"position\":3,\"name\":\"A big red rose bear with a white heart in a box\"}]},{\"@type\":\"WebSite\",\"@id\":\"https:\/\/www.gintaresgeles.lt\/en\/#website\",\"url\":\"https:\/\/www.gintaresgeles.lt\/en\/\",\"name\":\"gintaresgeles.lt\",\"description\":\"G\u0117li\u0173 parduotuv\u0117 internete\",\"potentialAction\":[{\"@type\":\"SearchAction\",\"target\":{\"@type\":\"EntryPoint\",\"urlTemplate\":\"https:\/\/www.gintaresgeles.lt\/en\/?s={search_term_string}\"},\"query-input\":{\"@type\":\"PropertyValueSpecification\",\"valueRequired\":true,\"valueName\":\"search_term_string\"}}],\"inLanguage\":\"en-US\"}]}<\/script>\n<!-- \/ Yoast SEO plugin. -->","yoast_head_json":{"title":"A big red rose bear with a white heart in a box | Gintar\u0117sG\u0117l\u0117s.lt","description":"Show attention to the woman you love by giving her this unique, large red rose teddy bear with a white heart to decorate her home.","robots":{"index":"index","follow":"follow","max-snippet":"max-snippet:-1","max-image-preview":"max-image-preview:large","max-video-preview":"max-video-preview:-1"},"canonical":"https:\/\/www.gintaresgeles.lt\/en\/puokste\/a-big-red-rose-bear-with-a-white-heart-in-a-box-2\/","og_locale":"en_US","og_type":"article","og_title":"A big red rose bear with a white heart in a box | Gintar\u0117sG\u0117l\u0117s.lt","og_description":"Show attention to the woman you love by giving her this unique, large red rose teddy bear with a white heart to decorate her home.","og_url":"https:\/\/www.gintaresgeles.lt\/en\/puokste\/a-big-red-rose-bear-with-a-white-heart-in-a-box-2\/","og_site_name":"gintaresgeles.lt","article_modified_time":"2025-01-22T07:43:08+00:00","og_image":[{"width":600,"height":600,"url":"https:\/\/www.gintaresgeles.lt\/wp-content\/uploads\/2024\/04\/didelis-raudonas-roziu-meskiukas-1.jpg","type":"image\/jpeg"}],"twitter_card":"summary_large_image","schema":{"@context":"https:\/\/schema.org","@graph":[{"@type":"WebPage","@id":"https:\/\/www.gintaresgeles.lt\/en\/puokste\/a-big-red-rose-bear-with-a-white-heart-in-a-box-2\/","url":"https:\/\/www.gintaresgeles.lt\/en\/puokste\/a-big-red-rose-bear-with-a-white-heart-in-a-box-2\/","name":"A big red rose bear with a white heart in a box | Gintar\u0117sG\u0117l\u0117s.lt","isPartOf":{"@id":"https:\/\/www.gintaresgeles.lt\/en\/#website"},"primaryImageOfPage":{"@id":"https:\/\/www.gintaresgeles.lt\/en\/puokste\/a-big-red-rose-bear-with-a-white-heart-in-a-box-2\/#primaryimage"},"image":{"@id":"https:\/\/www.gintaresgeles.lt\/en\/puokste\/a-big-red-rose-bear-with-a-white-heart-in-a-box-2\/#primaryimage"},"thumbnailUrl":"https:\/\/www.gintaresgeles.lt\/wp-content\/uploads\/2024\/04\/didelis-raudonas-roziu-meskiukas-1.jpg","datePublished":"2024-04-25T11:25:14+00:00","dateModified":"2025-01-22T07:43:08+00:00","description":"Show attention to the woman you love by giving her this unique, large red rose teddy bear with a white heart to decorate her home.","breadcrumb":{"@id":"https:\/\/www.gintaresgeles.lt\/en\/puokste\/a-big-red-rose-bear-with-a-white-heart-in-a-box-2\/#breadcrumb"},"inLanguage":"en-US","potentialAction":[{"@type":"ReadAction","target":["https:\/\/www.gintaresgeles.lt\/en\/puokste\/a-big-red-rose-bear-with-a-white-heart-in-a-box-2\/"]}]},{"@type":"ImageObject","inLanguage":"en-US","@id":"https:\/\/www.gintaresgeles.lt\/en\/puokste\/a-big-red-rose-bear-with-a-white-heart-in-a-box-2\/#primaryimage","url":"https:\/\/www.gintaresgeles.lt\/wp-content\/uploads\/2024\/04\/didelis-raudonas-roziu-meskiukas-1.jpg","contentUrl":"https:\/\/www.gintaresgeles.lt\/wp-content\/uploads\/2024\/04\/didelis-raudonas-roziu-meskiukas-1.jpg","width":600,"height":600,"caption":"Raudonas ro\u017ei\u0173 me\u0161kiukas"},{"@type":"BreadcrumbList","@id":"https:\/\/www.gintaresgeles.lt\/en\/puokste\/a-big-red-rose-bear-with-a-white-heart-in-a-box-2\/#breadcrumb","itemListElement":[{"@type":"ListItem","position":1,"name":"Prad\u017eia","item":"https:\/\/www.gintaresgeles.lt\/en\/"},{"@type":"ListItem","position":2,"name":"All flowers and other products","item":"https:\/\/www.gintaresgeles.lt\/en\/all-flowers-and-other-products\/"},{"@type":"ListItem","position":3,"name":"A big red rose bear with a white heart in a box"}]},{"@type":"WebSite","@id":"https:\/\/www.gintaresgeles.lt\/en\/#website","url":"https:\/\/www.gintaresgeles.lt\/en\/","name":"gintaresgeles.lt","description":"G\u0117li\u0173 parduotuv\u0117 internete","potentialAction":[{"@type":"SearchAction","target":{"@type":"EntryPoint","urlTemplate":"https:\/\/www.gintaresgeles.lt\/en\/?s={search_term_string}"},"query-input":{"@type":"PropertyValueSpecification","valueRequired":true,"valueName":"search_term_string"}}],"inLanguage":"en-US"}]}},"_links":{"self":[{"href":"https:\/\/www.gintaresgeles.lt\/en\/wp-json\/wp\/v2\/product\/51596","targetHints":{"allow":["GET"]}}],"collection":[{"href":"https:\/\/www.gintaresgeles.lt\/en\/wp-json\/wp\/v2\/product"}],"about":[{"href":"https:\/\/www.gintaresgeles.lt\/en\/wp-json\/wp\/v2\/types\/product"}],"wp:featuredmedia":[{"embeddable":true,"href":"https:\/\/www.gintaresgeles.lt\/en\/wp-json\/wp\/v2\/media\/51602"}],"wp:attachment":[{"href":"https:\/\/www.gintaresgeles.lt\/en\/wp-json\/wp\/v2\/media?parent=51596"}],"wp:term":[{"taxonomy":"product_brand","embeddable":true,"href":"https:\/\/www.gintaresgeles.lt\/en\/wp-json\/wp\/v2\/product_brand?post=51596"},{"taxonomy":"product_cat","embeddable":true,"href":"https:\/\/www.gintaresgeles.lt\/en\/wp-json\/wp\/v2\/product_cat?post=51596"},{"taxonomy":"product_tag","embeddable":true,"href":"https:\/\/www.gintaresgeles.lt\/en\/wp-json\/wp\/v2\/product_tag?post=51596"}],"curies":[{"name":"wp","href":"https:\/\/api.w.org\/{rel}","templated":true}]}}