{"id":51905,"date":"2024-05-10T20:38:47","date_gmt":"2024-05-10T18:38:48","guid":{"rendered":"https:\/\/www.gintaresgeles.lt\/?post_type=product&#038;p=51905"},"modified":"2025-11-17T10:29:44","modified_gmt":"2025-11-17T08:29:44","slug":"box-of-soap-flowers-small-purple-roses-3","status":"publish","type":"product","link":"https:\/\/www.gintaresgeles.lt\/en\/puokste\/box-of-soap-flowers-small-purple-roses-3\/","title":{"rendered":"Box of soap flowers \u201ePink Small Roses with Black Trim\u201c"},"content":{"rendered":"","protected":false},"excerpt":{"rendered":"<p>Surprise your beloved mom, sister, or friend with an original and unique gift. The realistic, fragrant pink small roses with a black border, made from soap, will make a beautiful interior accent.<\/p>\n<p>The box contains 21-23 soap roses, depending on the size of the flowers.<\/p>\n","protected":false},"featured_media":51907,"template":"","meta":[],"product_brand":[],"product_cat":[260,259,252,266,256,253,257,428,262,263,264,1926],"product_tag":[],"class_list":{"0":"post-51905","1":"product","2":"type-product","3":"status-publish","4":"has-post-thumbnail","6":"product_cat-birthday-flowers","7":"product_cat-flowers-by-occasion","8":"product_cat-flowers-by-recipient","9":"product_cat-flowers-by-style","10":"product_cat-flowers-for-girlfriend","11":"product_cat-flowers-for-mom","12":"product_cat-flowers-for-women","13":"product_cat-jubilee-flowers","14":"product_cat-march8th-flowers","15":"product_cat-mothers-day-flowers","16":"product_cat-valentines-day-flowers","17":"product_cat-soap-flowers","18":"tm-no-options","20":"first","21":"instock","22":"taxable","23":"shipping-taxable","24":"purchasable","25":"product-type-simple"},"yoast_head":"<!-- This site is optimized with the Yoast SEO plugin v25.3 - https:\/\/yoast.com\/wordpress\/plugins\/seo\/ -->\n<title>Box of soap flowers \u201ePink Small Roses with Black Trim\u201c | Gintar\u0117s g\u0117l\u0117s<\/title>\n<meta name=\"description\" content=\"Fragrant soap flowers in the &quot;Pink Small Roses with Black Trim&quot; box \u2013 enjoy a long-lasting decoration for your home or workplace.\" \/>\n<meta name=\"robots\" content=\"index, follow, max-snippet:-1, max-image-preview:large, max-video-preview:-1\" \/>\n<link rel=\"canonical\" href=\"https:\/\/www.gintaresgeles.lt\/en\/puokste\/box-of-soap-flowers-small-purple-roses-3\/\" \/>\n<meta property=\"og:locale\" content=\"en_US\" \/>\n<meta property=\"og:type\" content=\"article\" \/>\n<meta property=\"og:title\" content=\"Box of soap flowers \u201ePink Small Roses with Black Trim\u201c | Gintar\u0117s g\u0117l\u0117s\" \/>\n<meta property=\"og:description\" content=\"Fragrant soap flowers in the &quot;Pink Small Roses with Black Trim&quot; box \u2013 enjoy a long-lasting decoration for your home or workplace.\" \/>\n<meta property=\"og:url\" content=\"https:\/\/www.gintaresgeles.lt\/en\/puokste\/box-of-soap-flowers-small-purple-roses-3\/\" \/>\n<meta property=\"og:site_name\" content=\"gintaresgeles.lt\" \/>\n<meta property=\"article:modified_time\" content=\"2025-11-17T08:29:44+00:00\" \/>\n<meta property=\"og:image\" content=\"https:\/\/www.gintaresgeles.lt\/wp-content\/uploads\/2024\/05\/muilo-geles-rozines-rozes-su-juoda-juostele-dezuteje.jpg\" \/>\n\t<meta property=\"og:image:width\" content=\"1200\" \/>\n\t<meta property=\"og:image:height\" content=\"1200\" \/>\n\t<meta property=\"og:image:type\" content=\"image\/jpeg\" \/>\n<meta name=\"twitter:card\" content=\"summary_large_image\" \/>\n<script type=\"application\/ld+json\" class=\"yoast-schema-graph\">{\"@context\":\"https:\/\/schema.org\",\"@graph\":[{\"@type\":\"WebPage\",\"@id\":\"https:\/\/www.gintaresgeles.lt\/en\/puokste\/box-of-soap-flowers-small-purple-roses-3\/\",\"url\":\"https:\/\/www.gintaresgeles.lt\/en\/puokste\/box-of-soap-flowers-small-purple-roses-3\/\",\"name\":\"Box of soap flowers \u201ePink Small Roses with Black Trim\u201c | Gintar\u0117s g\u0117l\u0117s\",\"isPartOf\":{\"@id\":\"https:\/\/www.gintaresgeles.lt\/en\/#website\"},\"primaryImageOfPage\":{\"@id\":\"https:\/\/www.gintaresgeles.lt\/en\/puokste\/box-of-soap-flowers-small-purple-roses-3\/#primaryimage\"},\"image\":{\"@id\":\"https:\/\/www.gintaresgeles.lt\/en\/puokste\/box-of-soap-flowers-small-purple-roses-3\/#primaryimage\"},\"thumbnailUrl\":\"https:\/\/www.gintaresgeles.lt\/wp-content\/uploads\/2024\/05\/muilo-geles-rozines-rozes-su-juoda-juostele-dezuteje.jpg\",\"datePublished\":\"2024-05-10T18:38:48+00:00\",\"dateModified\":\"2025-11-17T08:29:44+00:00\",\"description\":\"Fragrant soap flowers in the \\\"Pink Small Roses with Black Trim\\\" box \u2013 enjoy a long-lasting decoration for your home or workplace.\",\"breadcrumb\":{\"@id\":\"https:\/\/www.gintaresgeles.lt\/en\/puokste\/box-of-soap-flowers-small-purple-roses-3\/#breadcrumb\"},\"inLanguage\":\"en-US\",\"potentialAction\":[{\"@type\":\"ReadAction\",\"target\":[\"https:\/\/www.gintaresgeles.lt\/en\/puokste\/box-of-soap-flowers-small-purple-roses-3\/\"]}]},{\"@type\":\"ImageObject\",\"inLanguage\":\"en-US\",\"@id\":\"https:\/\/www.gintaresgeles.lt\/en\/puokste\/box-of-soap-flowers-small-purple-roses-3\/#primaryimage\",\"url\":\"https:\/\/www.gintaresgeles.lt\/wp-content\/uploads\/2024\/05\/muilo-geles-rozines-rozes-su-juoda-juostele-dezuteje.jpg\",\"contentUrl\":\"https:\/\/www.gintaresgeles.lt\/wp-content\/uploads\/2024\/05\/muilo-geles-rozines-rozes-su-juoda-juostele-dezuteje.jpg\",\"width\":1200,\"height\":1200,\"caption\":\"Ro\u017ein\u0117s muilo ro\u017e\u0117s su juodais apvadais d\u0117\u017eut\u0117je g\u0117l\u0117s moterims\"},{\"@type\":\"BreadcrumbList\",\"@id\":\"https:\/\/www.gintaresgeles.lt\/en\/puokste\/box-of-soap-flowers-small-purple-roses-3\/#breadcrumb\",\"itemListElement\":[{\"@type\":\"ListItem\",\"position\":1,\"name\":\"Prad\u017eia\",\"item\":\"https:\/\/www.gintaresgeles.lt\/en\/\"},{\"@type\":\"ListItem\",\"position\":2,\"name\":\"All flowers and other products\",\"item\":\"https:\/\/www.gintaresgeles.lt\/en\/all-flowers-and-other-products\/\"},{\"@type\":\"ListItem\",\"position\":3,\"name\":\"Box of soap flowers \u201ePink Small Roses with Black Trim\u201c\"}]},{\"@type\":\"WebSite\",\"@id\":\"https:\/\/www.gintaresgeles.lt\/en\/#website\",\"url\":\"https:\/\/www.gintaresgeles.lt\/en\/\",\"name\":\"Gintares Geles\",\"description\":\"Flower delivery in Vilnius | Same-day delivery | Gintares geles\",\"potentialAction\":[{\"@type\":\"SearchAction\",\"target\":{\"@type\":\"EntryPoint\",\"urlTemplate\":\"https:\/\/www.gintaresgeles.lt\/en\/?s={search_term_string}\"},\"query-input\":{\"@type\":\"PropertyValueSpecification\",\"valueRequired\":true,\"valueName\":\"search_term_string\"}}],\"inLanguage\":\"en-US\"}]}<\/script>\n<!-- \/ Yoast SEO plugin. -->","yoast_head_json":{"title":"Box of soap flowers \u201ePink Small Roses with Black Trim\u201c | Gintar\u0117s g\u0117l\u0117s","description":"Fragrant soap flowers in the \"Pink Small Roses with Black Trim\" box \u2013 enjoy a long-lasting decoration for your home or workplace.","robots":{"index":"index","follow":"follow","max-snippet":"max-snippet:-1","max-image-preview":"max-image-preview:large","max-video-preview":"max-video-preview:-1"},"canonical":"https:\/\/www.gintaresgeles.lt\/en\/puokste\/box-of-soap-flowers-small-purple-roses-3\/","og_locale":"en_US","og_type":"article","og_title":"Box of soap flowers \u201ePink Small Roses with Black Trim\u201c | Gintar\u0117s g\u0117l\u0117s","og_description":"Fragrant soap flowers in the \"Pink Small Roses with Black Trim\" box \u2013 enjoy a long-lasting decoration for your home or workplace.","og_url":"https:\/\/www.gintaresgeles.lt\/en\/puokste\/box-of-soap-flowers-small-purple-roses-3\/","og_site_name":"gintaresgeles.lt","article_modified_time":"2025-11-17T08:29:44+00:00","og_image":[{"width":1200,"height":1200,"url":"https:\/\/www.gintaresgeles.lt\/wp-content\/uploads\/2024\/05\/muilo-geles-rozines-rozes-su-juoda-juostele-dezuteje.jpg","type":"image\/jpeg"}],"twitter_card":"summary_large_image","schema":{"@context":"https:\/\/schema.org","@graph":[{"@type":"WebPage","@id":"https:\/\/www.gintaresgeles.lt\/en\/puokste\/box-of-soap-flowers-small-purple-roses-3\/","url":"https:\/\/www.gintaresgeles.lt\/en\/puokste\/box-of-soap-flowers-small-purple-roses-3\/","name":"Box of soap flowers \u201ePink Small Roses with Black Trim\u201c | Gintar\u0117s g\u0117l\u0117s","isPartOf":{"@id":"https:\/\/www.gintaresgeles.lt\/en\/#website"},"primaryImageOfPage":{"@id":"https:\/\/www.gintaresgeles.lt\/en\/puokste\/box-of-soap-flowers-small-purple-roses-3\/#primaryimage"},"image":{"@id":"https:\/\/www.gintaresgeles.lt\/en\/puokste\/box-of-soap-flowers-small-purple-roses-3\/#primaryimage"},"thumbnailUrl":"https:\/\/www.gintaresgeles.lt\/wp-content\/uploads\/2024\/05\/muilo-geles-rozines-rozes-su-juoda-juostele-dezuteje.jpg","datePublished":"2024-05-10T18:38:48+00:00","dateModified":"2025-11-17T08:29:44+00:00","description":"Fragrant soap flowers in the \"Pink Small Roses with Black Trim\" box \u2013 enjoy a long-lasting decoration for your home or workplace.","breadcrumb":{"@id":"https:\/\/www.gintaresgeles.lt\/en\/puokste\/box-of-soap-flowers-small-purple-roses-3\/#breadcrumb"},"inLanguage":"en-US","potentialAction":[{"@type":"ReadAction","target":["https:\/\/www.gintaresgeles.lt\/en\/puokste\/box-of-soap-flowers-small-purple-roses-3\/"]}]},{"@type":"ImageObject","inLanguage":"en-US","@id":"https:\/\/www.gintaresgeles.lt\/en\/puokste\/box-of-soap-flowers-small-purple-roses-3\/#primaryimage","url":"https:\/\/www.gintaresgeles.lt\/wp-content\/uploads\/2024\/05\/muilo-geles-rozines-rozes-su-juoda-juostele-dezuteje.jpg","contentUrl":"https:\/\/www.gintaresgeles.lt\/wp-content\/uploads\/2024\/05\/muilo-geles-rozines-rozes-su-juoda-juostele-dezuteje.jpg","width":1200,"height":1200,"caption":"Ro\u017ein\u0117s muilo ro\u017e\u0117s su juodais apvadais d\u0117\u017eut\u0117je g\u0117l\u0117s moterims"},{"@type":"BreadcrumbList","@id":"https:\/\/www.gintaresgeles.lt\/en\/puokste\/box-of-soap-flowers-small-purple-roses-3\/#breadcrumb","itemListElement":[{"@type":"ListItem","position":1,"name":"Prad\u017eia","item":"https:\/\/www.gintaresgeles.lt\/en\/"},{"@type":"ListItem","position":2,"name":"All flowers and other products","item":"https:\/\/www.gintaresgeles.lt\/en\/all-flowers-and-other-products\/"},{"@type":"ListItem","position":3,"name":"Box of soap flowers \u201ePink Small Roses with Black Trim\u201c"}]},{"@type":"WebSite","@id":"https:\/\/www.gintaresgeles.lt\/en\/#website","url":"https:\/\/www.gintaresgeles.lt\/en\/","name":"Gintares Geles","description":"Flower delivery in Vilnius | Same-day delivery | Gintares geles","potentialAction":[{"@type":"SearchAction","target":{"@type":"EntryPoint","urlTemplate":"https:\/\/www.gintaresgeles.lt\/en\/?s={search_term_string}"},"query-input":{"@type":"PropertyValueSpecification","valueRequired":true,"valueName":"search_term_string"}}],"inLanguage":"en-US"}]}},"_links":{"self":[{"href":"https:\/\/www.gintaresgeles.lt\/en\/wp-json\/wp\/v2\/product\/51905","targetHints":{"allow":["GET"]}}],"collection":[{"href":"https:\/\/www.gintaresgeles.lt\/en\/wp-json\/wp\/v2\/product"}],"about":[{"href":"https:\/\/www.gintaresgeles.lt\/en\/wp-json\/wp\/v2\/types\/product"}],"wp:featuredmedia":[{"embeddable":true,"href":"https:\/\/www.gintaresgeles.lt\/en\/wp-json\/wp\/v2\/media\/51907"}],"wp:attachment":[{"href":"https:\/\/www.gintaresgeles.lt\/en\/wp-json\/wp\/v2\/media?parent=51905"}],"wp:term":[{"taxonomy":"product_brand","embeddable":true,"href":"https:\/\/www.gintaresgeles.lt\/en\/wp-json\/wp\/v2\/product_brand?post=51905"},{"taxonomy":"product_cat","embeddable":true,"href":"https:\/\/www.gintaresgeles.lt\/en\/wp-json\/wp\/v2\/product_cat?post=51905"},{"taxonomy":"product_tag","embeddable":true,"href":"https:\/\/www.gintaresgeles.lt\/en\/wp-json\/wp\/v2\/product_tag?post=51905"}],"curies":[{"name":"wp","href":"https:\/\/api.w.org\/{rel}","templated":true}]}}