{"id":52732,"date":"2024-08-29T15:04:54","date_gmt":"2024-08-29T13:04:54","guid":{"rendered":"https:\/\/www.gintaresgeles.lt\/puokste\/rose-bouquet-autumn-warmth\/"},"modified":"2025-05-29T01:59:03","modified_gmt":"2025-05-28T23:59:03","slug":"rose-bouquet-autumn-warmth","status":"publish","type":"product","link":"https:\/\/www.gintaresgeles.lt\/en\/puokste\/rose-bouquet-autumn-warmth\/","title":{"rendered":"Rose bouquet &#8220;Autumn warmth&#8221;"},"content":{"rendered":"","protected":false},"excerpt":{"rendered":"<p>Elegant and sophisticated, this bouquet of light brown roses is perfect for expressing respect, joy and congratulations on both everyday and special occasions. These roses are especially suitable for autumn, when their warm colours reflect the beauty of the season. Treat those special to you on a variety of occasions.<\/p>\n<p>Pouch contains 13 roses. Flowers in a floral foam oasis, so there&#8217;s no need to worry about a vase.<\/p>\n","protected":false},"featured_media":52657,"template":"","meta":[],"product_brand":[],"product_cat":[261,260,259,252,266,265,256,253,2157,2184,2183,257,428,262,263,264,268,2179,238],"product_tag":[],"class_list":{"0":"post-52732","1":"product","2":"type-product","3":"status-publish","4":"has-post-thumbnail","6":"product_cat-birthday-bouquets","7":"product_cat-birthday-flowers","8":"product_cat-flowers-by-occasion","9":"product_cat-flowers-by-recipient","10":"product_cat-flowers-by-style","11":"product_cat-flowers-by-type","12":"product_cat-flowers-for-girlfriend","13":"product_cat-flowers-for-mom","14":"product_cat-september-1","15":"product_cat-flowers-for-teachers-day","16":"product_cat-flowers-for-teachers","17":"product_cat-flowers-for-women","18":"product_cat-jubilee-flowers","19":"product_cat-march8th-flowers","20":"product_cat-mothers-day-flowers","21":"product_cat-valentines-day-flowers","22":"product_cat-flower-bouquets","23":"product_cat-flowers-in-exclusive-packaging","24":"product_cat-roses","25":"tm-has-options","27":"first","28":"instock","29":"taxable","30":"shipping-taxable","31":"purchasable","32":"product-type-simple"},"yoast_head":"<!-- This site is optimized with the Yoast SEO plugin v25.3 - https:\/\/yoast.com\/wordpress\/plugins\/seo\/ -->\n<title>Rose bouquet &quot;Autumn warmth&quot; | Flowers in Vilnius | Gintar\u0117sG\u0117l\u0117s<\/title>\n<meta name=\"description\" content=\"Light brown roses in a light wrapping create a sophisticated and luxurious bouquet composition. Send it directly to your beloved at home or work!\" \/>\n<meta name=\"robots\" content=\"index, follow, max-snippet:-1, max-image-preview:large, max-video-preview:-1\" \/>\n<link rel=\"canonical\" href=\"https:\/\/www.gintaresgeles.lt\/en\/puokste\/rose-bouquet-autumn-warmth\/\" \/>\n<meta property=\"og:locale\" content=\"en_US\" \/>\n<meta property=\"og:type\" content=\"article\" \/>\n<meta property=\"og:title\" content=\"Rose bouquet &quot;Autumn warmth&quot; | Flowers in Vilnius | Gintar\u0117sG\u0117l\u0117s\" \/>\n<meta property=\"og:description\" content=\"Light brown roses in a light wrapping create a sophisticated and luxurious bouquet composition. Send it directly to your beloved at home or work!\" \/>\n<meta property=\"og:url\" content=\"https:\/\/www.gintaresgeles.lt\/en\/puokste\/rose-bouquet-autumn-warmth\/\" \/>\n<meta property=\"og:site_name\" content=\"gintaresgeles.lt\" \/>\n<meta property=\"article:modified_time\" content=\"2025-05-28T23:59:03+00:00\" \/>\n<meta property=\"og:image\" content=\"https:\/\/www.gintaresgeles.lt\/wp-content\/uploads\/2024\/08\/sviesiai-rudos-spalvos-rozes-isskirtiniame-ipakavime-scaled.jpg\" \/>\n\t<meta property=\"og:image:width\" content=\"2560\" \/>\n\t<meta property=\"og:image:height\" content=\"2560\" \/>\n\t<meta property=\"og:image:type\" content=\"image\/jpeg\" \/>\n<meta name=\"twitter:card\" content=\"summary_large_image\" \/>\n<script type=\"application\/ld+json\" class=\"yoast-schema-graph\">{\"@context\":\"https:\/\/schema.org\",\"@graph\":[{\"@type\":\"WebPage\",\"@id\":\"https:\/\/www.gintaresgeles.lt\/en\/puokste\/rose-bouquet-autumn-warmth\/\",\"url\":\"https:\/\/www.gintaresgeles.lt\/en\/puokste\/rose-bouquet-autumn-warmth\/\",\"name\":\"Rose bouquet \\\"Autumn warmth\\\" | Flowers in Vilnius | Gintar\u0117sG\u0117l\u0117s\",\"isPartOf\":{\"@id\":\"https:\/\/www.gintaresgeles.lt\/en\/#website\"},\"primaryImageOfPage\":{\"@id\":\"https:\/\/www.gintaresgeles.lt\/en\/puokste\/rose-bouquet-autumn-warmth\/#primaryimage\"},\"image\":{\"@id\":\"https:\/\/www.gintaresgeles.lt\/en\/puokste\/rose-bouquet-autumn-warmth\/#primaryimage\"},\"thumbnailUrl\":\"https:\/\/www.gintaresgeles.lt\/wp-content\/uploads\/2024\/08\/sviesiai-rudos-spalvos-rozes-isskirtiniame-ipakavime-scaled.jpg\",\"datePublished\":\"2024-08-29T13:04:54+00:00\",\"dateModified\":\"2025-05-28T23:59:03+00:00\",\"description\":\"Light brown roses in a light wrapping create a sophisticated and luxurious bouquet composition. Send it directly to your beloved at home or work!\",\"breadcrumb\":{\"@id\":\"https:\/\/www.gintaresgeles.lt\/en\/puokste\/rose-bouquet-autumn-warmth\/#breadcrumb\"},\"inLanguage\":\"en-US\",\"potentialAction\":[{\"@type\":\"ReadAction\",\"target\":[\"https:\/\/www.gintaresgeles.lt\/en\/puokste\/rose-bouquet-autumn-warmth\/\"]}]},{\"@type\":\"ImageObject\",\"inLanguage\":\"en-US\",\"@id\":\"https:\/\/www.gintaresgeles.lt\/en\/puokste\/rose-bouquet-autumn-warmth\/#primaryimage\",\"url\":\"https:\/\/www.gintaresgeles.lt\/wp-content\/uploads\/2024\/08\/sviesiai-rudos-spalvos-rozes-isskirtiniame-ipakavime-scaled.jpg\",\"contentUrl\":\"https:\/\/www.gintaresgeles.lt\/wp-content\/uploads\/2024\/08\/sviesiai-rudos-spalvos-rozes-isskirtiniame-ipakavime-scaled.jpg\",\"width\":2560,\"height\":2560,\"caption\":\"Cappuccino spalvos ro\u017e\u0117s g\u0117l\u0117s merginai\"},{\"@type\":\"BreadcrumbList\",\"@id\":\"https:\/\/www.gintaresgeles.lt\/en\/puokste\/rose-bouquet-autumn-warmth\/#breadcrumb\",\"itemListElement\":[{\"@type\":\"ListItem\",\"position\":1,\"name\":\"Prad\u017eia\",\"item\":\"https:\/\/www.gintaresgeles.lt\/en\/\"},{\"@type\":\"ListItem\",\"position\":2,\"name\":\"All flowers and other products\",\"item\":\"https:\/\/www.gintaresgeles.lt\/en\/all-flowers-and-other-products\/\"},{\"@type\":\"ListItem\",\"position\":3,\"name\":\"Rose bouquet &#8222;Autumn warmth&#8221;\"}]},{\"@type\":\"WebSite\",\"@id\":\"https:\/\/www.gintaresgeles.lt\/en\/#website\",\"url\":\"https:\/\/www.gintaresgeles.lt\/en\/\",\"name\":\"gintaresgeles.lt\",\"description\":\"G\u0117li\u0173 parduotuv\u0117 internete\",\"potentialAction\":[{\"@type\":\"SearchAction\",\"target\":{\"@type\":\"EntryPoint\",\"urlTemplate\":\"https:\/\/www.gintaresgeles.lt\/en\/?s={search_term_string}\"},\"query-input\":{\"@type\":\"PropertyValueSpecification\",\"valueRequired\":true,\"valueName\":\"search_term_string\"}}],\"inLanguage\":\"en-US\"}]}<\/script>\n<!-- \/ Yoast SEO plugin. -->","yoast_head_json":{"title":"Rose bouquet \"Autumn warmth\" | Flowers in Vilnius | Gintar\u0117sG\u0117l\u0117s","description":"Light brown roses in a light wrapping create a sophisticated and luxurious bouquet composition. Send it directly to your beloved at home or work!","robots":{"index":"index","follow":"follow","max-snippet":"max-snippet:-1","max-image-preview":"max-image-preview:large","max-video-preview":"max-video-preview:-1"},"canonical":"https:\/\/www.gintaresgeles.lt\/en\/puokste\/rose-bouquet-autumn-warmth\/","og_locale":"en_US","og_type":"article","og_title":"Rose bouquet \"Autumn warmth\" | Flowers in Vilnius | Gintar\u0117sG\u0117l\u0117s","og_description":"Light brown roses in a light wrapping create a sophisticated and luxurious bouquet composition. Send it directly to your beloved at home or work!","og_url":"https:\/\/www.gintaresgeles.lt\/en\/puokste\/rose-bouquet-autumn-warmth\/","og_site_name":"gintaresgeles.lt","article_modified_time":"2025-05-28T23:59:03+00:00","og_image":[{"width":2560,"height":2560,"url":"https:\/\/www.gintaresgeles.lt\/wp-content\/uploads\/2024\/08\/sviesiai-rudos-spalvos-rozes-isskirtiniame-ipakavime-scaled.jpg","type":"image\/jpeg"}],"twitter_card":"summary_large_image","schema":{"@context":"https:\/\/schema.org","@graph":[{"@type":"WebPage","@id":"https:\/\/www.gintaresgeles.lt\/en\/puokste\/rose-bouquet-autumn-warmth\/","url":"https:\/\/www.gintaresgeles.lt\/en\/puokste\/rose-bouquet-autumn-warmth\/","name":"Rose bouquet \"Autumn warmth\" | Flowers in Vilnius | Gintar\u0117sG\u0117l\u0117s","isPartOf":{"@id":"https:\/\/www.gintaresgeles.lt\/en\/#website"},"primaryImageOfPage":{"@id":"https:\/\/www.gintaresgeles.lt\/en\/puokste\/rose-bouquet-autumn-warmth\/#primaryimage"},"image":{"@id":"https:\/\/www.gintaresgeles.lt\/en\/puokste\/rose-bouquet-autumn-warmth\/#primaryimage"},"thumbnailUrl":"https:\/\/www.gintaresgeles.lt\/wp-content\/uploads\/2024\/08\/sviesiai-rudos-spalvos-rozes-isskirtiniame-ipakavime-scaled.jpg","datePublished":"2024-08-29T13:04:54+00:00","dateModified":"2025-05-28T23:59:03+00:00","description":"Light brown roses in a light wrapping create a sophisticated and luxurious bouquet composition. Send it directly to your beloved at home or work!","breadcrumb":{"@id":"https:\/\/www.gintaresgeles.lt\/en\/puokste\/rose-bouquet-autumn-warmth\/#breadcrumb"},"inLanguage":"en-US","potentialAction":[{"@type":"ReadAction","target":["https:\/\/www.gintaresgeles.lt\/en\/puokste\/rose-bouquet-autumn-warmth\/"]}]},{"@type":"ImageObject","inLanguage":"en-US","@id":"https:\/\/www.gintaresgeles.lt\/en\/puokste\/rose-bouquet-autumn-warmth\/#primaryimage","url":"https:\/\/www.gintaresgeles.lt\/wp-content\/uploads\/2024\/08\/sviesiai-rudos-spalvos-rozes-isskirtiniame-ipakavime-scaled.jpg","contentUrl":"https:\/\/www.gintaresgeles.lt\/wp-content\/uploads\/2024\/08\/sviesiai-rudos-spalvos-rozes-isskirtiniame-ipakavime-scaled.jpg","width":2560,"height":2560,"caption":"Cappuccino spalvos ro\u017e\u0117s g\u0117l\u0117s merginai"},{"@type":"BreadcrumbList","@id":"https:\/\/www.gintaresgeles.lt\/en\/puokste\/rose-bouquet-autumn-warmth\/#breadcrumb","itemListElement":[{"@type":"ListItem","position":1,"name":"Prad\u017eia","item":"https:\/\/www.gintaresgeles.lt\/en\/"},{"@type":"ListItem","position":2,"name":"All flowers and other products","item":"https:\/\/www.gintaresgeles.lt\/en\/all-flowers-and-other-products\/"},{"@type":"ListItem","position":3,"name":"Rose bouquet &#8222;Autumn warmth&#8221;"}]},{"@type":"WebSite","@id":"https:\/\/www.gintaresgeles.lt\/en\/#website","url":"https:\/\/www.gintaresgeles.lt\/en\/","name":"gintaresgeles.lt","description":"G\u0117li\u0173 parduotuv\u0117 internete","potentialAction":[{"@type":"SearchAction","target":{"@type":"EntryPoint","urlTemplate":"https:\/\/www.gintaresgeles.lt\/en\/?s={search_term_string}"},"query-input":{"@type":"PropertyValueSpecification","valueRequired":true,"valueName":"search_term_string"}}],"inLanguage":"en-US"}]}},"_links":{"self":[{"href":"https:\/\/www.gintaresgeles.lt\/en\/wp-json\/wp\/v2\/product\/52732","targetHints":{"allow":["GET"]}}],"collection":[{"href":"https:\/\/www.gintaresgeles.lt\/en\/wp-json\/wp\/v2\/product"}],"about":[{"href":"https:\/\/www.gintaresgeles.lt\/en\/wp-json\/wp\/v2\/types\/product"}],"wp:featuredmedia":[{"embeddable":true,"href":"https:\/\/www.gintaresgeles.lt\/en\/wp-json\/wp\/v2\/media\/52657"}],"wp:attachment":[{"href":"https:\/\/www.gintaresgeles.lt\/en\/wp-json\/wp\/v2\/media?parent=52732"}],"wp:term":[{"taxonomy":"product_brand","embeddable":true,"href":"https:\/\/www.gintaresgeles.lt\/en\/wp-json\/wp\/v2\/product_brand?post=52732"},{"taxonomy":"product_cat","embeddable":true,"href":"https:\/\/www.gintaresgeles.lt\/en\/wp-json\/wp\/v2\/product_cat?post=52732"},{"taxonomy":"product_tag","embeddable":true,"href":"https:\/\/www.gintaresgeles.lt\/en\/wp-json\/wp\/v2\/product_tag?post=52732"}],"curies":[{"name":"wp","href":"https:\/\/api.w.org\/{rel}","templated":true}]}}