{"id":52733,"date":"2024-04-05T21:19:06","date_gmt":"2024-04-05T19:19:06","guid":{"rendered":"https:\/\/www.gintaresgeles.lt\/puokste\/buttercup-bouquet-pink-blossom\/"},"modified":"2025-05-29T01:59:08","modified_gmt":"2025-05-28T23:59:08","slug":"buttercup-bouquet-pink-blossom","status":"publish","type":"product","link":"https:\/\/www.gintaresgeles.lt\/en\/puokste\/buttercup-bouquet-pink-blossom\/","title":{"rendered":"Buttercup bouquet &#8220;Pink Blossom&#8221;"},"content":{"rendered":"","protected":false},"excerpt":{"rendered":"<p>The delicate scent of buttercups brings peace and harmony, like a gentle spring breeze. This bouquet is like a line of poetry, where every word is carefully chosen to create an unforgettable moment.<\/p>\n<p>Quantity of buttercups in the bouquet &#8211; 11 pieces. Flowers in a floral foam oasis, so there&#8217;s no need to worry about a vase.<\/p>\n","protected":false},"featured_media":51440,"template":"","meta":[],"product_brand":[],"product_cat":[261,260,259,252,266,265,256,253,2183,257,262,263,268,2179],"product_tag":[],"class_list":{"0":"post-52733","1":"product","2":"type-product","3":"status-publish","4":"has-post-thumbnail","6":"product_cat-birthday-bouquets","7":"product_cat-birthday-flowers","8":"product_cat-flowers-by-occasion","9":"product_cat-flowers-by-recipient","10":"product_cat-flowers-by-style","11":"product_cat-flowers-by-type","12":"product_cat-flowers-for-girlfriend","13":"product_cat-flowers-for-mom","14":"product_cat-flowers-for-teachers","15":"product_cat-flowers-for-women","16":"product_cat-march8th-flowers","17":"product_cat-mothers-day-flowers","18":"product_cat-flower-bouquets","19":"product_cat-flowers-in-exclusive-packaging","20":"tm-has-options","22":"first","23":"outofstock","24":"taxable","25":"shipping-taxable","26":"purchasable","27":"product-type-simple"},"yoast_head":"<!-- This site is optimized with the Yoast SEO plugin v25.3 - https:\/\/yoast.com\/wordpress\/plugins\/seo\/ -->\n<title>Buttercup bouquet &quot;Pink Flower&quot; | Gintar\u0117s G\u0117l\u0117s<\/title>\n<meta name=\"description\" content=\"The buttercup bouquet is a pleasant breath of spring, with pink buttercups symbolising the gentle promise of youth and love.\" \/>\n<meta name=\"robots\" content=\"index, follow, max-snippet:-1, max-image-preview:large, max-video-preview:-1\" \/>\n<link rel=\"canonical\" href=\"https:\/\/www.gintaresgeles.lt\/en\/puokste\/buttercup-bouquet-pink-blossom\/\" \/>\n<meta property=\"og:locale\" content=\"en_US\" \/>\n<meta property=\"og:type\" content=\"article\" \/>\n<meta property=\"og:title\" content=\"Buttercup bouquet &quot;Pink Flower&quot; | Gintar\u0117s G\u0117l\u0117s\" \/>\n<meta property=\"og:description\" content=\"The buttercup bouquet is a pleasant breath of spring, with pink buttercups symbolising the gentle promise of youth and love.\" \/>\n<meta property=\"og:url\" content=\"https:\/\/www.gintaresgeles.lt\/en\/puokste\/buttercup-bouquet-pink-blossom\/\" \/>\n<meta property=\"og:site_name\" content=\"gintaresgeles.lt\" \/>\n<meta property=\"article:modified_time\" content=\"2025-05-28T23:59:08+00:00\" \/>\n<meta property=\"og:image\" content=\"https:\/\/www.gintaresgeles.lt\/wp-content\/uploads\/2024\/04\/vedrynai-ir-eukaliptai-puoksteje-geles-merginai.jpg\" \/>\n\t<meta property=\"og:image:width\" content=\"1200\" \/>\n\t<meta property=\"og:image:height\" content=\"1200\" \/>\n\t<meta property=\"og:image:type\" content=\"image\/jpeg\" \/>\n<meta name=\"twitter:card\" content=\"summary_large_image\" \/>\n<script type=\"application\/ld+json\" class=\"yoast-schema-graph\">{\"@context\":\"https:\/\/schema.org\",\"@graph\":[{\"@type\":\"WebPage\",\"@id\":\"https:\/\/www.gintaresgeles.lt\/en\/puokste\/buttercup-bouquet-pink-blossom\/\",\"url\":\"https:\/\/www.gintaresgeles.lt\/en\/puokste\/buttercup-bouquet-pink-blossom\/\",\"name\":\"Buttercup bouquet \\\"Pink Flower\\\" | Gintar\u0117s G\u0117l\u0117s\",\"isPartOf\":{\"@id\":\"https:\/\/www.gintaresgeles.lt\/en\/#website\"},\"primaryImageOfPage\":{\"@id\":\"https:\/\/www.gintaresgeles.lt\/en\/puokste\/buttercup-bouquet-pink-blossom\/#primaryimage\"},\"image\":{\"@id\":\"https:\/\/www.gintaresgeles.lt\/en\/puokste\/buttercup-bouquet-pink-blossom\/#primaryimage\"},\"thumbnailUrl\":\"https:\/\/www.gintaresgeles.lt\/wp-content\/uploads\/2024\/04\/vedrynai-ir-eukaliptai-puoksteje-geles-merginai.jpg\",\"datePublished\":\"2024-04-05T19:19:06+00:00\",\"dateModified\":\"2025-05-28T23:59:08+00:00\",\"description\":\"The buttercup bouquet is a pleasant breath of spring, with pink buttercups symbolising the gentle promise of youth and love.\",\"breadcrumb\":{\"@id\":\"https:\/\/www.gintaresgeles.lt\/en\/puokste\/buttercup-bouquet-pink-blossom\/#breadcrumb\"},\"inLanguage\":\"en-US\",\"potentialAction\":[{\"@type\":\"ReadAction\",\"target\":[\"https:\/\/www.gintaresgeles.lt\/en\/puokste\/buttercup-bouquet-pink-blossom\/\"]}]},{\"@type\":\"ImageObject\",\"inLanguage\":\"en-US\",\"@id\":\"https:\/\/www.gintaresgeles.lt\/en\/puokste\/buttercup-bouquet-pink-blossom\/#primaryimage\",\"url\":\"https:\/\/www.gintaresgeles.lt\/wp-content\/uploads\/2024\/04\/vedrynai-ir-eukaliptai-puoksteje-geles-merginai.jpg\",\"contentUrl\":\"https:\/\/www.gintaresgeles.lt\/wp-content\/uploads\/2024\/04\/vedrynai-ir-eukaliptai-puoksteje-geles-merginai.jpg\",\"width\":1200,\"height\":1200,\"caption\":\"Ro\u017eini\u0173 v\u0117dryn\u0173 ir eukalipt\u0173 puok\u0161t\u0117 i\u0161skirtiniame \u012fpakavime\"},{\"@type\":\"BreadcrumbList\",\"@id\":\"https:\/\/www.gintaresgeles.lt\/en\/puokste\/buttercup-bouquet-pink-blossom\/#breadcrumb\",\"itemListElement\":[{\"@type\":\"ListItem\",\"position\":1,\"name\":\"Prad\u017eia\",\"item\":\"https:\/\/www.gintaresgeles.lt\/en\/\"},{\"@type\":\"ListItem\",\"position\":2,\"name\":\"All flowers and other products\",\"item\":\"https:\/\/www.gintaresgeles.lt\/en\/all-flowers-and-other-products\/\"},{\"@type\":\"ListItem\",\"position\":3,\"name\":\"Buttercup bouquet &#8222;Pink Blossom&#8221;\"}]},{\"@type\":\"WebSite\",\"@id\":\"https:\/\/www.gintaresgeles.lt\/en\/#website\",\"url\":\"https:\/\/www.gintaresgeles.lt\/en\/\",\"name\":\"gintaresgeles.lt\",\"description\":\"G\u0117li\u0173 parduotuv\u0117 internete\",\"potentialAction\":[{\"@type\":\"SearchAction\",\"target\":{\"@type\":\"EntryPoint\",\"urlTemplate\":\"https:\/\/www.gintaresgeles.lt\/en\/?s={search_term_string}\"},\"query-input\":{\"@type\":\"PropertyValueSpecification\",\"valueRequired\":true,\"valueName\":\"search_term_string\"}}],\"inLanguage\":\"en-US\"}]}<\/script>\n<!-- \/ Yoast SEO plugin. -->","yoast_head_json":{"title":"Buttercup bouquet \"Pink Flower\" | Gintar\u0117s G\u0117l\u0117s","description":"The buttercup bouquet is a pleasant breath of spring, with pink buttercups symbolising the gentle promise of youth and love.","robots":{"index":"index","follow":"follow","max-snippet":"max-snippet:-1","max-image-preview":"max-image-preview:large","max-video-preview":"max-video-preview:-1"},"canonical":"https:\/\/www.gintaresgeles.lt\/en\/puokste\/buttercup-bouquet-pink-blossom\/","og_locale":"en_US","og_type":"article","og_title":"Buttercup bouquet \"Pink Flower\" | Gintar\u0117s G\u0117l\u0117s","og_description":"The buttercup bouquet is a pleasant breath of spring, with pink buttercups symbolising the gentle promise of youth and love.","og_url":"https:\/\/www.gintaresgeles.lt\/en\/puokste\/buttercup-bouquet-pink-blossom\/","og_site_name":"gintaresgeles.lt","article_modified_time":"2025-05-28T23:59:08+00:00","og_image":[{"width":1200,"height":1200,"url":"https:\/\/www.gintaresgeles.lt\/wp-content\/uploads\/2024\/04\/vedrynai-ir-eukaliptai-puoksteje-geles-merginai.jpg","type":"image\/jpeg"}],"twitter_card":"summary_large_image","schema":{"@context":"https:\/\/schema.org","@graph":[{"@type":"WebPage","@id":"https:\/\/www.gintaresgeles.lt\/en\/puokste\/buttercup-bouquet-pink-blossom\/","url":"https:\/\/www.gintaresgeles.lt\/en\/puokste\/buttercup-bouquet-pink-blossom\/","name":"Buttercup bouquet \"Pink Flower\" | Gintar\u0117s G\u0117l\u0117s","isPartOf":{"@id":"https:\/\/www.gintaresgeles.lt\/en\/#website"},"primaryImageOfPage":{"@id":"https:\/\/www.gintaresgeles.lt\/en\/puokste\/buttercup-bouquet-pink-blossom\/#primaryimage"},"image":{"@id":"https:\/\/www.gintaresgeles.lt\/en\/puokste\/buttercup-bouquet-pink-blossom\/#primaryimage"},"thumbnailUrl":"https:\/\/www.gintaresgeles.lt\/wp-content\/uploads\/2024\/04\/vedrynai-ir-eukaliptai-puoksteje-geles-merginai.jpg","datePublished":"2024-04-05T19:19:06+00:00","dateModified":"2025-05-28T23:59:08+00:00","description":"The buttercup bouquet is a pleasant breath of spring, with pink buttercups symbolising the gentle promise of youth and love.","breadcrumb":{"@id":"https:\/\/www.gintaresgeles.lt\/en\/puokste\/buttercup-bouquet-pink-blossom\/#breadcrumb"},"inLanguage":"en-US","potentialAction":[{"@type":"ReadAction","target":["https:\/\/www.gintaresgeles.lt\/en\/puokste\/buttercup-bouquet-pink-blossom\/"]}]},{"@type":"ImageObject","inLanguage":"en-US","@id":"https:\/\/www.gintaresgeles.lt\/en\/puokste\/buttercup-bouquet-pink-blossom\/#primaryimage","url":"https:\/\/www.gintaresgeles.lt\/wp-content\/uploads\/2024\/04\/vedrynai-ir-eukaliptai-puoksteje-geles-merginai.jpg","contentUrl":"https:\/\/www.gintaresgeles.lt\/wp-content\/uploads\/2024\/04\/vedrynai-ir-eukaliptai-puoksteje-geles-merginai.jpg","width":1200,"height":1200,"caption":"Ro\u017eini\u0173 v\u0117dryn\u0173 ir eukalipt\u0173 puok\u0161t\u0117 i\u0161skirtiniame \u012fpakavime"},{"@type":"BreadcrumbList","@id":"https:\/\/www.gintaresgeles.lt\/en\/puokste\/buttercup-bouquet-pink-blossom\/#breadcrumb","itemListElement":[{"@type":"ListItem","position":1,"name":"Prad\u017eia","item":"https:\/\/www.gintaresgeles.lt\/en\/"},{"@type":"ListItem","position":2,"name":"All flowers and other products","item":"https:\/\/www.gintaresgeles.lt\/en\/all-flowers-and-other-products\/"},{"@type":"ListItem","position":3,"name":"Buttercup bouquet &#8222;Pink Blossom&#8221;"}]},{"@type":"WebSite","@id":"https:\/\/www.gintaresgeles.lt\/en\/#website","url":"https:\/\/www.gintaresgeles.lt\/en\/","name":"gintaresgeles.lt","description":"G\u0117li\u0173 parduotuv\u0117 internete","potentialAction":[{"@type":"SearchAction","target":{"@type":"EntryPoint","urlTemplate":"https:\/\/www.gintaresgeles.lt\/en\/?s={search_term_string}"},"query-input":{"@type":"PropertyValueSpecification","valueRequired":true,"valueName":"search_term_string"}}],"inLanguage":"en-US"}]}},"_links":{"self":[{"href":"https:\/\/www.gintaresgeles.lt\/en\/wp-json\/wp\/v2\/product\/52733","targetHints":{"allow":["GET"]}}],"collection":[{"href":"https:\/\/www.gintaresgeles.lt\/en\/wp-json\/wp\/v2\/product"}],"about":[{"href":"https:\/\/www.gintaresgeles.lt\/en\/wp-json\/wp\/v2\/types\/product"}],"wp:featuredmedia":[{"embeddable":true,"href":"https:\/\/www.gintaresgeles.lt\/en\/wp-json\/wp\/v2\/media\/51440"}],"wp:attachment":[{"href":"https:\/\/www.gintaresgeles.lt\/en\/wp-json\/wp\/v2\/media?parent=52733"}],"wp:term":[{"taxonomy":"product_brand","embeddable":true,"href":"https:\/\/www.gintaresgeles.lt\/en\/wp-json\/wp\/v2\/product_brand?post=52733"},{"taxonomy":"product_cat","embeddable":true,"href":"https:\/\/www.gintaresgeles.lt\/en\/wp-json\/wp\/v2\/product_cat?post=52733"},{"taxonomy":"product_tag","embeddable":true,"href":"https:\/\/www.gintaresgeles.lt\/en\/wp-json\/wp\/v2\/product_tag?post=52733"}],"curies":[{"name":"wp","href":"https:\/\/api.w.org\/{rel}","templated":true}]}}