{"id":52734,"date":"2024-03-20T21:04:18","date_gmt":"2024-03-20T19:04:18","guid":{"rendered":"https:\/\/www.gintaresgeles.lt\/puokste\/gubia-bouquet-colourful-cloud\/"},"modified":"2025-05-29T01:59:08","modified_gmt":"2025-05-28T23:59:08","slug":"gubia-bouquet-colourful-cloud","status":"publish","type":"product","link":"https:\/\/www.gintaresgeles.lt\/en\/puokste\/gubia-bouquet-colourful-cloud\/","title":{"rendered":"Gubia bouquet &#8220;Colourful cloud&#8221;"},"content":{"rendered":"","protected":false},"excerpt":{"rendered":"<p>This bouquet of flowers is suitable to surprise a personality as colourful as the bouquet itself. Women or girls will not be left out of this playful bouquet.<\/p>\n<p>In the bouquet there are 9 gobo branches. Flowers in a floral foam oasis, so there&#8217;s no need to worry about a vase.<\/p>\n","protected":false},"featured_media":51340,"template":"","meta":[],"product_brand":[],"product_cat":[261,260,259,252,266,265,256,253,2157,2184,2183,257,428,262,263,264,268,2179,1804],"product_tag":[],"class_list":{"0":"post-52734","1":"product","2":"type-product","3":"status-publish","4":"has-post-thumbnail","6":"product_cat-birthday-bouquets","7":"product_cat-birthday-flowers","8":"product_cat-flowers-by-occasion","9":"product_cat-flowers-by-recipient","10":"product_cat-flowers-by-style","11":"product_cat-flowers-by-type","12":"product_cat-flowers-for-girlfriend","13":"product_cat-flowers-for-mom","14":"product_cat-september-1","15":"product_cat-flowers-for-teachers-day","16":"product_cat-flowers-for-teachers","17":"product_cat-flowers-for-women","18":"product_cat-jubilee-flowers","19":"product_cat-march8th-flowers","20":"product_cat-mothers-day-flowers","21":"product_cat-valentines-day-flowers","22":"product_cat-flower-bouquets","23":"product_cat-flowers-in-exclusive-packaging","24":"product_cat-gypsophila","25":"tm-has-options","27":"first","28":"outofstock","29":"taxable","30":"shipping-taxable","31":"purchasable","32":"product-type-simple"},"yoast_head":"<!-- This site is optimized with the Yoast SEO plugin v25.3 - https:\/\/yoast.com\/wordpress\/plugins\/seo\/ -->\n<title>Gubia bouquet &quot;Colourful cloud&quot; | Flowers in Vilnius | Gintar\u0117s Flowers<\/title>\n<meta name=\"description\" content=\"The gubia bouquet is a radiant bouquet in a full range of colours that creates the image of a summery and lively bouquet.\" \/>\n<meta name=\"robots\" content=\"index, follow, max-snippet:-1, max-image-preview:large, max-video-preview:-1\" \/>\n<link rel=\"canonical\" href=\"https:\/\/www.gintaresgeles.lt\/en\/puokste\/gubia-bouquet-colourful-cloud\/\" \/>\n<meta property=\"og:locale\" content=\"en_US\" \/>\n<meta property=\"og:type\" content=\"article\" \/>\n<meta property=\"og:title\" content=\"Gubia bouquet &quot;Colourful cloud&quot; | Flowers in Vilnius | Gintar\u0117s Flowers\" \/>\n<meta property=\"og:description\" content=\"The gubia bouquet is a radiant bouquet in a full range of colours that creates the image of a summery and lively bouquet.\" \/>\n<meta property=\"og:url\" content=\"https:\/\/www.gintaresgeles.lt\/en\/puokste\/gubia-bouquet-colourful-cloud\/\" \/>\n<meta property=\"og:site_name\" content=\"gintaresgeles.lt\" \/>\n<meta property=\"article:modified_time\" content=\"2025-05-28T23:59:08+00:00\" \/>\n<meta property=\"og:image\" content=\"https:\/\/www.gintaresgeles.lt\/wp-content\/uploads\/2024\/03\/spalvota-gipsofilija-puoksteje-geles-merginoms.jpg\" \/>\n\t<meta property=\"og:image:width\" content=\"1200\" \/>\n\t<meta property=\"og:image:height\" content=\"1200\" \/>\n\t<meta property=\"og:image:type\" content=\"image\/jpeg\" \/>\n<meta name=\"twitter:card\" content=\"summary_large_image\" \/>\n<script type=\"application\/ld+json\" class=\"yoast-schema-graph\">{\"@context\":\"https:\/\/schema.org\",\"@graph\":[{\"@type\":\"WebPage\",\"@id\":\"https:\/\/www.gintaresgeles.lt\/en\/puokste\/gubia-bouquet-colourful-cloud\/\",\"url\":\"https:\/\/www.gintaresgeles.lt\/en\/puokste\/gubia-bouquet-colourful-cloud\/\",\"name\":\"Gubia bouquet \\\"Colourful cloud\\\" | Flowers in Vilnius | Gintar\u0117s Flowers\",\"isPartOf\":{\"@id\":\"https:\/\/www.gintaresgeles.lt\/en\/#website\"},\"primaryImageOfPage\":{\"@id\":\"https:\/\/www.gintaresgeles.lt\/en\/puokste\/gubia-bouquet-colourful-cloud\/#primaryimage\"},\"image\":{\"@id\":\"https:\/\/www.gintaresgeles.lt\/en\/puokste\/gubia-bouquet-colourful-cloud\/#primaryimage\"},\"thumbnailUrl\":\"https:\/\/www.gintaresgeles.lt\/wp-content\/uploads\/2024\/03\/spalvota-gipsofilija-puoksteje-geles-merginoms.jpg\",\"datePublished\":\"2024-03-20T19:04:18+00:00\",\"dateModified\":\"2025-05-28T23:59:08+00:00\",\"description\":\"The gubia bouquet is a radiant bouquet in a full range of colours that creates the image of a summery and lively bouquet.\",\"breadcrumb\":{\"@id\":\"https:\/\/www.gintaresgeles.lt\/en\/puokste\/gubia-bouquet-colourful-cloud\/#breadcrumb\"},\"inLanguage\":\"en-US\",\"potentialAction\":[{\"@type\":\"ReadAction\",\"target\":[\"https:\/\/www.gintaresgeles.lt\/en\/puokste\/gubia-bouquet-colourful-cloud\/\"]}]},{\"@type\":\"ImageObject\",\"inLanguage\":\"en-US\",\"@id\":\"https:\/\/www.gintaresgeles.lt\/en\/puokste\/gubia-bouquet-colourful-cloud\/#primaryimage\",\"url\":\"https:\/\/www.gintaresgeles.lt\/wp-content\/uploads\/2024\/03\/spalvota-gipsofilija-puoksteje-geles-merginoms.jpg\",\"contentUrl\":\"https:\/\/www.gintaresgeles.lt\/wp-content\/uploads\/2024\/03\/spalvota-gipsofilija-puoksteje-geles-merginoms.jpg\",\"width\":1200,\"height\":1200,\"caption\":\"\u012evairi\u0173 spalv\u0173 gubojus puok\u0161t\u0117je\"},{\"@type\":\"BreadcrumbList\",\"@id\":\"https:\/\/www.gintaresgeles.lt\/en\/puokste\/gubia-bouquet-colourful-cloud\/#breadcrumb\",\"itemListElement\":[{\"@type\":\"ListItem\",\"position\":1,\"name\":\"Prad\u017eia\",\"item\":\"https:\/\/www.gintaresgeles.lt\/en\/\"},{\"@type\":\"ListItem\",\"position\":2,\"name\":\"All flowers and other products\",\"item\":\"https:\/\/www.gintaresgeles.lt\/en\/all-flowers-and-other-products\/\"},{\"@type\":\"ListItem\",\"position\":3,\"name\":\"Gubia bouquet &#8222;Colourful cloud&#8221;\"}]},{\"@type\":\"WebSite\",\"@id\":\"https:\/\/www.gintaresgeles.lt\/en\/#website\",\"url\":\"https:\/\/www.gintaresgeles.lt\/en\/\",\"name\":\"gintaresgeles.lt\",\"description\":\"G\u0117li\u0173 parduotuv\u0117 internete\",\"potentialAction\":[{\"@type\":\"SearchAction\",\"target\":{\"@type\":\"EntryPoint\",\"urlTemplate\":\"https:\/\/www.gintaresgeles.lt\/en\/?s={search_term_string}\"},\"query-input\":{\"@type\":\"PropertyValueSpecification\",\"valueRequired\":true,\"valueName\":\"search_term_string\"}}],\"inLanguage\":\"en-US\"}]}<\/script>\n<!-- \/ Yoast SEO plugin. -->","yoast_head_json":{"title":"Gubia bouquet \"Colourful cloud\" | Flowers in Vilnius | Gintar\u0117s Flowers","description":"The gubia bouquet is a radiant bouquet in a full range of colours that creates the image of a summery and lively bouquet.","robots":{"index":"index","follow":"follow","max-snippet":"max-snippet:-1","max-image-preview":"max-image-preview:large","max-video-preview":"max-video-preview:-1"},"canonical":"https:\/\/www.gintaresgeles.lt\/en\/puokste\/gubia-bouquet-colourful-cloud\/","og_locale":"en_US","og_type":"article","og_title":"Gubia bouquet \"Colourful cloud\" | Flowers in Vilnius | Gintar\u0117s Flowers","og_description":"The gubia bouquet is a radiant bouquet in a full range of colours that creates the image of a summery and lively bouquet.","og_url":"https:\/\/www.gintaresgeles.lt\/en\/puokste\/gubia-bouquet-colourful-cloud\/","og_site_name":"gintaresgeles.lt","article_modified_time":"2025-05-28T23:59:08+00:00","og_image":[{"width":1200,"height":1200,"url":"https:\/\/www.gintaresgeles.lt\/wp-content\/uploads\/2024\/03\/spalvota-gipsofilija-puoksteje-geles-merginoms.jpg","type":"image\/jpeg"}],"twitter_card":"summary_large_image","schema":{"@context":"https:\/\/schema.org","@graph":[{"@type":"WebPage","@id":"https:\/\/www.gintaresgeles.lt\/en\/puokste\/gubia-bouquet-colourful-cloud\/","url":"https:\/\/www.gintaresgeles.lt\/en\/puokste\/gubia-bouquet-colourful-cloud\/","name":"Gubia bouquet \"Colourful cloud\" | Flowers in Vilnius | Gintar\u0117s Flowers","isPartOf":{"@id":"https:\/\/www.gintaresgeles.lt\/en\/#website"},"primaryImageOfPage":{"@id":"https:\/\/www.gintaresgeles.lt\/en\/puokste\/gubia-bouquet-colourful-cloud\/#primaryimage"},"image":{"@id":"https:\/\/www.gintaresgeles.lt\/en\/puokste\/gubia-bouquet-colourful-cloud\/#primaryimage"},"thumbnailUrl":"https:\/\/www.gintaresgeles.lt\/wp-content\/uploads\/2024\/03\/spalvota-gipsofilija-puoksteje-geles-merginoms.jpg","datePublished":"2024-03-20T19:04:18+00:00","dateModified":"2025-05-28T23:59:08+00:00","description":"The gubia bouquet is a radiant bouquet in a full range of colours that creates the image of a summery and lively bouquet.","breadcrumb":{"@id":"https:\/\/www.gintaresgeles.lt\/en\/puokste\/gubia-bouquet-colourful-cloud\/#breadcrumb"},"inLanguage":"en-US","potentialAction":[{"@type":"ReadAction","target":["https:\/\/www.gintaresgeles.lt\/en\/puokste\/gubia-bouquet-colourful-cloud\/"]}]},{"@type":"ImageObject","inLanguage":"en-US","@id":"https:\/\/www.gintaresgeles.lt\/en\/puokste\/gubia-bouquet-colourful-cloud\/#primaryimage","url":"https:\/\/www.gintaresgeles.lt\/wp-content\/uploads\/2024\/03\/spalvota-gipsofilija-puoksteje-geles-merginoms.jpg","contentUrl":"https:\/\/www.gintaresgeles.lt\/wp-content\/uploads\/2024\/03\/spalvota-gipsofilija-puoksteje-geles-merginoms.jpg","width":1200,"height":1200,"caption":"\u012evairi\u0173 spalv\u0173 gubojus puok\u0161t\u0117je"},{"@type":"BreadcrumbList","@id":"https:\/\/www.gintaresgeles.lt\/en\/puokste\/gubia-bouquet-colourful-cloud\/#breadcrumb","itemListElement":[{"@type":"ListItem","position":1,"name":"Prad\u017eia","item":"https:\/\/www.gintaresgeles.lt\/en\/"},{"@type":"ListItem","position":2,"name":"All flowers and other products","item":"https:\/\/www.gintaresgeles.lt\/en\/all-flowers-and-other-products\/"},{"@type":"ListItem","position":3,"name":"Gubia bouquet &#8222;Colourful cloud&#8221;"}]},{"@type":"WebSite","@id":"https:\/\/www.gintaresgeles.lt\/en\/#website","url":"https:\/\/www.gintaresgeles.lt\/en\/","name":"gintaresgeles.lt","description":"G\u0117li\u0173 parduotuv\u0117 internete","potentialAction":[{"@type":"SearchAction","target":{"@type":"EntryPoint","urlTemplate":"https:\/\/www.gintaresgeles.lt\/en\/?s={search_term_string}"},"query-input":{"@type":"PropertyValueSpecification","valueRequired":true,"valueName":"search_term_string"}}],"inLanguage":"en-US"}]}},"_links":{"self":[{"href":"https:\/\/www.gintaresgeles.lt\/en\/wp-json\/wp\/v2\/product\/52734","targetHints":{"allow":["GET"]}}],"collection":[{"href":"https:\/\/www.gintaresgeles.lt\/en\/wp-json\/wp\/v2\/product"}],"about":[{"href":"https:\/\/www.gintaresgeles.lt\/en\/wp-json\/wp\/v2\/types\/product"}],"wp:featuredmedia":[{"embeddable":true,"href":"https:\/\/www.gintaresgeles.lt\/en\/wp-json\/wp\/v2\/media\/51340"}],"wp:attachment":[{"href":"https:\/\/www.gintaresgeles.lt\/en\/wp-json\/wp\/v2\/media?parent=52734"}],"wp:term":[{"taxonomy":"product_brand","embeddable":true,"href":"https:\/\/www.gintaresgeles.lt\/en\/wp-json\/wp\/v2\/product_brand?post=52734"},{"taxonomy":"product_cat","embeddable":true,"href":"https:\/\/www.gintaresgeles.lt\/en\/wp-json\/wp\/v2\/product_cat?post=52734"},{"taxonomy":"product_tag","embeddable":true,"href":"https:\/\/www.gintaresgeles.lt\/en\/wp-json\/wp\/v2\/product_tag?post=52734"}],"curies":[{"name":"wp","href":"https:\/\/api.w.org\/{rel}","templated":true}]}}