{"id":53685,"date":"2024-06-20T20:05:23","date_gmt":"2024-06-20T18:05:23","guid":{"rendered":"https:\/\/www.gintaresgeles.lt\/puokste\/pink-hellebores-and-pink-roses-in-a-box\/"},"modified":"2025-05-29T01:59:04","modified_gmt":"2025-05-28T23:59:04","slug":"a-box-of-pink-babys-breath-and-pink-roses","status":"publish","type":"product","link":"https:\/\/www.gintaresgeles.lt\/en\/puokste\/a-box-of-pink-babys-breath-and-pink-roses\/","title":{"rendered":"A box of pink Baby&#8217;s Breath and pink roses"},"content":{"rendered":"","protected":false},"excerpt":{"rendered":"<div class=\"flex-shrink-0 flex flex-col relative items-end\">\n<div class=\"pt-0\">\n<div class=\"gizmo-bot-avatar flex h-8 w-8 items-center justify-center overflow-hidden rounded-full\">\n<div class=\"relative p-1 rounded-sm flex items-center justify-center bg-token-main-surface-primary text-token-text-primary h-8 w-8\">\n<p>A box of pink Baby&#8217;s Breath and pink roses \u2013 undoubtedly adds elegance to any special occasion. Perfect for a gift, decoration, or simply as a moment of joy.<\/p>\n<p>Medium box \u2013 5 roses, 6 Baby&#8217;s Breath;<\/p>\n<p>Large box \u2013 8 roses, 9 Baby&#8217;s Breath.<\/p>\n<\/div>\n<\/div>\n<\/div>\n<\/div>\n<div class=\"group\/conversation-turn relative flex w-full min-w-0 flex-col agent-turn\">\n<div class=\"flex-col gap-1 md:gap-3\">\n<div class=\"flex max-w-full flex-col flex-grow\">\n<div class=\"min-h-8 text-message flex w-full flex-col items-end gap-2 whitespace-normal break-words text-start [.text-message+&amp;]:mt-5\" dir=\"auto\" data-message-author-role=\"assistant\" data-message-id=\"29835480-8ac0-43e3-b050-eadf165ef8ed\" data-message-model-slug=\"gpt-4o-mini\">\n<div class=\"flex w-full flex-col gap-1 empty:hidden first:pt-[3px]\">\n<div class=\"markdown prose w-full break-words dark:prose-invert dark\">\n<p>&nbsp;<\/p>\n<p>&nbsp;<\/p>\n<\/div>\n<\/div>\n<\/div>\n<\/div>\n<\/div>\n<\/div>\n","protected":false},"featured_media":52250,"template":"","meta":[],"product_brand":[],"product_cat":[260,259,252,266,265,256,253,2157,2184,2183,257,428,262,263,651,264,267,1804,238],"product_tag":[],"class_list":{"0":"post-53685","1":"product","2":"type-product","3":"status-publish","4":"has-post-thumbnail","6":"product_cat-birthday-flowers","7":"product_cat-flowers-by-occasion","8":"product_cat-flowers-by-recipient","9":"product_cat-flowers-by-style","10":"product_cat-flowers-by-type","11":"product_cat-flowers-for-girlfriend","12":"product_cat-flowers-for-mom","13":"product_cat-september-1","14":"product_cat-flowers-for-teachers-day","15":"product_cat-flowers-for-teachers","16":"product_cat-flowers-for-women","17":"product_cat-jubilee-flowers","18":"product_cat-march8th-flowers","19":"product_cat-mothers-day-flowers","20":"product_cat-pink-roses","21":"product_cat-valentines-day-flowers","22":"product_cat-flower-boxes","23":"product_cat-gypsophila","24":"product_cat-roses","25":"tm-no-options","27":"first","28":"instock","29":"taxable","30":"shipping-taxable","31":"purchasable","32":"product-type-variable"},"yoast_head":"<!-- This site is optimized with the Yoast SEO plugin v25.3 - https:\/\/yoast.com\/wordpress\/plugins\/seo\/ -->\n<title>A Box of Pink Baby&#039;s Breath and Pink Roses | Gintar\u0117&#039;s Flowers<\/title>\n<meta name=\"description\" content=\"The box is a true eye-catching beauty, featuring delicately pink Baby&#039;s Breath and rich pink roses.\" \/>\n<meta name=\"robots\" content=\"index, follow, max-snippet:-1, max-image-preview:large, max-video-preview:-1\" \/>\n<link rel=\"canonical\" href=\"https:\/\/www.gintaresgeles.lt\/en\/puokste\/a-box-of-pink-babys-breath-and-pink-roses\/\" \/>\n<meta property=\"og:locale\" content=\"en_US\" \/>\n<meta property=\"og:type\" content=\"article\" \/>\n<meta property=\"og:title\" content=\"A Box of Pink Baby&#039;s Breath and Pink Roses | Gintar\u0117&#039;s Flowers\" \/>\n<meta property=\"og:description\" content=\"The box is a true eye-catching beauty, featuring delicately pink Baby&#039;s Breath and rich pink roses.\" \/>\n<meta property=\"og:url\" content=\"https:\/\/www.gintaresgeles.lt\/en\/puokste\/a-box-of-pink-babys-breath-and-pink-roses\/\" \/>\n<meta property=\"og:site_name\" content=\"gintaresgeles.lt\" \/>\n<meta property=\"article:modified_time\" content=\"2025-05-28T23:59:04+00:00\" \/>\n<meta property=\"og:image\" content=\"https:\/\/www.gintaresgeles.lt\/wp-content\/uploads\/2024\/06\/rozines-gipsofilijos-ir-rausvos-rozes-dezuteje.jpg\" \/>\n\t<meta property=\"og:image:width\" content=\"1200\" \/>\n\t<meta property=\"og:image:height\" content=\"1200\" \/>\n\t<meta property=\"og:image:type\" content=\"image\/jpeg\" \/>\n<meta name=\"twitter:card\" content=\"summary_large_image\" \/>\n<script type=\"application\/ld+json\" class=\"yoast-schema-graph\">{\"@context\":\"https:\/\/schema.org\",\"@graph\":[{\"@type\":\"WebPage\",\"@id\":\"https:\/\/www.gintaresgeles.lt\/en\/puokste\/a-box-of-pink-babys-breath-and-pink-roses\/\",\"url\":\"https:\/\/www.gintaresgeles.lt\/en\/puokste\/a-box-of-pink-babys-breath-and-pink-roses\/\",\"name\":\"A Box of Pink Baby's Breath and Pink Roses | Gintar\u0117's Flowers\",\"isPartOf\":{\"@id\":\"https:\/\/www.gintaresgeles.lt\/en\/#website\"},\"primaryImageOfPage\":{\"@id\":\"https:\/\/www.gintaresgeles.lt\/en\/puokste\/a-box-of-pink-babys-breath-and-pink-roses\/#primaryimage\"},\"image\":{\"@id\":\"https:\/\/www.gintaresgeles.lt\/en\/puokste\/a-box-of-pink-babys-breath-and-pink-roses\/#primaryimage\"},\"thumbnailUrl\":\"https:\/\/www.gintaresgeles.lt\/wp-content\/uploads\/2024\/06\/rozines-gipsofilijos-ir-rausvos-rozes-dezuteje.jpg\",\"datePublished\":\"2024-06-20T18:05:23+00:00\",\"dateModified\":\"2025-05-28T23:59:04+00:00\",\"description\":\"The box is a true eye-catching beauty, featuring delicately pink Baby's Breath and rich pink roses.\",\"breadcrumb\":{\"@id\":\"https:\/\/www.gintaresgeles.lt\/en\/puokste\/a-box-of-pink-babys-breath-and-pink-roses\/#breadcrumb\"},\"inLanguage\":\"en-US\",\"potentialAction\":[{\"@type\":\"ReadAction\",\"target\":[\"https:\/\/www.gintaresgeles.lt\/en\/puokste\/a-box-of-pink-babys-breath-and-pink-roses\/\"]}]},{\"@type\":\"ImageObject\",\"inLanguage\":\"en-US\",\"@id\":\"https:\/\/www.gintaresgeles.lt\/en\/puokste\/a-box-of-pink-babys-breath-and-pink-roses\/#primaryimage\",\"url\":\"https:\/\/www.gintaresgeles.lt\/wp-content\/uploads\/2024\/06\/rozines-gipsofilijos-ir-rausvos-rozes-dezuteje.jpg\",\"contentUrl\":\"https:\/\/www.gintaresgeles.lt\/wp-content\/uploads\/2024\/06\/rozines-gipsofilijos-ir-rausvos-rozes-dezuteje.jpg\",\"width\":1200,\"height\":1200,\"caption\":\"G\u0117l\u0117s moterims ro\u017eini\u0173 guboj\u0173 ir rausv\u0173\"},{\"@type\":\"BreadcrumbList\",\"@id\":\"https:\/\/www.gintaresgeles.lt\/en\/puokste\/a-box-of-pink-babys-breath-and-pink-roses\/#breadcrumb\",\"itemListElement\":[{\"@type\":\"ListItem\",\"position\":1,\"name\":\"Prad\u017eia\",\"item\":\"https:\/\/www.gintaresgeles.lt\/en\/\"},{\"@type\":\"ListItem\",\"position\":2,\"name\":\"All flowers and other products\",\"item\":\"https:\/\/www.gintaresgeles.lt\/en\/all-flowers-and-other-products\/\"},{\"@type\":\"ListItem\",\"position\":3,\"name\":\"A box of pink Baby&#8217;s Breath and pink roses\"}]},{\"@type\":\"WebSite\",\"@id\":\"https:\/\/www.gintaresgeles.lt\/en\/#website\",\"url\":\"https:\/\/www.gintaresgeles.lt\/en\/\",\"name\":\"gintaresgeles.lt\",\"description\":\"G\u0117li\u0173 parduotuv\u0117 internete\",\"potentialAction\":[{\"@type\":\"SearchAction\",\"target\":{\"@type\":\"EntryPoint\",\"urlTemplate\":\"https:\/\/www.gintaresgeles.lt\/en\/?s={search_term_string}\"},\"query-input\":{\"@type\":\"PropertyValueSpecification\",\"valueRequired\":true,\"valueName\":\"search_term_string\"}}],\"inLanguage\":\"en-US\"}]}<\/script>\n<!-- \/ Yoast SEO plugin. -->","yoast_head_json":{"title":"A Box of Pink Baby's Breath and Pink Roses | Gintar\u0117's Flowers","description":"The box is a true eye-catching beauty, featuring delicately pink Baby's Breath and rich pink roses.","robots":{"index":"index","follow":"follow","max-snippet":"max-snippet:-1","max-image-preview":"max-image-preview:large","max-video-preview":"max-video-preview:-1"},"canonical":"https:\/\/www.gintaresgeles.lt\/en\/puokste\/a-box-of-pink-babys-breath-and-pink-roses\/","og_locale":"en_US","og_type":"article","og_title":"A Box of Pink Baby's Breath and Pink Roses | Gintar\u0117's Flowers","og_description":"The box is a true eye-catching beauty, featuring delicately pink Baby's Breath and rich pink roses.","og_url":"https:\/\/www.gintaresgeles.lt\/en\/puokste\/a-box-of-pink-babys-breath-and-pink-roses\/","og_site_name":"gintaresgeles.lt","article_modified_time":"2025-05-28T23:59:04+00:00","og_image":[{"width":1200,"height":1200,"url":"https:\/\/www.gintaresgeles.lt\/wp-content\/uploads\/2024\/06\/rozines-gipsofilijos-ir-rausvos-rozes-dezuteje.jpg","type":"image\/jpeg"}],"twitter_card":"summary_large_image","schema":{"@context":"https:\/\/schema.org","@graph":[{"@type":"WebPage","@id":"https:\/\/www.gintaresgeles.lt\/en\/puokste\/a-box-of-pink-babys-breath-and-pink-roses\/","url":"https:\/\/www.gintaresgeles.lt\/en\/puokste\/a-box-of-pink-babys-breath-and-pink-roses\/","name":"A Box of Pink Baby's Breath and Pink Roses | Gintar\u0117's Flowers","isPartOf":{"@id":"https:\/\/www.gintaresgeles.lt\/en\/#website"},"primaryImageOfPage":{"@id":"https:\/\/www.gintaresgeles.lt\/en\/puokste\/a-box-of-pink-babys-breath-and-pink-roses\/#primaryimage"},"image":{"@id":"https:\/\/www.gintaresgeles.lt\/en\/puokste\/a-box-of-pink-babys-breath-and-pink-roses\/#primaryimage"},"thumbnailUrl":"https:\/\/www.gintaresgeles.lt\/wp-content\/uploads\/2024\/06\/rozines-gipsofilijos-ir-rausvos-rozes-dezuteje.jpg","datePublished":"2024-06-20T18:05:23+00:00","dateModified":"2025-05-28T23:59:04+00:00","description":"The box is a true eye-catching beauty, featuring delicately pink Baby's Breath and rich pink roses.","breadcrumb":{"@id":"https:\/\/www.gintaresgeles.lt\/en\/puokste\/a-box-of-pink-babys-breath-and-pink-roses\/#breadcrumb"},"inLanguage":"en-US","potentialAction":[{"@type":"ReadAction","target":["https:\/\/www.gintaresgeles.lt\/en\/puokste\/a-box-of-pink-babys-breath-and-pink-roses\/"]}]},{"@type":"ImageObject","inLanguage":"en-US","@id":"https:\/\/www.gintaresgeles.lt\/en\/puokste\/a-box-of-pink-babys-breath-and-pink-roses\/#primaryimage","url":"https:\/\/www.gintaresgeles.lt\/wp-content\/uploads\/2024\/06\/rozines-gipsofilijos-ir-rausvos-rozes-dezuteje.jpg","contentUrl":"https:\/\/www.gintaresgeles.lt\/wp-content\/uploads\/2024\/06\/rozines-gipsofilijos-ir-rausvos-rozes-dezuteje.jpg","width":1200,"height":1200,"caption":"G\u0117l\u0117s moterims ro\u017eini\u0173 guboj\u0173 ir rausv\u0173"},{"@type":"BreadcrumbList","@id":"https:\/\/www.gintaresgeles.lt\/en\/puokste\/a-box-of-pink-babys-breath-and-pink-roses\/#breadcrumb","itemListElement":[{"@type":"ListItem","position":1,"name":"Prad\u017eia","item":"https:\/\/www.gintaresgeles.lt\/en\/"},{"@type":"ListItem","position":2,"name":"All flowers and other products","item":"https:\/\/www.gintaresgeles.lt\/en\/all-flowers-and-other-products\/"},{"@type":"ListItem","position":3,"name":"A box of pink Baby&#8217;s Breath and pink roses"}]},{"@type":"WebSite","@id":"https:\/\/www.gintaresgeles.lt\/en\/#website","url":"https:\/\/www.gintaresgeles.lt\/en\/","name":"gintaresgeles.lt","description":"G\u0117li\u0173 parduotuv\u0117 internete","potentialAction":[{"@type":"SearchAction","target":{"@type":"EntryPoint","urlTemplate":"https:\/\/www.gintaresgeles.lt\/en\/?s={search_term_string}"},"query-input":{"@type":"PropertyValueSpecification","valueRequired":true,"valueName":"search_term_string"}}],"inLanguage":"en-US"}]}},"_links":{"self":[{"href":"https:\/\/www.gintaresgeles.lt\/en\/wp-json\/wp\/v2\/product\/53685","targetHints":{"allow":["GET"]}}],"collection":[{"href":"https:\/\/www.gintaresgeles.lt\/en\/wp-json\/wp\/v2\/product"}],"about":[{"href":"https:\/\/www.gintaresgeles.lt\/en\/wp-json\/wp\/v2\/types\/product"}],"wp:featuredmedia":[{"embeddable":true,"href":"https:\/\/www.gintaresgeles.lt\/en\/wp-json\/wp\/v2\/media\/52250"}],"wp:attachment":[{"href":"https:\/\/www.gintaresgeles.lt\/en\/wp-json\/wp\/v2\/media?parent=53685"}],"wp:term":[{"taxonomy":"product_brand","embeddable":true,"href":"https:\/\/www.gintaresgeles.lt\/en\/wp-json\/wp\/v2\/product_brand?post=53685"},{"taxonomy":"product_cat","embeddable":true,"href":"https:\/\/www.gintaresgeles.lt\/en\/wp-json\/wp\/v2\/product_cat?post=53685"},{"taxonomy":"product_tag","embeddable":true,"href":"https:\/\/www.gintaresgeles.lt\/en\/wp-json\/wp\/v2\/product_tag?post=53685"}],"curies":[{"name":"wp","href":"https:\/\/api.w.org\/{rel}","templated":true}]}}