{"id":53693,"date":"2024-09-03T15:13:42","date_gmt":"2024-09-03T13:13:42","guid":{"rendered":"https:\/\/www.gintaresgeles.lt\/puokste\/flower-bouquet-cozy-accent\/"},"modified":"2025-05-29T01:59:02","modified_gmt":"2025-05-28T23:59:02","slug":"flower-bouquet-cozy-accent","status":"publish","type":"product","link":"https:\/\/www.gintaresgeles.lt\/en\/puokste\/flower-bouquet-cozy-accent\/","title":{"rendered":"Flower Bouquet &#8220;Cozy Accent&#8221;"},"content":{"rendered":"","protected":false},"excerpt":{"rendered":"<p>A two-tone carnation bouquet in an exclusive packaging \u2013 a perfect gift for both women and men on various occasions. This elegant and modern bouquet is ideal for birthdays, name days, Women&#8217;s Day, Mother&#8217;s Day, or any other celebration. The carnation petals radiate tenderness and warmth, making it a gift that will captivate both women and men.<\/p>\n<p>The bouquet contains 17 carnations. Flowers in a floral foam oasis, so there&#8217;s no need to worry about a vase.<\/p>\n","protected":false},"featured_media":52777,"template":"","meta":[],"product_brand":[],"product_cat":[261,260,259,252,266,265,256,258,253,2157,2184,2183,257,428,262,263,264,246,268,2179],"product_tag":[],"class_list":{"0":"post-53693","1":"product","2":"type-product","3":"status-publish","4":"has-post-thumbnail","6":"product_cat-birthday-bouquets","7":"product_cat-birthday-flowers","8":"product_cat-flowers-by-occasion","9":"product_cat-flowers-by-recipient","10":"product_cat-flowers-by-style","11":"product_cat-flowers-by-type","12":"product_cat-flowers-for-girlfriend","13":"product_cat-flowers-for-men","14":"product_cat-flowers-for-mom","15":"product_cat-september-1","16":"product_cat-flowers-for-teachers-day","17":"product_cat-flowers-for-teachers","18":"product_cat-flowers-for-women","19":"product_cat-jubilee-flowers","20":"product_cat-march8th-flowers","21":"product_cat-mothers-day-flowers","22":"product_cat-valentines-day-flowers","23":"product_cat-carnations","24":"product_cat-flower-bouquets","25":"product_cat-flowers-in-exclusive-packaging","26":"tm-has-options","28":"first","29":"instock","30":"taxable","31":"shipping-taxable","32":"purchasable","33":"product-type-simple"},"yoast_head":"<!-- This site is optimized with the Yoast SEO plugin v25.3 - https:\/\/yoast.com\/wordpress\/plugins\/seo\/ -->\n<title>Flower Bouquet &quot;Cozy Accent&quot; | Flowers in Vilnius | Gintar\u0117\u2019s Flowers<\/title>\n<meta name=\"description\" content=\"Surprise your beloved girlfriend with an elegant bouquet. This carnation bouquet will express love, care, and warmth. Order with delivery in Vilnius.\" \/>\n<meta name=\"robots\" content=\"index, follow, max-snippet:-1, max-image-preview:large, max-video-preview:-1\" \/>\n<link rel=\"canonical\" href=\"https:\/\/www.gintaresgeles.lt\/en\/puokste\/flower-bouquet-cozy-accent\/\" \/>\n<meta property=\"og:locale\" content=\"en_US\" \/>\n<meta property=\"og:type\" content=\"article\" \/>\n<meta property=\"og:title\" content=\"Flower Bouquet &quot;Cozy Accent&quot; | Flowers in Vilnius | Gintar\u0117\u2019s Flowers\" \/>\n<meta property=\"og:description\" content=\"Surprise your beloved girlfriend with an elegant bouquet. This carnation bouquet will express love, care, and warmth. Order with delivery in Vilnius.\" \/>\n<meta property=\"og:url\" content=\"https:\/\/www.gintaresgeles.lt\/en\/puokste\/flower-bouquet-cozy-accent\/\" \/>\n<meta property=\"og:site_name\" content=\"gintaresgeles.lt\" \/>\n<meta property=\"article:modified_time\" content=\"2025-05-28T23:59:02+00:00\" \/>\n<meta property=\"og:image\" content=\"https:\/\/www.gintaresgeles.lt\/wp-content\/uploads\/2024\/09\/gvazdiku-puokste-dvieju-spalvu-isskirtiniame-ipakavime-scaled.jpg\" \/>\n\t<meta property=\"og:image:width\" content=\"2560\" \/>\n\t<meta property=\"og:image:height\" content=\"2560\" \/>\n\t<meta property=\"og:image:type\" content=\"image\/jpeg\" \/>\n<meta name=\"twitter:card\" content=\"summary_large_image\" \/>\n<script type=\"application\/ld+json\" class=\"yoast-schema-graph\">{\"@context\":\"https:\/\/schema.org\",\"@graph\":[{\"@type\":\"WebPage\",\"@id\":\"https:\/\/www.gintaresgeles.lt\/en\/puokste\/flower-bouquet-cozy-accent\/\",\"url\":\"https:\/\/www.gintaresgeles.lt\/en\/puokste\/flower-bouquet-cozy-accent\/\",\"name\":\"Flower Bouquet \\\"Cozy Accent\\\" | Flowers in Vilnius | Gintar\u0117\u2019s Flowers\",\"isPartOf\":{\"@id\":\"https:\/\/www.gintaresgeles.lt\/en\/#website\"},\"primaryImageOfPage\":{\"@id\":\"https:\/\/www.gintaresgeles.lt\/en\/puokste\/flower-bouquet-cozy-accent\/#primaryimage\"},\"image\":{\"@id\":\"https:\/\/www.gintaresgeles.lt\/en\/puokste\/flower-bouquet-cozy-accent\/#primaryimage\"},\"thumbnailUrl\":\"https:\/\/www.gintaresgeles.lt\/wp-content\/uploads\/2024\/09\/gvazdiku-puokste-dvieju-spalvu-isskirtiniame-ipakavime-scaled.jpg\",\"datePublished\":\"2024-09-03T13:13:42+00:00\",\"dateModified\":\"2025-05-28T23:59:02+00:00\",\"description\":\"Surprise your beloved girlfriend with an elegant bouquet. This carnation bouquet will express love, care, and warmth. Order with delivery in Vilnius.\",\"breadcrumb\":{\"@id\":\"https:\/\/www.gintaresgeles.lt\/en\/puokste\/flower-bouquet-cozy-accent\/#breadcrumb\"},\"inLanguage\":\"en-US\",\"potentialAction\":[{\"@type\":\"ReadAction\",\"target\":[\"https:\/\/www.gintaresgeles.lt\/en\/puokste\/flower-bouquet-cozy-accent\/\"]}]},{\"@type\":\"ImageObject\",\"inLanguage\":\"en-US\",\"@id\":\"https:\/\/www.gintaresgeles.lt\/en\/puokste\/flower-bouquet-cozy-accent\/#primaryimage\",\"url\":\"https:\/\/www.gintaresgeles.lt\/wp-content\/uploads\/2024\/09\/gvazdiku-puokste-dvieju-spalvu-isskirtiniame-ipakavime-scaled.jpg\",\"contentUrl\":\"https:\/\/www.gintaresgeles.lt\/wp-content\/uploads\/2024\/09\/gvazdiku-puokste-dvieju-spalvu-isskirtiniame-ipakavime-scaled.jpg\",\"width\":2560,\"height\":2560,\"caption\":\"Dvispalv\u0117 gvazdik\u0173 puok\u0161t\u0117 g\u0117l\u0117s gimtadienio proga\"},{\"@type\":\"BreadcrumbList\",\"@id\":\"https:\/\/www.gintaresgeles.lt\/en\/puokste\/flower-bouquet-cozy-accent\/#breadcrumb\",\"itemListElement\":[{\"@type\":\"ListItem\",\"position\":1,\"name\":\"Prad\u017eia\",\"item\":\"https:\/\/www.gintaresgeles.lt\/en\/\"},{\"@type\":\"ListItem\",\"position\":2,\"name\":\"All flowers and other products\",\"item\":\"https:\/\/www.gintaresgeles.lt\/en\/all-flowers-and-other-products\/\"},{\"@type\":\"ListItem\",\"position\":3,\"name\":\"Flower Bouquet &#8222;Cozy Accent&#8221;\"}]},{\"@type\":\"WebSite\",\"@id\":\"https:\/\/www.gintaresgeles.lt\/en\/#website\",\"url\":\"https:\/\/www.gintaresgeles.lt\/en\/\",\"name\":\"gintaresgeles.lt\",\"description\":\"G\u0117li\u0173 parduotuv\u0117 internete\",\"potentialAction\":[{\"@type\":\"SearchAction\",\"target\":{\"@type\":\"EntryPoint\",\"urlTemplate\":\"https:\/\/www.gintaresgeles.lt\/en\/?s={search_term_string}\"},\"query-input\":{\"@type\":\"PropertyValueSpecification\",\"valueRequired\":true,\"valueName\":\"search_term_string\"}}],\"inLanguage\":\"en-US\"}]}<\/script>\n<!-- \/ Yoast SEO plugin. -->","yoast_head_json":{"title":"Flower Bouquet \"Cozy Accent\" | Flowers in Vilnius | Gintar\u0117\u2019s Flowers","description":"Surprise your beloved girlfriend with an elegant bouquet. This carnation bouquet will express love, care, and warmth. Order with delivery in Vilnius.","robots":{"index":"index","follow":"follow","max-snippet":"max-snippet:-1","max-image-preview":"max-image-preview:large","max-video-preview":"max-video-preview:-1"},"canonical":"https:\/\/www.gintaresgeles.lt\/en\/puokste\/flower-bouquet-cozy-accent\/","og_locale":"en_US","og_type":"article","og_title":"Flower Bouquet \"Cozy Accent\" | Flowers in Vilnius | Gintar\u0117\u2019s Flowers","og_description":"Surprise your beloved girlfriend with an elegant bouquet. This carnation bouquet will express love, care, and warmth. Order with delivery in Vilnius.","og_url":"https:\/\/www.gintaresgeles.lt\/en\/puokste\/flower-bouquet-cozy-accent\/","og_site_name":"gintaresgeles.lt","article_modified_time":"2025-05-28T23:59:02+00:00","og_image":[{"width":2560,"height":2560,"url":"https:\/\/www.gintaresgeles.lt\/wp-content\/uploads\/2024\/09\/gvazdiku-puokste-dvieju-spalvu-isskirtiniame-ipakavime-scaled.jpg","type":"image\/jpeg"}],"twitter_card":"summary_large_image","schema":{"@context":"https:\/\/schema.org","@graph":[{"@type":"WebPage","@id":"https:\/\/www.gintaresgeles.lt\/en\/puokste\/flower-bouquet-cozy-accent\/","url":"https:\/\/www.gintaresgeles.lt\/en\/puokste\/flower-bouquet-cozy-accent\/","name":"Flower Bouquet \"Cozy Accent\" | Flowers in Vilnius | Gintar\u0117\u2019s Flowers","isPartOf":{"@id":"https:\/\/www.gintaresgeles.lt\/en\/#website"},"primaryImageOfPage":{"@id":"https:\/\/www.gintaresgeles.lt\/en\/puokste\/flower-bouquet-cozy-accent\/#primaryimage"},"image":{"@id":"https:\/\/www.gintaresgeles.lt\/en\/puokste\/flower-bouquet-cozy-accent\/#primaryimage"},"thumbnailUrl":"https:\/\/www.gintaresgeles.lt\/wp-content\/uploads\/2024\/09\/gvazdiku-puokste-dvieju-spalvu-isskirtiniame-ipakavime-scaled.jpg","datePublished":"2024-09-03T13:13:42+00:00","dateModified":"2025-05-28T23:59:02+00:00","description":"Surprise your beloved girlfriend with an elegant bouquet. This carnation bouquet will express love, care, and warmth. Order with delivery in Vilnius.","breadcrumb":{"@id":"https:\/\/www.gintaresgeles.lt\/en\/puokste\/flower-bouquet-cozy-accent\/#breadcrumb"},"inLanguage":"en-US","potentialAction":[{"@type":"ReadAction","target":["https:\/\/www.gintaresgeles.lt\/en\/puokste\/flower-bouquet-cozy-accent\/"]}]},{"@type":"ImageObject","inLanguage":"en-US","@id":"https:\/\/www.gintaresgeles.lt\/en\/puokste\/flower-bouquet-cozy-accent\/#primaryimage","url":"https:\/\/www.gintaresgeles.lt\/wp-content\/uploads\/2024\/09\/gvazdiku-puokste-dvieju-spalvu-isskirtiniame-ipakavime-scaled.jpg","contentUrl":"https:\/\/www.gintaresgeles.lt\/wp-content\/uploads\/2024\/09\/gvazdiku-puokste-dvieju-spalvu-isskirtiniame-ipakavime-scaled.jpg","width":2560,"height":2560,"caption":"Dvispalv\u0117 gvazdik\u0173 puok\u0161t\u0117 g\u0117l\u0117s gimtadienio proga"},{"@type":"BreadcrumbList","@id":"https:\/\/www.gintaresgeles.lt\/en\/puokste\/flower-bouquet-cozy-accent\/#breadcrumb","itemListElement":[{"@type":"ListItem","position":1,"name":"Prad\u017eia","item":"https:\/\/www.gintaresgeles.lt\/en\/"},{"@type":"ListItem","position":2,"name":"All flowers and other products","item":"https:\/\/www.gintaresgeles.lt\/en\/all-flowers-and-other-products\/"},{"@type":"ListItem","position":3,"name":"Flower Bouquet &#8222;Cozy Accent&#8221;"}]},{"@type":"WebSite","@id":"https:\/\/www.gintaresgeles.lt\/en\/#website","url":"https:\/\/www.gintaresgeles.lt\/en\/","name":"gintaresgeles.lt","description":"G\u0117li\u0173 parduotuv\u0117 internete","potentialAction":[{"@type":"SearchAction","target":{"@type":"EntryPoint","urlTemplate":"https:\/\/www.gintaresgeles.lt\/en\/?s={search_term_string}"},"query-input":{"@type":"PropertyValueSpecification","valueRequired":true,"valueName":"search_term_string"}}],"inLanguage":"en-US"}]}},"_links":{"self":[{"href":"https:\/\/www.gintaresgeles.lt\/en\/wp-json\/wp\/v2\/product\/53693","targetHints":{"allow":["GET"]}}],"collection":[{"href":"https:\/\/www.gintaresgeles.lt\/en\/wp-json\/wp\/v2\/product"}],"about":[{"href":"https:\/\/www.gintaresgeles.lt\/en\/wp-json\/wp\/v2\/types\/product"}],"wp:featuredmedia":[{"embeddable":true,"href":"https:\/\/www.gintaresgeles.lt\/en\/wp-json\/wp\/v2\/media\/52777"}],"wp:attachment":[{"href":"https:\/\/www.gintaresgeles.lt\/en\/wp-json\/wp\/v2\/media?parent=53693"}],"wp:term":[{"taxonomy":"product_brand","embeddable":true,"href":"https:\/\/www.gintaresgeles.lt\/en\/wp-json\/wp\/v2\/product_brand?post=53693"},{"taxonomy":"product_cat","embeddable":true,"href":"https:\/\/www.gintaresgeles.lt\/en\/wp-json\/wp\/v2\/product_cat?post=53693"},{"taxonomy":"product_tag","embeddable":true,"href":"https:\/\/www.gintaresgeles.lt\/en\/wp-json\/wp\/v2\/product_tag?post=53693"}],"curies":[{"name":"wp","href":"https:\/\/api.w.org\/{rel}","templated":true}]}}