{"id":53696,"date":"2024-10-13T19:23:33","date_gmt":"2024-10-13T17:23:33","guid":{"rendered":"https:\/\/www.gintaresgeles.lt\/puokste\/balloon-bouquet-butterflies\/"},"modified":"2024-10-13T19:23:33","modified_gmt":"2024-10-13T17:23:33","slug":"balloon-bouquet-butterflies","status":"publish","type":"product","link":"https:\/\/www.gintaresgeles.lt\/en\/puokste\/balloon-bouquet-butterflies\/","title":{"rendered":"Balloon Bouquet &#8220;Butterflies&#8221;"},"content":{"rendered":"","protected":false},"excerpt":{"rendered":"<p>These elegant pink and white balloons with small dots and butterflies are perfect for any celebration!<\/p>\n<p>Balloon diameter \u2013 30cm, the bouquet contains 10 helium balloons.<\/p>\n","protected":false},"featured_media":53078,"template":"","meta":[],"product_brand":[],"product_cat":[270,893,1961,894,1955,1203],"product_tag":[],"class_list":{"0":"post-53696","1":"product","2":"type-product","3":"status-publish","4":"has-post-thumbnail","6":"product_cat-helium-balloons","7":"product_cat-helium-balloons-for-birthday","8":"product_cat-helium-balloons-for-girls","9":"product_cat-helium-balloons-for-kids","10":"product_cat-helium-balloons-for-the-christenings","11":"product_cat-helium-rubber-balloons","12":"tm-has-options","14":"first","15":"instock","16":"taxable","17":"shipping-taxable","18":"purchasable","19":"product-type-simple"},"yoast_head":"<!-- This site is optimized with the Yoast SEO plugin v25.3 - https:\/\/yoast.com\/wordpress\/plugins\/seo\/ -->\n<title>Balloon Bouquet &quot;Butterflies&quot; | Helium Balloons | Gintar\u0117\u2019s Flowers<\/title>\n<meta name=\"description\" content=\"Purchase elegant pink and transparent balloons with butterflies that will add a special charm and festive atmosphere to your celebration.\" \/>\n<meta name=\"robots\" content=\"index, follow, max-snippet:-1, max-image-preview:large, max-video-preview:-1\" \/>\n<link rel=\"canonical\" href=\"https:\/\/www.gintaresgeles.lt\/en\/puokste\/balloon-bouquet-butterflies\/\" \/>\n<meta property=\"og:locale\" content=\"en_US\" \/>\n<meta property=\"og:type\" content=\"article\" \/>\n<meta property=\"og:title\" content=\"Balloon Bouquet &quot;Butterflies&quot; | Helium Balloons | Gintar\u0117\u2019s Flowers\" \/>\n<meta property=\"og:description\" content=\"Purchase elegant pink and transparent balloons with butterflies that will add a special charm and festive atmosphere to your celebration.\" \/>\n<meta property=\"og:url\" content=\"https:\/\/www.gintaresgeles.lt\/en\/puokste\/balloon-bouquet-butterflies\/\" \/>\n<meta property=\"og:site_name\" content=\"gintaresgeles.lt\" \/>\n<meta property=\"og:image\" content=\"https:\/\/www.gintaresgeles.lt\/wp-content\/uploads\/2024\/10\/rausvi-balionai-su-drugeliais.jpg\" \/>\n\t<meta property=\"og:image:width\" content=\"720\" \/>\n\t<meta property=\"og:image:height\" content=\"720\" \/>\n\t<meta property=\"og:image:type\" content=\"image\/jpeg\" \/>\n<meta name=\"twitter:card\" content=\"summary_large_image\" \/>\n<script type=\"application\/ld+json\" class=\"yoast-schema-graph\">{\"@context\":\"https:\/\/schema.org\",\"@graph\":[{\"@type\":\"WebPage\",\"@id\":\"https:\/\/www.gintaresgeles.lt\/en\/puokste\/balloon-bouquet-butterflies\/\",\"url\":\"https:\/\/www.gintaresgeles.lt\/en\/puokste\/balloon-bouquet-butterflies\/\",\"name\":\"Balloon Bouquet \\\"Butterflies\\\" | Helium Balloons | Gintar\u0117\u2019s Flowers\",\"isPartOf\":{\"@id\":\"https:\/\/www.gintaresgeles.lt\/en\/#website\"},\"primaryImageOfPage\":{\"@id\":\"https:\/\/www.gintaresgeles.lt\/en\/puokste\/balloon-bouquet-butterflies\/#primaryimage\"},\"image\":{\"@id\":\"https:\/\/www.gintaresgeles.lt\/en\/puokste\/balloon-bouquet-butterflies\/#primaryimage\"},\"thumbnailUrl\":\"https:\/\/www.gintaresgeles.lt\/wp-content\/uploads\/2024\/10\/rausvi-balionai-su-drugeliais.jpg\",\"datePublished\":\"2024-10-13T17:23:33+00:00\",\"description\":\"Purchase elegant pink and transparent balloons with butterflies that will add a special charm and festive atmosphere to your celebration.\",\"breadcrumb\":{\"@id\":\"https:\/\/www.gintaresgeles.lt\/en\/puokste\/balloon-bouquet-butterflies\/#breadcrumb\"},\"inLanguage\":\"en-US\",\"potentialAction\":[{\"@type\":\"ReadAction\",\"target\":[\"https:\/\/www.gintaresgeles.lt\/en\/puokste\/balloon-bouquet-butterflies\/\"]}]},{\"@type\":\"ImageObject\",\"inLanguage\":\"en-US\",\"@id\":\"https:\/\/www.gintaresgeles.lt\/en\/puokste\/balloon-bouquet-butterflies\/#primaryimage\",\"url\":\"https:\/\/www.gintaresgeles.lt\/wp-content\/uploads\/2024\/10\/rausvi-balionai-su-drugeliais.jpg\",\"contentUrl\":\"https:\/\/www.gintaresgeles.lt\/wp-content\/uploads\/2024\/10\/rausvi-balionai-su-drugeliais.jpg\",\"width\":720,\"height\":720},{\"@type\":\"BreadcrumbList\",\"@id\":\"https:\/\/www.gintaresgeles.lt\/en\/puokste\/balloon-bouquet-butterflies\/#breadcrumb\",\"itemListElement\":[{\"@type\":\"ListItem\",\"position\":1,\"name\":\"Prad\u017eia\",\"item\":\"https:\/\/www.gintaresgeles.lt\/en\/\"},{\"@type\":\"ListItem\",\"position\":2,\"name\":\"All flowers and other products\",\"item\":\"https:\/\/www.gintaresgeles.lt\/en\/all-flowers-and-other-products\/\"},{\"@type\":\"ListItem\",\"position\":3,\"name\":\"Balloon Bouquet &#8222;Butterflies&#8221;\"}]},{\"@type\":\"WebSite\",\"@id\":\"https:\/\/www.gintaresgeles.lt\/en\/#website\",\"url\":\"https:\/\/www.gintaresgeles.lt\/en\/\",\"name\":\"gintaresgeles.lt\",\"description\":\"G\u0117li\u0173 parduotuv\u0117 internete\",\"potentialAction\":[{\"@type\":\"SearchAction\",\"target\":{\"@type\":\"EntryPoint\",\"urlTemplate\":\"https:\/\/www.gintaresgeles.lt\/en\/?s={search_term_string}\"},\"query-input\":{\"@type\":\"PropertyValueSpecification\",\"valueRequired\":true,\"valueName\":\"search_term_string\"}}],\"inLanguage\":\"en-US\"}]}<\/script>\n<!-- \/ Yoast SEO plugin. -->","yoast_head_json":{"title":"Balloon Bouquet \"Butterflies\" | Helium Balloons | Gintar\u0117\u2019s Flowers","description":"Purchase elegant pink and transparent balloons with butterflies that will add a special charm and festive atmosphere to your celebration.","robots":{"index":"index","follow":"follow","max-snippet":"max-snippet:-1","max-image-preview":"max-image-preview:large","max-video-preview":"max-video-preview:-1"},"canonical":"https:\/\/www.gintaresgeles.lt\/en\/puokste\/balloon-bouquet-butterflies\/","og_locale":"en_US","og_type":"article","og_title":"Balloon Bouquet \"Butterflies\" | Helium Balloons | Gintar\u0117\u2019s Flowers","og_description":"Purchase elegant pink and transparent balloons with butterflies that will add a special charm and festive atmosphere to your celebration.","og_url":"https:\/\/www.gintaresgeles.lt\/en\/puokste\/balloon-bouquet-butterflies\/","og_site_name":"gintaresgeles.lt","og_image":[{"width":720,"height":720,"url":"https:\/\/www.gintaresgeles.lt\/wp-content\/uploads\/2024\/10\/rausvi-balionai-su-drugeliais.jpg","type":"image\/jpeg"}],"twitter_card":"summary_large_image","schema":{"@context":"https:\/\/schema.org","@graph":[{"@type":"WebPage","@id":"https:\/\/www.gintaresgeles.lt\/en\/puokste\/balloon-bouquet-butterflies\/","url":"https:\/\/www.gintaresgeles.lt\/en\/puokste\/balloon-bouquet-butterflies\/","name":"Balloon Bouquet \"Butterflies\" | Helium Balloons | Gintar\u0117\u2019s Flowers","isPartOf":{"@id":"https:\/\/www.gintaresgeles.lt\/en\/#website"},"primaryImageOfPage":{"@id":"https:\/\/www.gintaresgeles.lt\/en\/puokste\/balloon-bouquet-butterflies\/#primaryimage"},"image":{"@id":"https:\/\/www.gintaresgeles.lt\/en\/puokste\/balloon-bouquet-butterflies\/#primaryimage"},"thumbnailUrl":"https:\/\/www.gintaresgeles.lt\/wp-content\/uploads\/2024\/10\/rausvi-balionai-su-drugeliais.jpg","datePublished":"2024-10-13T17:23:33+00:00","description":"Purchase elegant pink and transparent balloons with butterflies that will add a special charm and festive atmosphere to your celebration.","breadcrumb":{"@id":"https:\/\/www.gintaresgeles.lt\/en\/puokste\/balloon-bouquet-butterflies\/#breadcrumb"},"inLanguage":"en-US","potentialAction":[{"@type":"ReadAction","target":["https:\/\/www.gintaresgeles.lt\/en\/puokste\/balloon-bouquet-butterflies\/"]}]},{"@type":"ImageObject","inLanguage":"en-US","@id":"https:\/\/www.gintaresgeles.lt\/en\/puokste\/balloon-bouquet-butterflies\/#primaryimage","url":"https:\/\/www.gintaresgeles.lt\/wp-content\/uploads\/2024\/10\/rausvi-balionai-su-drugeliais.jpg","contentUrl":"https:\/\/www.gintaresgeles.lt\/wp-content\/uploads\/2024\/10\/rausvi-balionai-su-drugeliais.jpg","width":720,"height":720},{"@type":"BreadcrumbList","@id":"https:\/\/www.gintaresgeles.lt\/en\/puokste\/balloon-bouquet-butterflies\/#breadcrumb","itemListElement":[{"@type":"ListItem","position":1,"name":"Prad\u017eia","item":"https:\/\/www.gintaresgeles.lt\/en\/"},{"@type":"ListItem","position":2,"name":"All flowers and other products","item":"https:\/\/www.gintaresgeles.lt\/en\/all-flowers-and-other-products\/"},{"@type":"ListItem","position":3,"name":"Balloon Bouquet &#8222;Butterflies&#8221;"}]},{"@type":"WebSite","@id":"https:\/\/www.gintaresgeles.lt\/en\/#website","url":"https:\/\/www.gintaresgeles.lt\/en\/","name":"gintaresgeles.lt","description":"G\u0117li\u0173 parduotuv\u0117 internete","potentialAction":[{"@type":"SearchAction","target":{"@type":"EntryPoint","urlTemplate":"https:\/\/www.gintaresgeles.lt\/en\/?s={search_term_string}"},"query-input":{"@type":"PropertyValueSpecification","valueRequired":true,"valueName":"search_term_string"}}],"inLanguage":"en-US"}]}},"_links":{"self":[{"href":"https:\/\/www.gintaresgeles.lt\/en\/wp-json\/wp\/v2\/product\/53696","targetHints":{"allow":["GET"]}}],"collection":[{"href":"https:\/\/www.gintaresgeles.lt\/en\/wp-json\/wp\/v2\/product"}],"about":[{"href":"https:\/\/www.gintaresgeles.lt\/en\/wp-json\/wp\/v2\/types\/product"}],"wp:featuredmedia":[{"embeddable":true,"href":"https:\/\/www.gintaresgeles.lt\/en\/wp-json\/wp\/v2\/media\/53078"}],"wp:attachment":[{"href":"https:\/\/www.gintaresgeles.lt\/en\/wp-json\/wp\/v2\/media?parent=53696"}],"wp:term":[{"taxonomy":"product_brand","embeddable":true,"href":"https:\/\/www.gintaresgeles.lt\/en\/wp-json\/wp\/v2\/product_brand?post=53696"},{"taxonomy":"product_cat","embeddable":true,"href":"https:\/\/www.gintaresgeles.lt\/en\/wp-json\/wp\/v2\/product_cat?post=53696"},{"taxonomy":"product_tag","embeddable":true,"href":"https:\/\/www.gintaresgeles.lt\/en\/wp-json\/wp\/v2\/product_tag?post=53696"}],"curies":[{"name":"wp","href":"https:\/\/api.w.org\/{rel}","templated":true}]}}