{"id":53697,"date":"2025-01-04T11:01:45","date_gmt":"2025-01-04T09:01:45","guid":{"rendered":"https:\/\/www.gintaresgeles.lt\/puokste\/pink-and-rose-pink-rose-box\/"},"modified":"2025-02-05T16:27:23","modified_gmt":"2025-02-05T14:27:23","slug":"pink-and-rose-pink-rose-box","status":"publish","type":"product","link":"https:\/\/www.gintaresgeles.lt\/en\/puokste\/pink-and-rose-pink-rose-box\/","title":{"rendered":"Pink and Rose-Pink Rose Box"},"content":{"rendered":"","protected":false},"excerpt":{"rendered":"<p>The box is made up of soft pink and light violet roses, creating a harmonious and aesthetically pleasing combination. A perfect choice for special occasions such as birthdays, anniversaries, weddings, or simply to show your love and gratitude. Let this elegant flower box enrich the day of your loved ones!<\/p>\n","protected":false},"featured_media":53616,"template":"","meta":[],"product_brand":[],"product_cat":[260,259,252,266,265,256,253,2184,2183,257,428,262,263,651,650,264,267,238],"product_tag":[],"class_list":{"0":"post-53697","1":"product","2":"type-product","3":"status-publish","4":"has-post-thumbnail","6":"product_cat-birthday-flowers","7":"product_cat-flowers-by-occasion","8":"product_cat-flowers-by-recipient","9":"product_cat-flowers-by-style","10":"product_cat-flowers-by-type","11":"product_cat-flowers-for-girlfriend","12":"product_cat-flowers-for-mom","13":"product_cat-flowers-for-teachers-day","14":"product_cat-flowers-for-teachers","15":"product_cat-flowers-for-women","16":"product_cat-jubilee-flowers","17":"product_cat-march8th-flowers","18":"product_cat-mothers-day-flowers","19":"product_cat-pink-roses","20":"product_cat-roses-in-a-box","21":"product_cat-valentines-day-flowers","22":"product_cat-flower-boxes","23":"product_cat-roses","24":"tm-no-options","26":"first","27":"instock","28":"taxable","29":"shipping-taxable","30":"purchasable","31":"product-type-variable"},"yoast_head":"<!-- This site is optimized with the Yoast SEO plugin v25.3 - https:\/\/yoast.com\/wordpress\/plugins\/seo\/ -->\n<title>D\u0117\u017eut\u0117 sudaryta i\u0161 \u0161velniai ro\u017eini\u0173 ir \u0161viesiai violetini\u0173 ro\u017ei\u0173, yra puikus pasirinkimas ypatingoms progoms ar kaip dovana mylimam \u017emogui.<\/title>\n<meta name=\"description\" content=\"The box, made of soft pink and light violet roses, is a perfect choice for special occasions or as a gift for a loved one.\" \/>\n<meta name=\"robots\" content=\"index, follow, max-snippet:-1, max-image-preview:large, max-video-preview:-1\" \/>\n<link rel=\"canonical\" href=\"https:\/\/www.gintaresgeles.lt\/en\/puokste\/pink-and-rose-pink-rose-box\/\" \/>\n<meta property=\"og:locale\" content=\"en_US\" \/>\n<meta property=\"og:type\" content=\"article\" \/>\n<meta property=\"og:title\" content=\"D\u0117\u017eut\u0117 sudaryta i\u0161 \u0161velniai ro\u017eini\u0173 ir \u0161viesiai violetini\u0173 ro\u017ei\u0173, yra puikus pasirinkimas ypatingoms progoms ar kaip dovana mylimam \u017emogui.\" \/>\n<meta property=\"og:description\" content=\"The box, made of soft pink and light violet roses, is a perfect choice for special occasions or as a gift for a loved one.\" \/>\n<meta property=\"og:url\" content=\"https:\/\/www.gintaresgeles.lt\/en\/puokste\/pink-and-rose-pink-rose-box\/\" \/>\n<meta property=\"og:site_name\" content=\"gintaresgeles.lt\" \/>\n<meta property=\"article:modified_time\" content=\"2025-02-05T14:27:23+00:00\" \/>\n<meta property=\"og:image\" content=\"https:\/\/www.gintaresgeles.lt\/wp-content\/uploads\/2025\/01\/rausvu-ir-roziniu-roziu-dezute-geles-merginai-scaled.jpg\" \/>\n\t<meta property=\"og:image:width\" content=\"2560\" \/>\n\t<meta property=\"og:image:height\" content=\"2560\" \/>\n\t<meta property=\"og:image:type\" content=\"image\/jpeg\" \/>\n<meta name=\"twitter:card\" content=\"summary_large_image\" \/>\n<script type=\"application\/ld+json\" class=\"yoast-schema-graph\">{\"@context\":\"https:\/\/schema.org\",\"@graph\":[{\"@type\":\"WebPage\",\"@id\":\"https:\/\/www.gintaresgeles.lt\/en\/puokste\/pink-and-rose-pink-rose-box\/\",\"url\":\"https:\/\/www.gintaresgeles.lt\/en\/puokste\/pink-and-rose-pink-rose-box\/\",\"name\":\"D\u0117\u017eut\u0117 sudaryta i\u0161 \u0161velniai ro\u017eini\u0173 ir \u0161viesiai violetini\u0173 ro\u017ei\u0173, yra puikus pasirinkimas ypatingoms progoms ar kaip dovana mylimam \u017emogui.\",\"isPartOf\":{\"@id\":\"https:\/\/www.gintaresgeles.lt\/en\/#website\"},\"primaryImageOfPage\":{\"@id\":\"https:\/\/www.gintaresgeles.lt\/en\/puokste\/pink-and-rose-pink-rose-box\/#primaryimage\"},\"image\":{\"@id\":\"https:\/\/www.gintaresgeles.lt\/en\/puokste\/pink-and-rose-pink-rose-box\/#primaryimage\"},\"thumbnailUrl\":\"https:\/\/www.gintaresgeles.lt\/wp-content\/uploads\/2025\/01\/rausvu-ir-roziniu-roziu-dezute-geles-merginai-scaled.jpg\",\"datePublished\":\"2025-01-04T09:01:45+00:00\",\"dateModified\":\"2025-02-05T14:27:23+00:00\",\"description\":\"The box, made of soft pink and light violet roses, is a perfect choice for special occasions or as a gift for a loved one.\",\"breadcrumb\":{\"@id\":\"https:\/\/www.gintaresgeles.lt\/en\/puokste\/pink-and-rose-pink-rose-box\/#breadcrumb\"},\"inLanguage\":\"en-US\",\"potentialAction\":[{\"@type\":\"ReadAction\",\"target\":[\"https:\/\/www.gintaresgeles.lt\/en\/puokste\/pink-and-rose-pink-rose-box\/\"]}]},{\"@type\":\"ImageObject\",\"inLanguage\":\"en-US\",\"@id\":\"https:\/\/www.gintaresgeles.lt\/en\/puokste\/pink-and-rose-pink-rose-box\/#primaryimage\",\"url\":\"https:\/\/www.gintaresgeles.lt\/wp-content\/uploads\/2025\/01\/rausvu-ir-roziniu-roziu-dezute-geles-merginai-scaled.jpg\",\"contentUrl\":\"https:\/\/www.gintaresgeles.lt\/wp-content\/uploads\/2025\/01\/rausvu-ir-roziniu-roziu-dezute-geles-merginai-scaled.jpg\",\"width\":2560,\"height\":2560,\"caption\":\"Ro\u017ein\u0117s ir rausvos ro\u017e\u0117s d\u0117\u017eut\u0117je valentino dienos g\u0117l\u0117s\"},{\"@type\":\"BreadcrumbList\",\"@id\":\"https:\/\/www.gintaresgeles.lt\/en\/puokste\/pink-and-rose-pink-rose-box\/#breadcrumb\",\"itemListElement\":[{\"@type\":\"ListItem\",\"position\":1,\"name\":\"Prad\u017eia\",\"item\":\"https:\/\/www.gintaresgeles.lt\/en\/\"},{\"@type\":\"ListItem\",\"position\":2,\"name\":\"All flowers and other products\",\"item\":\"https:\/\/www.gintaresgeles.lt\/en\/all-flowers-and-other-products\/\"},{\"@type\":\"ListItem\",\"position\":3,\"name\":\"Pink and Rose-Pink Rose Box\"}]},{\"@type\":\"WebSite\",\"@id\":\"https:\/\/www.gintaresgeles.lt\/en\/#website\",\"url\":\"https:\/\/www.gintaresgeles.lt\/en\/\",\"name\":\"gintaresgeles.lt\",\"description\":\"G\u0117li\u0173 parduotuv\u0117 internete\",\"potentialAction\":[{\"@type\":\"SearchAction\",\"target\":{\"@type\":\"EntryPoint\",\"urlTemplate\":\"https:\/\/www.gintaresgeles.lt\/en\/?s={search_term_string}\"},\"query-input\":{\"@type\":\"PropertyValueSpecification\",\"valueRequired\":true,\"valueName\":\"search_term_string\"}}],\"inLanguage\":\"en-US\"}]}<\/script>\n<!-- \/ Yoast SEO plugin. -->","yoast_head_json":{"title":"D\u0117\u017eut\u0117 sudaryta i\u0161 \u0161velniai ro\u017eini\u0173 ir \u0161viesiai violetini\u0173 ro\u017ei\u0173, yra puikus pasirinkimas ypatingoms progoms ar kaip dovana mylimam \u017emogui.","description":"The box, made of soft pink and light violet roses, is a perfect choice for special occasions or as a gift for a loved one.","robots":{"index":"index","follow":"follow","max-snippet":"max-snippet:-1","max-image-preview":"max-image-preview:large","max-video-preview":"max-video-preview:-1"},"canonical":"https:\/\/www.gintaresgeles.lt\/en\/puokste\/pink-and-rose-pink-rose-box\/","og_locale":"en_US","og_type":"article","og_title":"D\u0117\u017eut\u0117 sudaryta i\u0161 \u0161velniai ro\u017eini\u0173 ir \u0161viesiai violetini\u0173 ro\u017ei\u0173, yra puikus pasirinkimas ypatingoms progoms ar kaip dovana mylimam \u017emogui.","og_description":"The box, made of soft pink and light violet roses, is a perfect choice for special occasions or as a gift for a loved one.","og_url":"https:\/\/www.gintaresgeles.lt\/en\/puokste\/pink-and-rose-pink-rose-box\/","og_site_name":"gintaresgeles.lt","article_modified_time":"2025-02-05T14:27:23+00:00","og_image":[{"width":2560,"height":2560,"url":"https:\/\/www.gintaresgeles.lt\/wp-content\/uploads\/2025\/01\/rausvu-ir-roziniu-roziu-dezute-geles-merginai-scaled.jpg","type":"image\/jpeg"}],"twitter_card":"summary_large_image","schema":{"@context":"https:\/\/schema.org","@graph":[{"@type":"WebPage","@id":"https:\/\/www.gintaresgeles.lt\/en\/puokste\/pink-and-rose-pink-rose-box\/","url":"https:\/\/www.gintaresgeles.lt\/en\/puokste\/pink-and-rose-pink-rose-box\/","name":"D\u0117\u017eut\u0117 sudaryta i\u0161 \u0161velniai ro\u017eini\u0173 ir \u0161viesiai violetini\u0173 ro\u017ei\u0173, yra puikus pasirinkimas ypatingoms progoms ar kaip dovana mylimam \u017emogui.","isPartOf":{"@id":"https:\/\/www.gintaresgeles.lt\/en\/#website"},"primaryImageOfPage":{"@id":"https:\/\/www.gintaresgeles.lt\/en\/puokste\/pink-and-rose-pink-rose-box\/#primaryimage"},"image":{"@id":"https:\/\/www.gintaresgeles.lt\/en\/puokste\/pink-and-rose-pink-rose-box\/#primaryimage"},"thumbnailUrl":"https:\/\/www.gintaresgeles.lt\/wp-content\/uploads\/2025\/01\/rausvu-ir-roziniu-roziu-dezute-geles-merginai-scaled.jpg","datePublished":"2025-01-04T09:01:45+00:00","dateModified":"2025-02-05T14:27:23+00:00","description":"The box, made of soft pink and light violet roses, is a perfect choice for special occasions or as a gift for a loved one.","breadcrumb":{"@id":"https:\/\/www.gintaresgeles.lt\/en\/puokste\/pink-and-rose-pink-rose-box\/#breadcrumb"},"inLanguage":"en-US","potentialAction":[{"@type":"ReadAction","target":["https:\/\/www.gintaresgeles.lt\/en\/puokste\/pink-and-rose-pink-rose-box\/"]}]},{"@type":"ImageObject","inLanguage":"en-US","@id":"https:\/\/www.gintaresgeles.lt\/en\/puokste\/pink-and-rose-pink-rose-box\/#primaryimage","url":"https:\/\/www.gintaresgeles.lt\/wp-content\/uploads\/2025\/01\/rausvu-ir-roziniu-roziu-dezute-geles-merginai-scaled.jpg","contentUrl":"https:\/\/www.gintaresgeles.lt\/wp-content\/uploads\/2025\/01\/rausvu-ir-roziniu-roziu-dezute-geles-merginai-scaled.jpg","width":2560,"height":2560,"caption":"Ro\u017ein\u0117s ir rausvos ro\u017e\u0117s d\u0117\u017eut\u0117je valentino dienos g\u0117l\u0117s"},{"@type":"BreadcrumbList","@id":"https:\/\/www.gintaresgeles.lt\/en\/puokste\/pink-and-rose-pink-rose-box\/#breadcrumb","itemListElement":[{"@type":"ListItem","position":1,"name":"Prad\u017eia","item":"https:\/\/www.gintaresgeles.lt\/en\/"},{"@type":"ListItem","position":2,"name":"All flowers and other products","item":"https:\/\/www.gintaresgeles.lt\/en\/all-flowers-and-other-products\/"},{"@type":"ListItem","position":3,"name":"Pink and Rose-Pink Rose Box"}]},{"@type":"WebSite","@id":"https:\/\/www.gintaresgeles.lt\/en\/#website","url":"https:\/\/www.gintaresgeles.lt\/en\/","name":"gintaresgeles.lt","description":"G\u0117li\u0173 parduotuv\u0117 internete","potentialAction":[{"@type":"SearchAction","target":{"@type":"EntryPoint","urlTemplate":"https:\/\/www.gintaresgeles.lt\/en\/?s={search_term_string}"},"query-input":{"@type":"PropertyValueSpecification","valueRequired":true,"valueName":"search_term_string"}}],"inLanguage":"en-US"}]}},"_links":{"self":[{"href":"https:\/\/www.gintaresgeles.lt\/en\/wp-json\/wp\/v2\/product\/53697","targetHints":{"allow":["GET"]}}],"collection":[{"href":"https:\/\/www.gintaresgeles.lt\/en\/wp-json\/wp\/v2\/product"}],"about":[{"href":"https:\/\/www.gintaresgeles.lt\/en\/wp-json\/wp\/v2\/types\/product"}],"wp:featuredmedia":[{"embeddable":true,"href":"https:\/\/www.gintaresgeles.lt\/en\/wp-json\/wp\/v2\/media\/53616"}],"wp:attachment":[{"href":"https:\/\/www.gintaresgeles.lt\/en\/wp-json\/wp\/v2\/media?parent=53697"}],"wp:term":[{"taxonomy":"product_brand","embeddable":true,"href":"https:\/\/www.gintaresgeles.lt\/en\/wp-json\/wp\/v2\/product_brand?post=53697"},{"taxonomy":"product_cat","embeddable":true,"href":"https:\/\/www.gintaresgeles.lt\/en\/wp-json\/wp\/v2\/product_cat?post=53697"},{"taxonomy":"product_tag","embeddable":true,"href":"https:\/\/www.gintaresgeles.lt\/en\/wp-json\/wp\/v2\/product_tag?post=53697"}],"curies":[{"name":"wp","href":"https:\/\/api.w.org\/{rel}","templated":true}]}}