{"id":53701,"date":"2025-01-04T22:03:39","date_gmt":"2025-01-04T20:03:39","guid":{"rendered":"https:\/\/www.gintaresgeles.lt\/puokste\/gift-set-aromatic-tale\/"},"modified":"2025-01-04T22:03:39","modified_gmt":"2025-01-04T20:03:39","slug":"gift-set-aromatic-tale","status":"publish","type":"product","link":"https:\/\/www.gintaresgeles.lt\/en\/puokste\/gift-set-aromatic-tale\/","title":{"rendered":"Gift Set &#8220;Aromatic Tale&#8221;"},"content":{"rendered":"","protected":false},"excerpt":{"rendered":"<p>This elegant gift box is the perfect choice for those who appreciate luxury and natural beauty. Inside the box, you will find:<\/p>\n<ul>\n<li>Soap flowers in delicate shades of pink, purple, and white.<\/li>\n<li>An aromatic candle with embedded crystals, bringing warmth and tranquility to your home.<\/li>\n<li>Two bars of natural soap, gently cleansing and moisturizing the skin.<\/li>\n<\/ul>\n<p>This gift box makes an excellent present for birthdays, anniversaries, or any other special occasion.<\/p>\n","protected":false},"featured_media":53624,"template":"","meta":[],"product_brand":[],"product_cat":[266,237,1984,1977,1926],"product_tag":[],"class_list":{"0":"post-53701","1":"product","2":"type-product","3":"status-publish","4":"has-post-thumbnail","6":"product_cat-flowers-by-style","7":"product_cat-gifts","8":"product_cat-candles","9":"product_cat-gift-set","10":"product_cat-soap-flowers","11":"tm-has-options","13":"first","14":"outofstock","15":"taxable","16":"shipping-taxable","17":"purchasable","18":"product-type-simple"},"yoast_head":"<!-- This site is optimized with the Yoast SEO plugin v25.3 - https:\/\/yoast.com\/wordpress\/plugins\/seo\/ -->\n<title>Gift Set &quot;Aromatic Tale&quot; | Gifts for Her | Gintar\u0117\u2019s Flowers<\/title>\n<meta name=\"description\" content=\"Discover the &quot;Aromatic Tale&quot; gift set with soap flowers, an aromatic candle with crystals, and natural soap. A perfect gift for special occasions.\" \/>\n<meta name=\"robots\" content=\"index, follow, max-snippet:-1, max-image-preview:large, max-video-preview:-1\" \/>\n<link rel=\"canonical\" href=\"https:\/\/www.gintaresgeles.lt\/en\/puokste\/gift-set-aromatic-tale\/\" \/>\n<meta property=\"og:locale\" content=\"en_US\" \/>\n<meta property=\"og:type\" content=\"article\" \/>\n<meta property=\"og:title\" content=\"Gift Set &quot;Aromatic Tale&quot; | Gifts for Her | Gintar\u0117\u2019s Flowers\" \/>\n<meta property=\"og:description\" content=\"Discover the &quot;Aromatic Tale&quot; gift set with soap flowers, an aromatic candle with crystals, and natural soap. A perfect gift for special occasions.\" \/>\n<meta property=\"og:url\" content=\"https:\/\/www.gintaresgeles.lt\/en\/puokste\/gift-set-aromatic-tale\/\" \/>\n<meta property=\"og:site_name\" content=\"gintaresgeles.lt\" \/>\n<meta property=\"og:image\" content=\"https:\/\/www.gintaresgeles.lt\/wp-content\/uploads\/2025\/01\/muilo-geles-dezuteje-su-zvake-dovanu-rinkiniai-moteriai-scaled.jpg\" \/>\n\t<meta property=\"og:image:width\" content=\"2560\" \/>\n\t<meta property=\"og:image:height\" content=\"2560\" \/>\n\t<meta property=\"og:image:type\" content=\"image\/jpeg\" \/>\n<meta name=\"twitter:card\" content=\"summary_large_image\" \/>\n<script type=\"application\/ld+json\" class=\"yoast-schema-graph\">{\"@context\":\"https:\/\/schema.org\",\"@graph\":[{\"@type\":\"WebPage\",\"@id\":\"https:\/\/www.gintaresgeles.lt\/en\/puokste\/gift-set-aromatic-tale\/\",\"url\":\"https:\/\/www.gintaresgeles.lt\/en\/puokste\/gift-set-aromatic-tale\/\",\"name\":\"Gift Set \\\"Aromatic Tale\\\" | Gifts for Her | Gintar\u0117\u2019s Flowers\",\"isPartOf\":{\"@id\":\"https:\/\/www.gintaresgeles.lt\/en\/#website\"},\"primaryImageOfPage\":{\"@id\":\"https:\/\/www.gintaresgeles.lt\/en\/puokste\/gift-set-aromatic-tale\/#primaryimage\"},\"image\":{\"@id\":\"https:\/\/www.gintaresgeles.lt\/en\/puokste\/gift-set-aromatic-tale\/#primaryimage\"},\"thumbnailUrl\":\"https:\/\/www.gintaresgeles.lt\/wp-content\/uploads\/2025\/01\/muilo-geles-dezuteje-su-zvake-dovanu-rinkiniai-moteriai-scaled.jpg\",\"datePublished\":\"2025-01-04T20:03:39+00:00\",\"description\":\"Discover the \\\"Aromatic Tale\\\" gift set with soap flowers, an aromatic candle with crystals, and natural soap. A perfect gift for special occasions.\",\"breadcrumb\":{\"@id\":\"https:\/\/www.gintaresgeles.lt\/en\/puokste\/gift-set-aromatic-tale\/#breadcrumb\"},\"inLanguage\":\"en-US\",\"potentialAction\":[{\"@type\":\"ReadAction\",\"target\":[\"https:\/\/www.gintaresgeles.lt\/en\/puokste\/gift-set-aromatic-tale\/\"]}]},{\"@type\":\"ImageObject\",\"inLanguage\":\"en-US\",\"@id\":\"https:\/\/www.gintaresgeles.lt\/en\/puokste\/gift-set-aromatic-tale\/#primaryimage\",\"url\":\"https:\/\/www.gintaresgeles.lt\/wp-content\/uploads\/2025\/01\/muilo-geles-dezuteje-su-zvake-dovanu-rinkiniai-moteriai-scaled.jpg\",\"contentUrl\":\"https:\/\/www.gintaresgeles.lt\/wp-content\/uploads\/2025\/01\/muilo-geles-dezuteje-su-zvake-dovanu-rinkiniai-moteriai-scaled.jpg\",\"width\":2560,\"height\":2560,\"caption\":\"Dovan\u0173 rinkinys merginai muilo g\u0117li\u0173 d\u0117\u017eut\u0117 su aromatinga \u017evake\"},{\"@type\":\"BreadcrumbList\",\"@id\":\"https:\/\/www.gintaresgeles.lt\/en\/puokste\/gift-set-aromatic-tale\/#breadcrumb\",\"itemListElement\":[{\"@type\":\"ListItem\",\"position\":1,\"name\":\"Prad\u017eia\",\"item\":\"https:\/\/www.gintaresgeles.lt\/en\/\"},{\"@type\":\"ListItem\",\"position\":2,\"name\":\"All flowers and other products\",\"item\":\"https:\/\/www.gintaresgeles.lt\/en\/all-flowers-and-other-products\/\"},{\"@type\":\"ListItem\",\"position\":3,\"name\":\"Gift Set &#8222;Aromatic Tale&#8221;\"}]},{\"@type\":\"WebSite\",\"@id\":\"https:\/\/www.gintaresgeles.lt\/en\/#website\",\"url\":\"https:\/\/www.gintaresgeles.lt\/en\/\",\"name\":\"gintaresgeles.lt\",\"description\":\"G\u0117li\u0173 parduotuv\u0117 internete\",\"potentialAction\":[{\"@type\":\"SearchAction\",\"target\":{\"@type\":\"EntryPoint\",\"urlTemplate\":\"https:\/\/www.gintaresgeles.lt\/en\/?s={search_term_string}\"},\"query-input\":{\"@type\":\"PropertyValueSpecification\",\"valueRequired\":true,\"valueName\":\"search_term_string\"}}],\"inLanguage\":\"en-US\"}]}<\/script>\n<!-- \/ Yoast SEO plugin. -->","yoast_head_json":{"title":"Gift Set \"Aromatic Tale\" | Gifts for Her | Gintar\u0117\u2019s Flowers","description":"Discover the \"Aromatic Tale\" gift set with soap flowers, an aromatic candle with crystals, and natural soap. A perfect gift for special occasions.","robots":{"index":"index","follow":"follow","max-snippet":"max-snippet:-1","max-image-preview":"max-image-preview:large","max-video-preview":"max-video-preview:-1"},"canonical":"https:\/\/www.gintaresgeles.lt\/en\/puokste\/gift-set-aromatic-tale\/","og_locale":"en_US","og_type":"article","og_title":"Gift Set \"Aromatic Tale\" | Gifts for Her | Gintar\u0117\u2019s Flowers","og_description":"Discover the \"Aromatic Tale\" gift set with soap flowers, an aromatic candle with crystals, and natural soap. A perfect gift for special occasions.","og_url":"https:\/\/www.gintaresgeles.lt\/en\/puokste\/gift-set-aromatic-tale\/","og_site_name":"gintaresgeles.lt","og_image":[{"width":2560,"height":2560,"url":"https:\/\/www.gintaresgeles.lt\/wp-content\/uploads\/2025\/01\/muilo-geles-dezuteje-su-zvake-dovanu-rinkiniai-moteriai-scaled.jpg","type":"image\/jpeg"}],"twitter_card":"summary_large_image","schema":{"@context":"https:\/\/schema.org","@graph":[{"@type":"WebPage","@id":"https:\/\/www.gintaresgeles.lt\/en\/puokste\/gift-set-aromatic-tale\/","url":"https:\/\/www.gintaresgeles.lt\/en\/puokste\/gift-set-aromatic-tale\/","name":"Gift Set \"Aromatic Tale\" | Gifts for Her | Gintar\u0117\u2019s Flowers","isPartOf":{"@id":"https:\/\/www.gintaresgeles.lt\/en\/#website"},"primaryImageOfPage":{"@id":"https:\/\/www.gintaresgeles.lt\/en\/puokste\/gift-set-aromatic-tale\/#primaryimage"},"image":{"@id":"https:\/\/www.gintaresgeles.lt\/en\/puokste\/gift-set-aromatic-tale\/#primaryimage"},"thumbnailUrl":"https:\/\/www.gintaresgeles.lt\/wp-content\/uploads\/2025\/01\/muilo-geles-dezuteje-su-zvake-dovanu-rinkiniai-moteriai-scaled.jpg","datePublished":"2025-01-04T20:03:39+00:00","description":"Discover the \"Aromatic Tale\" gift set with soap flowers, an aromatic candle with crystals, and natural soap. A perfect gift for special occasions.","breadcrumb":{"@id":"https:\/\/www.gintaresgeles.lt\/en\/puokste\/gift-set-aromatic-tale\/#breadcrumb"},"inLanguage":"en-US","potentialAction":[{"@type":"ReadAction","target":["https:\/\/www.gintaresgeles.lt\/en\/puokste\/gift-set-aromatic-tale\/"]}]},{"@type":"ImageObject","inLanguage":"en-US","@id":"https:\/\/www.gintaresgeles.lt\/en\/puokste\/gift-set-aromatic-tale\/#primaryimage","url":"https:\/\/www.gintaresgeles.lt\/wp-content\/uploads\/2025\/01\/muilo-geles-dezuteje-su-zvake-dovanu-rinkiniai-moteriai-scaled.jpg","contentUrl":"https:\/\/www.gintaresgeles.lt\/wp-content\/uploads\/2025\/01\/muilo-geles-dezuteje-su-zvake-dovanu-rinkiniai-moteriai-scaled.jpg","width":2560,"height":2560,"caption":"Dovan\u0173 rinkinys merginai muilo g\u0117li\u0173 d\u0117\u017eut\u0117 su aromatinga \u017evake"},{"@type":"BreadcrumbList","@id":"https:\/\/www.gintaresgeles.lt\/en\/puokste\/gift-set-aromatic-tale\/#breadcrumb","itemListElement":[{"@type":"ListItem","position":1,"name":"Prad\u017eia","item":"https:\/\/www.gintaresgeles.lt\/en\/"},{"@type":"ListItem","position":2,"name":"All flowers and other products","item":"https:\/\/www.gintaresgeles.lt\/en\/all-flowers-and-other-products\/"},{"@type":"ListItem","position":3,"name":"Gift Set &#8222;Aromatic Tale&#8221;"}]},{"@type":"WebSite","@id":"https:\/\/www.gintaresgeles.lt\/en\/#website","url":"https:\/\/www.gintaresgeles.lt\/en\/","name":"gintaresgeles.lt","description":"G\u0117li\u0173 parduotuv\u0117 internete","potentialAction":[{"@type":"SearchAction","target":{"@type":"EntryPoint","urlTemplate":"https:\/\/www.gintaresgeles.lt\/en\/?s={search_term_string}"},"query-input":{"@type":"PropertyValueSpecification","valueRequired":true,"valueName":"search_term_string"}}],"inLanguage":"en-US"}]}},"_links":{"self":[{"href":"https:\/\/www.gintaresgeles.lt\/en\/wp-json\/wp\/v2\/product\/53701","targetHints":{"allow":["GET"]}}],"collection":[{"href":"https:\/\/www.gintaresgeles.lt\/en\/wp-json\/wp\/v2\/product"}],"about":[{"href":"https:\/\/www.gintaresgeles.lt\/en\/wp-json\/wp\/v2\/types\/product"}],"wp:featuredmedia":[{"embeddable":true,"href":"https:\/\/www.gintaresgeles.lt\/en\/wp-json\/wp\/v2\/media\/53624"}],"wp:attachment":[{"href":"https:\/\/www.gintaresgeles.lt\/en\/wp-json\/wp\/v2\/media?parent=53701"}],"wp:term":[{"taxonomy":"product_brand","embeddable":true,"href":"https:\/\/www.gintaresgeles.lt\/en\/wp-json\/wp\/v2\/product_brand?post=53701"},{"taxonomy":"product_cat","embeddable":true,"href":"https:\/\/www.gintaresgeles.lt\/en\/wp-json\/wp\/v2\/product_cat?post=53701"},{"taxonomy":"product_tag","embeddable":true,"href":"https:\/\/www.gintaresgeles.lt\/en\/wp-json\/wp\/v2\/product_tag?post=53701"}],"curies":[{"name":"wp","href":"https:\/\/api.w.org\/{rel}","templated":true}]}}