{"id":53702,"date":"2025-01-13T17:15:48","date_gmt":"2025-01-13T15:15:48","guid":{"rendered":"https:\/\/www.gintaresgeles.lt\/puokste\/gift-set-touch-of-elegance\/"},"modified":"2025-01-13T17:15:48","modified_gmt":"2025-01-13T15:15:48","slug":"gift-set-touch-of-elegance","status":"publish","type":"product","link":"https:\/\/www.gintaresgeles.lt\/en\/puokste\/gift-set-touch-of-elegance\/","title":{"rendered":"Gift Set &#8220;Touch of Elegance&#8221;"},"content":{"rendered":"","protected":false},"excerpt":{"rendered":"<p>This gift set is the perfect harmony of luxury and elegance, designed for your loved one on a special occasion. The set includes:<\/p>\n<ul>\n<li><strong>Red Soap Flowers<\/strong>: Handcrafted roses that last forever, bringing a sense of luxury.<\/li>\n<li><strong>Soy Wax Candle with Black Obsidian<\/strong>: A natural candle that emits a cozy light and pleasant aroma, with black obsidian adding elegance and mystique.<\/li>\n<li><strong>Ferrero Chocolates<\/strong>: Divine-tasting chocolates that will delight any sweet tooth.<\/li>\n<\/ul>\n<p>All of this is packaged in a stylish black magnetic box, which can be reused later. Order this wonderful gift and create unforgettable moments for your loved ones!<\/p>\n","protected":false},"featured_media":53673,"template":"","meta":[],"product_brand":[],"product_cat":[266,256,253,2183,257,237,428,262,263,264,1977,1926],"product_tag":[],"class_list":{"0":"post-53702","1":"product","2":"type-product","3":"status-publish","4":"has-post-thumbnail","6":"product_cat-flowers-by-style","7":"product_cat-flowers-for-girlfriend","8":"product_cat-flowers-for-mom","9":"product_cat-flowers-for-teachers","10":"product_cat-flowers-for-women","11":"product_cat-gifts","12":"product_cat-jubilee-flowers","13":"product_cat-march8th-flowers","14":"product_cat-mothers-day-flowers","15":"product_cat-valentines-day-flowers","16":"product_cat-gift-set","17":"product_cat-soap-flowers","18":"tm-has-options","20":"first","21":"outofstock","22":"taxable","23":"shipping-taxable","24":"purchasable","25":"product-type-simple"},"yoast_head":"<!-- This site is optimized with the Yoast SEO plugin v25.3 - https:\/\/yoast.com\/wordpress\/plugins\/seo\/ -->\n<title>Gift Set &quot;Touch of Elegance&quot; | Gintar\u0117\u2019s Flowers<\/title>\n<meta name=\"description\" content=\"Discover the &quot;Touch of Elegance&quot; gift set with soap flowers, an aromatic candle with crystals, and chocolates. A perfect gift for special occasions.\" \/>\n<meta name=\"robots\" content=\"index, follow, max-snippet:-1, max-image-preview:large, max-video-preview:-1\" \/>\n<link rel=\"canonical\" href=\"https:\/\/www.gintaresgeles.lt\/en\/puokste\/gift-set-touch-of-elegance\/\" \/>\n<meta property=\"og:locale\" content=\"en_US\" \/>\n<meta property=\"og:type\" content=\"article\" \/>\n<meta property=\"og:title\" content=\"Gift Set &quot;Touch of Elegance&quot; | Gintar\u0117\u2019s Flowers\" \/>\n<meta property=\"og:description\" content=\"Discover the &quot;Touch of Elegance&quot; gift set with soap flowers, an aromatic candle with crystals, and chocolates. A perfect gift for special occasions.\" \/>\n<meta property=\"og:url\" content=\"https:\/\/www.gintaresgeles.lt\/en\/puokste\/gift-set-touch-of-elegance\/\" \/>\n<meta property=\"og:site_name\" content=\"gintaresgeles.lt\" \/>\n<meta property=\"og:image\" content=\"https:\/\/www.gintaresgeles.lt\/wp-content\/uploads\/2025\/01\/muilo-geles-dezuteje-su-zvake-dovanu-rinkiniai-gimtadienio-proga-scaled.jpg\" \/>\n\t<meta property=\"og:image:width\" content=\"2560\" \/>\n\t<meta property=\"og:image:height\" content=\"2560\" \/>\n\t<meta property=\"og:image:type\" content=\"image\/jpeg\" \/>\n<meta name=\"twitter:card\" content=\"summary_large_image\" \/>\n<script type=\"application\/ld+json\" class=\"yoast-schema-graph\">{\"@context\":\"https:\/\/schema.org\",\"@graph\":[{\"@type\":\"WebPage\",\"@id\":\"https:\/\/www.gintaresgeles.lt\/en\/puokste\/gift-set-touch-of-elegance\/\",\"url\":\"https:\/\/www.gintaresgeles.lt\/en\/puokste\/gift-set-touch-of-elegance\/\",\"name\":\"Gift Set \\\"Touch of Elegance\\\" | Gintar\u0117\u2019s Flowers\",\"isPartOf\":{\"@id\":\"https:\/\/www.gintaresgeles.lt\/en\/#website\"},\"primaryImageOfPage\":{\"@id\":\"https:\/\/www.gintaresgeles.lt\/en\/puokste\/gift-set-touch-of-elegance\/#primaryimage\"},\"image\":{\"@id\":\"https:\/\/www.gintaresgeles.lt\/en\/puokste\/gift-set-touch-of-elegance\/#primaryimage\"},\"thumbnailUrl\":\"https:\/\/www.gintaresgeles.lt\/wp-content\/uploads\/2025\/01\/muilo-geles-dezuteje-su-zvake-dovanu-rinkiniai-gimtadienio-proga-scaled.jpg\",\"datePublished\":\"2025-01-13T15:15:48+00:00\",\"description\":\"Discover the \\\"Touch of Elegance\\\" gift set with soap flowers, an aromatic candle with crystals, and chocolates. A perfect gift for special occasions.\",\"breadcrumb\":{\"@id\":\"https:\/\/www.gintaresgeles.lt\/en\/puokste\/gift-set-touch-of-elegance\/#breadcrumb\"},\"inLanguage\":\"en-US\",\"potentialAction\":[{\"@type\":\"ReadAction\",\"target\":[\"https:\/\/www.gintaresgeles.lt\/en\/puokste\/gift-set-touch-of-elegance\/\"]}]},{\"@type\":\"ImageObject\",\"inLanguage\":\"en-US\",\"@id\":\"https:\/\/www.gintaresgeles.lt\/en\/puokste\/gift-set-touch-of-elegance\/#primaryimage\",\"url\":\"https:\/\/www.gintaresgeles.lt\/wp-content\/uploads\/2025\/01\/muilo-geles-dezuteje-su-zvake-dovanu-rinkiniai-gimtadienio-proga-scaled.jpg\",\"contentUrl\":\"https:\/\/www.gintaresgeles.lt\/wp-content\/uploads\/2025\/01\/muilo-geles-dezuteje-su-zvake-dovanu-rinkiniai-gimtadienio-proga-scaled.jpg\",\"width\":2560,\"height\":2560,\"caption\":\"Dovan\u0173 rinkinys moterims muilo g\u0117li\u0173 d\u0117\u017eut\u0117 su aromatinga \u017evake\"},{\"@type\":\"BreadcrumbList\",\"@id\":\"https:\/\/www.gintaresgeles.lt\/en\/puokste\/gift-set-touch-of-elegance\/#breadcrumb\",\"itemListElement\":[{\"@type\":\"ListItem\",\"position\":1,\"name\":\"Prad\u017eia\",\"item\":\"https:\/\/www.gintaresgeles.lt\/en\/\"},{\"@type\":\"ListItem\",\"position\":2,\"name\":\"All flowers and other products\",\"item\":\"https:\/\/www.gintaresgeles.lt\/en\/all-flowers-and-other-products\/\"},{\"@type\":\"ListItem\",\"position\":3,\"name\":\"Gift Set &#8222;Touch of Elegance&#8221;\"}]},{\"@type\":\"WebSite\",\"@id\":\"https:\/\/www.gintaresgeles.lt\/en\/#website\",\"url\":\"https:\/\/www.gintaresgeles.lt\/en\/\",\"name\":\"gintaresgeles.lt\",\"description\":\"G\u0117li\u0173 parduotuv\u0117 internete\",\"potentialAction\":[{\"@type\":\"SearchAction\",\"target\":{\"@type\":\"EntryPoint\",\"urlTemplate\":\"https:\/\/www.gintaresgeles.lt\/en\/?s={search_term_string}\"},\"query-input\":{\"@type\":\"PropertyValueSpecification\",\"valueRequired\":true,\"valueName\":\"search_term_string\"}}],\"inLanguage\":\"en-US\"}]}<\/script>\n<!-- \/ Yoast SEO plugin. -->","yoast_head_json":{"title":"Gift Set \"Touch of Elegance\" | Gintar\u0117\u2019s Flowers","description":"Discover the \"Touch of Elegance\" gift set with soap flowers, an aromatic candle with crystals, and chocolates. A perfect gift for special occasions.","robots":{"index":"index","follow":"follow","max-snippet":"max-snippet:-1","max-image-preview":"max-image-preview:large","max-video-preview":"max-video-preview:-1"},"canonical":"https:\/\/www.gintaresgeles.lt\/en\/puokste\/gift-set-touch-of-elegance\/","og_locale":"en_US","og_type":"article","og_title":"Gift Set \"Touch of Elegance\" | Gintar\u0117\u2019s Flowers","og_description":"Discover the \"Touch of Elegance\" gift set with soap flowers, an aromatic candle with crystals, and chocolates. A perfect gift for special occasions.","og_url":"https:\/\/www.gintaresgeles.lt\/en\/puokste\/gift-set-touch-of-elegance\/","og_site_name":"gintaresgeles.lt","og_image":[{"width":2560,"height":2560,"url":"https:\/\/www.gintaresgeles.lt\/wp-content\/uploads\/2025\/01\/muilo-geles-dezuteje-su-zvake-dovanu-rinkiniai-gimtadienio-proga-scaled.jpg","type":"image\/jpeg"}],"twitter_card":"summary_large_image","schema":{"@context":"https:\/\/schema.org","@graph":[{"@type":"WebPage","@id":"https:\/\/www.gintaresgeles.lt\/en\/puokste\/gift-set-touch-of-elegance\/","url":"https:\/\/www.gintaresgeles.lt\/en\/puokste\/gift-set-touch-of-elegance\/","name":"Gift Set \"Touch of Elegance\" | Gintar\u0117\u2019s Flowers","isPartOf":{"@id":"https:\/\/www.gintaresgeles.lt\/en\/#website"},"primaryImageOfPage":{"@id":"https:\/\/www.gintaresgeles.lt\/en\/puokste\/gift-set-touch-of-elegance\/#primaryimage"},"image":{"@id":"https:\/\/www.gintaresgeles.lt\/en\/puokste\/gift-set-touch-of-elegance\/#primaryimage"},"thumbnailUrl":"https:\/\/www.gintaresgeles.lt\/wp-content\/uploads\/2025\/01\/muilo-geles-dezuteje-su-zvake-dovanu-rinkiniai-gimtadienio-proga-scaled.jpg","datePublished":"2025-01-13T15:15:48+00:00","description":"Discover the \"Touch of Elegance\" gift set with soap flowers, an aromatic candle with crystals, and chocolates. A perfect gift for special occasions.","breadcrumb":{"@id":"https:\/\/www.gintaresgeles.lt\/en\/puokste\/gift-set-touch-of-elegance\/#breadcrumb"},"inLanguage":"en-US","potentialAction":[{"@type":"ReadAction","target":["https:\/\/www.gintaresgeles.lt\/en\/puokste\/gift-set-touch-of-elegance\/"]}]},{"@type":"ImageObject","inLanguage":"en-US","@id":"https:\/\/www.gintaresgeles.lt\/en\/puokste\/gift-set-touch-of-elegance\/#primaryimage","url":"https:\/\/www.gintaresgeles.lt\/wp-content\/uploads\/2025\/01\/muilo-geles-dezuteje-su-zvake-dovanu-rinkiniai-gimtadienio-proga-scaled.jpg","contentUrl":"https:\/\/www.gintaresgeles.lt\/wp-content\/uploads\/2025\/01\/muilo-geles-dezuteje-su-zvake-dovanu-rinkiniai-gimtadienio-proga-scaled.jpg","width":2560,"height":2560,"caption":"Dovan\u0173 rinkinys moterims muilo g\u0117li\u0173 d\u0117\u017eut\u0117 su aromatinga \u017evake"},{"@type":"BreadcrumbList","@id":"https:\/\/www.gintaresgeles.lt\/en\/puokste\/gift-set-touch-of-elegance\/#breadcrumb","itemListElement":[{"@type":"ListItem","position":1,"name":"Prad\u017eia","item":"https:\/\/www.gintaresgeles.lt\/en\/"},{"@type":"ListItem","position":2,"name":"All flowers and other products","item":"https:\/\/www.gintaresgeles.lt\/en\/all-flowers-and-other-products\/"},{"@type":"ListItem","position":3,"name":"Gift Set &#8222;Touch of Elegance&#8221;"}]},{"@type":"WebSite","@id":"https:\/\/www.gintaresgeles.lt\/en\/#website","url":"https:\/\/www.gintaresgeles.lt\/en\/","name":"gintaresgeles.lt","description":"G\u0117li\u0173 parduotuv\u0117 internete","potentialAction":[{"@type":"SearchAction","target":{"@type":"EntryPoint","urlTemplate":"https:\/\/www.gintaresgeles.lt\/en\/?s={search_term_string}"},"query-input":{"@type":"PropertyValueSpecification","valueRequired":true,"valueName":"search_term_string"}}],"inLanguage":"en-US"}]}},"_links":{"self":[{"href":"https:\/\/www.gintaresgeles.lt\/en\/wp-json\/wp\/v2\/product\/53702","targetHints":{"allow":["GET"]}}],"collection":[{"href":"https:\/\/www.gintaresgeles.lt\/en\/wp-json\/wp\/v2\/product"}],"about":[{"href":"https:\/\/www.gintaresgeles.lt\/en\/wp-json\/wp\/v2\/types\/product"}],"wp:featuredmedia":[{"embeddable":true,"href":"https:\/\/www.gintaresgeles.lt\/en\/wp-json\/wp\/v2\/media\/53673"}],"wp:attachment":[{"href":"https:\/\/www.gintaresgeles.lt\/en\/wp-json\/wp\/v2\/media?parent=53702"}],"wp:term":[{"taxonomy":"product_brand","embeddable":true,"href":"https:\/\/www.gintaresgeles.lt\/en\/wp-json\/wp\/v2\/product_brand?post=53702"},{"taxonomy":"product_cat","embeddable":true,"href":"https:\/\/www.gintaresgeles.lt\/en\/wp-json\/wp\/v2\/product_cat?post=53702"},{"taxonomy":"product_tag","embeddable":true,"href":"https:\/\/www.gintaresgeles.lt\/en\/wp-json\/wp\/v2\/product_tag?post=53702"}],"curies":[{"name":"wp","href":"https:\/\/api.w.org\/{rel}","templated":true}]}}