{"id":53709,"date":"2024-04-28T20:45:41","date_gmt":"2024-04-28T18:45:41","guid":{"rendered":"https:\/\/www.gintaresgeles.lt\/puokste\/peony-bouquet-scent\/"},"modified":"2025-01-31T10:15:40","modified_gmt":"2025-01-31T08:15:40","slug":"peony-bouquet-scent","status":"publish","type":"product","link":"https:\/\/www.gintaresgeles.lt\/en\/puokste\/peony-bouquet-scent\/","title":{"rendered":"Peony Bouquet &#8220;Scent&#8221;"},"content":{"rendered":"","protected":false},"excerpt":{"rendered":"<p>Peony blossoms are combined with fragrant eucalyptus sprigs, creating an impressive visual and filling your home with a delightful aroma. Perfect for any occasion, from birthdays to weddings.<\/p>\n","protected":false},"featured_media":51676,"template":"","meta":[],"product_brand":[],"product_cat":[261,260,259,252,266,265,256,253,2183,257,428,263,268,1966,943],"product_tag":[],"class_list":{"0":"post-53709","1":"product","2":"type-product","3":"status-publish","4":"has-post-thumbnail","6":"product_cat-birthday-bouquets","7":"product_cat-birthday-flowers","8":"product_cat-flowers-by-occasion","9":"product_cat-flowers-by-recipient","10":"product_cat-flowers-by-style","11":"product_cat-flowers-by-type","12":"product_cat-flowers-for-girlfriend","13":"product_cat-flowers-for-mom","14":"product_cat-flowers-for-teachers","15":"product_cat-flowers-for-women","16":"product_cat-jubilee-flowers","17":"product_cat-mothers-day-flowers","18":"product_cat-flower-bouquets","19":"product_cat-flowers-wrapped-in-paper","20":"product_cat-peonies","21":"tm-has-options","23":"first","24":"outofstock","25":"taxable","26":"shipping-taxable","27":"purchasable","28":"product-type-variable"},"yoast_head":"<!-- This site is optimized with the Yoast SEO plugin v25.3 - https:\/\/yoast.com\/wordpress\/plugins\/seo\/ -->\n<title>Peony Bouquet &quot;Scent&quot; | Flower Delivery | Gintar\u0117\u2019s Flowers<\/title>\n<meta name=\"description\" content=\"The scent of eucalyptus with peonies \u2013 lush peonies and aromatic eucalyptus \u2013 the perfect gift for your loved ones or your home.\" \/>\n<meta name=\"robots\" content=\"index, follow, max-snippet:-1, max-image-preview:large, max-video-preview:-1\" \/>\n<link rel=\"canonical\" href=\"https:\/\/www.gintaresgeles.lt\/en\/puokste\/peony-bouquet-scent\/\" \/>\n<meta property=\"og:locale\" content=\"en_US\" \/>\n<meta property=\"og:type\" content=\"article\" \/>\n<meta property=\"og:title\" content=\"Peony Bouquet &quot;Scent&quot; | Flower Delivery | Gintar\u0117\u2019s Flowers\" \/>\n<meta property=\"og:description\" content=\"The scent of eucalyptus with peonies \u2013 lush peonies and aromatic eucalyptus \u2013 the perfect gift for your loved ones or your home.\" \/>\n<meta property=\"og:url\" content=\"https:\/\/www.gintaresgeles.lt\/en\/puokste\/peony-bouquet-scent\/\" \/>\n<meta property=\"og:site_name\" content=\"gintaresgeles.lt\" \/>\n<meta property=\"article:modified_time\" content=\"2025-01-31T08:15:40+00:00\" \/>\n<meta property=\"og:image\" content=\"https:\/\/www.gintaresgeles.lt\/wp-content\/uploads\/2024\/04\/roziniu-bijunu-ir-eukalipto-puokste-geles-merginai.jpg\" \/>\n\t<meta property=\"og:image:width\" content=\"1200\" \/>\n\t<meta property=\"og:image:height\" content=\"1200\" \/>\n\t<meta property=\"og:image:type\" content=\"image\/jpeg\" \/>\n<meta name=\"twitter:card\" content=\"summary_large_image\" \/>\n<script type=\"application\/ld+json\" class=\"yoast-schema-graph\">{\"@context\":\"https:\/\/schema.org\",\"@graph\":[{\"@type\":\"WebPage\",\"@id\":\"https:\/\/www.gintaresgeles.lt\/en\/puokste\/peony-bouquet-scent\/\",\"url\":\"https:\/\/www.gintaresgeles.lt\/en\/puokste\/peony-bouquet-scent\/\",\"name\":\"Peony Bouquet \\\"Scent\\\" | Flower Delivery | Gintar\u0117\u2019s Flowers\",\"isPartOf\":{\"@id\":\"https:\/\/www.gintaresgeles.lt\/en\/#website\"},\"primaryImageOfPage\":{\"@id\":\"https:\/\/www.gintaresgeles.lt\/en\/puokste\/peony-bouquet-scent\/#primaryimage\"},\"image\":{\"@id\":\"https:\/\/www.gintaresgeles.lt\/en\/puokste\/peony-bouquet-scent\/#primaryimage\"},\"thumbnailUrl\":\"https:\/\/www.gintaresgeles.lt\/wp-content\/uploads\/2024\/04\/roziniu-bijunu-ir-eukalipto-puokste-geles-merginai.jpg\",\"datePublished\":\"2024-04-28T18:45:41+00:00\",\"dateModified\":\"2025-01-31T08:15:40+00:00\",\"description\":\"The scent of eucalyptus with peonies \u2013 lush peonies and aromatic eucalyptus \u2013 the perfect gift for your loved ones or your home.\",\"breadcrumb\":{\"@id\":\"https:\/\/www.gintaresgeles.lt\/en\/puokste\/peony-bouquet-scent\/#breadcrumb\"},\"inLanguage\":\"en-US\",\"potentialAction\":[{\"@type\":\"ReadAction\",\"target\":[\"https:\/\/www.gintaresgeles.lt\/en\/puokste\/peony-bouquet-scent\/\"]}]},{\"@type\":\"ImageObject\",\"inLanguage\":\"en-US\",\"@id\":\"https:\/\/www.gintaresgeles.lt\/en\/puokste\/peony-bouquet-scent\/#primaryimage\",\"url\":\"https:\/\/www.gintaresgeles.lt\/wp-content\/uploads\/2024\/04\/roziniu-bijunu-ir-eukalipto-puokste-geles-merginai.jpg\",\"contentUrl\":\"https:\/\/www.gintaresgeles.lt\/wp-content\/uploads\/2024\/04\/roziniu-bijunu-ir-eukalipto-puokste-geles-merginai.jpg\",\"width\":1200,\"height\":1200,\"caption\":\"Ro\u017einiai bij\u016bnai ir eukalintas puok\u0161t\u0117je gimtadienio g\u0117l\u0117s\"},{\"@type\":\"BreadcrumbList\",\"@id\":\"https:\/\/www.gintaresgeles.lt\/en\/puokste\/peony-bouquet-scent\/#breadcrumb\",\"itemListElement\":[{\"@type\":\"ListItem\",\"position\":1,\"name\":\"Prad\u017eia\",\"item\":\"https:\/\/www.gintaresgeles.lt\/en\/\"},{\"@type\":\"ListItem\",\"position\":2,\"name\":\"All flowers and other products\",\"item\":\"https:\/\/www.gintaresgeles.lt\/en\/all-flowers-and-other-products\/\"},{\"@type\":\"ListItem\",\"position\":3,\"name\":\"Peony Bouquet &#8222;Scent&#8221;\"}]},{\"@type\":\"WebSite\",\"@id\":\"https:\/\/www.gintaresgeles.lt\/en\/#website\",\"url\":\"https:\/\/www.gintaresgeles.lt\/en\/\",\"name\":\"gintaresgeles.lt\",\"description\":\"G\u0117li\u0173 parduotuv\u0117 internete\",\"potentialAction\":[{\"@type\":\"SearchAction\",\"target\":{\"@type\":\"EntryPoint\",\"urlTemplate\":\"https:\/\/www.gintaresgeles.lt\/en\/?s={search_term_string}\"},\"query-input\":{\"@type\":\"PropertyValueSpecification\",\"valueRequired\":true,\"valueName\":\"search_term_string\"}}],\"inLanguage\":\"en-US\"}]}<\/script>\n<!-- \/ Yoast SEO plugin. -->","yoast_head_json":{"title":"Peony Bouquet \"Scent\" | Flower Delivery | Gintar\u0117\u2019s Flowers","description":"The scent of eucalyptus with peonies \u2013 lush peonies and aromatic eucalyptus \u2013 the perfect gift for your loved ones or your home.","robots":{"index":"index","follow":"follow","max-snippet":"max-snippet:-1","max-image-preview":"max-image-preview:large","max-video-preview":"max-video-preview:-1"},"canonical":"https:\/\/www.gintaresgeles.lt\/en\/puokste\/peony-bouquet-scent\/","og_locale":"en_US","og_type":"article","og_title":"Peony Bouquet \"Scent\" | Flower Delivery | Gintar\u0117\u2019s Flowers","og_description":"The scent of eucalyptus with peonies \u2013 lush peonies and aromatic eucalyptus \u2013 the perfect gift for your loved ones or your home.","og_url":"https:\/\/www.gintaresgeles.lt\/en\/puokste\/peony-bouquet-scent\/","og_site_name":"gintaresgeles.lt","article_modified_time":"2025-01-31T08:15:40+00:00","og_image":[{"width":1200,"height":1200,"url":"https:\/\/www.gintaresgeles.lt\/wp-content\/uploads\/2024\/04\/roziniu-bijunu-ir-eukalipto-puokste-geles-merginai.jpg","type":"image\/jpeg"}],"twitter_card":"summary_large_image","schema":{"@context":"https:\/\/schema.org","@graph":[{"@type":"WebPage","@id":"https:\/\/www.gintaresgeles.lt\/en\/puokste\/peony-bouquet-scent\/","url":"https:\/\/www.gintaresgeles.lt\/en\/puokste\/peony-bouquet-scent\/","name":"Peony Bouquet \"Scent\" | Flower Delivery | Gintar\u0117\u2019s Flowers","isPartOf":{"@id":"https:\/\/www.gintaresgeles.lt\/en\/#website"},"primaryImageOfPage":{"@id":"https:\/\/www.gintaresgeles.lt\/en\/puokste\/peony-bouquet-scent\/#primaryimage"},"image":{"@id":"https:\/\/www.gintaresgeles.lt\/en\/puokste\/peony-bouquet-scent\/#primaryimage"},"thumbnailUrl":"https:\/\/www.gintaresgeles.lt\/wp-content\/uploads\/2024\/04\/roziniu-bijunu-ir-eukalipto-puokste-geles-merginai.jpg","datePublished":"2024-04-28T18:45:41+00:00","dateModified":"2025-01-31T08:15:40+00:00","description":"The scent of eucalyptus with peonies \u2013 lush peonies and aromatic eucalyptus \u2013 the perfect gift for your loved ones or your home.","breadcrumb":{"@id":"https:\/\/www.gintaresgeles.lt\/en\/puokste\/peony-bouquet-scent\/#breadcrumb"},"inLanguage":"en-US","potentialAction":[{"@type":"ReadAction","target":["https:\/\/www.gintaresgeles.lt\/en\/puokste\/peony-bouquet-scent\/"]}]},{"@type":"ImageObject","inLanguage":"en-US","@id":"https:\/\/www.gintaresgeles.lt\/en\/puokste\/peony-bouquet-scent\/#primaryimage","url":"https:\/\/www.gintaresgeles.lt\/wp-content\/uploads\/2024\/04\/roziniu-bijunu-ir-eukalipto-puokste-geles-merginai.jpg","contentUrl":"https:\/\/www.gintaresgeles.lt\/wp-content\/uploads\/2024\/04\/roziniu-bijunu-ir-eukalipto-puokste-geles-merginai.jpg","width":1200,"height":1200,"caption":"Ro\u017einiai bij\u016bnai ir eukalintas puok\u0161t\u0117je gimtadienio g\u0117l\u0117s"},{"@type":"BreadcrumbList","@id":"https:\/\/www.gintaresgeles.lt\/en\/puokste\/peony-bouquet-scent\/#breadcrumb","itemListElement":[{"@type":"ListItem","position":1,"name":"Prad\u017eia","item":"https:\/\/www.gintaresgeles.lt\/en\/"},{"@type":"ListItem","position":2,"name":"All flowers and other products","item":"https:\/\/www.gintaresgeles.lt\/en\/all-flowers-and-other-products\/"},{"@type":"ListItem","position":3,"name":"Peony Bouquet &#8222;Scent&#8221;"}]},{"@type":"WebSite","@id":"https:\/\/www.gintaresgeles.lt\/en\/#website","url":"https:\/\/www.gintaresgeles.lt\/en\/","name":"gintaresgeles.lt","description":"G\u0117li\u0173 parduotuv\u0117 internete","potentialAction":[{"@type":"SearchAction","target":{"@type":"EntryPoint","urlTemplate":"https:\/\/www.gintaresgeles.lt\/en\/?s={search_term_string}"},"query-input":{"@type":"PropertyValueSpecification","valueRequired":true,"valueName":"search_term_string"}}],"inLanguage":"en-US"}]}},"_links":{"self":[{"href":"https:\/\/www.gintaresgeles.lt\/en\/wp-json\/wp\/v2\/product\/53709","targetHints":{"allow":["GET"]}}],"collection":[{"href":"https:\/\/www.gintaresgeles.lt\/en\/wp-json\/wp\/v2\/product"}],"about":[{"href":"https:\/\/www.gintaresgeles.lt\/en\/wp-json\/wp\/v2\/types\/product"}],"wp:featuredmedia":[{"embeddable":true,"href":"https:\/\/www.gintaresgeles.lt\/en\/wp-json\/wp\/v2\/media\/51676"}],"wp:attachment":[{"href":"https:\/\/www.gintaresgeles.lt\/en\/wp-json\/wp\/v2\/media?parent=53709"}],"wp:term":[{"taxonomy":"product_brand","embeddable":true,"href":"https:\/\/www.gintaresgeles.lt\/en\/wp-json\/wp\/v2\/product_brand?post=53709"},{"taxonomy":"product_cat","embeddable":true,"href":"https:\/\/www.gintaresgeles.lt\/en\/wp-json\/wp\/v2\/product_cat?post=53709"},{"taxonomy":"product_tag","embeddable":true,"href":"https:\/\/www.gintaresgeles.lt\/en\/wp-json\/wp\/v2\/product_tag?post=53709"}],"curies":[{"name":"wp","href":"https:\/\/api.w.org\/{rel}","templated":true}]}}