{"id":53713,"date":"2024-03-15T12:35:19","date_gmt":"2024-03-15T10:35:19","guid":{"rendered":"https:\/\/www.gintaresgeles.lt\/puokste\/full-bloom-tulip-bouquet-spring-freshness\/"},"modified":"2025-01-31T10:10:54","modified_gmt":"2025-01-31T08:10:54","slug":"full-bloom-tulip-bouquet-spring-freshness","status":"publish","type":"product","link":"https:\/\/www.gintaresgeles.lt\/en\/puokste\/full-bloom-tulip-bouquet-spring-freshness\/","title":{"rendered":"&#8220;Full-bloom tulip bouquet &#8216;Spring Freshness'&#8221;"},"content":{"rendered":"","protected":false},"excerpt":{"rendered":"<p>Pink and white full-bloom tulips \u2013 the softest combination of tulip colors. It\u2019s no wonder tulips are considered flowers meant to be gifted to loved ones.<\/p>\n","protected":false},"featured_media":51292,"template":"","meta":[],"product_brand":[],"product_cat":[261,260,259,252,266,265,256,253,257,262,263,264,268,1966,239],"product_tag":[],"class_list":{"0":"post-53713","1":"product","2":"type-product","3":"status-publish","4":"has-post-thumbnail","6":"product_cat-birthday-bouquets","7":"product_cat-birthday-flowers","8":"product_cat-flowers-by-occasion","9":"product_cat-flowers-by-recipient","10":"product_cat-flowers-by-style","11":"product_cat-flowers-by-type","12":"product_cat-flowers-for-girlfriend","13":"product_cat-flowers-for-mom","14":"product_cat-flowers-for-women","15":"product_cat-march8th-flowers","16":"product_cat-mothers-day-flowers","17":"product_cat-valentines-day-flowers","18":"product_cat-flower-bouquets","19":"product_cat-flowers-wrapped-in-paper","20":"product_cat-tulips","21":"tm-has-options","23":"first","24":"outofstock","25":"taxable","26":"shipping-taxable","27":"purchasable","28":"product-type-variable"},"yoast_head":"<!-- This site is optimized with the Yoast SEO plugin v25.3 - https:\/\/yoast.com\/wordpress\/plugins\/seo\/ -->\n<title>Full-bloom Tulip Bouquet &quot;Spring Freshness&quot; | Gintar\u0117s Flowers<\/title>\n<meta name=\"description\" content=\"Delight your girlfriend with soft colors and a burst of love \u2013 send full-bloom tulips to her home. Surprise her on any occasion!\" \/>\n<meta name=\"robots\" content=\"index, follow, max-snippet:-1, max-image-preview:large, max-video-preview:-1\" \/>\n<link rel=\"canonical\" href=\"https:\/\/www.gintaresgeles.lt\/en\/puokste\/full-bloom-tulip-bouquet-spring-freshness\/\" \/>\n<meta property=\"og:locale\" content=\"en_US\" \/>\n<meta property=\"og:type\" content=\"article\" \/>\n<meta property=\"og:title\" content=\"Full-bloom Tulip Bouquet &quot;Spring Freshness&quot; | Gintar\u0117s Flowers\" \/>\n<meta property=\"og:description\" content=\"Delight your girlfriend with soft colors and a burst of love \u2013 send full-bloom tulips to her home. Surprise her on any occasion!\" \/>\n<meta property=\"og:url\" content=\"https:\/\/www.gintaresgeles.lt\/en\/puokste\/full-bloom-tulip-bouquet-spring-freshness\/\" \/>\n<meta property=\"og:site_name\" content=\"gintaresgeles.lt\" \/>\n<meta property=\"article:modified_time\" content=\"2025-01-31T08:10:54+00:00\" \/>\n<meta property=\"og:image\" content=\"https:\/\/www.gintaresgeles.lt\/wp-content\/uploads\/2024\/03\/pilnaviduriu-tulpiu-puokste-baltos-ir-rozines-spalvos.jpg\" \/>\n\t<meta property=\"og:image:width\" content=\"1200\" \/>\n\t<meta property=\"og:image:height\" content=\"1200\" \/>\n\t<meta property=\"og:image:type\" content=\"image\/jpeg\" \/>\n<meta name=\"twitter:card\" content=\"summary_large_image\" \/>\n<script type=\"application\/ld+json\" class=\"yoast-schema-graph\">{\"@context\":\"https:\/\/schema.org\",\"@graph\":[{\"@type\":\"WebPage\",\"@id\":\"https:\/\/www.gintaresgeles.lt\/en\/puokste\/full-bloom-tulip-bouquet-spring-freshness\/\",\"url\":\"https:\/\/www.gintaresgeles.lt\/en\/puokste\/full-bloom-tulip-bouquet-spring-freshness\/\",\"name\":\"Full-bloom Tulip Bouquet \\\"Spring Freshness\\\" | Gintar\u0117s Flowers\",\"isPartOf\":{\"@id\":\"https:\/\/www.gintaresgeles.lt\/en\/#website\"},\"primaryImageOfPage\":{\"@id\":\"https:\/\/www.gintaresgeles.lt\/en\/puokste\/full-bloom-tulip-bouquet-spring-freshness\/#primaryimage\"},\"image\":{\"@id\":\"https:\/\/www.gintaresgeles.lt\/en\/puokste\/full-bloom-tulip-bouquet-spring-freshness\/#primaryimage\"},\"thumbnailUrl\":\"https:\/\/www.gintaresgeles.lt\/wp-content\/uploads\/2024\/03\/pilnaviduriu-tulpiu-puokste-baltos-ir-rozines-spalvos.jpg\",\"datePublished\":\"2024-03-15T10:35:19+00:00\",\"dateModified\":\"2025-01-31T08:10:54+00:00\",\"description\":\"Delight your girlfriend with soft colors and a burst of love \u2013 send full-bloom tulips to her home. Surprise her on any occasion!\",\"breadcrumb\":{\"@id\":\"https:\/\/www.gintaresgeles.lt\/en\/puokste\/full-bloom-tulip-bouquet-spring-freshness\/#breadcrumb\"},\"inLanguage\":\"en-US\",\"potentialAction\":[{\"@type\":\"ReadAction\",\"target\":[\"https:\/\/www.gintaresgeles.lt\/en\/puokste\/full-bloom-tulip-bouquet-spring-freshness\/\"]}]},{\"@type\":\"ImageObject\",\"inLanguage\":\"en-US\",\"@id\":\"https:\/\/www.gintaresgeles.lt\/en\/puokste\/full-bloom-tulip-bouquet-spring-freshness\/#primaryimage\",\"url\":\"https:\/\/www.gintaresgeles.lt\/wp-content\/uploads\/2024\/03\/pilnaviduriu-tulpiu-puokste-baltos-ir-rozines-spalvos.jpg\",\"contentUrl\":\"https:\/\/www.gintaresgeles.lt\/wp-content\/uploads\/2024\/03\/pilnaviduriu-tulpiu-puokste-baltos-ir-rozines-spalvos.jpg\",\"width\":1200,\"height\":1200,\"caption\":\"Balt\u0173 ir ro\u017eini\u0173 pilnaviduriu tulpiu puokste geles moterims\"},{\"@type\":\"BreadcrumbList\",\"@id\":\"https:\/\/www.gintaresgeles.lt\/en\/puokste\/full-bloom-tulip-bouquet-spring-freshness\/#breadcrumb\",\"itemListElement\":[{\"@type\":\"ListItem\",\"position\":1,\"name\":\"Prad\u017eia\",\"item\":\"https:\/\/www.gintaresgeles.lt\/en\/\"},{\"@type\":\"ListItem\",\"position\":2,\"name\":\"All flowers and other products\",\"item\":\"https:\/\/www.gintaresgeles.lt\/en\/all-flowers-and-other-products\/\"},{\"@type\":\"ListItem\",\"position\":3,\"name\":\"&#8222;Full-bloom tulip bouquet &#8216;Spring Freshness'&#8221;\"}]},{\"@type\":\"WebSite\",\"@id\":\"https:\/\/www.gintaresgeles.lt\/en\/#website\",\"url\":\"https:\/\/www.gintaresgeles.lt\/en\/\",\"name\":\"gintaresgeles.lt\",\"description\":\"G\u0117li\u0173 parduotuv\u0117 internete\",\"potentialAction\":[{\"@type\":\"SearchAction\",\"target\":{\"@type\":\"EntryPoint\",\"urlTemplate\":\"https:\/\/www.gintaresgeles.lt\/en\/?s={search_term_string}\"},\"query-input\":{\"@type\":\"PropertyValueSpecification\",\"valueRequired\":true,\"valueName\":\"search_term_string\"}}],\"inLanguage\":\"en-US\"}]}<\/script>\n<!-- \/ Yoast SEO plugin. -->","yoast_head_json":{"title":"Full-bloom Tulip Bouquet \"Spring Freshness\" | Gintar\u0117s Flowers","description":"Delight your girlfriend with soft colors and a burst of love \u2013 send full-bloom tulips to her home. Surprise her on any occasion!","robots":{"index":"index","follow":"follow","max-snippet":"max-snippet:-1","max-image-preview":"max-image-preview:large","max-video-preview":"max-video-preview:-1"},"canonical":"https:\/\/www.gintaresgeles.lt\/en\/puokste\/full-bloom-tulip-bouquet-spring-freshness\/","og_locale":"en_US","og_type":"article","og_title":"Full-bloom Tulip Bouquet \"Spring Freshness\" | Gintar\u0117s Flowers","og_description":"Delight your girlfriend with soft colors and a burst of love \u2013 send full-bloom tulips to her home. Surprise her on any occasion!","og_url":"https:\/\/www.gintaresgeles.lt\/en\/puokste\/full-bloom-tulip-bouquet-spring-freshness\/","og_site_name":"gintaresgeles.lt","article_modified_time":"2025-01-31T08:10:54+00:00","og_image":[{"width":1200,"height":1200,"url":"https:\/\/www.gintaresgeles.lt\/wp-content\/uploads\/2024\/03\/pilnaviduriu-tulpiu-puokste-baltos-ir-rozines-spalvos.jpg","type":"image\/jpeg"}],"twitter_card":"summary_large_image","schema":{"@context":"https:\/\/schema.org","@graph":[{"@type":"WebPage","@id":"https:\/\/www.gintaresgeles.lt\/en\/puokste\/full-bloom-tulip-bouquet-spring-freshness\/","url":"https:\/\/www.gintaresgeles.lt\/en\/puokste\/full-bloom-tulip-bouquet-spring-freshness\/","name":"Full-bloom Tulip Bouquet \"Spring Freshness\" | Gintar\u0117s Flowers","isPartOf":{"@id":"https:\/\/www.gintaresgeles.lt\/en\/#website"},"primaryImageOfPage":{"@id":"https:\/\/www.gintaresgeles.lt\/en\/puokste\/full-bloom-tulip-bouquet-spring-freshness\/#primaryimage"},"image":{"@id":"https:\/\/www.gintaresgeles.lt\/en\/puokste\/full-bloom-tulip-bouquet-spring-freshness\/#primaryimage"},"thumbnailUrl":"https:\/\/www.gintaresgeles.lt\/wp-content\/uploads\/2024\/03\/pilnaviduriu-tulpiu-puokste-baltos-ir-rozines-spalvos.jpg","datePublished":"2024-03-15T10:35:19+00:00","dateModified":"2025-01-31T08:10:54+00:00","description":"Delight your girlfriend with soft colors and a burst of love \u2013 send full-bloom tulips to her home. Surprise her on any occasion!","breadcrumb":{"@id":"https:\/\/www.gintaresgeles.lt\/en\/puokste\/full-bloom-tulip-bouquet-spring-freshness\/#breadcrumb"},"inLanguage":"en-US","potentialAction":[{"@type":"ReadAction","target":["https:\/\/www.gintaresgeles.lt\/en\/puokste\/full-bloom-tulip-bouquet-spring-freshness\/"]}]},{"@type":"ImageObject","inLanguage":"en-US","@id":"https:\/\/www.gintaresgeles.lt\/en\/puokste\/full-bloom-tulip-bouquet-spring-freshness\/#primaryimage","url":"https:\/\/www.gintaresgeles.lt\/wp-content\/uploads\/2024\/03\/pilnaviduriu-tulpiu-puokste-baltos-ir-rozines-spalvos.jpg","contentUrl":"https:\/\/www.gintaresgeles.lt\/wp-content\/uploads\/2024\/03\/pilnaviduriu-tulpiu-puokste-baltos-ir-rozines-spalvos.jpg","width":1200,"height":1200,"caption":"Balt\u0173 ir ro\u017eini\u0173 pilnaviduriu tulpiu puokste geles moterims"},{"@type":"BreadcrumbList","@id":"https:\/\/www.gintaresgeles.lt\/en\/puokste\/full-bloom-tulip-bouquet-spring-freshness\/#breadcrumb","itemListElement":[{"@type":"ListItem","position":1,"name":"Prad\u017eia","item":"https:\/\/www.gintaresgeles.lt\/en\/"},{"@type":"ListItem","position":2,"name":"All flowers and other products","item":"https:\/\/www.gintaresgeles.lt\/en\/all-flowers-and-other-products\/"},{"@type":"ListItem","position":3,"name":"&#8222;Full-bloom tulip bouquet &#8216;Spring Freshness'&#8221;"}]},{"@type":"WebSite","@id":"https:\/\/www.gintaresgeles.lt\/en\/#website","url":"https:\/\/www.gintaresgeles.lt\/en\/","name":"gintaresgeles.lt","description":"G\u0117li\u0173 parduotuv\u0117 internete","potentialAction":[{"@type":"SearchAction","target":{"@type":"EntryPoint","urlTemplate":"https:\/\/www.gintaresgeles.lt\/en\/?s={search_term_string}"},"query-input":{"@type":"PropertyValueSpecification","valueRequired":true,"valueName":"search_term_string"}}],"inLanguage":"en-US"}]}},"_links":{"self":[{"href":"https:\/\/www.gintaresgeles.lt\/en\/wp-json\/wp\/v2\/product\/53713","targetHints":{"allow":["GET"]}}],"collection":[{"href":"https:\/\/www.gintaresgeles.lt\/en\/wp-json\/wp\/v2\/product"}],"about":[{"href":"https:\/\/www.gintaresgeles.lt\/en\/wp-json\/wp\/v2\/types\/product"}],"wp:featuredmedia":[{"embeddable":true,"href":"https:\/\/www.gintaresgeles.lt\/en\/wp-json\/wp\/v2\/media\/51292"}],"wp:attachment":[{"href":"https:\/\/www.gintaresgeles.lt\/en\/wp-json\/wp\/v2\/media?parent=53713"}],"wp:term":[{"taxonomy":"product_brand","embeddable":true,"href":"https:\/\/www.gintaresgeles.lt\/en\/wp-json\/wp\/v2\/product_brand?post=53713"},{"taxonomy":"product_cat","embeddable":true,"href":"https:\/\/www.gintaresgeles.lt\/en\/wp-json\/wp\/v2\/product_cat?post=53713"},{"taxonomy":"product_tag","embeddable":true,"href":"https:\/\/www.gintaresgeles.lt\/en\/wp-json\/wp\/v2\/product_tag?post=53713"}],"curies":[{"name":"wp","href":"https:\/\/api.w.org\/{rel}","templated":true}]}}