{"id":53725,"date":"2024-04-27T22:08:38","date_gmt":"2024-04-27T20:08:38","guid":{"rendered":"https:\/\/www.gintaresgeles.lt\/puokste\/a-bouquet-of-violet-asters-and-pink-chrysanthemums\/"},"modified":"2025-05-29T01:59:07","modified_gmt":"2025-05-28T23:59:07","slug":"a-bouquet-of-violet-asters-and-pink-chrysanthemums","status":"publish","type":"product","link":"https:\/\/www.gintaresgeles.lt\/en\/puokste\/a-bouquet-of-violet-asters-and-pink-chrysanthemums\/","title":{"rendered":"A bouquet of violet asters and pink chrysanthemums"},"content":{"rendered":"<p>Bouquet sizes:<\/p>\n<p>Small bouquet \u2013 3 chrysanthemums and 4 asters;<\/p>\n<p>Medium bouquet \u2013 6 chrysanthemums and 7 asters.<\/p>\n","protected":false},"excerpt":{"rendered":"<p>An eye-catching composition where the elegance of pink chrysanthemums and the luxury of violet asters intertwine. Each flower is carefully selected and arranged to ensure the bouquet looks flawless from every angle. This bouquet is perfect for any occasion \u2013 from birthdays to anniversaries, or simply as a beautiful gesture for a loved one.<\/p>\n","protected":false},"featured_media":51651,"template":"","meta":[],"product_brand":[],"product_cat":[261,260,259,252,266,265,256,253,2157,2184,2183,257,428,262,263,264,243,268,1966,1804],"product_tag":[],"class_list":{"0":"post-53725","1":"product","2":"type-product","3":"status-publish","4":"has-post-thumbnail","6":"product_cat-birthday-bouquets","7":"product_cat-birthday-flowers","8":"product_cat-flowers-by-occasion","9":"product_cat-flowers-by-recipient","10":"product_cat-flowers-by-style","11":"product_cat-flowers-by-type","12":"product_cat-flowers-for-girlfriend","13":"product_cat-flowers-for-mom","14":"product_cat-september-1","15":"product_cat-flowers-for-teachers-day","16":"product_cat-flowers-for-teachers","17":"product_cat-flowers-for-women","18":"product_cat-jubilee-flowers","19":"product_cat-march8th-flowers","20":"product_cat-mothers-day-flowers","21":"product_cat-valentines-day-flowers","22":"product_cat-chrysanthemums","23":"product_cat-flower-bouquets","24":"product_cat-flowers-wrapped-in-paper","25":"product_cat-gypsophila","26":"tm-has-options","28":"first","29":"instock","30":"taxable","31":"shipping-taxable","32":"purchasable","33":"product-type-variable"},"yoast_head":"<!-- This site is optimized with the Yoast SEO plugin v25.3 - https:\/\/yoast.com\/wordpress\/plugins\/seo\/ -->\n<title>Violet Asters and Pink Chrysanthemums Bouquet | Gintar\u0117&#039;s Flowers<\/title>\n<meta name=\"description\" content=\"Discover the harmony of violet asters and pink chrysanthemums \u2013 an exceptional bouquet crafted to add elegance to your special moments.\" \/>\n<meta name=\"robots\" content=\"index, follow, max-snippet:-1, max-image-preview:large, max-video-preview:-1\" \/>\n<link rel=\"canonical\" href=\"https:\/\/www.gintaresgeles.lt\/en\/puokste\/a-bouquet-of-violet-asters-and-pink-chrysanthemums\/\" \/>\n<meta property=\"og:locale\" content=\"en_US\" \/>\n<meta property=\"og:type\" content=\"article\" \/>\n<meta property=\"og:title\" content=\"Violet Asters and Pink Chrysanthemums Bouquet | Gintar\u0117&#039;s Flowers\" \/>\n<meta property=\"og:description\" content=\"Discover the harmony of violet asters and pink chrysanthemums \u2013 an exceptional bouquet crafted to add elegance to your special moments.\" \/>\n<meta property=\"og:url\" content=\"https:\/\/www.gintaresgeles.lt\/en\/puokste\/a-bouquet-of-violet-asters-and-pink-chrysanthemums\/\" \/>\n<meta property=\"og:site_name\" content=\"gintaresgeles.lt\" \/>\n<meta property=\"article:modified_time\" content=\"2025-05-28T23:59:07+00:00\" \/>\n<meta property=\"og:image\" content=\"https:\/\/www.gintaresgeles.lt\/wp-content\/uploads\/2024\/04\/chrizantemu-ir-guboju-puokste-geles-merginai.jpg\" \/>\n\t<meta property=\"og:image:width\" content=\"1200\" \/>\n\t<meta property=\"og:image:height\" content=\"1200\" \/>\n\t<meta property=\"og:image:type\" content=\"image\/jpeg\" \/>\n<meta name=\"twitter:card\" content=\"summary_large_image\" \/>\n<script type=\"application\/ld+json\" class=\"yoast-schema-graph\">{\"@context\":\"https:\/\/schema.org\",\"@graph\":[{\"@type\":\"WebPage\",\"@id\":\"https:\/\/www.gintaresgeles.lt\/en\/puokste\/a-bouquet-of-violet-asters-and-pink-chrysanthemums\/\",\"url\":\"https:\/\/www.gintaresgeles.lt\/en\/puokste\/a-bouquet-of-violet-asters-and-pink-chrysanthemums\/\",\"name\":\"Violet Asters and Pink Chrysanthemums Bouquet | Gintar\u0117's Flowers\",\"isPartOf\":{\"@id\":\"https:\/\/www.gintaresgeles.lt\/en\/#website\"},\"primaryImageOfPage\":{\"@id\":\"https:\/\/www.gintaresgeles.lt\/en\/puokste\/a-bouquet-of-violet-asters-and-pink-chrysanthemums\/#primaryimage\"},\"image\":{\"@id\":\"https:\/\/www.gintaresgeles.lt\/en\/puokste\/a-bouquet-of-violet-asters-and-pink-chrysanthemums\/#primaryimage\"},\"thumbnailUrl\":\"https:\/\/www.gintaresgeles.lt\/wp-content\/uploads\/2024\/04\/chrizantemu-ir-guboju-puokste-geles-merginai.jpg\",\"datePublished\":\"2024-04-27T20:08:38+00:00\",\"dateModified\":\"2025-05-28T23:59:07+00:00\",\"description\":\"Discover the harmony of violet asters and pink chrysanthemums \u2013 an exceptional bouquet crafted to add elegance to your special moments.\",\"breadcrumb\":{\"@id\":\"https:\/\/www.gintaresgeles.lt\/en\/puokste\/a-bouquet-of-violet-asters-and-pink-chrysanthemums\/#breadcrumb\"},\"inLanguage\":\"en-US\",\"potentialAction\":[{\"@type\":\"ReadAction\",\"target\":[\"https:\/\/www.gintaresgeles.lt\/en\/puokste\/a-bouquet-of-violet-asters-and-pink-chrysanthemums\/\"]}]},{\"@type\":\"ImageObject\",\"inLanguage\":\"en-US\",\"@id\":\"https:\/\/www.gintaresgeles.lt\/en\/puokste\/a-bouquet-of-violet-asters-and-pink-chrysanthemums\/#primaryimage\",\"url\":\"https:\/\/www.gintaresgeles.lt\/wp-content\/uploads\/2024\/04\/chrizantemu-ir-guboju-puokste-geles-merginai.jpg\",\"contentUrl\":\"https:\/\/www.gintaresgeles.lt\/wp-content\/uploads\/2024\/04\/chrizantemu-ir-guboju-puokste-geles-merginai.jpg\",\"width\":1200,\"height\":1200,\"caption\":\"Ro\u017ein\u0117s chrizantemos ir violetin\u0117s gubojos puok\u0161t\u0117je gimtadienio g\u0117l\u0117s\"},{\"@type\":\"BreadcrumbList\",\"@id\":\"https:\/\/www.gintaresgeles.lt\/en\/puokste\/a-bouquet-of-violet-asters-and-pink-chrysanthemums\/#breadcrumb\",\"itemListElement\":[{\"@type\":\"ListItem\",\"position\":1,\"name\":\"Prad\u017eia\",\"item\":\"https:\/\/www.gintaresgeles.lt\/en\/\"},{\"@type\":\"ListItem\",\"position\":2,\"name\":\"All flowers and other products\",\"item\":\"https:\/\/www.gintaresgeles.lt\/en\/all-flowers-and-other-products\/\"},{\"@type\":\"ListItem\",\"position\":3,\"name\":\"A bouquet of violet asters and pink chrysanthemums\"}]},{\"@type\":\"WebSite\",\"@id\":\"https:\/\/www.gintaresgeles.lt\/en\/#website\",\"url\":\"https:\/\/www.gintaresgeles.lt\/en\/\",\"name\":\"gintaresgeles.lt\",\"description\":\"G\u0117li\u0173 parduotuv\u0117 internete\",\"potentialAction\":[{\"@type\":\"SearchAction\",\"target\":{\"@type\":\"EntryPoint\",\"urlTemplate\":\"https:\/\/www.gintaresgeles.lt\/en\/?s={search_term_string}\"},\"query-input\":{\"@type\":\"PropertyValueSpecification\",\"valueRequired\":true,\"valueName\":\"search_term_string\"}}],\"inLanguage\":\"en-US\"}]}<\/script>\n<!-- \/ Yoast SEO plugin. -->","yoast_head_json":{"title":"Violet Asters and Pink Chrysanthemums Bouquet | Gintar\u0117's Flowers","description":"Discover the harmony of violet asters and pink chrysanthemums \u2013 an exceptional bouquet crafted to add elegance to your special moments.","robots":{"index":"index","follow":"follow","max-snippet":"max-snippet:-1","max-image-preview":"max-image-preview:large","max-video-preview":"max-video-preview:-1"},"canonical":"https:\/\/www.gintaresgeles.lt\/en\/puokste\/a-bouquet-of-violet-asters-and-pink-chrysanthemums\/","og_locale":"en_US","og_type":"article","og_title":"Violet Asters and Pink Chrysanthemums Bouquet | Gintar\u0117's Flowers","og_description":"Discover the harmony of violet asters and pink chrysanthemums \u2013 an exceptional bouquet crafted to add elegance to your special moments.","og_url":"https:\/\/www.gintaresgeles.lt\/en\/puokste\/a-bouquet-of-violet-asters-and-pink-chrysanthemums\/","og_site_name":"gintaresgeles.lt","article_modified_time":"2025-05-28T23:59:07+00:00","og_image":[{"width":1200,"height":1200,"url":"https:\/\/www.gintaresgeles.lt\/wp-content\/uploads\/2024\/04\/chrizantemu-ir-guboju-puokste-geles-merginai.jpg","type":"image\/jpeg"}],"twitter_card":"summary_large_image","schema":{"@context":"https:\/\/schema.org","@graph":[{"@type":"WebPage","@id":"https:\/\/www.gintaresgeles.lt\/en\/puokste\/a-bouquet-of-violet-asters-and-pink-chrysanthemums\/","url":"https:\/\/www.gintaresgeles.lt\/en\/puokste\/a-bouquet-of-violet-asters-and-pink-chrysanthemums\/","name":"Violet Asters and Pink Chrysanthemums Bouquet | Gintar\u0117's Flowers","isPartOf":{"@id":"https:\/\/www.gintaresgeles.lt\/en\/#website"},"primaryImageOfPage":{"@id":"https:\/\/www.gintaresgeles.lt\/en\/puokste\/a-bouquet-of-violet-asters-and-pink-chrysanthemums\/#primaryimage"},"image":{"@id":"https:\/\/www.gintaresgeles.lt\/en\/puokste\/a-bouquet-of-violet-asters-and-pink-chrysanthemums\/#primaryimage"},"thumbnailUrl":"https:\/\/www.gintaresgeles.lt\/wp-content\/uploads\/2024\/04\/chrizantemu-ir-guboju-puokste-geles-merginai.jpg","datePublished":"2024-04-27T20:08:38+00:00","dateModified":"2025-05-28T23:59:07+00:00","description":"Discover the harmony of violet asters and pink chrysanthemums \u2013 an exceptional bouquet crafted to add elegance to your special moments.","breadcrumb":{"@id":"https:\/\/www.gintaresgeles.lt\/en\/puokste\/a-bouquet-of-violet-asters-and-pink-chrysanthemums\/#breadcrumb"},"inLanguage":"en-US","potentialAction":[{"@type":"ReadAction","target":["https:\/\/www.gintaresgeles.lt\/en\/puokste\/a-bouquet-of-violet-asters-and-pink-chrysanthemums\/"]}]},{"@type":"ImageObject","inLanguage":"en-US","@id":"https:\/\/www.gintaresgeles.lt\/en\/puokste\/a-bouquet-of-violet-asters-and-pink-chrysanthemums\/#primaryimage","url":"https:\/\/www.gintaresgeles.lt\/wp-content\/uploads\/2024\/04\/chrizantemu-ir-guboju-puokste-geles-merginai.jpg","contentUrl":"https:\/\/www.gintaresgeles.lt\/wp-content\/uploads\/2024\/04\/chrizantemu-ir-guboju-puokste-geles-merginai.jpg","width":1200,"height":1200,"caption":"Ro\u017ein\u0117s chrizantemos ir violetin\u0117s gubojos puok\u0161t\u0117je gimtadienio g\u0117l\u0117s"},{"@type":"BreadcrumbList","@id":"https:\/\/www.gintaresgeles.lt\/en\/puokste\/a-bouquet-of-violet-asters-and-pink-chrysanthemums\/#breadcrumb","itemListElement":[{"@type":"ListItem","position":1,"name":"Prad\u017eia","item":"https:\/\/www.gintaresgeles.lt\/en\/"},{"@type":"ListItem","position":2,"name":"All flowers and other products","item":"https:\/\/www.gintaresgeles.lt\/en\/all-flowers-and-other-products\/"},{"@type":"ListItem","position":3,"name":"A bouquet of violet asters and pink chrysanthemums"}]},{"@type":"WebSite","@id":"https:\/\/www.gintaresgeles.lt\/en\/#website","url":"https:\/\/www.gintaresgeles.lt\/en\/","name":"gintaresgeles.lt","description":"G\u0117li\u0173 parduotuv\u0117 internete","potentialAction":[{"@type":"SearchAction","target":{"@type":"EntryPoint","urlTemplate":"https:\/\/www.gintaresgeles.lt\/en\/?s={search_term_string}"},"query-input":{"@type":"PropertyValueSpecification","valueRequired":true,"valueName":"search_term_string"}}],"inLanguage":"en-US"}]}},"_links":{"self":[{"href":"https:\/\/www.gintaresgeles.lt\/en\/wp-json\/wp\/v2\/product\/53725","targetHints":{"allow":["GET"]}}],"collection":[{"href":"https:\/\/www.gintaresgeles.lt\/en\/wp-json\/wp\/v2\/product"}],"about":[{"href":"https:\/\/www.gintaresgeles.lt\/en\/wp-json\/wp\/v2\/types\/product"}],"wp:featuredmedia":[{"embeddable":true,"href":"https:\/\/www.gintaresgeles.lt\/en\/wp-json\/wp\/v2\/media\/51651"}],"wp:attachment":[{"href":"https:\/\/www.gintaresgeles.lt\/en\/wp-json\/wp\/v2\/media?parent=53725"}],"wp:term":[{"taxonomy":"product_brand","embeddable":true,"href":"https:\/\/www.gintaresgeles.lt\/en\/wp-json\/wp\/v2\/product_brand?post=53725"},{"taxonomy":"product_cat","embeddable":true,"href":"https:\/\/www.gintaresgeles.lt\/en\/wp-json\/wp\/v2\/product_cat?post=53725"},{"taxonomy":"product_tag","embeddable":true,"href":"https:\/\/www.gintaresgeles.lt\/en\/wp-json\/wp\/v2\/product_tag?post=53725"}],"curies":[{"name":"wp","href":"https:\/\/api.w.org\/{rel}","templated":true}]}}