{"id":54437,"date":"2025-02-24T18:24:39","date_gmt":"2025-02-24T16:24:39","guid":{"rendered":"https:\/\/www.gintaresgeles.lt\/puokste\/coral-and-small-rose-bouquet\/"},"modified":"2025-02-24T18:24:39","modified_gmt":"2025-02-24T16:24:39","slug":"coral-and-small-rose-bouquet","status":"publish","type":"product","link":"https:\/\/www.gintaresgeles.lt\/en\/puokste\/coral-and-small-rose-bouquet\/","title":{"rendered":"Coral and Small Rose Bouquet"},"content":{"rendered":"","protected":false},"excerpt":{"rendered":"<p>A great choice for creating a vibrant and glowing accent in any space. The delicate small roses perfectly complement the bright coral blooms and eucalyptus sprigs, adding elegance and liveliness to the bouquet. This bouquet is ideal for both everyday decoration and as a unique gift that will stand out with its color combination and radiance.<\/p>\n","protected":false},"featured_media":54403,"template":"","meta":[],"product_brand":[],"product_cat":[261,260,259,266,265,256,253,2157,2184,2183,257,428,262,263,264,268,1966,238],"product_tag":[],"class_list":{"0":"post-54437","1":"product","2":"type-product","3":"status-publish","4":"has-post-thumbnail","6":"product_cat-birthday-bouquets","7":"product_cat-birthday-flowers","8":"product_cat-flowers-by-occasion","9":"product_cat-flowers-by-style","10":"product_cat-flowers-by-type","11":"product_cat-flowers-for-girlfriend","12":"product_cat-flowers-for-mom","13":"product_cat-september-1","14":"product_cat-flowers-for-teachers-day","15":"product_cat-flowers-for-teachers","16":"product_cat-flowers-for-women","17":"product_cat-jubilee-flowers","18":"product_cat-march8th-flowers","19":"product_cat-mothers-day-flowers","20":"product_cat-valentines-day-flowers","21":"product_cat-flower-bouquets","22":"product_cat-flowers-wrapped-in-paper","23":"product_cat-roses","24":"tm-has-options","26":"first","27":"instock","28":"taxable","29":"shipping-taxable","30":"purchasable","31":"product-type-variable"},"yoast_head":"<!-- This site is optimized with the Yoast SEO plugin v25.3 - https:\/\/yoast.com\/wordpress\/plugins\/seo\/ -->\n<title>Coral and Small Rose Bouquet | Flowers in Vilnius | Gintar\u0117&#039;s Flowers<\/title>\n<meta name=\"description\" content=\"A vibrant and elegant choice, perfect for a gift or home d\u00e9cor. Order today and surprise a loved one.\" \/>\n<meta name=\"robots\" content=\"index, follow, max-snippet:-1, max-image-preview:large, max-video-preview:-1\" \/>\n<link rel=\"canonical\" href=\"https:\/\/www.gintaresgeles.lt\/en\/puokste\/coral-and-small-rose-bouquet\/\" \/>\n<meta property=\"og:locale\" content=\"en_US\" \/>\n<meta property=\"og:type\" content=\"article\" \/>\n<meta property=\"og:title\" content=\"Coral and Small Rose Bouquet | Flowers in Vilnius | Gintar\u0117&#039;s Flowers\" \/>\n<meta property=\"og:description\" content=\"A vibrant and elegant choice, perfect for a gift or home d\u00e9cor. Order today and surprise a loved one.\" \/>\n<meta property=\"og:url\" content=\"https:\/\/www.gintaresgeles.lt\/en\/puokste\/coral-and-small-rose-bouquet\/\" \/>\n<meta property=\"og:site_name\" content=\"gintaresgeles.lt\" \/>\n<meta property=\"og:image\" content=\"https:\/\/www.gintaresgeles.lt\/wp-content\/uploads\/2025\/02\/smulkiu-rozyciu-ir-koraliniu-roziu-puokste-merginai-scaled.jpg\" \/>\n\t<meta property=\"og:image:width\" content=\"2560\" \/>\n\t<meta property=\"og:image:height\" content=\"2560\" \/>\n\t<meta property=\"og:image:type\" content=\"image\/jpeg\" \/>\n<meta name=\"twitter:card\" content=\"summary_large_image\" \/>\n<script type=\"application\/ld+json\" class=\"yoast-schema-graph\">{\"@context\":\"https:\/\/schema.org\",\"@graph\":[{\"@type\":\"WebPage\",\"@id\":\"https:\/\/www.gintaresgeles.lt\/en\/puokste\/coral-and-small-rose-bouquet\/\",\"url\":\"https:\/\/www.gintaresgeles.lt\/en\/puokste\/coral-and-small-rose-bouquet\/\",\"name\":\"Coral and Small Rose Bouquet | Flowers in Vilnius | Gintar\u0117's Flowers\",\"isPartOf\":{\"@id\":\"https:\/\/www.gintaresgeles.lt\/en\/#website\"},\"primaryImageOfPage\":{\"@id\":\"https:\/\/www.gintaresgeles.lt\/en\/puokste\/coral-and-small-rose-bouquet\/#primaryimage\"},\"image\":{\"@id\":\"https:\/\/www.gintaresgeles.lt\/en\/puokste\/coral-and-small-rose-bouquet\/#primaryimage\"},\"thumbnailUrl\":\"https:\/\/www.gintaresgeles.lt\/wp-content\/uploads\/2025\/02\/smulkiu-rozyciu-ir-koraliniu-roziu-puokste-merginai-scaled.jpg\",\"datePublished\":\"2025-02-24T16:24:39+00:00\",\"description\":\"A vibrant and elegant choice, perfect for a gift or home d\u00e9cor. Order today and surprise a loved one.\",\"breadcrumb\":{\"@id\":\"https:\/\/www.gintaresgeles.lt\/en\/puokste\/coral-and-small-rose-bouquet\/#breadcrumb\"},\"inLanguage\":\"en-US\",\"potentialAction\":[{\"@type\":\"ReadAction\",\"target\":[\"https:\/\/www.gintaresgeles.lt\/en\/puokste\/coral-and-small-rose-bouquet\/\"]}]},{\"@type\":\"ImageObject\",\"inLanguage\":\"en-US\",\"@id\":\"https:\/\/www.gintaresgeles.lt\/en\/puokste\/coral-and-small-rose-bouquet\/#primaryimage\",\"url\":\"https:\/\/www.gintaresgeles.lt\/wp-content\/uploads\/2025\/02\/smulkiu-rozyciu-ir-koraliniu-roziu-puokste-merginai-scaled.jpg\",\"contentUrl\":\"https:\/\/www.gintaresgeles.lt\/wp-content\/uploads\/2025\/02\/smulkiu-rozyciu-ir-koraliniu-roziu-puokste-merginai-scaled.jpg\",\"width\":2560,\"height\":2560,\"caption\":\"Smulkios ir koralin\u0117s ro\u017e\u0117s su \u017ealuma puok\u0161t\u0117je\"},{\"@type\":\"BreadcrumbList\",\"@id\":\"https:\/\/www.gintaresgeles.lt\/en\/puokste\/coral-and-small-rose-bouquet\/#breadcrumb\",\"itemListElement\":[{\"@type\":\"ListItem\",\"position\":1,\"name\":\"Prad\u017eia\",\"item\":\"https:\/\/www.gintaresgeles.lt\/en\/\"},{\"@type\":\"ListItem\",\"position\":2,\"name\":\"All flowers and other products\",\"item\":\"https:\/\/www.gintaresgeles.lt\/en\/all-flowers-and-other-products\/\"},{\"@type\":\"ListItem\",\"position\":3,\"name\":\"Coral and Small Rose Bouquet\"}]},{\"@type\":\"WebSite\",\"@id\":\"https:\/\/www.gintaresgeles.lt\/en\/#website\",\"url\":\"https:\/\/www.gintaresgeles.lt\/en\/\",\"name\":\"gintaresgeles.lt\",\"description\":\"G\u0117li\u0173 parduotuv\u0117 internete\",\"potentialAction\":[{\"@type\":\"SearchAction\",\"target\":{\"@type\":\"EntryPoint\",\"urlTemplate\":\"https:\/\/www.gintaresgeles.lt\/en\/?s={search_term_string}\"},\"query-input\":{\"@type\":\"PropertyValueSpecification\",\"valueRequired\":true,\"valueName\":\"search_term_string\"}}],\"inLanguage\":\"en-US\"}]}<\/script>\n<!-- \/ Yoast SEO plugin. -->","yoast_head_json":{"title":"Coral and Small Rose Bouquet | Flowers in Vilnius | Gintar\u0117's Flowers","description":"A vibrant and elegant choice, perfect for a gift or home d\u00e9cor. Order today and surprise a loved one.","robots":{"index":"index","follow":"follow","max-snippet":"max-snippet:-1","max-image-preview":"max-image-preview:large","max-video-preview":"max-video-preview:-1"},"canonical":"https:\/\/www.gintaresgeles.lt\/en\/puokste\/coral-and-small-rose-bouquet\/","og_locale":"en_US","og_type":"article","og_title":"Coral and Small Rose Bouquet | Flowers in Vilnius | Gintar\u0117's Flowers","og_description":"A vibrant and elegant choice, perfect for a gift or home d\u00e9cor. Order today and surprise a loved one.","og_url":"https:\/\/www.gintaresgeles.lt\/en\/puokste\/coral-and-small-rose-bouquet\/","og_site_name":"gintaresgeles.lt","og_image":[{"width":2560,"height":2560,"url":"https:\/\/www.gintaresgeles.lt\/wp-content\/uploads\/2025\/02\/smulkiu-rozyciu-ir-koraliniu-roziu-puokste-merginai-scaled.jpg","type":"image\/jpeg"}],"twitter_card":"summary_large_image","schema":{"@context":"https:\/\/schema.org","@graph":[{"@type":"WebPage","@id":"https:\/\/www.gintaresgeles.lt\/en\/puokste\/coral-and-small-rose-bouquet\/","url":"https:\/\/www.gintaresgeles.lt\/en\/puokste\/coral-and-small-rose-bouquet\/","name":"Coral and Small Rose Bouquet | Flowers in Vilnius | Gintar\u0117's Flowers","isPartOf":{"@id":"https:\/\/www.gintaresgeles.lt\/en\/#website"},"primaryImageOfPage":{"@id":"https:\/\/www.gintaresgeles.lt\/en\/puokste\/coral-and-small-rose-bouquet\/#primaryimage"},"image":{"@id":"https:\/\/www.gintaresgeles.lt\/en\/puokste\/coral-and-small-rose-bouquet\/#primaryimage"},"thumbnailUrl":"https:\/\/www.gintaresgeles.lt\/wp-content\/uploads\/2025\/02\/smulkiu-rozyciu-ir-koraliniu-roziu-puokste-merginai-scaled.jpg","datePublished":"2025-02-24T16:24:39+00:00","description":"A vibrant and elegant choice, perfect for a gift or home d\u00e9cor. Order today and surprise a loved one.","breadcrumb":{"@id":"https:\/\/www.gintaresgeles.lt\/en\/puokste\/coral-and-small-rose-bouquet\/#breadcrumb"},"inLanguage":"en-US","potentialAction":[{"@type":"ReadAction","target":["https:\/\/www.gintaresgeles.lt\/en\/puokste\/coral-and-small-rose-bouquet\/"]}]},{"@type":"ImageObject","inLanguage":"en-US","@id":"https:\/\/www.gintaresgeles.lt\/en\/puokste\/coral-and-small-rose-bouquet\/#primaryimage","url":"https:\/\/www.gintaresgeles.lt\/wp-content\/uploads\/2025\/02\/smulkiu-rozyciu-ir-koraliniu-roziu-puokste-merginai-scaled.jpg","contentUrl":"https:\/\/www.gintaresgeles.lt\/wp-content\/uploads\/2025\/02\/smulkiu-rozyciu-ir-koraliniu-roziu-puokste-merginai-scaled.jpg","width":2560,"height":2560,"caption":"Smulkios ir koralin\u0117s ro\u017e\u0117s su \u017ealuma puok\u0161t\u0117je"},{"@type":"BreadcrumbList","@id":"https:\/\/www.gintaresgeles.lt\/en\/puokste\/coral-and-small-rose-bouquet\/#breadcrumb","itemListElement":[{"@type":"ListItem","position":1,"name":"Prad\u017eia","item":"https:\/\/www.gintaresgeles.lt\/en\/"},{"@type":"ListItem","position":2,"name":"All flowers and other products","item":"https:\/\/www.gintaresgeles.lt\/en\/all-flowers-and-other-products\/"},{"@type":"ListItem","position":3,"name":"Coral and Small Rose Bouquet"}]},{"@type":"WebSite","@id":"https:\/\/www.gintaresgeles.lt\/en\/#website","url":"https:\/\/www.gintaresgeles.lt\/en\/","name":"gintaresgeles.lt","description":"G\u0117li\u0173 parduotuv\u0117 internete","potentialAction":[{"@type":"SearchAction","target":{"@type":"EntryPoint","urlTemplate":"https:\/\/www.gintaresgeles.lt\/en\/?s={search_term_string}"},"query-input":{"@type":"PropertyValueSpecification","valueRequired":true,"valueName":"search_term_string"}}],"inLanguage":"en-US"}]}},"_links":{"self":[{"href":"https:\/\/www.gintaresgeles.lt\/en\/wp-json\/wp\/v2\/product\/54437","targetHints":{"allow":["GET"]}}],"collection":[{"href":"https:\/\/www.gintaresgeles.lt\/en\/wp-json\/wp\/v2\/product"}],"about":[{"href":"https:\/\/www.gintaresgeles.lt\/en\/wp-json\/wp\/v2\/types\/product"}],"wp:featuredmedia":[{"embeddable":true,"href":"https:\/\/www.gintaresgeles.lt\/en\/wp-json\/wp\/v2\/media\/54403"}],"wp:attachment":[{"href":"https:\/\/www.gintaresgeles.lt\/en\/wp-json\/wp\/v2\/media?parent=54437"}],"wp:term":[{"taxonomy":"product_brand","embeddable":true,"href":"https:\/\/www.gintaresgeles.lt\/en\/wp-json\/wp\/v2\/product_brand?post=54437"},{"taxonomy":"product_cat","embeddable":true,"href":"https:\/\/www.gintaresgeles.lt\/en\/wp-json\/wp\/v2\/product_cat?post=54437"},{"taxonomy":"product_tag","embeddable":true,"href":"https:\/\/www.gintaresgeles.lt\/en\/wp-json\/wp\/v2\/product_tag?post=54437"}],"curies":[{"name":"wp","href":"https:\/\/api.w.org\/{rel}","templated":true}]}}