{"id":55330,"date":"2025-03-20T22:25:32","date_gmt":"2025-03-20T20:25:32","guid":{"rendered":"https:\/\/www.gintaresgeles.lt\/puokste\/gift-set-for-my-beloved-mom\/"},"modified":"2025-03-20T22:25:32","modified_gmt":"2025-03-20T20:25:32","slug":"gift-set-for-my-beloved-mom","status":"publish","type":"product","link":"https:\/\/www.gintaresgeles.lt\/en\/puokste\/gift-set-for-my-beloved-mom\/","title":{"rendered":"Gift Set &#8220;For My Beloved Mom&#8221;"},"content":{"rendered":"","protected":false},"excerpt":{"rendered":"<p class=\"\" data-start=\"35\" data-end=\"154\"><strong data-start=\"35\" data-end=\"154\">Give your mom a moment of elegance and warmth with this unique gift set, created with love and attention to detail.<\/strong><\/p>\n<p class=\"\" data-start=\"156\" data-end=\"183\">In this set, you will find:<\/p>\n<ul data-start=\"185\" data-end=\"488\">\n<li class=\"\" data-start=\"185\" data-end=\"280\">\n<p class=\"\" data-start=\"187\" data-end=\"280\">White, soft socks with a heart design and the inscription &#8220;Mom,&#8221; adding comfort to every day.<\/p>\n<\/li>\n<li class=\"\" data-start=\"281\" data-end=\"364\">\n<p class=\"\" data-start=\"283\" data-end=\"364\">Ferrero Rocher chocolate candies, delicately enriching moments with sweet treats.<\/p>\n<\/li>\n<li class=\"\" data-start=\"365\" data-end=\"485\">\n<p class=\"\" data-start=\"367\" data-end=\"485\">A soy wax candle with jade, which not only exudes a wonderful fragrance but also symbolizes peace and positive energy.<\/p>\n<\/li>\n<\/ul>\n","protected":false},"featured_media":54746,"template":"","meta":[],"product_brand":[],"product_cat":[237,1984,1977],"product_tag":[],"class_list":{"0":"post-55330","1":"product","2":"type-product","3":"status-publish","4":"has-post-thumbnail","6":"product_cat-gifts","7":"product_cat-candles","8":"product_cat-gift-set","9":"tm-has-options","11":"first","12":"instock","13":"taxable","14":"shipping-taxable","15":"purchasable","16":"product-type-simple"},"yoast_head":"<!-- This site is optimized with the Yoast SEO plugin v25.3 - https:\/\/yoast.com\/wordpress\/plugins\/seo\/ -->\n<title>Gift Set &quot;For My Beloved Mom&quot; | Gintar\u0117\u2019s Flowers<\/title>\n<meta name=\"description\" content=\"Delight your mom with a special gift \u2013 a gift set featuring &quot;Mom&quot; socks, delicious Ferrero Rocher chocolates, and a soy wax candle with jade.\" \/>\n<meta name=\"robots\" content=\"index, follow, max-snippet:-1, max-image-preview:large, max-video-preview:-1\" \/>\n<link rel=\"canonical\" href=\"https:\/\/www.gintaresgeles.lt\/en\/puokste\/gift-set-for-my-beloved-mom\/\" \/>\n<meta property=\"og:locale\" content=\"en_US\" \/>\n<meta property=\"og:type\" content=\"article\" \/>\n<meta property=\"og:title\" content=\"Gift Set &quot;For My Beloved Mom&quot; | Gintar\u0117\u2019s Flowers\" \/>\n<meta property=\"og:description\" content=\"Delight your mom with a special gift \u2013 a gift set featuring &quot;Mom&quot; socks, delicious Ferrero Rocher chocolates, and a soy wax candle with jade.\" \/>\n<meta property=\"og:url\" content=\"https:\/\/www.gintaresgeles.lt\/en\/puokste\/gift-set-for-my-beloved-mom\/\" \/>\n<meta property=\"og:site_name\" content=\"gintaresgeles.lt\" \/>\n<meta property=\"og:image\" content=\"https:\/\/www.gintaresgeles.lt\/wp-content\/uploads\/2025\/03\/dovanu-rinkinys-mylimai-mamai-su-kvepiancia-soju-zvake-scaled.jpg\" \/>\n\t<meta property=\"og:image:width\" content=\"2560\" \/>\n\t<meta property=\"og:image:height\" content=\"2560\" \/>\n\t<meta property=\"og:image:type\" content=\"image\/jpeg\" \/>\n<meta name=\"twitter:card\" content=\"summary_large_image\" \/>\n<script type=\"application\/ld+json\" class=\"yoast-schema-graph\">{\"@context\":\"https:\/\/schema.org\",\"@graph\":[{\"@type\":\"WebPage\",\"@id\":\"https:\/\/www.gintaresgeles.lt\/en\/puokste\/gift-set-for-my-beloved-mom\/\",\"url\":\"https:\/\/www.gintaresgeles.lt\/en\/puokste\/gift-set-for-my-beloved-mom\/\",\"name\":\"Gift Set \\\"For My Beloved Mom\\\" | Gintar\u0117\u2019s Flowers\",\"isPartOf\":{\"@id\":\"https:\/\/www.gintaresgeles.lt\/en\/#website\"},\"primaryImageOfPage\":{\"@id\":\"https:\/\/www.gintaresgeles.lt\/en\/puokste\/gift-set-for-my-beloved-mom\/#primaryimage\"},\"image\":{\"@id\":\"https:\/\/www.gintaresgeles.lt\/en\/puokste\/gift-set-for-my-beloved-mom\/#primaryimage\"},\"thumbnailUrl\":\"https:\/\/www.gintaresgeles.lt\/wp-content\/uploads\/2025\/03\/dovanu-rinkinys-mylimai-mamai-su-kvepiancia-soju-zvake-scaled.jpg\",\"datePublished\":\"2025-03-20T20:25:32+00:00\",\"description\":\"Delight your mom with a special gift \u2013 a gift set featuring \\\"Mom\\\" socks, delicious Ferrero Rocher chocolates, and a soy wax candle with jade.\",\"breadcrumb\":{\"@id\":\"https:\/\/www.gintaresgeles.lt\/en\/puokste\/gift-set-for-my-beloved-mom\/#breadcrumb\"},\"inLanguage\":\"en-US\",\"potentialAction\":[{\"@type\":\"ReadAction\",\"target\":[\"https:\/\/www.gintaresgeles.lt\/en\/puokste\/gift-set-for-my-beloved-mom\/\"]}]},{\"@type\":\"ImageObject\",\"inLanguage\":\"en-US\",\"@id\":\"https:\/\/www.gintaresgeles.lt\/en\/puokste\/gift-set-for-my-beloved-mom\/#primaryimage\",\"url\":\"https:\/\/www.gintaresgeles.lt\/wp-content\/uploads\/2025\/03\/dovanu-rinkinys-mylimai-mamai-su-kvepiancia-soju-zvake-scaled.jpg\",\"contentUrl\":\"https:\/\/www.gintaresgeles.lt\/wp-content\/uploads\/2025\/03\/dovanu-rinkinys-mylimai-mamai-su-kvepiancia-soju-zvake-scaled.jpg\",\"width\":2560,\"height\":2560,\"caption\":\"Dovan\u0173 rinkinys mamai su kvepian\u010dia \u017evake\"},{\"@type\":\"BreadcrumbList\",\"@id\":\"https:\/\/www.gintaresgeles.lt\/en\/puokste\/gift-set-for-my-beloved-mom\/#breadcrumb\",\"itemListElement\":[{\"@type\":\"ListItem\",\"position\":1,\"name\":\"Prad\u017eia\",\"item\":\"https:\/\/www.gintaresgeles.lt\/en\/\"},{\"@type\":\"ListItem\",\"position\":2,\"name\":\"All flowers and other products\",\"item\":\"https:\/\/www.gintaresgeles.lt\/en\/all-flowers-and-other-products\/\"},{\"@type\":\"ListItem\",\"position\":3,\"name\":\"Gift Set &#8222;For My Beloved Mom&#8221;\"}]},{\"@type\":\"WebSite\",\"@id\":\"https:\/\/www.gintaresgeles.lt\/en\/#website\",\"url\":\"https:\/\/www.gintaresgeles.lt\/en\/\",\"name\":\"gintaresgeles.lt\",\"description\":\"G\u0117li\u0173 parduotuv\u0117 internete\",\"potentialAction\":[{\"@type\":\"SearchAction\",\"target\":{\"@type\":\"EntryPoint\",\"urlTemplate\":\"https:\/\/www.gintaresgeles.lt\/en\/?s={search_term_string}\"},\"query-input\":{\"@type\":\"PropertyValueSpecification\",\"valueRequired\":true,\"valueName\":\"search_term_string\"}}],\"inLanguage\":\"en-US\"}]}<\/script>\n<!-- \/ Yoast SEO plugin. -->","yoast_head_json":{"title":"Gift Set \"For My Beloved Mom\" | Gintar\u0117\u2019s Flowers","description":"Delight your mom with a special gift \u2013 a gift set featuring \"Mom\" socks, delicious Ferrero Rocher chocolates, and a soy wax candle with jade.","robots":{"index":"index","follow":"follow","max-snippet":"max-snippet:-1","max-image-preview":"max-image-preview:large","max-video-preview":"max-video-preview:-1"},"canonical":"https:\/\/www.gintaresgeles.lt\/en\/puokste\/gift-set-for-my-beloved-mom\/","og_locale":"en_US","og_type":"article","og_title":"Gift Set \"For My Beloved Mom\" | Gintar\u0117\u2019s Flowers","og_description":"Delight your mom with a special gift \u2013 a gift set featuring \"Mom\" socks, delicious Ferrero Rocher chocolates, and a soy wax candle with jade.","og_url":"https:\/\/www.gintaresgeles.lt\/en\/puokste\/gift-set-for-my-beloved-mom\/","og_site_name":"gintaresgeles.lt","og_image":[{"width":2560,"height":2560,"url":"https:\/\/www.gintaresgeles.lt\/wp-content\/uploads\/2025\/03\/dovanu-rinkinys-mylimai-mamai-su-kvepiancia-soju-zvake-scaled.jpg","type":"image\/jpeg"}],"twitter_card":"summary_large_image","schema":{"@context":"https:\/\/schema.org","@graph":[{"@type":"WebPage","@id":"https:\/\/www.gintaresgeles.lt\/en\/puokste\/gift-set-for-my-beloved-mom\/","url":"https:\/\/www.gintaresgeles.lt\/en\/puokste\/gift-set-for-my-beloved-mom\/","name":"Gift Set \"For My Beloved Mom\" | Gintar\u0117\u2019s Flowers","isPartOf":{"@id":"https:\/\/www.gintaresgeles.lt\/en\/#website"},"primaryImageOfPage":{"@id":"https:\/\/www.gintaresgeles.lt\/en\/puokste\/gift-set-for-my-beloved-mom\/#primaryimage"},"image":{"@id":"https:\/\/www.gintaresgeles.lt\/en\/puokste\/gift-set-for-my-beloved-mom\/#primaryimage"},"thumbnailUrl":"https:\/\/www.gintaresgeles.lt\/wp-content\/uploads\/2025\/03\/dovanu-rinkinys-mylimai-mamai-su-kvepiancia-soju-zvake-scaled.jpg","datePublished":"2025-03-20T20:25:32+00:00","description":"Delight your mom with a special gift \u2013 a gift set featuring \"Mom\" socks, delicious Ferrero Rocher chocolates, and a soy wax candle with jade.","breadcrumb":{"@id":"https:\/\/www.gintaresgeles.lt\/en\/puokste\/gift-set-for-my-beloved-mom\/#breadcrumb"},"inLanguage":"en-US","potentialAction":[{"@type":"ReadAction","target":["https:\/\/www.gintaresgeles.lt\/en\/puokste\/gift-set-for-my-beloved-mom\/"]}]},{"@type":"ImageObject","inLanguage":"en-US","@id":"https:\/\/www.gintaresgeles.lt\/en\/puokste\/gift-set-for-my-beloved-mom\/#primaryimage","url":"https:\/\/www.gintaresgeles.lt\/wp-content\/uploads\/2025\/03\/dovanu-rinkinys-mylimai-mamai-su-kvepiancia-soju-zvake-scaled.jpg","contentUrl":"https:\/\/www.gintaresgeles.lt\/wp-content\/uploads\/2025\/03\/dovanu-rinkinys-mylimai-mamai-su-kvepiancia-soju-zvake-scaled.jpg","width":2560,"height":2560,"caption":"Dovan\u0173 rinkinys mamai su kvepian\u010dia \u017evake"},{"@type":"BreadcrumbList","@id":"https:\/\/www.gintaresgeles.lt\/en\/puokste\/gift-set-for-my-beloved-mom\/#breadcrumb","itemListElement":[{"@type":"ListItem","position":1,"name":"Prad\u017eia","item":"https:\/\/www.gintaresgeles.lt\/en\/"},{"@type":"ListItem","position":2,"name":"All flowers and other products","item":"https:\/\/www.gintaresgeles.lt\/en\/all-flowers-and-other-products\/"},{"@type":"ListItem","position":3,"name":"Gift Set &#8222;For My Beloved Mom&#8221;"}]},{"@type":"WebSite","@id":"https:\/\/www.gintaresgeles.lt\/en\/#website","url":"https:\/\/www.gintaresgeles.lt\/en\/","name":"gintaresgeles.lt","description":"G\u0117li\u0173 parduotuv\u0117 internete","potentialAction":[{"@type":"SearchAction","target":{"@type":"EntryPoint","urlTemplate":"https:\/\/www.gintaresgeles.lt\/en\/?s={search_term_string}"},"query-input":{"@type":"PropertyValueSpecification","valueRequired":true,"valueName":"search_term_string"}}],"inLanguage":"en-US"}]}},"_links":{"self":[{"href":"https:\/\/www.gintaresgeles.lt\/en\/wp-json\/wp\/v2\/product\/55330","targetHints":{"allow":["GET"]}}],"collection":[{"href":"https:\/\/www.gintaresgeles.lt\/en\/wp-json\/wp\/v2\/product"}],"about":[{"href":"https:\/\/www.gintaresgeles.lt\/en\/wp-json\/wp\/v2\/types\/product"}],"wp:featuredmedia":[{"embeddable":true,"href":"https:\/\/www.gintaresgeles.lt\/en\/wp-json\/wp\/v2\/media\/54746"}],"wp:attachment":[{"href":"https:\/\/www.gintaresgeles.lt\/en\/wp-json\/wp\/v2\/media?parent=55330"}],"wp:term":[{"taxonomy":"product_brand","embeddable":true,"href":"https:\/\/www.gintaresgeles.lt\/en\/wp-json\/wp\/v2\/product_brand?post=55330"},{"taxonomy":"product_cat","embeddable":true,"href":"https:\/\/www.gintaresgeles.lt\/en\/wp-json\/wp\/v2\/product_cat?post=55330"},{"taxonomy":"product_tag","embeddable":true,"href":"https:\/\/www.gintaresgeles.lt\/en\/wp-json\/wp\/v2\/product_tag?post=55330"}],"curies":[{"name":"wp","href":"https:\/\/api.w.org\/{rel}","templated":true}]}}