{"id":55333,"date":"2025-03-31T06:48:40","date_gmt":"2025-03-31T04:48:40","guid":{"rendered":"https:\/\/www.gintaresgeles.lt\/puokste\/soothing-soy-wax-candle-with-a-quartz-stone\/"},"modified":"2025-03-31T06:48:40","modified_gmt":"2025-03-31T04:48:40","slug":"soothing-soy-wax-candle-with-a-quartz-stone","status":"publish","type":"product","link":"https:\/\/www.gintaresgeles.lt\/en\/puokste\/soothing-soy-wax-candle-with-a-quartz-stone\/","title":{"rendered":"Soothing Soy Wax Candle with a Quartz Stone"},"content":{"rendered":"<p class=\"\" data-start=\"35\" data-end=\"64\"><strong data-start=\"35\" data-end=\"64\">FRAGRANCE: Moroccan Rose.<\/strong><\/p>\n<p class=\"\" data-start=\"66\" data-end=\"216\">It is made from soy wax and features a wooden wick, which provides a natural and cozy burning effect. The candle is decorated with rose quartz stones.<\/p>\n<p class=\"\" data-start=\"218\" data-end=\"242\"><strong data-start=\"218\" data-end=\"242\">Burn Time: 22 hours.<\/strong><\/p>\n","protected":false},"excerpt":{"rendered":"<p>This elegant soy wax candle with rose quartz is perfect for creating a cozy and calming atmosphere at home. Rose quartz, known for its energy of love and gentleness, helps relieve stress and creates a balanced, warm environment. Natural soy wax ensures a longer burn time and a clean, healthy burn without harmful substances. It\u2019s the ideal candle to relax after a long day or as a gift for those who value inner peace and harmony.<\/p>\n","protected":false},"featured_media":54790,"template":"","meta":[],"product_brand":[],"product_cat":[237,1984],"product_tag":[],"class_list":{"0":"post-55333","1":"product","2":"type-product","3":"status-publish","4":"has-post-thumbnail","6":"product_cat-gifts","7":"product_cat-candles","8":"tm-has-options","10":"first","11":"outofstock","12":"taxable","13":"shipping-taxable","14":"purchasable","15":"product-type-simple"},"yoast_head":"<!-- This site is optimized with the Yoast SEO plugin v25.3 - https:\/\/yoast.com\/wordpress\/plugins\/seo\/ -->\n<title>Soothing Soy Wax Candle with Quartz Stone | Gintar\u0117\u2019s Flowers<\/title>\n<meta name=\"description\" content=\"Purchase a Soy Wax Candle with Quartz Stone. Perfect for creating peaceful moments and harmony at home. Natural wax and energizing quartz.\" \/>\n<meta name=\"robots\" content=\"index, follow, max-snippet:-1, max-image-preview:large, max-video-preview:-1\" \/>\n<link rel=\"canonical\" href=\"https:\/\/www.gintaresgeles.lt\/en\/puokste\/soothing-soy-wax-candle-with-a-quartz-stone\/\" \/>\n<meta property=\"og:locale\" content=\"en_US\" \/>\n<meta property=\"og:type\" content=\"article\" \/>\n<meta property=\"og:title\" content=\"Soothing Soy Wax Candle with Quartz Stone | Gintar\u0117\u2019s Flowers\" \/>\n<meta property=\"og:description\" content=\"Purchase a Soy Wax Candle with Quartz Stone. Perfect for creating peaceful moments and harmony at home. Natural wax and energizing quartz.\" \/>\n<meta property=\"og:url\" content=\"https:\/\/www.gintaresgeles.lt\/en\/puokste\/soothing-soy-wax-candle-with-a-quartz-stone\/\" \/>\n<meta property=\"og:site_name\" content=\"gintaresgeles.lt\" \/>\n<meta property=\"og:image\" content=\"https:\/\/www.gintaresgeles.lt\/wp-content\/uploads\/2025\/03\/raminanti-soju-zvake-su-kvarcu-dovanos-artimiesiams.jpeg\" \/>\n\t<meta property=\"og:image:width\" content=\"1200\" \/>\n\t<meta property=\"og:image:height\" content=\"1200\" \/>\n\t<meta property=\"og:image:type\" content=\"image\/jpeg\" \/>\n<meta name=\"twitter:card\" content=\"summary_large_image\" \/>\n<script type=\"application\/ld+json\" class=\"yoast-schema-graph\">{\"@context\":\"https:\/\/schema.org\",\"@graph\":[{\"@type\":\"WebPage\",\"@id\":\"https:\/\/www.gintaresgeles.lt\/en\/puokste\/soothing-soy-wax-candle-with-a-quartz-stone\/\",\"url\":\"https:\/\/www.gintaresgeles.lt\/en\/puokste\/soothing-soy-wax-candle-with-a-quartz-stone\/\",\"name\":\"Soothing Soy Wax Candle with Quartz Stone | Gintar\u0117\u2019s Flowers\",\"isPartOf\":{\"@id\":\"https:\/\/www.gintaresgeles.lt\/en\/#website\"},\"primaryImageOfPage\":{\"@id\":\"https:\/\/www.gintaresgeles.lt\/en\/puokste\/soothing-soy-wax-candle-with-a-quartz-stone\/#primaryimage\"},\"image\":{\"@id\":\"https:\/\/www.gintaresgeles.lt\/en\/puokste\/soothing-soy-wax-candle-with-a-quartz-stone\/#primaryimage\"},\"thumbnailUrl\":\"https:\/\/www.gintaresgeles.lt\/wp-content\/uploads\/2025\/03\/raminanti-soju-zvake-su-kvarcu-dovanos-artimiesiams.jpeg\",\"datePublished\":\"2025-03-31T04:48:40+00:00\",\"description\":\"Purchase a Soy Wax Candle with Quartz Stone. Perfect for creating peaceful moments and harmony at home. Natural wax and energizing quartz.\",\"breadcrumb\":{\"@id\":\"https:\/\/www.gintaresgeles.lt\/en\/puokste\/soothing-soy-wax-candle-with-a-quartz-stone\/#breadcrumb\"},\"inLanguage\":\"en-US\",\"potentialAction\":[{\"@type\":\"ReadAction\",\"target\":[\"https:\/\/www.gintaresgeles.lt\/en\/puokste\/soothing-soy-wax-candle-with-a-quartz-stone\/\"]}]},{\"@type\":\"ImageObject\",\"inLanguage\":\"en-US\",\"@id\":\"https:\/\/www.gintaresgeles.lt\/en\/puokste\/soothing-soy-wax-candle-with-a-quartz-stone\/#primaryimage\",\"url\":\"https:\/\/www.gintaresgeles.lt\/wp-content\/uploads\/2025\/03\/raminanti-soju-zvake-su-kvarcu-dovanos-artimiesiams.jpeg\",\"contentUrl\":\"https:\/\/www.gintaresgeles.lt\/wp-content\/uploads\/2025\/03\/raminanti-soju-zvake-su-kvarcu-dovanos-artimiesiams.jpeg\",\"width\":1200,\"height\":1200,\"caption\":\"Soj\u0173 va\u0161ko \u017evak\u0117 su kvarco akmeniu ypatinga dovana artimiesiams\"},{\"@type\":\"BreadcrumbList\",\"@id\":\"https:\/\/www.gintaresgeles.lt\/en\/puokste\/soothing-soy-wax-candle-with-a-quartz-stone\/#breadcrumb\",\"itemListElement\":[{\"@type\":\"ListItem\",\"position\":1,\"name\":\"Prad\u017eia\",\"item\":\"https:\/\/www.gintaresgeles.lt\/en\/\"},{\"@type\":\"ListItem\",\"position\":2,\"name\":\"All flowers and other products\",\"item\":\"https:\/\/www.gintaresgeles.lt\/en\/all-flowers-and-other-products\/\"},{\"@type\":\"ListItem\",\"position\":3,\"name\":\"Soothing Soy Wax Candle with a Quartz Stone\"}]},{\"@type\":\"WebSite\",\"@id\":\"https:\/\/www.gintaresgeles.lt\/en\/#website\",\"url\":\"https:\/\/www.gintaresgeles.lt\/en\/\",\"name\":\"Gintares Geles\",\"description\":\"Flower delivery in Vilnius | Same-day delivery | Gintares geles\",\"potentialAction\":[{\"@type\":\"SearchAction\",\"target\":{\"@type\":\"EntryPoint\",\"urlTemplate\":\"https:\/\/www.gintaresgeles.lt\/en\/?s={search_term_string}\"},\"query-input\":{\"@type\":\"PropertyValueSpecification\",\"valueRequired\":true,\"valueName\":\"search_term_string\"}}],\"inLanguage\":\"en-US\"}]}<\/script>\n<!-- \/ Yoast SEO plugin. -->","yoast_head_json":{"title":"Soothing Soy Wax Candle with Quartz Stone | Gintar\u0117\u2019s Flowers","description":"Purchase a Soy Wax Candle with Quartz Stone. Perfect for creating peaceful moments and harmony at home. Natural wax and energizing quartz.","robots":{"index":"index","follow":"follow","max-snippet":"max-snippet:-1","max-image-preview":"max-image-preview:large","max-video-preview":"max-video-preview:-1"},"canonical":"https:\/\/www.gintaresgeles.lt\/en\/puokste\/soothing-soy-wax-candle-with-a-quartz-stone\/","og_locale":"en_US","og_type":"article","og_title":"Soothing Soy Wax Candle with Quartz Stone | Gintar\u0117\u2019s Flowers","og_description":"Purchase a Soy Wax Candle with Quartz Stone. Perfect for creating peaceful moments and harmony at home. Natural wax and energizing quartz.","og_url":"https:\/\/www.gintaresgeles.lt\/en\/puokste\/soothing-soy-wax-candle-with-a-quartz-stone\/","og_site_name":"gintaresgeles.lt","og_image":[{"width":1200,"height":1200,"url":"https:\/\/www.gintaresgeles.lt\/wp-content\/uploads\/2025\/03\/raminanti-soju-zvake-su-kvarcu-dovanos-artimiesiams.jpeg","type":"image\/jpeg"}],"twitter_card":"summary_large_image","schema":{"@context":"https:\/\/schema.org","@graph":[{"@type":"WebPage","@id":"https:\/\/www.gintaresgeles.lt\/en\/puokste\/soothing-soy-wax-candle-with-a-quartz-stone\/","url":"https:\/\/www.gintaresgeles.lt\/en\/puokste\/soothing-soy-wax-candle-with-a-quartz-stone\/","name":"Soothing Soy Wax Candle with Quartz Stone | Gintar\u0117\u2019s Flowers","isPartOf":{"@id":"https:\/\/www.gintaresgeles.lt\/en\/#website"},"primaryImageOfPage":{"@id":"https:\/\/www.gintaresgeles.lt\/en\/puokste\/soothing-soy-wax-candle-with-a-quartz-stone\/#primaryimage"},"image":{"@id":"https:\/\/www.gintaresgeles.lt\/en\/puokste\/soothing-soy-wax-candle-with-a-quartz-stone\/#primaryimage"},"thumbnailUrl":"https:\/\/www.gintaresgeles.lt\/wp-content\/uploads\/2025\/03\/raminanti-soju-zvake-su-kvarcu-dovanos-artimiesiams.jpeg","datePublished":"2025-03-31T04:48:40+00:00","description":"Purchase a Soy Wax Candle with Quartz Stone. Perfect for creating peaceful moments and harmony at home. Natural wax and energizing quartz.","breadcrumb":{"@id":"https:\/\/www.gintaresgeles.lt\/en\/puokste\/soothing-soy-wax-candle-with-a-quartz-stone\/#breadcrumb"},"inLanguage":"en-US","potentialAction":[{"@type":"ReadAction","target":["https:\/\/www.gintaresgeles.lt\/en\/puokste\/soothing-soy-wax-candle-with-a-quartz-stone\/"]}]},{"@type":"ImageObject","inLanguage":"en-US","@id":"https:\/\/www.gintaresgeles.lt\/en\/puokste\/soothing-soy-wax-candle-with-a-quartz-stone\/#primaryimage","url":"https:\/\/www.gintaresgeles.lt\/wp-content\/uploads\/2025\/03\/raminanti-soju-zvake-su-kvarcu-dovanos-artimiesiams.jpeg","contentUrl":"https:\/\/www.gintaresgeles.lt\/wp-content\/uploads\/2025\/03\/raminanti-soju-zvake-su-kvarcu-dovanos-artimiesiams.jpeg","width":1200,"height":1200,"caption":"Soj\u0173 va\u0161ko \u017evak\u0117 su kvarco akmeniu ypatinga dovana artimiesiams"},{"@type":"BreadcrumbList","@id":"https:\/\/www.gintaresgeles.lt\/en\/puokste\/soothing-soy-wax-candle-with-a-quartz-stone\/#breadcrumb","itemListElement":[{"@type":"ListItem","position":1,"name":"Prad\u017eia","item":"https:\/\/www.gintaresgeles.lt\/en\/"},{"@type":"ListItem","position":2,"name":"All flowers and other products","item":"https:\/\/www.gintaresgeles.lt\/en\/all-flowers-and-other-products\/"},{"@type":"ListItem","position":3,"name":"Soothing Soy Wax Candle with a Quartz Stone"}]},{"@type":"WebSite","@id":"https:\/\/www.gintaresgeles.lt\/en\/#website","url":"https:\/\/www.gintaresgeles.lt\/en\/","name":"Gintares Geles","description":"Flower delivery in Vilnius | Same-day delivery | Gintares geles","potentialAction":[{"@type":"SearchAction","target":{"@type":"EntryPoint","urlTemplate":"https:\/\/www.gintaresgeles.lt\/en\/?s={search_term_string}"},"query-input":{"@type":"PropertyValueSpecification","valueRequired":true,"valueName":"search_term_string"}}],"inLanguage":"en-US"}]}},"_links":{"self":[{"href":"https:\/\/www.gintaresgeles.lt\/en\/wp-json\/wp\/v2\/product\/55333","targetHints":{"allow":["GET"]}}],"collection":[{"href":"https:\/\/www.gintaresgeles.lt\/en\/wp-json\/wp\/v2\/product"}],"about":[{"href":"https:\/\/www.gintaresgeles.lt\/en\/wp-json\/wp\/v2\/types\/product"}],"wp:featuredmedia":[{"embeddable":true,"href":"https:\/\/www.gintaresgeles.lt\/en\/wp-json\/wp\/v2\/media\/54790"}],"wp:attachment":[{"href":"https:\/\/www.gintaresgeles.lt\/en\/wp-json\/wp\/v2\/media?parent=55333"}],"wp:term":[{"taxonomy":"product_brand","embeddable":true,"href":"https:\/\/www.gintaresgeles.lt\/en\/wp-json\/wp\/v2\/product_brand?post=55333"},{"taxonomy":"product_cat","embeddable":true,"href":"https:\/\/www.gintaresgeles.lt\/en\/wp-json\/wp\/v2\/product_cat?post=55333"},{"taxonomy":"product_tag","embeddable":true,"href":"https:\/\/www.gintaresgeles.lt\/en\/wp-json\/wp\/v2\/product_tag?post=55333"}],"curies":[{"name":"wp","href":"https:\/\/api.w.org\/{rel}","templated":true}]}}