{"id":55337,"date":"2025-04-01T09:46:41","date_gmt":"2025-04-01T07:46:41","guid":{"rendered":"https:\/\/www.gintaresgeles.lt\/puokste\/champagne-glass-shaped-foil-helium-balloon-you-are-no-1\/"},"modified":"2025-04-01T09:46:41","modified_gmt":"2025-04-01T07:46:41","slug":"champagne-glass-shaped-foil-helium-balloon-you-are-no-1","status":"publish","type":"product","link":"https:\/\/www.gintaresgeles.lt\/en\/puokste\/champagne-glass-shaped-foil-helium-balloon-you-are-no-1\/","title":{"rendered":"Champagne Glass-Shaped Foil Helium Balloon &#8220;You Are No. 1&#8221;"},"content":{"rendered":"","protected":false},"excerpt":{"rendered":"<p>Celebrate a special person with this Champagne Glass-Shaped Foil Helium Balloon &#8220;You Are No. 1&#8221;! Perfect for anniversaries, award celebrations, or any occasion when you want to show respect and congratulate someone who is &#8220;No. 1.&#8221; The glass design and this message will add a touch of luxury and joy to the celebration, making it a great accent for any event.<\/p>\n","protected":false},"featured_media":54510,"template":"","meta":[],"product_brand":[],"product_cat":[270,1956,1959,1961,894],"product_tag":[],"class_list":{"0":"post-55337","1":"product","2":"type-product","3":"status-publish","4":"has-post-thumbnail","6":"product_cat-helium-balloons","7":"product_cat-foil-helium-balloons","8":"product_cat-helium-balloons-for-boys","9":"product_cat-helium-balloons-for-girls","10":"product_cat-helium-balloons-for-kids","11":"tm-has-options","13":"first","14":"instock","15":"taxable","16":"shipping-taxable","17":"purchasable","18":"product-type-simple"},"yoast_head":"<!-- This site is optimized with the Yoast SEO plugin v25.3 - https:\/\/yoast.com\/wordpress\/plugins\/seo\/ -->\n<title>Champagne Glass-Shaped Foil Helium Balloon &quot;You Are No. 1&quot; | Gintar\u0117\u2019s Flowers<\/title>\n<meta name=\"description\" content=\"Champagne Glass-Shaped Foil Helium Balloon &quot;You Are No. 1&quot; \u2013 a perfect choice for anniversaries and awards, adding luxury and joy to the celebration.\" \/>\n<meta name=\"robots\" content=\"index, follow, max-snippet:-1, max-image-preview:large, max-video-preview:-1\" \/>\n<link rel=\"canonical\" href=\"https:\/\/www.gintaresgeles.lt\/en\/puokste\/champagne-glass-shaped-foil-helium-balloon-you-are-no-1\/\" \/>\n<meta property=\"og:locale\" content=\"en_US\" \/>\n<meta property=\"og:type\" content=\"article\" \/>\n<meta property=\"og:title\" content=\"Champagne Glass-Shaped Foil Helium Balloon &quot;You Are No. 1&quot; | Gintar\u0117\u2019s Flowers\" \/>\n<meta property=\"og:description\" content=\"Champagne Glass-Shaped Foil Helium Balloon &quot;You Are No. 1&quot; \u2013 a perfect choice for anniversaries and awards, adding luxury and joy to the celebration.\" \/>\n<meta property=\"og:url\" content=\"https:\/\/www.gintaresgeles.lt\/en\/puokste\/champagne-glass-shaped-foil-helium-balloon-you-are-no-1\/\" \/>\n<meta property=\"og:site_name\" content=\"gintaresgeles.lt\" \/>\n<meta property=\"og:image\" content=\"https:\/\/www.gintaresgeles.lt\/wp-content\/uploads\/2025\/03\/Taure-folinis-helio-balionas-nr-1.webp\" \/>\n\t<meta property=\"og:image:width\" content=\"900\" \/>\n\t<meta property=\"og:image:height\" content=\"900\" \/>\n\t<meta property=\"og:image:type\" content=\"image\/webp\" \/>\n<meta name=\"twitter:card\" content=\"summary_large_image\" \/>\n<script type=\"application\/ld+json\" class=\"yoast-schema-graph\">{\"@context\":\"https:\/\/schema.org\",\"@graph\":[{\"@type\":\"WebPage\",\"@id\":\"https:\/\/www.gintaresgeles.lt\/en\/puokste\/champagne-glass-shaped-foil-helium-balloon-you-are-no-1\/\",\"url\":\"https:\/\/www.gintaresgeles.lt\/en\/puokste\/champagne-glass-shaped-foil-helium-balloon-you-are-no-1\/\",\"name\":\"Champagne Glass-Shaped Foil Helium Balloon \\\"You Are No. 1\\\" | Gintar\u0117\u2019s Flowers\",\"isPartOf\":{\"@id\":\"https:\/\/www.gintaresgeles.lt\/en\/#website\"},\"primaryImageOfPage\":{\"@id\":\"https:\/\/www.gintaresgeles.lt\/en\/puokste\/champagne-glass-shaped-foil-helium-balloon-you-are-no-1\/#primaryimage\"},\"image\":{\"@id\":\"https:\/\/www.gintaresgeles.lt\/en\/puokste\/champagne-glass-shaped-foil-helium-balloon-you-are-no-1\/#primaryimage\"},\"thumbnailUrl\":\"https:\/\/www.gintaresgeles.lt\/wp-content\/uploads\/2025\/03\/Taure-folinis-helio-balionas-nr-1.webp\",\"datePublished\":\"2025-04-01T07:46:41+00:00\",\"description\":\"Champagne Glass-Shaped Foil Helium Balloon \\\"You Are No. 1\\\" \u2013 a perfect choice for anniversaries and awards, adding luxury and joy to the celebration.\",\"breadcrumb\":{\"@id\":\"https:\/\/www.gintaresgeles.lt\/en\/puokste\/champagne-glass-shaped-foil-helium-balloon-you-are-no-1\/#breadcrumb\"},\"inLanguage\":\"en-US\",\"potentialAction\":[{\"@type\":\"ReadAction\",\"target\":[\"https:\/\/www.gintaresgeles.lt\/en\/puokste\/champagne-glass-shaped-foil-helium-balloon-you-are-no-1\/\"]}]},{\"@type\":\"ImageObject\",\"inLanguage\":\"en-US\",\"@id\":\"https:\/\/www.gintaresgeles.lt\/en\/puokste\/champagne-glass-shaped-foil-helium-balloon-you-are-no-1\/#primaryimage\",\"url\":\"https:\/\/www.gintaresgeles.lt\/wp-content\/uploads\/2025\/03\/Taure-folinis-helio-balionas-nr-1.webp\",\"contentUrl\":\"https:\/\/www.gintaresgeles.lt\/wp-content\/uploads\/2025\/03\/Taure-folinis-helio-balionas-nr-1.webp\",\"width\":900,\"height\":900,\"caption\":\"Nr. 1 folinis helio balionas - pirma vieta\"},{\"@type\":\"BreadcrumbList\",\"@id\":\"https:\/\/www.gintaresgeles.lt\/en\/puokste\/champagne-glass-shaped-foil-helium-balloon-you-are-no-1\/#breadcrumb\",\"itemListElement\":[{\"@type\":\"ListItem\",\"position\":1,\"name\":\"Prad\u017eia\",\"item\":\"https:\/\/www.gintaresgeles.lt\/en\/\"},{\"@type\":\"ListItem\",\"position\":2,\"name\":\"All flowers and other products\",\"item\":\"https:\/\/www.gintaresgeles.lt\/en\/all-flowers-and-other-products\/\"},{\"@type\":\"ListItem\",\"position\":3,\"name\":\"Champagne Glass-Shaped Foil Helium Balloon &#8222;You Are No. 1&#8221;\"}]},{\"@type\":\"WebSite\",\"@id\":\"https:\/\/www.gintaresgeles.lt\/en\/#website\",\"url\":\"https:\/\/www.gintaresgeles.lt\/en\/\",\"name\":\"gintaresgeles.lt\",\"description\":\"G\u0117li\u0173 parduotuv\u0117 internete\",\"potentialAction\":[{\"@type\":\"SearchAction\",\"target\":{\"@type\":\"EntryPoint\",\"urlTemplate\":\"https:\/\/www.gintaresgeles.lt\/en\/?s={search_term_string}\"},\"query-input\":{\"@type\":\"PropertyValueSpecification\",\"valueRequired\":true,\"valueName\":\"search_term_string\"}}],\"inLanguage\":\"en-US\"}]}<\/script>\n<!-- \/ Yoast SEO plugin. -->","yoast_head_json":{"title":"Champagne Glass-Shaped Foil Helium Balloon \"You Are No. 1\" | Gintar\u0117\u2019s Flowers","description":"Champagne Glass-Shaped Foil Helium Balloon \"You Are No. 1\" \u2013 a perfect choice for anniversaries and awards, adding luxury and joy to the celebration.","robots":{"index":"index","follow":"follow","max-snippet":"max-snippet:-1","max-image-preview":"max-image-preview:large","max-video-preview":"max-video-preview:-1"},"canonical":"https:\/\/www.gintaresgeles.lt\/en\/puokste\/champagne-glass-shaped-foil-helium-balloon-you-are-no-1\/","og_locale":"en_US","og_type":"article","og_title":"Champagne Glass-Shaped Foil Helium Balloon \"You Are No. 1\" | Gintar\u0117\u2019s Flowers","og_description":"Champagne Glass-Shaped Foil Helium Balloon \"You Are No. 1\" \u2013 a perfect choice for anniversaries and awards, adding luxury and joy to the celebration.","og_url":"https:\/\/www.gintaresgeles.lt\/en\/puokste\/champagne-glass-shaped-foil-helium-balloon-you-are-no-1\/","og_site_name":"gintaresgeles.lt","og_image":[{"width":900,"height":900,"url":"https:\/\/www.gintaresgeles.lt\/wp-content\/uploads\/2025\/03\/Taure-folinis-helio-balionas-nr-1.webp","type":"image\/webp"}],"twitter_card":"summary_large_image","schema":{"@context":"https:\/\/schema.org","@graph":[{"@type":"WebPage","@id":"https:\/\/www.gintaresgeles.lt\/en\/puokste\/champagne-glass-shaped-foil-helium-balloon-you-are-no-1\/","url":"https:\/\/www.gintaresgeles.lt\/en\/puokste\/champagne-glass-shaped-foil-helium-balloon-you-are-no-1\/","name":"Champagne Glass-Shaped Foil Helium Balloon \"You Are No. 1\" | Gintar\u0117\u2019s Flowers","isPartOf":{"@id":"https:\/\/www.gintaresgeles.lt\/en\/#website"},"primaryImageOfPage":{"@id":"https:\/\/www.gintaresgeles.lt\/en\/puokste\/champagne-glass-shaped-foil-helium-balloon-you-are-no-1\/#primaryimage"},"image":{"@id":"https:\/\/www.gintaresgeles.lt\/en\/puokste\/champagne-glass-shaped-foil-helium-balloon-you-are-no-1\/#primaryimage"},"thumbnailUrl":"https:\/\/www.gintaresgeles.lt\/wp-content\/uploads\/2025\/03\/Taure-folinis-helio-balionas-nr-1.webp","datePublished":"2025-04-01T07:46:41+00:00","description":"Champagne Glass-Shaped Foil Helium Balloon \"You Are No. 1\" \u2013 a perfect choice for anniversaries and awards, adding luxury and joy to the celebration.","breadcrumb":{"@id":"https:\/\/www.gintaresgeles.lt\/en\/puokste\/champagne-glass-shaped-foil-helium-balloon-you-are-no-1\/#breadcrumb"},"inLanguage":"en-US","potentialAction":[{"@type":"ReadAction","target":["https:\/\/www.gintaresgeles.lt\/en\/puokste\/champagne-glass-shaped-foil-helium-balloon-you-are-no-1\/"]}]},{"@type":"ImageObject","inLanguage":"en-US","@id":"https:\/\/www.gintaresgeles.lt\/en\/puokste\/champagne-glass-shaped-foil-helium-balloon-you-are-no-1\/#primaryimage","url":"https:\/\/www.gintaresgeles.lt\/wp-content\/uploads\/2025\/03\/Taure-folinis-helio-balionas-nr-1.webp","contentUrl":"https:\/\/www.gintaresgeles.lt\/wp-content\/uploads\/2025\/03\/Taure-folinis-helio-balionas-nr-1.webp","width":900,"height":900,"caption":"Nr. 1 folinis helio balionas - pirma vieta"},{"@type":"BreadcrumbList","@id":"https:\/\/www.gintaresgeles.lt\/en\/puokste\/champagne-glass-shaped-foil-helium-balloon-you-are-no-1\/#breadcrumb","itemListElement":[{"@type":"ListItem","position":1,"name":"Prad\u017eia","item":"https:\/\/www.gintaresgeles.lt\/en\/"},{"@type":"ListItem","position":2,"name":"All flowers and other products","item":"https:\/\/www.gintaresgeles.lt\/en\/all-flowers-and-other-products\/"},{"@type":"ListItem","position":3,"name":"Champagne Glass-Shaped Foil Helium Balloon &#8222;You Are No. 1&#8221;"}]},{"@type":"WebSite","@id":"https:\/\/www.gintaresgeles.lt\/en\/#website","url":"https:\/\/www.gintaresgeles.lt\/en\/","name":"gintaresgeles.lt","description":"G\u0117li\u0173 parduotuv\u0117 internete","potentialAction":[{"@type":"SearchAction","target":{"@type":"EntryPoint","urlTemplate":"https:\/\/www.gintaresgeles.lt\/en\/?s={search_term_string}"},"query-input":{"@type":"PropertyValueSpecification","valueRequired":true,"valueName":"search_term_string"}}],"inLanguage":"en-US"}]}},"_links":{"self":[{"href":"https:\/\/www.gintaresgeles.lt\/en\/wp-json\/wp\/v2\/product\/55337","targetHints":{"allow":["GET"]}}],"collection":[{"href":"https:\/\/www.gintaresgeles.lt\/en\/wp-json\/wp\/v2\/product"}],"about":[{"href":"https:\/\/www.gintaresgeles.lt\/en\/wp-json\/wp\/v2\/types\/product"}],"wp:featuredmedia":[{"embeddable":true,"href":"https:\/\/www.gintaresgeles.lt\/en\/wp-json\/wp\/v2\/media\/54510"}],"wp:attachment":[{"href":"https:\/\/www.gintaresgeles.lt\/en\/wp-json\/wp\/v2\/media?parent=55337"}],"wp:term":[{"taxonomy":"product_brand","embeddable":true,"href":"https:\/\/www.gintaresgeles.lt\/en\/wp-json\/wp\/v2\/product_brand?post=55337"},{"taxonomy":"product_cat","embeddable":true,"href":"https:\/\/www.gintaresgeles.lt\/en\/wp-json\/wp\/v2\/product_cat?post=55337"},{"taxonomy":"product_tag","embeddable":true,"href":"https:\/\/www.gintaresgeles.lt\/en\/wp-json\/wp\/v2\/product_tag?post=55337"}],"curies":[{"name":"wp","href":"https:\/\/api.w.org\/{rel}","templated":true}]}}