{"id":55345,"date":"2025-04-24T10:44:07","date_gmt":"2025-04-24T08:44:07","guid":{"rendered":"https:\/\/www.gintaresgeles.lt\/puokste\/foil-helium-balloon-playful-fox\/"},"modified":"2025-12-01T07:40:48","modified_gmt":"2025-12-01T05:40:48","slug":"foil-helium-balloon-playful-fox","status":"publish","type":"product","link":"https:\/\/www.gintaresgeles.lt\/en\/puokste\/foil-helium-balloon-playful-fox\/","title":{"rendered":"Foil Helium Balloon &#8220;Playful Fox&#8221;"},"content":{"rendered":"","protected":false},"excerpt":{"rendered":"<p>This adorable foil balloon &#8220;Playful Fox&#8221; is a perfect choice for various celebrations and occasions. It will become a great decorative accent that will add a special mood to the party.<\/p>\n<p>The balloon&#8217;s diameter is <b>60 cm<\/b>.<\/p>\n","protected":false},"featured_media":54937,"template":"","meta":[],"product_brand":[],"product_cat":[270,1956,1961,894],"product_tag":[],"class_list":{"0":"post-55345","1":"product","2":"type-product","3":"status-publish","4":"has-post-thumbnail","6":"product_cat-helium-balloons","7":"product_cat-foil-helium-balloons","8":"product_cat-helium-balloons-for-girls","9":"product_cat-helium-balloons-for-kids","10":"tm-has-options","12":"first","13":"instock","14":"taxable","15":"shipping-taxable","16":"purchasable","17":"product-type-simple"},"yoast_head":"<!-- This site is optimized with the Yoast SEO plugin v25.3 - https:\/\/yoast.com\/wordpress\/plugins\/seo\/ -->\n<title>This cute foil balloon &quot;Playful Fox&quot; is a perfect choice for various celebrations and occasions. It will be a great decorative accent, adding a special mood to the event. Balloon diameter \u2013 60 cm.<\/title>\n<meta name=\"description\" content=\"Foil Balloon &quot;Playful Fox&quot; \u2013 a fox-shaped balloon. Inflatable with helium or air, perfect for various celebrations and photo shoots.\" \/>\n<meta name=\"robots\" content=\"index, follow, max-snippet:-1, max-image-preview:large, max-video-preview:-1\" \/>\n<link rel=\"canonical\" href=\"https:\/\/www.gintaresgeles.lt\/en\/puokste\/foil-helium-balloon-playful-fox\/\" \/>\n<meta property=\"og:locale\" content=\"en_US\" \/>\n<meta property=\"og:type\" content=\"article\" \/>\n<meta property=\"og:title\" content=\"This cute foil balloon &quot;Playful Fox&quot; is a perfect choice for various celebrations and occasions. It will be a great decorative accent, adding a special mood to the event. Balloon diameter \u2013 60 cm.\" \/>\n<meta property=\"og:description\" content=\"Foil Balloon &quot;Playful Fox&quot; \u2013 a fox-shaped balloon. Inflatable with helium or air, perfect for various celebrations and photo shoots.\" \/>\n<meta property=\"og:url\" content=\"https:\/\/www.gintaresgeles.lt\/en\/puokste\/foil-helium-balloon-playful-fox\/\" \/>\n<meta property=\"og:site_name\" content=\"gintaresgeles.lt\" \/>\n<meta property=\"article:modified_time\" content=\"2025-12-01T05:40:48+00:00\" \/>\n<meta property=\"og:image\" content=\"https:\/\/www.gintaresgeles.lt\/wp-content\/uploads\/2025\/04\/Lapes-veidas-linksmas-folinis-balionas.jpg\" \/>\n\t<meta property=\"og:image:width\" content=\"800\" \/>\n\t<meta property=\"og:image:height\" content=\"802\" \/>\n\t<meta property=\"og:image:type\" content=\"image\/jpeg\" \/>\n<meta name=\"twitter:card\" content=\"summary_large_image\" \/>\n<script type=\"application\/ld+json\" class=\"yoast-schema-graph\">{\"@context\":\"https:\/\/schema.org\",\"@graph\":[{\"@type\":\"WebPage\",\"@id\":\"https:\/\/www.gintaresgeles.lt\/en\/puokste\/foil-helium-balloon-playful-fox\/\",\"url\":\"https:\/\/www.gintaresgeles.lt\/en\/puokste\/foil-helium-balloon-playful-fox\/\",\"name\":\"This cute foil balloon \\\"Playful Fox\\\" is a perfect choice for various celebrations and occasions. It will be a great decorative accent, adding a special mood to the event. Balloon diameter \u2013 60 cm.\",\"isPartOf\":{\"@id\":\"https:\/\/www.gintaresgeles.lt\/en\/#website\"},\"primaryImageOfPage\":{\"@id\":\"https:\/\/www.gintaresgeles.lt\/en\/puokste\/foil-helium-balloon-playful-fox\/#primaryimage\"},\"image\":{\"@id\":\"https:\/\/www.gintaresgeles.lt\/en\/puokste\/foil-helium-balloon-playful-fox\/#primaryimage\"},\"thumbnailUrl\":\"https:\/\/www.gintaresgeles.lt\/wp-content\/uploads\/2025\/04\/Lapes-veidas-linksmas-folinis-balionas.jpg\",\"datePublished\":\"2025-04-24T08:44:07+00:00\",\"dateModified\":\"2025-12-01T05:40:48+00:00\",\"description\":\"Foil Balloon \\\"Playful Fox\\\" \u2013 a fox-shaped balloon. Inflatable with helium or air, perfect for various celebrations and photo shoots.\",\"breadcrumb\":{\"@id\":\"https:\/\/www.gintaresgeles.lt\/en\/puokste\/foil-helium-balloon-playful-fox\/#breadcrumb\"},\"inLanguage\":\"en-US\",\"potentialAction\":[{\"@type\":\"ReadAction\",\"target\":[\"https:\/\/www.gintaresgeles.lt\/en\/puokste\/foil-helium-balloon-playful-fox\/\"]}]},{\"@type\":\"ImageObject\",\"inLanguage\":\"en-US\",\"@id\":\"https:\/\/www.gintaresgeles.lt\/en\/puokste\/foil-helium-balloon-playful-fox\/#primaryimage\",\"url\":\"https:\/\/www.gintaresgeles.lt\/wp-content\/uploads\/2025\/04\/Lapes-veidas-linksmas-folinis-balionas.jpg\",\"contentUrl\":\"https:\/\/www.gintaresgeles.lt\/wp-content\/uploads\/2025\/04\/Lapes-veidas-linksmas-folinis-balionas.jpg\",\"width\":800,\"height\":802,\"caption\":\"\u017daismingas folinis balionas lap\u0117s veidu\"},{\"@type\":\"BreadcrumbList\",\"@id\":\"https:\/\/www.gintaresgeles.lt\/en\/puokste\/foil-helium-balloon-playful-fox\/#breadcrumb\",\"itemListElement\":[{\"@type\":\"ListItem\",\"position\":1,\"name\":\"Prad\u017eia\",\"item\":\"https:\/\/www.gintaresgeles.lt\/en\/\"},{\"@type\":\"ListItem\",\"position\":2,\"name\":\"All flowers and other products\",\"item\":\"https:\/\/www.gintaresgeles.lt\/en\/all-flowers-and-other-products\/\"},{\"@type\":\"ListItem\",\"position\":3,\"name\":\"Foil Helium Balloon &#8222;Playful Fox&#8221;\"}]},{\"@type\":\"WebSite\",\"@id\":\"https:\/\/www.gintaresgeles.lt\/en\/#website\",\"url\":\"https:\/\/www.gintaresgeles.lt\/en\/\",\"name\":\"gintaresgeles.lt\",\"description\":\"G\u0117li\u0173 parduotuv\u0117 internete\",\"potentialAction\":[{\"@type\":\"SearchAction\",\"target\":{\"@type\":\"EntryPoint\",\"urlTemplate\":\"https:\/\/www.gintaresgeles.lt\/en\/?s={search_term_string}\"},\"query-input\":{\"@type\":\"PropertyValueSpecification\",\"valueRequired\":true,\"valueName\":\"search_term_string\"}}],\"inLanguage\":\"en-US\"}]}<\/script>\n<!-- \/ Yoast SEO plugin. -->","yoast_head_json":{"title":"This cute foil balloon \"Playful Fox\" is a perfect choice for various celebrations and occasions. It will be a great decorative accent, adding a special mood to the event. Balloon diameter \u2013 60 cm.","description":"Foil Balloon \"Playful Fox\" \u2013 a fox-shaped balloon. Inflatable with helium or air, perfect for various celebrations and photo shoots.","robots":{"index":"index","follow":"follow","max-snippet":"max-snippet:-1","max-image-preview":"max-image-preview:large","max-video-preview":"max-video-preview:-1"},"canonical":"https:\/\/www.gintaresgeles.lt\/en\/puokste\/foil-helium-balloon-playful-fox\/","og_locale":"en_US","og_type":"article","og_title":"This cute foil balloon \"Playful Fox\" is a perfect choice for various celebrations and occasions. It will be a great decorative accent, adding a special mood to the event. Balloon diameter \u2013 60 cm.","og_description":"Foil Balloon \"Playful Fox\" \u2013 a fox-shaped balloon. Inflatable with helium or air, perfect for various celebrations and photo shoots.","og_url":"https:\/\/www.gintaresgeles.lt\/en\/puokste\/foil-helium-balloon-playful-fox\/","og_site_name":"gintaresgeles.lt","article_modified_time":"2025-12-01T05:40:48+00:00","og_image":[{"width":800,"height":802,"url":"https:\/\/www.gintaresgeles.lt\/wp-content\/uploads\/2025\/04\/Lapes-veidas-linksmas-folinis-balionas.jpg","type":"image\/jpeg"}],"twitter_card":"summary_large_image","schema":{"@context":"https:\/\/schema.org","@graph":[{"@type":"WebPage","@id":"https:\/\/www.gintaresgeles.lt\/en\/puokste\/foil-helium-balloon-playful-fox\/","url":"https:\/\/www.gintaresgeles.lt\/en\/puokste\/foil-helium-balloon-playful-fox\/","name":"This cute foil balloon \"Playful Fox\" is a perfect choice for various celebrations and occasions. It will be a great decorative accent, adding a special mood to the event. Balloon diameter \u2013 60 cm.","isPartOf":{"@id":"https:\/\/www.gintaresgeles.lt\/en\/#website"},"primaryImageOfPage":{"@id":"https:\/\/www.gintaresgeles.lt\/en\/puokste\/foil-helium-balloon-playful-fox\/#primaryimage"},"image":{"@id":"https:\/\/www.gintaresgeles.lt\/en\/puokste\/foil-helium-balloon-playful-fox\/#primaryimage"},"thumbnailUrl":"https:\/\/www.gintaresgeles.lt\/wp-content\/uploads\/2025\/04\/Lapes-veidas-linksmas-folinis-balionas.jpg","datePublished":"2025-04-24T08:44:07+00:00","dateModified":"2025-12-01T05:40:48+00:00","description":"Foil Balloon \"Playful Fox\" \u2013 a fox-shaped balloon. Inflatable with helium or air, perfect for various celebrations and photo shoots.","breadcrumb":{"@id":"https:\/\/www.gintaresgeles.lt\/en\/puokste\/foil-helium-balloon-playful-fox\/#breadcrumb"},"inLanguage":"en-US","potentialAction":[{"@type":"ReadAction","target":["https:\/\/www.gintaresgeles.lt\/en\/puokste\/foil-helium-balloon-playful-fox\/"]}]},{"@type":"ImageObject","inLanguage":"en-US","@id":"https:\/\/www.gintaresgeles.lt\/en\/puokste\/foil-helium-balloon-playful-fox\/#primaryimage","url":"https:\/\/www.gintaresgeles.lt\/wp-content\/uploads\/2025\/04\/Lapes-veidas-linksmas-folinis-balionas.jpg","contentUrl":"https:\/\/www.gintaresgeles.lt\/wp-content\/uploads\/2025\/04\/Lapes-veidas-linksmas-folinis-balionas.jpg","width":800,"height":802,"caption":"\u017daismingas folinis balionas lap\u0117s veidu"},{"@type":"BreadcrumbList","@id":"https:\/\/www.gintaresgeles.lt\/en\/puokste\/foil-helium-balloon-playful-fox\/#breadcrumb","itemListElement":[{"@type":"ListItem","position":1,"name":"Prad\u017eia","item":"https:\/\/www.gintaresgeles.lt\/en\/"},{"@type":"ListItem","position":2,"name":"All flowers and other products","item":"https:\/\/www.gintaresgeles.lt\/en\/all-flowers-and-other-products\/"},{"@type":"ListItem","position":3,"name":"Foil Helium Balloon &#8222;Playful Fox&#8221;"}]},{"@type":"WebSite","@id":"https:\/\/www.gintaresgeles.lt\/en\/#website","url":"https:\/\/www.gintaresgeles.lt\/en\/","name":"gintaresgeles.lt","description":"G\u0117li\u0173 parduotuv\u0117 internete","potentialAction":[{"@type":"SearchAction","target":{"@type":"EntryPoint","urlTemplate":"https:\/\/www.gintaresgeles.lt\/en\/?s={search_term_string}"},"query-input":{"@type":"PropertyValueSpecification","valueRequired":true,"valueName":"search_term_string"}}],"inLanguage":"en-US"}]}},"_links":{"self":[{"href":"https:\/\/www.gintaresgeles.lt\/en\/wp-json\/wp\/v2\/product\/55345","targetHints":{"allow":["GET"]}}],"collection":[{"href":"https:\/\/www.gintaresgeles.lt\/en\/wp-json\/wp\/v2\/product"}],"about":[{"href":"https:\/\/www.gintaresgeles.lt\/en\/wp-json\/wp\/v2\/types\/product"}],"wp:featuredmedia":[{"embeddable":true,"href":"https:\/\/www.gintaresgeles.lt\/en\/wp-json\/wp\/v2\/media\/54937"}],"wp:attachment":[{"href":"https:\/\/www.gintaresgeles.lt\/en\/wp-json\/wp\/v2\/media?parent=55345"}],"wp:term":[{"taxonomy":"product_brand","embeddable":true,"href":"https:\/\/www.gintaresgeles.lt\/en\/wp-json\/wp\/v2\/product_brand?post=55345"},{"taxonomy":"product_cat","embeddable":true,"href":"https:\/\/www.gintaresgeles.lt\/en\/wp-json\/wp\/v2\/product_cat?post=55345"},{"taxonomy":"product_tag","embeddable":true,"href":"https:\/\/www.gintaresgeles.lt\/en\/wp-json\/wp\/v2\/product_tag?post=55345"}],"curies":[{"name":"wp","href":"https:\/\/api.w.org\/{rel}","templated":true}]}}