{"id":55359,"date":"2025-04-28T20:57:20","date_gmt":"2025-04-28T18:57:20","guid":{"rendered":"https:\/\/www.gintaresgeles.lt\/puokste\/flower-bouquet-refined-charm\/"},"modified":"2025-11-16T17:51:15","modified_gmt":"2025-11-16T15:51:15","slug":"flower-bouquet-refined-charm","status":"publish","type":"product","link":"https:\/\/www.gintaresgeles.lt\/en\/puokste\/flower-bouquet-refined-charm\/","title":{"rendered":"Flower bouquet &#8220;Refined charm&#8221;"},"content":{"rendered":"","protected":false},"excerpt":{"rendered":"<p>This composition not only exudes delicacy, but also gives a sense of harmony. It is a great choice for birthdays, anniversaries or simply as a pleasant surprise for a loved one.<\/p>\n<p>Bouquet sizes:<\/p>\n<p>small bouquet &#8211; 3 chrysanthemums, 2 eustomas, 2 ozothamnus;<\/p>\n<p>medium bouquet &#8211; 5 chrysanthemums, 4 eustomas, 4 ozothamnus;<\/p>\n<p>large bouquet &#8211; 7 chrysanthemums, 6 eustomas, 5 ozothamnus.<\/p>\n","protected":false},"featured_media":55192,"template":"","meta":[],"product_brand":[],"product_cat":[260,259,252,266,265,256,253,2184,2183,257,428,262,263,264,243,242,268,1966],"product_tag":[],"class_list":{"0":"post-55359","1":"product","2":"type-product","3":"status-publish","4":"has-post-thumbnail","6":"product_cat-birthday-flowers","7":"product_cat-flowers-by-occasion","8":"product_cat-flowers-by-recipient","9":"product_cat-flowers-by-style","10":"product_cat-flowers-by-type","11":"product_cat-flowers-for-girlfriend","12":"product_cat-flowers-for-mom","13":"product_cat-flowers-for-teachers-day","14":"product_cat-flowers-for-teachers","15":"product_cat-flowers-for-women","16":"product_cat-jubilee-flowers","17":"product_cat-march8th-flowers","18":"product_cat-mothers-day-flowers","19":"product_cat-valentines-day-flowers","20":"product_cat-chrysanthemums","21":"product_cat-eustomas","22":"product_cat-flower-bouquets","23":"product_cat-flowers-wrapped-in-paper","24":"tm-has-options","26":"first","27":"outofstock","28":"taxable","29":"shipping-taxable","30":"purchasable","31":"product-type-variable"},"yoast_head":"<!-- This site is optimized with the Yoast SEO plugin v25.3 - https:\/\/yoast.com\/wordpress\/plugins\/seo\/ -->\n<title>Flower bouquet &quot;Refined Charm&quot; | Gintar\u0117s Flowers<\/title>\n<meta name=\"description\" content=\"Soft pink chrysanthemums, white eustomas, pink ozothamnus and fresh eucalyptus leaves will create exceptional beauty for every occasion. Order now!\" \/>\n<meta name=\"robots\" content=\"index, follow, max-snippet:-1, max-image-preview:large, max-video-preview:-1\" \/>\n<link rel=\"canonical\" href=\"https:\/\/www.gintaresgeles.lt\/en\/puokste\/flower-bouquet-refined-charm\/\" \/>\n<meta property=\"og:locale\" content=\"en_US\" \/>\n<meta property=\"og:type\" content=\"article\" \/>\n<meta property=\"og:title\" content=\"Flower bouquet &quot;Refined Charm&quot; | Gintar\u0117s Flowers\" \/>\n<meta property=\"og:description\" content=\"Soft pink chrysanthemums, white eustomas, pink ozothamnus and fresh eucalyptus leaves will create exceptional beauty for every occasion. Order now!\" \/>\n<meta property=\"og:url\" content=\"https:\/\/www.gintaresgeles.lt\/en\/puokste\/flower-bouquet-refined-charm\/\" \/>\n<meta property=\"og:site_name\" content=\"gintaresgeles.lt\" \/>\n<meta property=\"article:modified_time\" content=\"2025-11-16T15:51:15+00:00\" \/>\n<meta property=\"og:image\" content=\"https:\/\/www.gintaresgeles.lt\/wp-content\/uploads\/2025\/04\/geliu-puokste-rafinuotas-zavesys-geles-merginai-scaled.jpg\" \/>\n\t<meta property=\"og:image:width\" content=\"2560\" \/>\n\t<meta property=\"og:image:height\" content=\"2560\" \/>\n\t<meta property=\"og:image:type\" content=\"image\/jpeg\" \/>\n<meta name=\"twitter:card\" content=\"summary_large_image\" \/>\n<script type=\"application\/ld+json\" class=\"yoast-schema-graph\">{\"@context\":\"https:\/\/schema.org\",\"@graph\":[{\"@type\":\"WebPage\",\"@id\":\"https:\/\/www.gintaresgeles.lt\/en\/puokste\/flower-bouquet-refined-charm\/\",\"url\":\"https:\/\/www.gintaresgeles.lt\/en\/puokste\/flower-bouquet-refined-charm\/\",\"name\":\"Flower bouquet \\\"Refined Charm\\\" | Gintar\u0117s Flowers\",\"isPartOf\":{\"@id\":\"https:\/\/www.gintaresgeles.lt\/en\/#website\"},\"primaryImageOfPage\":{\"@id\":\"https:\/\/www.gintaresgeles.lt\/en\/puokste\/flower-bouquet-refined-charm\/#primaryimage\"},\"image\":{\"@id\":\"https:\/\/www.gintaresgeles.lt\/en\/puokste\/flower-bouquet-refined-charm\/#primaryimage\"},\"thumbnailUrl\":\"https:\/\/www.gintaresgeles.lt\/wp-content\/uploads\/2025\/04\/geliu-puokste-rafinuotas-zavesys-geles-merginai-scaled.jpg\",\"datePublished\":\"2025-04-28T18:57:20+00:00\",\"dateModified\":\"2025-11-16T15:51:15+00:00\",\"description\":\"Soft pink chrysanthemums, white eustomas, pink ozothamnus and fresh eucalyptus leaves will create exceptional beauty for every occasion. Order now!\",\"breadcrumb\":{\"@id\":\"https:\/\/www.gintaresgeles.lt\/en\/puokste\/flower-bouquet-refined-charm\/#breadcrumb\"},\"inLanguage\":\"en-US\",\"potentialAction\":[{\"@type\":\"ReadAction\",\"target\":[\"https:\/\/www.gintaresgeles.lt\/en\/puokste\/flower-bouquet-refined-charm\/\"]}]},{\"@type\":\"ImageObject\",\"inLanguage\":\"en-US\",\"@id\":\"https:\/\/www.gintaresgeles.lt\/en\/puokste\/flower-bouquet-refined-charm\/#primaryimage\",\"url\":\"https:\/\/www.gintaresgeles.lt\/wp-content\/uploads\/2025\/04\/geliu-puokste-rafinuotas-zavesys-geles-merginai-scaled.jpg\",\"contentUrl\":\"https:\/\/www.gintaresgeles.lt\/wp-content\/uploads\/2025\/04\/geliu-puokste-rafinuotas-zavesys-geles-merginai-scaled.jpg\",\"width\":2560,\"height\":2560,\"caption\":\"Eustomos ir chrizantemos puoksteje geles moteriai\"},{\"@type\":\"BreadcrumbList\",\"@id\":\"https:\/\/www.gintaresgeles.lt\/en\/puokste\/flower-bouquet-refined-charm\/#breadcrumb\",\"itemListElement\":[{\"@type\":\"ListItem\",\"position\":1,\"name\":\"Prad\u017eia\",\"item\":\"https:\/\/www.gintaresgeles.lt\/en\/\"},{\"@type\":\"ListItem\",\"position\":2,\"name\":\"All flowers and other products\",\"item\":\"https:\/\/www.gintaresgeles.lt\/en\/all-flowers-and-other-products\/\"},{\"@type\":\"ListItem\",\"position\":3,\"name\":\"Flower bouquet &#8222;Refined charm&#8221;\"}]},{\"@type\":\"WebSite\",\"@id\":\"https:\/\/www.gintaresgeles.lt\/en\/#website\",\"url\":\"https:\/\/www.gintaresgeles.lt\/en\/\",\"name\":\"gintaresgeles.lt\",\"description\":\"G\u0117li\u0173 parduotuv\u0117 internete\",\"potentialAction\":[{\"@type\":\"SearchAction\",\"target\":{\"@type\":\"EntryPoint\",\"urlTemplate\":\"https:\/\/www.gintaresgeles.lt\/en\/?s={search_term_string}\"},\"query-input\":{\"@type\":\"PropertyValueSpecification\",\"valueRequired\":true,\"valueName\":\"search_term_string\"}}],\"inLanguage\":\"en-US\"}]}<\/script>\n<!-- \/ Yoast SEO plugin. -->","yoast_head_json":{"title":"Flower bouquet \"Refined Charm\" | Gintar\u0117s Flowers","description":"Soft pink chrysanthemums, white eustomas, pink ozothamnus and fresh eucalyptus leaves will create exceptional beauty for every occasion. Order now!","robots":{"index":"index","follow":"follow","max-snippet":"max-snippet:-1","max-image-preview":"max-image-preview:large","max-video-preview":"max-video-preview:-1"},"canonical":"https:\/\/www.gintaresgeles.lt\/en\/puokste\/flower-bouquet-refined-charm\/","og_locale":"en_US","og_type":"article","og_title":"Flower bouquet \"Refined Charm\" | Gintar\u0117s Flowers","og_description":"Soft pink chrysanthemums, white eustomas, pink ozothamnus and fresh eucalyptus leaves will create exceptional beauty for every occasion. Order now!","og_url":"https:\/\/www.gintaresgeles.lt\/en\/puokste\/flower-bouquet-refined-charm\/","og_site_name":"gintaresgeles.lt","article_modified_time":"2025-11-16T15:51:15+00:00","og_image":[{"width":2560,"height":2560,"url":"https:\/\/www.gintaresgeles.lt\/wp-content\/uploads\/2025\/04\/geliu-puokste-rafinuotas-zavesys-geles-merginai-scaled.jpg","type":"image\/jpeg"}],"twitter_card":"summary_large_image","schema":{"@context":"https:\/\/schema.org","@graph":[{"@type":"WebPage","@id":"https:\/\/www.gintaresgeles.lt\/en\/puokste\/flower-bouquet-refined-charm\/","url":"https:\/\/www.gintaresgeles.lt\/en\/puokste\/flower-bouquet-refined-charm\/","name":"Flower bouquet \"Refined Charm\" | Gintar\u0117s Flowers","isPartOf":{"@id":"https:\/\/www.gintaresgeles.lt\/en\/#website"},"primaryImageOfPage":{"@id":"https:\/\/www.gintaresgeles.lt\/en\/puokste\/flower-bouquet-refined-charm\/#primaryimage"},"image":{"@id":"https:\/\/www.gintaresgeles.lt\/en\/puokste\/flower-bouquet-refined-charm\/#primaryimage"},"thumbnailUrl":"https:\/\/www.gintaresgeles.lt\/wp-content\/uploads\/2025\/04\/geliu-puokste-rafinuotas-zavesys-geles-merginai-scaled.jpg","datePublished":"2025-04-28T18:57:20+00:00","dateModified":"2025-11-16T15:51:15+00:00","description":"Soft pink chrysanthemums, white eustomas, pink ozothamnus and fresh eucalyptus leaves will create exceptional beauty for every occasion. Order now!","breadcrumb":{"@id":"https:\/\/www.gintaresgeles.lt\/en\/puokste\/flower-bouquet-refined-charm\/#breadcrumb"},"inLanguage":"en-US","potentialAction":[{"@type":"ReadAction","target":["https:\/\/www.gintaresgeles.lt\/en\/puokste\/flower-bouquet-refined-charm\/"]}]},{"@type":"ImageObject","inLanguage":"en-US","@id":"https:\/\/www.gintaresgeles.lt\/en\/puokste\/flower-bouquet-refined-charm\/#primaryimage","url":"https:\/\/www.gintaresgeles.lt\/wp-content\/uploads\/2025\/04\/geliu-puokste-rafinuotas-zavesys-geles-merginai-scaled.jpg","contentUrl":"https:\/\/www.gintaresgeles.lt\/wp-content\/uploads\/2025\/04\/geliu-puokste-rafinuotas-zavesys-geles-merginai-scaled.jpg","width":2560,"height":2560,"caption":"Eustomos ir chrizantemos puoksteje geles moteriai"},{"@type":"BreadcrumbList","@id":"https:\/\/www.gintaresgeles.lt\/en\/puokste\/flower-bouquet-refined-charm\/#breadcrumb","itemListElement":[{"@type":"ListItem","position":1,"name":"Prad\u017eia","item":"https:\/\/www.gintaresgeles.lt\/en\/"},{"@type":"ListItem","position":2,"name":"All flowers and other products","item":"https:\/\/www.gintaresgeles.lt\/en\/all-flowers-and-other-products\/"},{"@type":"ListItem","position":3,"name":"Flower bouquet &#8222;Refined charm&#8221;"}]},{"@type":"WebSite","@id":"https:\/\/www.gintaresgeles.lt\/en\/#website","url":"https:\/\/www.gintaresgeles.lt\/en\/","name":"gintaresgeles.lt","description":"G\u0117li\u0173 parduotuv\u0117 internete","potentialAction":[{"@type":"SearchAction","target":{"@type":"EntryPoint","urlTemplate":"https:\/\/www.gintaresgeles.lt\/en\/?s={search_term_string}"},"query-input":{"@type":"PropertyValueSpecification","valueRequired":true,"valueName":"search_term_string"}}],"inLanguage":"en-US"}]}},"_links":{"self":[{"href":"https:\/\/www.gintaresgeles.lt\/en\/wp-json\/wp\/v2\/product\/55359","targetHints":{"allow":["GET"]}}],"collection":[{"href":"https:\/\/www.gintaresgeles.lt\/en\/wp-json\/wp\/v2\/product"}],"about":[{"href":"https:\/\/www.gintaresgeles.lt\/en\/wp-json\/wp\/v2\/types\/product"}],"wp:featuredmedia":[{"embeddable":true,"href":"https:\/\/www.gintaresgeles.lt\/en\/wp-json\/wp\/v2\/media\/55192"}],"wp:attachment":[{"href":"https:\/\/www.gintaresgeles.lt\/en\/wp-json\/wp\/v2\/media?parent=55359"}],"wp:term":[{"taxonomy":"product_brand","embeddable":true,"href":"https:\/\/www.gintaresgeles.lt\/en\/wp-json\/wp\/v2\/product_brand?post=55359"},{"taxonomy":"product_cat","embeddable":true,"href":"https:\/\/www.gintaresgeles.lt\/en\/wp-json\/wp\/v2\/product_cat?post=55359"},{"taxonomy":"product_tag","embeddable":true,"href":"https:\/\/www.gintaresgeles.lt\/en\/wp-json\/wp\/v2\/product_tag?post=55359"}],"curies":[{"name":"wp","href":"https:\/\/api.w.org\/{rel}","templated":true}]}}