{"id":56059,"date":"2025-05-11T20:03:03","date_gmt":"2025-05-11T17:03:03","guid":{"rendered":"https:\/\/www.gintaresgeles.lt\/puokste\/flower-bouquet-royal-garden\/"},"modified":"2025-05-11T20:03:03","modified_gmt":"2025-05-11T17:03:03","slug":"flower-bouquet-royal-garden","status":"publish","type":"product","link":"https:\/\/www.gintaresgeles.lt\/en\/puokste\/flower-bouquet-royal-garden\/","title":{"rendered":"Flower Bouquet \u201cRoyal Garden\u201d"},"content":{"rendered":"","protected":false},"excerpt":{"rendered":"<p data-start=\"61\" data-end=\"198\"><strong data-start=\"61\" data-end=\"198\">The \u201cRoyal Garden\u201d flower bouquet is a true expression of love and tenderness, designed for those who appreciate beauty and elegance.<\/strong><\/p>\n<p data-start=\"200\" data-end=\"315\"><strong data-start=\"200\" data-end=\"225\">The bouquet includes:<\/strong> pink peonies, yellow roses, small pink spray roses, delicate chrysanthemums, and astilbe.<\/p>\n<p data-start=\"317\" data-end=\"479\">This floral arrangement will not only brighten any home but also make a unique gift for birthdays, anniversaries, weddings, Mother\u2019s Day, or any special occasion.<\/p>\n<p data-start=\"481\" data-end=\"560\">The flowers are arranged in a floral foam oasis, so there\u2019s no need for a vase.<\/p>\n","protected":false},"featured_media":55384,"template":"","meta":[],"product_brand":[],"product_cat":[261,260,259,252,266,265,256,253,2157,257,263,268,2179,943,238],"product_tag":[],"class_list":{"0":"post-56059","1":"product","2":"type-product","3":"status-publish","4":"has-post-thumbnail","6":"product_cat-birthday-bouquets","7":"product_cat-birthday-flowers","8":"product_cat-flowers-by-occasion","9":"product_cat-flowers-by-recipient","10":"product_cat-flowers-by-style","11":"product_cat-flowers-by-type","12":"product_cat-flowers-for-girlfriend","13":"product_cat-flowers-for-mom","14":"product_cat-september-1","15":"product_cat-flowers-for-women","16":"product_cat-mothers-day-flowers","17":"product_cat-flower-bouquets","18":"product_cat-flowers-in-exclusive-packaging","19":"product_cat-peonies","20":"product_cat-roses","21":"tm-has-options","23":"first","24":"outofstock","25":"taxable","26":"shipping-taxable","27":"purchasable","28":"product-type-simple"},"yoast_head":"<!-- This site is optimized with the Yoast SEO plugin v25.3 - https:\/\/yoast.com\/wordpress\/plugins\/seo\/ -->\n<title>Flower Bouquet \u201cRoyal Garden\u201d | Gintar\u0117\u2019s Flowers<\/title>\n<meta name=\"description\" content=\"The luxurious \u201cRoyal Garden\u201d flower bouquet is the perfect gift for birthdays, anniversaries, or any special occasion. Fast delivery available!\" \/>\n<meta name=\"robots\" content=\"index, follow, max-snippet:-1, max-image-preview:large, max-video-preview:-1\" \/>\n<link rel=\"canonical\" href=\"https:\/\/www.gintaresgeles.lt\/en\/puokste\/flower-bouquet-royal-garden\/\" \/>\n<meta property=\"og:locale\" content=\"en_US\" \/>\n<meta property=\"og:type\" content=\"article\" \/>\n<meta property=\"og:title\" content=\"Flower Bouquet \u201cRoyal Garden\u201d | Gintar\u0117\u2019s Flowers\" \/>\n<meta property=\"og:description\" content=\"The luxurious \u201cRoyal Garden\u201d flower bouquet is the perfect gift for birthdays, anniversaries, or any special occasion. Fast delivery available!\" \/>\n<meta property=\"og:url\" content=\"https:\/\/www.gintaresgeles.lt\/en\/puokste\/flower-bouquet-royal-garden\/\" \/>\n<meta property=\"og:site_name\" content=\"gintaresgeles.lt\" \/>\n<meta property=\"og:image\" content=\"https:\/\/www.gintaresgeles.lt\/wp-content\/uploads\/2025\/05\/geliu-puokste-su-ivairiomis-gelemis-isskirtiniame-ipakavime-scaled.jpg\" \/>\n\t<meta property=\"og:image:width\" content=\"2560\" \/>\n\t<meta property=\"og:image:height\" content=\"2560\" \/>\n\t<meta property=\"og:image:type\" content=\"image\/jpeg\" \/>\n<meta name=\"twitter:card\" content=\"summary_large_image\" \/>\n<script type=\"application\/ld+json\" class=\"yoast-schema-graph\">{\"@context\":\"https:\/\/schema.org\",\"@graph\":[{\"@type\":\"WebPage\",\"@id\":\"https:\/\/www.gintaresgeles.lt\/en\/puokste\/flower-bouquet-royal-garden\/\",\"url\":\"https:\/\/www.gintaresgeles.lt\/en\/puokste\/flower-bouquet-royal-garden\/\",\"name\":\"Flower Bouquet \u201cRoyal Garden\u201d | Gintar\u0117\u2019s Flowers\",\"isPartOf\":{\"@id\":\"https:\/\/www.gintaresgeles.lt\/en\/#website\"},\"primaryImageOfPage\":{\"@id\":\"https:\/\/www.gintaresgeles.lt\/en\/puokste\/flower-bouquet-royal-garden\/#primaryimage\"},\"image\":{\"@id\":\"https:\/\/www.gintaresgeles.lt\/en\/puokste\/flower-bouquet-royal-garden\/#primaryimage\"},\"thumbnailUrl\":\"https:\/\/www.gintaresgeles.lt\/wp-content\/uploads\/2025\/05\/geliu-puokste-su-ivairiomis-gelemis-isskirtiniame-ipakavime-scaled.jpg\",\"datePublished\":\"2025-05-11T17:03:03+00:00\",\"description\":\"The luxurious \u201cRoyal Garden\u201d flower bouquet is the perfect gift for birthdays, anniversaries, or any special occasion. Fast delivery available!\",\"breadcrumb\":{\"@id\":\"https:\/\/www.gintaresgeles.lt\/en\/puokste\/flower-bouquet-royal-garden\/#breadcrumb\"},\"inLanguage\":\"en-US\",\"potentialAction\":[{\"@type\":\"ReadAction\",\"target\":[\"https:\/\/www.gintaresgeles.lt\/en\/puokste\/flower-bouquet-royal-garden\/\"]}]},{\"@type\":\"ImageObject\",\"inLanguage\":\"en-US\",\"@id\":\"https:\/\/www.gintaresgeles.lt\/en\/puokste\/flower-bouquet-royal-garden\/#primaryimage\",\"url\":\"https:\/\/www.gintaresgeles.lt\/wp-content\/uploads\/2025\/05\/geliu-puokste-su-ivairiomis-gelemis-isskirtiniame-ipakavime-scaled.jpg\",\"contentUrl\":\"https:\/\/www.gintaresgeles.lt\/wp-content\/uploads\/2025\/05\/geliu-puokste-su-ivairiomis-gelemis-isskirtiniame-ipakavime-scaled.jpg\",\"width\":2560,\"height\":2560,\"caption\":\"\u012evairios g\u0117l\u0117s puok\u0161t\u0117je su unikaliu \u012fpakavimu\"},{\"@type\":\"BreadcrumbList\",\"@id\":\"https:\/\/www.gintaresgeles.lt\/en\/puokste\/flower-bouquet-royal-garden\/#breadcrumb\",\"itemListElement\":[{\"@type\":\"ListItem\",\"position\":1,\"name\":\"Prad\u017eia\",\"item\":\"https:\/\/www.gintaresgeles.lt\/en\/\"},{\"@type\":\"ListItem\",\"position\":2,\"name\":\"All flowers and other products\",\"item\":\"https:\/\/www.gintaresgeles.lt\/en\/all-flowers-and-other-products\/\"},{\"@type\":\"ListItem\",\"position\":3,\"name\":\"Flower Bouquet \u201cRoyal Garden\u201d\"}]},{\"@type\":\"WebSite\",\"@id\":\"https:\/\/www.gintaresgeles.lt\/en\/#website\",\"url\":\"https:\/\/www.gintaresgeles.lt\/en\/\",\"name\":\"gintaresgeles.lt\",\"description\":\"G\u0117li\u0173 parduotuv\u0117 internete\",\"potentialAction\":[{\"@type\":\"SearchAction\",\"target\":{\"@type\":\"EntryPoint\",\"urlTemplate\":\"https:\/\/www.gintaresgeles.lt\/en\/?s={search_term_string}\"},\"query-input\":{\"@type\":\"PropertyValueSpecification\",\"valueRequired\":true,\"valueName\":\"search_term_string\"}}],\"inLanguage\":\"en-US\"}]}<\/script>\n<!-- \/ Yoast SEO plugin. -->","yoast_head_json":{"title":"Flower Bouquet \u201cRoyal Garden\u201d | Gintar\u0117\u2019s Flowers","description":"The luxurious \u201cRoyal Garden\u201d flower bouquet is the perfect gift for birthdays, anniversaries, or any special occasion. Fast delivery available!","robots":{"index":"index","follow":"follow","max-snippet":"max-snippet:-1","max-image-preview":"max-image-preview:large","max-video-preview":"max-video-preview:-1"},"canonical":"https:\/\/www.gintaresgeles.lt\/en\/puokste\/flower-bouquet-royal-garden\/","og_locale":"en_US","og_type":"article","og_title":"Flower Bouquet \u201cRoyal Garden\u201d | Gintar\u0117\u2019s Flowers","og_description":"The luxurious \u201cRoyal Garden\u201d flower bouquet is the perfect gift for birthdays, anniversaries, or any special occasion. Fast delivery available!","og_url":"https:\/\/www.gintaresgeles.lt\/en\/puokste\/flower-bouquet-royal-garden\/","og_site_name":"gintaresgeles.lt","og_image":[{"width":2560,"height":2560,"url":"https:\/\/www.gintaresgeles.lt\/wp-content\/uploads\/2025\/05\/geliu-puokste-su-ivairiomis-gelemis-isskirtiniame-ipakavime-scaled.jpg","type":"image\/jpeg"}],"twitter_card":"summary_large_image","schema":{"@context":"https:\/\/schema.org","@graph":[{"@type":"WebPage","@id":"https:\/\/www.gintaresgeles.lt\/en\/puokste\/flower-bouquet-royal-garden\/","url":"https:\/\/www.gintaresgeles.lt\/en\/puokste\/flower-bouquet-royal-garden\/","name":"Flower Bouquet \u201cRoyal Garden\u201d | Gintar\u0117\u2019s Flowers","isPartOf":{"@id":"https:\/\/www.gintaresgeles.lt\/en\/#website"},"primaryImageOfPage":{"@id":"https:\/\/www.gintaresgeles.lt\/en\/puokste\/flower-bouquet-royal-garden\/#primaryimage"},"image":{"@id":"https:\/\/www.gintaresgeles.lt\/en\/puokste\/flower-bouquet-royal-garden\/#primaryimage"},"thumbnailUrl":"https:\/\/www.gintaresgeles.lt\/wp-content\/uploads\/2025\/05\/geliu-puokste-su-ivairiomis-gelemis-isskirtiniame-ipakavime-scaled.jpg","datePublished":"2025-05-11T17:03:03+00:00","description":"The luxurious \u201cRoyal Garden\u201d flower bouquet is the perfect gift for birthdays, anniversaries, or any special occasion. Fast delivery available!","breadcrumb":{"@id":"https:\/\/www.gintaresgeles.lt\/en\/puokste\/flower-bouquet-royal-garden\/#breadcrumb"},"inLanguage":"en-US","potentialAction":[{"@type":"ReadAction","target":["https:\/\/www.gintaresgeles.lt\/en\/puokste\/flower-bouquet-royal-garden\/"]}]},{"@type":"ImageObject","inLanguage":"en-US","@id":"https:\/\/www.gintaresgeles.lt\/en\/puokste\/flower-bouquet-royal-garden\/#primaryimage","url":"https:\/\/www.gintaresgeles.lt\/wp-content\/uploads\/2025\/05\/geliu-puokste-su-ivairiomis-gelemis-isskirtiniame-ipakavime-scaled.jpg","contentUrl":"https:\/\/www.gintaresgeles.lt\/wp-content\/uploads\/2025\/05\/geliu-puokste-su-ivairiomis-gelemis-isskirtiniame-ipakavime-scaled.jpg","width":2560,"height":2560,"caption":"\u012evairios g\u0117l\u0117s puok\u0161t\u0117je su unikaliu \u012fpakavimu"},{"@type":"BreadcrumbList","@id":"https:\/\/www.gintaresgeles.lt\/en\/puokste\/flower-bouquet-royal-garden\/#breadcrumb","itemListElement":[{"@type":"ListItem","position":1,"name":"Prad\u017eia","item":"https:\/\/www.gintaresgeles.lt\/en\/"},{"@type":"ListItem","position":2,"name":"All flowers and other products","item":"https:\/\/www.gintaresgeles.lt\/en\/all-flowers-and-other-products\/"},{"@type":"ListItem","position":3,"name":"Flower Bouquet \u201cRoyal Garden\u201d"}]},{"@type":"WebSite","@id":"https:\/\/www.gintaresgeles.lt\/en\/#website","url":"https:\/\/www.gintaresgeles.lt\/en\/","name":"gintaresgeles.lt","description":"G\u0117li\u0173 parduotuv\u0117 internete","potentialAction":[{"@type":"SearchAction","target":{"@type":"EntryPoint","urlTemplate":"https:\/\/www.gintaresgeles.lt\/en\/?s={search_term_string}"},"query-input":{"@type":"PropertyValueSpecification","valueRequired":true,"valueName":"search_term_string"}}],"inLanguage":"en-US"}]}},"_links":{"self":[{"href":"https:\/\/www.gintaresgeles.lt\/en\/wp-json\/wp\/v2\/product\/56059","targetHints":{"allow":["GET"]}}],"collection":[{"href":"https:\/\/www.gintaresgeles.lt\/en\/wp-json\/wp\/v2\/product"}],"about":[{"href":"https:\/\/www.gintaresgeles.lt\/en\/wp-json\/wp\/v2\/types\/product"}],"wp:featuredmedia":[{"embeddable":true,"href":"https:\/\/www.gintaresgeles.lt\/en\/wp-json\/wp\/v2\/media\/55384"}],"wp:attachment":[{"href":"https:\/\/www.gintaresgeles.lt\/en\/wp-json\/wp\/v2\/media?parent=56059"}],"wp:term":[{"taxonomy":"product_brand","embeddable":true,"href":"https:\/\/www.gintaresgeles.lt\/en\/wp-json\/wp\/v2\/product_brand?post=56059"},{"taxonomy":"product_cat","embeddable":true,"href":"https:\/\/www.gintaresgeles.lt\/en\/wp-json\/wp\/v2\/product_cat?post=56059"},{"taxonomy":"product_tag","embeddable":true,"href":"https:\/\/www.gintaresgeles.lt\/en\/wp-json\/wp\/v2\/product_tag?post=56059"}],"curies":[{"name":"wp","href":"https:\/\/api.w.org\/{rel}","templated":true}]}}