{"id":56066,"date":"2025-06-06T17:34:09","date_gmt":"2025-06-06T14:34:09","guid":{"rendered":"https:\/\/www.gintaresgeles.lt\/puokste\/lavender-rose-bouquet\/"},"modified":"2025-06-06T17:34:09","modified_gmt":"2025-06-06T14:34:09","slug":"lavender-rose-bouquet","status":"publish","type":"product","link":"https:\/\/www.gintaresgeles.lt\/en\/puokste\/lavender-rose-bouquet\/","title":{"rendered":"Lavender Rose Bouquet"},"content":{"rendered":"","protected":false},"excerpt":{"rendered":"<p>Soft lavender roses, like from a fairy tale, radiate a special charm, while elegant packaging highlights their beauty. The perfect gift for those who appreciate uniqueness and the magic of flowers!<\/p>\n","protected":false},"featured_media":55599,"template":"","meta":[],"product_brand":[],"product_cat":[261,260,259,252,266,265,256,258,253,2184,2183,257,428,262,263,264,1966,238],"product_tag":[],"class_list":{"0":"post-56066","1":"product","2":"type-product","3":"status-publish","4":"has-post-thumbnail","6":"product_cat-birthday-bouquets","7":"product_cat-birthday-flowers","8":"product_cat-flowers-by-occasion","9":"product_cat-flowers-by-recipient","10":"product_cat-flowers-by-style","11":"product_cat-flowers-by-type","12":"product_cat-flowers-for-girlfriend","13":"product_cat-flowers-for-men","14":"product_cat-flowers-for-mom","15":"product_cat-flowers-for-teachers-day","16":"product_cat-flowers-for-teachers","17":"product_cat-flowers-for-women","18":"product_cat-jubilee-flowers","19":"product_cat-march8th-flowers","20":"product_cat-mothers-day-flowers","21":"product_cat-valentines-day-flowers","22":"product_cat-flowers-wrapped-in-paper","23":"product_cat-roses","24":"tm-has-options","26":"first","27":"instock","28":"taxable","29":"shipping-taxable","30":"purchasable","31":"product-type-variable"},"yoast_head":"<!-- This site is optimized with the Yoast SEO plugin v25.3 - https:\/\/yoast.com\/wordpress\/plugins\/seo\/ -->\n<title>Lavender Rose Bouquet | Roses in Vilnius | Gintar\u0117\u2019s Flowers<\/title>\n<meta name=\"description\" content=\"Discover a unique rose bouquet where soft lavender roses subtly blend with elegant packaging. A perfect gift for any occasion!\" \/>\n<meta name=\"robots\" content=\"index, follow, max-snippet:-1, max-image-preview:large, max-video-preview:-1\" \/>\n<link rel=\"canonical\" href=\"https:\/\/www.gintaresgeles.lt\/en\/puokste\/lavender-rose-bouquet\/\" \/>\n<meta property=\"og:locale\" content=\"en_US\" \/>\n<meta property=\"og:type\" content=\"article\" \/>\n<meta property=\"og:title\" content=\"Lavender Rose Bouquet | Roses in Vilnius | Gintar\u0117\u2019s Flowers\" \/>\n<meta property=\"og:description\" content=\"Discover a unique rose bouquet where soft lavender roses subtly blend with elegant packaging. A perfect gift for any occasion!\" \/>\n<meta property=\"og:url\" content=\"https:\/\/www.gintaresgeles.lt\/en\/puokste\/lavender-rose-bouquet\/\" \/>\n<meta property=\"og:site_name\" content=\"gintaresgeles.lt\" \/>\n<meta property=\"og:image\" content=\"https:\/\/www.gintaresgeles.lt\/wp-content\/uploads\/2025\/06\/DSC_0255-scaled.jpg\" \/>\n\t<meta property=\"og:image:width\" content=\"2560\" \/>\n\t<meta property=\"og:image:height\" content=\"2560\" \/>\n\t<meta property=\"og:image:type\" content=\"image\/jpeg\" \/>\n<meta name=\"twitter:card\" content=\"summary_large_image\" \/>\n<script type=\"application\/ld+json\" class=\"yoast-schema-graph\">{\"@context\":\"https:\/\/schema.org\",\"@graph\":[{\"@type\":\"WebPage\",\"@id\":\"https:\/\/www.gintaresgeles.lt\/en\/puokste\/lavender-rose-bouquet\/\",\"url\":\"https:\/\/www.gintaresgeles.lt\/en\/puokste\/lavender-rose-bouquet\/\",\"name\":\"Lavender Rose Bouquet | Roses in Vilnius | Gintar\u0117\u2019s Flowers\",\"isPartOf\":{\"@id\":\"https:\/\/www.gintaresgeles.lt\/en\/#website\"},\"primaryImageOfPage\":{\"@id\":\"https:\/\/www.gintaresgeles.lt\/en\/puokste\/lavender-rose-bouquet\/#primaryimage\"},\"image\":{\"@id\":\"https:\/\/www.gintaresgeles.lt\/en\/puokste\/lavender-rose-bouquet\/#primaryimage\"},\"thumbnailUrl\":\"https:\/\/www.gintaresgeles.lt\/wp-content\/uploads\/2025\/06\/DSC_0255-scaled.jpg\",\"datePublished\":\"2025-06-06T14:34:09+00:00\",\"description\":\"Discover a unique rose bouquet where soft lavender roses subtly blend with elegant packaging. A perfect gift for any occasion!\",\"breadcrumb\":{\"@id\":\"https:\/\/www.gintaresgeles.lt\/en\/puokste\/lavender-rose-bouquet\/#breadcrumb\"},\"inLanguage\":\"en-US\",\"potentialAction\":[{\"@type\":\"ReadAction\",\"target\":[\"https:\/\/www.gintaresgeles.lt\/en\/puokste\/lavender-rose-bouquet\/\"]}]},{\"@type\":\"ImageObject\",\"inLanguage\":\"en-US\",\"@id\":\"https:\/\/www.gintaresgeles.lt\/en\/puokste\/lavender-rose-bouquet\/#primaryimage\",\"url\":\"https:\/\/www.gintaresgeles.lt\/wp-content\/uploads\/2025\/06\/DSC_0255-scaled.jpg\",\"contentUrl\":\"https:\/\/www.gintaresgeles.lt\/wp-content\/uploads\/2025\/06\/DSC_0255-scaled.jpg\",\"width\":2560,\"height\":2560,\"caption\":\"Levandin\u0117s spalvos ro\u017e\u0117s puok\u0161t\u0117je gimtadienio proga\"},{\"@type\":\"BreadcrumbList\",\"@id\":\"https:\/\/www.gintaresgeles.lt\/en\/puokste\/lavender-rose-bouquet\/#breadcrumb\",\"itemListElement\":[{\"@type\":\"ListItem\",\"position\":1,\"name\":\"Prad\u017eia\",\"item\":\"https:\/\/www.gintaresgeles.lt\/en\/\"},{\"@type\":\"ListItem\",\"position\":2,\"name\":\"All flowers and other products\",\"item\":\"https:\/\/www.gintaresgeles.lt\/en\/all-flowers-and-other-products\/\"},{\"@type\":\"ListItem\",\"position\":3,\"name\":\"Lavender Rose Bouquet\"}]},{\"@type\":\"WebSite\",\"@id\":\"https:\/\/www.gintaresgeles.lt\/en\/#website\",\"url\":\"https:\/\/www.gintaresgeles.lt\/en\/\",\"name\":\"gintaresgeles.lt\",\"description\":\"G\u0117li\u0173 parduotuv\u0117 internete\",\"potentialAction\":[{\"@type\":\"SearchAction\",\"target\":{\"@type\":\"EntryPoint\",\"urlTemplate\":\"https:\/\/www.gintaresgeles.lt\/en\/?s={search_term_string}\"},\"query-input\":{\"@type\":\"PropertyValueSpecification\",\"valueRequired\":true,\"valueName\":\"search_term_string\"}}],\"inLanguage\":\"en-US\"}]}<\/script>\n<!-- \/ Yoast SEO plugin. -->","yoast_head_json":{"title":"Lavender Rose Bouquet | Roses in Vilnius | Gintar\u0117\u2019s Flowers","description":"Discover a unique rose bouquet where soft lavender roses subtly blend with elegant packaging. A perfect gift for any occasion!","robots":{"index":"index","follow":"follow","max-snippet":"max-snippet:-1","max-image-preview":"max-image-preview:large","max-video-preview":"max-video-preview:-1"},"canonical":"https:\/\/www.gintaresgeles.lt\/en\/puokste\/lavender-rose-bouquet\/","og_locale":"en_US","og_type":"article","og_title":"Lavender Rose Bouquet | Roses in Vilnius | Gintar\u0117\u2019s Flowers","og_description":"Discover a unique rose bouquet where soft lavender roses subtly blend with elegant packaging. A perfect gift for any occasion!","og_url":"https:\/\/www.gintaresgeles.lt\/en\/puokste\/lavender-rose-bouquet\/","og_site_name":"gintaresgeles.lt","og_image":[{"width":2560,"height":2560,"url":"https:\/\/www.gintaresgeles.lt\/wp-content\/uploads\/2025\/06\/DSC_0255-scaled.jpg","type":"image\/jpeg"}],"twitter_card":"summary_large_image","schema":{"@context":"https:\/\/schema.org","@graph":[{"@type":"WebPage","@id":"https:\/\/www.gintaresgeles.lt\/en\/puokste\/lavender-rose-bouquet\/","url":"https:\/\/www.gintaresgeles.lt\/en\/puokste\/lavender-rose-bouquet\/","name":"Lavender Rose Bouquet | Roses in Vilnius | Gintar\u0117\u2019s Flowers","isPartOf":{"@id":"https:\/\/www.gintaresgeles.lt\/en\/#website"},"primaryImageOfPage":{"@id":"https:\/\/www.gintaresgeles.lt\/en\/puokste\/lavender-rose-bouquet\/#primaryimage"},"image":{"@id":"https:\/\/www.gintaresgeles.lt\/en\/puokste\/lavender-rose-bouquet\/#primaryimage"},"thumbnailUrl":"https:\/\/www.gintaresgeles.lt\/wp-content\/uploads\/2025\/06\/DSC_0255-scaled.jpg","datePublished":"2025-06-06T14:34:09+00:00","description":"Discover a unique rose bouquet where soft lavender roses subtly blend with elegant packaging. A perfect gift for any occasion!","breadcrumb":{"@id":"https:\/\/www.gintaresgeles.lt\/en\/puokste\/lavender-rose-bouquet\/#breadcrumb"},"inLanguage":"en-US","potentialAction":[{"@type":"ReadAction","target":["https:\/\/www.gintaresgeles.lt\/en\/puokste\/lavender-rose-bouquet\/"]}]},{"@type":"ImageObject","inLanguage":"en-US","@id":"https:\/\/www.gintaresgeles.lt\/en\/puokste\/lavender-rose-bouquet\/#primaryimage","url":"https:\/\/www.gintaresgeles.lt\/wp-content\/uploads\/2025\/06\/DSC_0255-scaled.jpg","contentUrl":"https:\/\/www.gintaresgeles.lt\/wp-content\/uploads\/2025\/06\/DSC_0255-scaled.jpg","width":2560,"height":2560,"caption":"Levandin\u0117s spalvos ro\u017e\u0117s puok\u0161t\u0117je gimtadienio proga"},{"@type":"BreadcrumbList","@id":"https:\/\/www.gintaresgeles.lt\/en\/puokste\/lavender-rose-bouquet\/#breadcrumb","itemListElement":[{"@type":"ListItem","position":1,"name":"Prad\u017eia","item":"https:\/\/www.gintaresgeles.lt\/en\/"},{"@type":"ListItem","position":2,"name":"All flowers and other products","item":"https:\/\/www.gintaresgeles.lt\/en\/all-flowers-and-other-products\/"},{"@type":"ListItem","position":3,"name":"Lavender Rose Bouquet"}]},{"@type":"WebSite","@id":"https:\/\/www.gintaresgeles.lt\/en\/#website","url":"https:\/\/www.gintaresgeles.lt\/en\/","name":"gintaresgeles.lt","description":"G\u0117li\u0173 parduotuv\u0117 internete","potentialAction":[{"@type":"SearchAction","target":{"@type":"EntryPoint","urlTemplate":"https:\/\/www.gintaresgeles.lt\/en\/?s={search_term_string}"},"query-input":{"@type":"PropertyValueSpecification","valueRequired":true,"valueName":"search_term_string"}}],"inLanguage":"en-US"}]}},"_links":{"self":[{"href":"https:\/\/www.gintaresgeles.lt\/en\/wp-json\/wp\/v2\/product\/56066","targetHints":{"allow":["GET"]}}],"collection":[{"href":"https:\/\/www.gintaresgeles.lt\/en\/wp-json\/wp\/v2\/product"}],"about":[{"href":"https:\/\/www.gintaresgeles.lt\/en\/wp-json\/wp\/v2\/types\/product"}],"wp:featuredmedia":[{"embeddable":true,"href":"https:\/\/www.gintaresgeles.lt\/en\/wp-json\/wp\/v2\/media\/55599"}],"wp:attachment":[{"href":"https:\/\/www.gintaresgeles.lt\/en\/wp-json\/wp\/v2\/media?parent=56066"}],"wp:term":[{"taxonomy":"product_brand","embeddable":true,"href":"https:\/\/www.gintaresgeles.lt\/en\/wp-json\/wp\/v2\/product_brand?post=56066"},{"taxonomy":"product_cat","embeddable":true,"href":"https:\/\/www.gintaresgeles.lt\/en\/wp-json\/wp\/v2\/product_cat?post=56066"},{"taxonomy":"product_tag","embeddable":true,"href":"https:\/\/www.gintaresgeles.lt\/en\/wp-json\/wp\/v2\/product_tag?post=56066"}],"curies":[{"name":"wp","href":"https:\/\/api.w.org\/{rel}","templated":true}]}}