{"id":56076,"date":"2025-06-13T12:03:53","date_gmt":"2025-06-13T09:03:53","guid":{"rendered":"https:\/\/www.gintaresgeles.lt\/puokste\/pink-foil-helium-balloon-i-love-you-mom\/"},"modified":"2025-06-13T12:03:53","modified_gmt":"2025-06-13T09:03:53","slug":"pink-foil-helium-balloon-i-love-you-mom","status":"publish","type":"product","link":"https:\/\/www.gintaresgeles.lt\/en\/puokste\/pink-foil-helium-balloon-i-love-you-mom\/","title":{"rendered":"Pink Foil Helium Balloon \u201cI Love You, Mom\u201d"},"content":{"rendered":"","protected":false},"excerpt":{"rendered":"<p data-start=\"49\" data-end=\"277\">Surprise your mom from the heart with this soft pink foil balloon \u201cI Love You, Mom.\u201d Its delicate design expresses care and love, making it a perfect choice for Mother\u2019s Day morning, a greeting bouquet, or a thoughtful surprise.<\/p>\n<p data-start=\"279\" data-end=\"300\">Balloon size \u2013 45 cm.<\/p>\n","protected":false},"featured_media":55612,"template":"","meta":[],"product_brand":[],"product_cat":[270,1956,916],"product_tag":[],"class_list":{"0":"post-56076","1":"product","2":"type-product","3":"status-publish","4":"has-post-thumbnail","6":"product_cat-helium-balloons","7":"product_cat-foil-helium-balloons","8":"product_cat-helium-balloons-for-mom","9":"tm-has-options","11":"first","12":"instock","13":"taxable","14":"shipping-taxable","15":"purchasable","16":"product-type-simple"},"yoast_head":"<!-- This site is optimized with the Yoast SEO plugin v25.3 - https:\/\/yoast.com\/wordpress\/plugins\/seo\/ -->\n<title>Pink Foil Helium Balloon \u201cI Love You, Mom\u201d | Gintar\u0117\u2019s Flowers<\/title>\n<meta name=\"description\" content=\"Pink foil balloon \u201cI Love You, Mom\u201d \u2013 45 cm in diameter. A gentle gift for Mother\u2019s Day or any special occasion for your mom. Order now!\" \/>\n<meta name=\"robots\" content=\"index, follow, max-snippet:-1, max-image-preview:large, max-video-preview:-1\" \/>\n<link rel=\"canonical\" href=\"https:\/\/www.gintaresgeles.lt\/en\/puokste\/pink-foil-helium-balloon-i-love-you-mom\/\" \/>\n<meta property=\"og:locale\" content=\"en_US\" \/>\n<meta property=\"og:type\" content=\"article\" \/>\n<meta property=\"og:title\" content=\"Pink Foil Helium Balloon \u201cI Love You, Mom\u201d | Gintar\u0117\u2019s Flowers\" \/>\n<meta property=\"og:description\" content=\"Pink foil balloon \u201cI Love You, Mom\u201d \u2013 45 cm in diameter. A gentle gift for Mother\u2019s Day or any special occasion for your mom. Order now!\" \/>\n<meta property=\"og:url\" content=\"https:\/\/www.gintaresgeles.lt\/en\/puokste\/pink-foil-helium-balloon-i-love-you-mom\/\" \/>\n<meta property=\"og:site_name\" content=\"gintaresgeles.lt\" \/>\n<meta property=\"og:image\" content=\"https:\/\/www.gintaresgeles.lt\/wp-content\/uploads\/2025\/06\/Mielas-rozines-spalvos-apvalus-folinis-helio-balionas-mamoms.png\" \/>\n\t<meta property=\"og:image:width\" content=\"700\" \/>\n\t<meta property=\"og:image:height\" content=\"702\" \/>\n\t<meta property=\"og:image:type\" content=\"image\/png\" \/>\n<meta name=\"twitter:card\" content=\"summary_large_image\" \/>\n<script type=\"application\/ld+json\" class=\"yoast-schema-graph\">{\"@context\":\"https:\/\/schema.org\",\"@graph\":[{\"@type\":\"WebPage\",\"@id\":\"https:\/\/www.gintaresgeles.lt\/en\/puokste\/pink-foil-helium-balloon-i-love-you-mom\/\",\"url\":\"https:\/\/www.gintaresgeles.lt\/en\/puokste\/pink-foil-helium-balloon-i-love-you-mom\/\",\"name\":\"Pink Foil Helium Balloon \u201cI Love You, Mom\u201d | Gintar\u0117\u2019s Flowers\",\"isPartOf\":{\"@id\":\"https:\/\/www.gintaresgeles.lt\/en\/#website\"},\"primaryImageOfPage\":{\"@id\":\"https:\/\/www.gintaresgeles.lt\/en\/puokste\/pink-foil-helium-balloon-i-love-you-mom\/#primaryimage\"},\"image\":{\"@id\":\"https:\/\/www.gintaresgeles.lt\/en\/puokste\/pink-foil-helium-balloon-i-love-you-mom\/#primaryimage\"},\"thumbnailUrl\":\"https:\/\/www.gintaresgeles.lt\/wp-content\/uploads\/2025\/06\/Mielas-rozines-spalvos-apvalus-folinis-helio-balionas-mamoms.png\",\"datePublished\":\"2025-06-13T09:03:53+00:00\",\"description\":\"Pink foil balloon \u201cI Love You, Mom\u201d \u2013 45 cm in diameter. A gentle gift for Mother\u2019s Day or any special occasion for your mom. Order now!\",\"breadcrumb\":{\"@id\":\"https:\/\/www.gintaresgeles.lt\/en\/puokste\/pink-foil-helium-balloon-i-love-you-mom\/#breadcrumb\"},\"inLanguage\":\"en-US\",\"potentialAction\":[{\"@type\":\"ReadAction\",\"target\":[\"https:\/\/www.gintaresgeles.lt\/en\/puokste\/pink-foil-helium-balloon-i-love-you-mom\/\"]}]},{\"@type\":\"ImageObject\",\"inLanguage\":\"en-US\",\"@id\":\"https:\/\/www.gintaresgeles.lt\/en\/puokste\/pink-foil-helium-balloon-i-love-you-mom\/#primaryimage\",\"url\":\"https:\/\/www.gintaresgeles.lt\/wp-content\/uploads\/2025\/06\/Mielas-rozines-spalvos-apvalus-folinis-helio-balionas-mamoms.png\",\"contentUrl\":\"https:\/\/www.gintaresgeles.lt\/wp-content\/uploads\/2025\/06\/Mielas-rozines-spalvos-apvalus-folinis-helio-balionas-mamoms.png\",\"width\":700,\"height\":702,\"caption\":\"\u0160velnios ro\u017ein\u0117s spalvos folinis helio balionas mamai\"},{\"@type\":\"BreadcrumbList\",\"@id\":\"https:\/\/www.gintaresgeles.lt\/en\/puokste\/pink-foil-helium-balloon-i-love-you-mom\/#breadcrumb\",\"itemListElement\":[{\"@type\":\"ListItem\",\"position\":1,\"name\":\"Prad\u017eia\",\"item\":\"https:\/\/www.gintaresgeles.lt\/en\/\"},{\"@type\":\"ListItem\",\"position\":2,\"name\":\"All flowers and other products\",\"item\":\"https:\/\/www.gintaresgeles.lt\/en\/all-flowers-and-other-products\/\"},{\"@type\":\"ListItem\",\"position\":3,\"name\":\"Pink Foil Helium Balloon \u201cI Love You, Mom\u201d\"}]},{\"@type\":\"WebSite\",\"@id\":\"https:\/\/www.gintaresgeles.lt\/en\/#website\",\"url\":\"https:\/\/www.gintaresgeles.lt\/en\/\",\"name\":\"gintaresgeles.lt\",\"description\":\"G\u0117li\u0173 parduotuv\u0117 internete\",\"potentialAction\":[{\"@type\":\"SearchAction\",\"target\":{\"@type\":\"EntryPoint\",\"urlTemplate\":\"https:\/\/www.gintaresgeles.lt\/en\/?s={search_term_string}\"},\"query-input\":{\"@type\":\"PropertyValueSpecification\",\"valueRequired\":true,\"valueName\":\"search_term_string\"}}],\"inLanguage\":\"en-US\"}]}<\/script>\n<!-- \/ Yoast SEO plugin. -->","yoast_head_json":{"title":"Pink Foil Helium Balloon \u201cI Love You, Mom\u201d | Gintar\u0117\u2019s Flowers","description":"Pink foil balloon \u201cI Love You, Mom\u201d \u2013 45 cm in diameter. A gentle gift for Mother\u2019s Day or any special occasion for your mom. Order now!","robots":{"index":"index","follow":"follow","max-snippet":"max-snippet:-1","max-image-preview":"max-image-preview:large","max-video-preview":"max-video-preview:-1"},"canonical":"https:\/\/www.gintaresgeles.lt\/en\/puokste\/pink-foil-helium-balloon-i-love-you-mom\/","og_locale":"en_US","og_type":"article","og_title":"Pink Foil Helium Balloon \u201cI Love You, Mom\u201d | Gintar\u0117\u2019s Flowers","og_description":"Pink foil balloon \u201cI Love You, Mom\u201d \u2013 45 cm in diameter. A gentle gift for Mother\u2019s Day or any special occasion for your mom. Order now!","og_url":"https:\/\/www.gintaresgeles.lt\/en\/puokste\/pink-foil-helium-balloon-i-love-you-mom\/","og_site_name":"gintaresgeles.lt","og_image":[{"width":700,"height":702,"url":"https:\/\/www.gintaresgeles.lt\/wp-content\/uploads\/2025\/06\/Mielas-rozines-spalvos-apvalus-folinis-helio-balionas-mamoms.png","type":"image\/png"}],"twitter_card":"summary_large_image","schema":{"@context":"https:\/\/schema.org","@graph":[{"@type":"WebPage","@id":"https:\/\/www.gintaresgeles.lt\/en\/puokste\/pink-foil-helium-balloon-i-love-you-mom\/","url":"https:\/\/www.gintaresgeles.lt\/en\/puokste\/pink-foil-helium-balloon-i-love-you-mom\/","name":"Pink Foil Helium Balloon \u201cI Love You, Mom\u201d | Gintar\u0117\u2019s Flowers","isPartOf":{"@id":"https:\/\/www.gintaresgeles.lt\/en\/#website"},"primaryImageOfPage":{"@id":"https:\/\/www.gintaresgeles.lt\/en\/puokste\/pink-foil-helium-balloon-i-love-you-mom\/#primaryimage"},"image":{"@id":"https:\/\/www.gintaresgeles.lt\/en\/puokste\/pink-foil-helium-balloon-i-love-you-mom\/#primaryimage"},"thumbnailUrl":"https:\/\/www.gintaresgeles.lt\/wp-content\/uploads\/2025\/06\/Mielas-rozines-spalvos-apvalus-folinis-helio-balionas-mamoms.png","datePublished":"2025-06-13T09:03:53+00:00","description":"Pink foil balloon \u201cI Love You, Mom\u201d \u2013 45 cm in diameter. A gentle gift for Mother\u2019s Day or any special occasion for your mom. Order now!","breadcrumb":{"@id":"https:\/\/www.gintaresgeles.lt\/en\/puokste\/pink-foil-helium-balloon-i-love-you-mom\/#breadcrumb"},"inLanguage":"en-US","potentialAction":[{"@type":"ReadAction","target":["https:\/\/www.gintaresgeles.lt\/en\/puokste\/pink-foil-helium-balloon-i-love-you-mom\/"]}]},{"@type":"ImageObject","inLanguage":"en-US","@id":"https:\/\/www.gintaresgeles.lt\/en\/puokste\/pink-foil-helium-balloon-i-love-you-mom\/#primaryimage","url":"https:\/\/www.gintaresgeles.lt\/wp-content\/uploads\/2025\/06\/Mielas-rozines-spalvos-apvalus-folinis-helio-balionas-mamoms.png","contentUrl":"https:\/\/www.gintaresgeles.lt\/wp-content\/uploads\/2025\/06\/Mielas-rozines-spalvos-apvalus-folinis-helio-balionas-mamoms.png","width":700,"height":702,"caption":"\u0160velnios ro\u017ein\u0117s spalvos folinis helio balionas mamai"},{"@type":"BreadcrumbList","@id":"https:\/\/www.gintaresgeles.lt\/en\/puokste\/pink-foil-helium-balloon-i-love-you-mom\/#breadcrumb","itemListElement":[{"@type":"ListItem","position":1,"name":"Prad\u017eia","item":"https:\/\/www.gintaresgeles.lt\/en\/"},{"@type":"ListItem","position":2,"name":"All flowers and other products","item":"https:\/\/www.gintaresgeles.lt\/en\/all-flowers-and-other-products\/"},{"@type":"ListItem","position":3,"name":"Pink Foil Helium Balloon \u201cI Love You, Mom\u201d"}]},{"@type":"WebSite","@id":"https:\/\/www.gintaresgeles.lt\/en\/#website","url":"https:\/\/www.gintaresgeles.lt\/en\/","name":"gintaresgeles.lt","description":"G\u0117li\u0173 parduotuv\u0117 internete","potentialAction":[{"@type":"SearchAction","target":{"@type":"EntryPoint","urlTemplate":"https:\/\/www.gintaresgeles.lt\/en\/?s={search_term_string}"},"query-input":{"@type":"PropertyValueSpecification","valueRequired":true,"valueName":"search_term_string"}}],"inLanguage":"en-US"}]}},"_links":{"self":[{"href":"https:\/\/www.gintaresgeles.lt\/en\/wp-json\/wp\/v2\/product\/56076","targetHints":{"allow":["GET"]}}],"collection":[{"href":"https:\/\/www.gintaresgeles.lt\/en\/wp-json\/wp\/v2\/product"}],"about":[{"href":"https:\/\/www.gintaresgeles.lt\/en\/wp-json\/wp\/v2\/types\/product"}],"wp:featuredmedia":[{"embeddable":true,"href":"https:\/\/www.gintaresgeles.lt\/en\/wp-json\/wp\/v2\/media\/55612"}],"wp:attachment":[{"href":"https:\/\/www.gintaresgeles.lt\/en\/wp-json\/wp\/v2\/media?parent=56076"}],"wp:term":[{"taxonomy":"product_brand","embeddable":true,"href":"https:\/\/www.gintaresgeles.lt\/en\/wp-json\/wp\/v2\/product_brand?post=56076"},{"taxonomy":"product_cat","embeddable":true,"href":"https:\/\/www.gintaresgeles.lt\/en\/wp-json\/wp\/v2\/product_cat?post=56076"},{"taxonomy":"product_tag","embeddable":true,"href":"https:\/\/www.gintaresgeles.lt\/en\/wp-json\/wp\/v2\/product_tag?post=56076"}],"curies":[{"name":"wp","href":"https:\/\/api.w.org\/{rel}","templated":true}]}}