{"id":56077,"date":"2025-06-16T11:48:33","date_gmt":"2025-06-16T08:48:33","guid":{"rendered":"https:\/\/www.gintaresgeles.lt\/puokste\/green-birthday-candles-with-a-wish\/"},"modified":"2025-06-16T11:48:33","modified_gmt":"2025-06-16T08:48:33","slug":"green-birthday-candles-with-a-wish","status":"publish","type":"product","link":"https:\/\/www.gintaresgeles.lt\/en\/puokste\/green-birthday-candles-with-a-wish\/","title":{"rendered":"Green Birthday Candles with a Wish"},"content":{"rendered":"","protected":false},"excerpt":{"rendered":"<p>Create a special party atmosphere with elegant green birthday candles that not only decorate the cake but also share a heartfelt wish. These soft green candles with the inscription \u201cHappy Birthday\u201d will be a standout detail of any celebration. Perfect for both children\u2019s and adults\u2019 birthdays \u2014 especially for those who appreciate stylish and delicate d\u00e9cor.<\/p>\n","protected":false},"featured_media":55583,"template":"","meta":[],"product_brand":[],"product_cat":[237,1984,1983],"product_tag":[],"class_list":{"0":"post-56077","1":"product","2":"type-product","3":"status-publish","4":"has-post-thumbnail","6":"product_cat-gifts","7":"product_cat-candles","8":"product_cat-little-things","9":"tm-has-options","11":"first","12":"instock","13":"taxable","14":"shipping-taxable","15":"purchasable","16":"product-type-simple"},"yoast_head":"<!-- This site is optimized with the Yoast SEO plugin v25.3 - https:\/\/yoast.com\/wordpress\/plugins\/seo\/ -->\n<title>Green Birthday Candles with a Wish | Gintar\u0117\u2019s Flowers<\/title>\n<meta name=\"description\" content=\"Green birthday candles with the wish \u201cHappy Birthday\u201d \u2013 a festive and heartfelt touch to your cake and celebration mood.\" \/>\n<meta name=\"robots\" content=\"index, follow, max-snippet:-1, max-image-preview:large, max-video-preview:-1\" \/>\n<link rel=\"canonical\" href=\"https:\/\/www.gintaresgeles.lt\/en\/puokste\/green-birthday-candles-with-a-wish\/\" \/>\n<meta property=\"og:locale\" content=\"en_US\" \/>\n<meta property=\"og:type\" content=\"article\" \/>\n<meta property=\"og:title\" content=\"Green Birthday Candles with a Wish | Gintar\u0117\u2019s Flowers\" \/>\n<meta property=\"og:description\" content=\"Green birthday candles with the wish \u201cHappy Birthday\u201d \u2013 a festive and heartfelt touch to your cake and celebration mood.\" \/>\n<meta property=\"og:url\" content=\"https:\/\/www.gintaresgeles.lt\/en\/puokste\/green-birthday-candles-with-a-wish\/\" \/>\n<meta property=\"og:site_name\" content=\"gintaresgeles.lt\" \/>\n<meta property=\"og:image\" content=\"https:\/\/www.gintaresgeles.lt\/wp-content\/uploads\/2025\/06\/Degancios-gimtadienio-zvakes-sodrios-spalvos.png\" \/>\n\t<meta property=\"og:image:width\" content=\"800\" \/>\n\t<meta property=\"og:image:height\" content=\"802\" \/>\n\t<meta property=\"og:image:type\" content=\"image\/png\" \/>\n<meta name=\"twitter:card\" content=\"summary_large_image\" \/>\n<script type=\"application\/ld+json\" class=\"yoast-schema-graph\">{\"@context\":\"https:\/\/schema.org\",\"@graph\":[{\"@type\":\"WebPage\",\"@id\":\"https:\/\/www.gintaresgeles.lt\/en\/puokste\/green-birthday-candles-with-a-wish\/\",\"url\":\"https:\/\/www.gintaresgeles.lt\/en\/puokste\/green-birthday-candles-with-a-wish\/\",\"name\":\"Green Birthday Candles with a Wish | Gintar\u0117\u2019s Flowers\",\"isPartOf\":{\"@id\":\"https:\/\/www.gintaresgeles.lt\/en\/#website\"},\"primaryImageOfPage\":{\"@id\":\"https:\/\/www.gintaresgeles.lt\/en\/puokste\/green-birthday-candles-with-a-wish\/#primaryimage\"},\"image\":{\"@id\":\"https:\/\/www.gintaresgeles.lt\/en\/puokste\/green-birthday-candles-with-a-wish\/#primaryimage\"},\"thumbnailUrl\":\"https:\/\/www.gintaresgeles.lt\/wp-content\/uploads\/2025\/06\/Degancios-gimtadienio-zvakes-sodrios-spalvos.png\",\"datePublished\":\"2025-06-16T08:48:33+00:00\",\"description\":\"Green birthday candles with the wish \u201cHappy Birthday\u201d \u2013 a festive and heartfelt touch to your cake and celebration mood.\",\"breadcrumb\":{\"@id\":\"https:\/\/www.gintaresgeles.lt\/en\/puokste\/green-birthday-candles-with-a-wish\/#breadcrumb\"},\"inLanguage\":\"en-US\",\"potentialAction\":[{\"@type\":\"ReadAction\",\"target\":[\"https:\/\/www.gintaresgeles.lt\/en\/puokste\/green-birthday-candles-with-a-wish\/\"]}]},{\"@type\":\"ImageObject\",\"inLanguage\":\"en-US\",\"@id\":\"https:\/\/www.gintaresgeles.lt\/en\/puokste\/green-birthday-candles-with-a-wish\/#primaryimage\",\"url\":\"https:\/\/www.gintaresgeles.lt\/wp-content\/uploads\/2025\/06\/Degancios-gimtadienio-zvakes-sodrios-spalvos.png\",\"contentUrl\":\"https:\/\/www.gintaresgeles.lt\/wp-content\/uploads\/2025\/06\/Degancios-gimtadienio-zvakes-sodrios-spalvos.png\",\"width\":800,\"height\":802,\"caption\":\"Gimtadienio progos \u017evakut\u0117s papildan\u010dios nuotaik\u0105\"},{\"@type\":\"BreadcrumbList\",\"@id\":\"https:\/\/www.gintaresgeles.lt\/en\/puokste\/green-birthday-candles-with-a-wish\/#breadcrumb\",\"itemListElement\":[{\"@type\":\"ListItem\",\"position\":1,\"name\":\"Prad\u017eia\",\"item\":\"https:\/\/www.gintaresgeles.lt\/en\/\"},{\"@type\":\"ListItem\",\"position\":2,\"name\":\"All flowers and other products\",\"item\":\"https:\/\/www.gintaresgeles.lt\/en\/all-flowers-and-other-products\/\"},{\"@type\":\"ListItem\",\"position\":3,\"name\":\"Green Birthday Candles with a Wish\"}]},{\"@type\":\"WebSite\",\"@id\":\"https:\/\/www.gintaresgeles.lt\/en\/#website\",\"url\":\"https:\/\/www.gintaresgeles.lt\/en\/\",\"name\":\"Gintares Geles\",\"description\":\"Flower delivery in Vilnius | Same-day delivery | Gintares geles\",\"potentialAction\":[{\"@type\":\"SearchAction\",\"target\":{\"@type\":\"EntryPoint\",\"urlTemplate\":\"https:\/\/www.gintaresgeles.lt\/en\/?s={search_term_string}\"},\"query-input\":{\"@type\":\"PropertyValueSpecification\",\"valueRequired\":true,\"valueName\":\"search_term_string\"}}],\"inLanguage\":\"en-US\"}]}<\/script>\n<!-- \/ Yoast SEO plugin. -->","yoast_head_json":{"title":"Green Birthday Candles with a Wish | Gintar\u0117\u2019s Flowers","description":"Green birthday candles with the wish \u201cHappy Birthday\u201d \u2013 a festive and heartfelt touch to your cake and celebration mood.","robots":{"index":"index","follow":"follow","max-snippet":"max-snippet:-1","max-image-preview":"max-image-preview:large","max-video-preview":"max-video-preview:-1"},"canonical":"https:\/\/www.gintaresgeles.lt\/en\/puokste\/green-birthday-candles-with-a-wish\/","og_locale":"en_US","og_type":"article","og_title":"Green Birthday Candles with a Wish | Gintar\u0117\u2019s Flowers","og_description":"Green birthday candles with the wish \u201cHappy Birthday\u201d \u2013 a festive and heartfelt touch to your cake and celebration mood.","og_url":"https:\/\/www.gintaresgeles.lt\/en\/puokste\/green-birthday-candles-with-a-wish\/","og_site_name":"gintaresgeles.lt","og_image":[{"width":800,"height":802,"url":"https:\/\/www.gintaresgeles.lt\/wp-content\/uploads\/2025\/06\/Degancios-gimtadienio-zvakes-sodrios-spalvos.png","type":"image\/png"}],"twitter_card":"summary_large_image","schema":{"@context":"https:\/\/schema.org","@graph":[{"@type":"WebPage","@id":"https:\/\/www.gintaresgeles.lt\/en\/puokste\/green-birthday-candles-with-a-wish\/","url":"https:\/\/www.gintaresgeles.lt\/en\/puokste\/green-birthday-candles-with-a-wish\/","name":"Green Birthday Candles with a Wish | Gintar\u0117\u2019s Flowers","isPartOf":{"@id":"https:\/\/www.gintaresgeles.lt\/en\/#website"},"primaryImageOfPage":{"@id":"https:\/\/www.gintaresgeles.lt\/en\/puokste\/green-birthday-candles-with-a-wish\/#primaryimage"},"image":{"@id":"https:\/\/www.gintaresgeles.lt\/en\/puokste\/green-birthday-candles-with-a-wish\/#primaryimage"},"thumbnailUrl":"https:\/\/www.gintaresgeles.lt\/wp-content\/uploads\/2025\/06\/Degancios-gimtadienio-zvakes-sodrios-spalvos.png","datePublished":"2025-06-16T08:48:33+00:00","description":"Green birthday candles with the wish \u201cHappy Birthday\u201d \u2013 a festive and heartfelt touch to your cake and celebration mood.","breadcrumb":{"@id":"https:\/\/www.gintaresgeles.lt\/en\/puokste\/green-birthday-candles-with-a-wish\/#breadcrumb"},"inLanguage":"en-US","potentialAction":[{"@type":"ReadAction","target":["https:\/\/www.gintaresgeles.lt\/en\/puokste\/green-birthday-candles-with-a-wish\/"]}]},{"@type":"ImageObject","inLanguage":"en-US","@id":"https:\/\/www.gintaresgeles.lt\/en\/puokste\/green-birthday-candles-with-a-wish\/#primaryimage","url":"https:\/\/www.gintaresgeles.lt\/wp-content\/uploads\/2025\/06\/Degancios-gimtadienio-zvakes-sodrios-spalvos.png","contentUrl":"https:\/\/www.gintaresgeles.lt\/wp-content\/uploads\/2025\/06\/Degancios-gimtadienio-zvakes-sodrios-spalvos.png","width":800,"height":802,"caption":"Gimtadienio progos \u017evakut\u0117s papildan\u010dios nuotaik\u0105"},{"@type":"BreadcrumbList","@id":"https:\/\/www.gintaresgeles.lt\/en\/puokste\/green-birthday-candles-with-a-wish\/#breadcrumb","itemListElement":[{"@type":"ListItem","position":1,"name":"Prad\u017eia","item":"https:\/\/www.gintaresgeles.lt\/en\/"},{"@type":"ListItem","position":2,"name":"All flowers and other products","item":"https:\/\/www.gintaresgeles.lt\/en\/all-flowers-and-other-products\/"},{"@type":"ListItem","position":3,"name":"Green Birthday Candles with a Wish"}]},{"@type":"WebSite","@id":"https:\/\/www.gintaresgeles.lt\/en\/#website","url":"https:\/\/www.gintaresgeles.lt\/en\/","name":"Gintares Geles","description":"Flower delivery in Vilnius | Same-day delivery | Gintares geles","potentialAction":[{"@type":"SearchAction","target":{"@type":"EntryPoint","urlTemplate":"https:\/\/www.gintaresgeles.lt\/en\/?s={search_term_string}"},"query-input":{"@type":"PropertyValueSpecification","valueRequired":true,"valueName":"search_term_string"}}],"inLanguage":"en-US"}]}},"_links":{"self":[{"href":"https:\/\/www.gintaresgeles.lt\/en\/wp-json\/wp\/v2\/product\/56077","targetHints":{"allow":["GET"]}}],"collection":[{"href":"https:\/\/www.gintaresgeles.lt\/en\/wp-json\/wp\/v2\/product"}],"about":[{"href":"https:\/\/www.gintaresgeles.lt\/en\/wp-json\/wp\/v2\/types\/product"}],"wp:featuredmedia":[{"embeddable":true,"href":"https:\/\/www.gintaresgeles.lt\/en\/wp-json\/wp\/v2\/media\/55583"}],"wp:attachment":[{"href":"https:\/\/www.gintaresgeles.lt\/en\/wp-json\/wp\/v2\/media?parent=56077"}],"wp:term":[{"taxonomy":"product_brand","embeddable":true,"href":"https:\/\/www.gintaresgeles.lt\/en\/wp-json\/wp\/v2\/product_brand?post=56077"},{"taxonomy":"product_cat","embeddable":true,"href":"https:\/\/www.gintaresgeles.lt\/en\/wp-json\/wp\/v2\/product_cat?post=56077"},{"taxonomy":"product_tag","embeddable":true,"href":"https:\/\/www.gintaresgeles.lt\/en\/wp-json\/wp\/v2\/product_tag?post=56077"}],"curies":[{"name":"wp","href":"https:\/\/api.w.org\/{rel}","templated":true}]}}