{"id":56080,"date":"2025-06-20T11:09:11","date_gmt":"2025-06-20T08:09:11","guid":{"rendered":"https:\/\/www.gintaresgeles.lt\/puokste\/ink-latex-helium-balloon-happy-birthday\/"},"modified":"2025-06-20T11:09:11","modified_gmt":"2025-06-20T08:09:11","slug":"ink-latex-helium-balloon-happy-birthday","status":"publish","type":"product","link":"https:\/\/www.gintaresgeles.lt\/en\/puokste\/ink-latex-helium-balloon-happy-birthday\/","title":{"rendered":"ink Latex Helium Balloon &#8220;Happy Birthday&#8221;"},"content":{"rendered":"","protected":false},"excerpt":{"rendered":"<p data-start=\"58\" data-end=\"343\">A delicate shade of pink latex balloon featuring a double-sided white \u201cHappy Birthday\u201d print. Made from high-quality latex, these balloons are durable, impact-resistant, and perfect for creating a festive atmosphere. Ideal for birthday parties, children\u2019s celebrations, or photoshoots.<\/p>\n<p data-start=\"345\" data-end=\"362\">Diameter \u2013 30 cm.<\/p>\n","protected":false},"featured_media":55860,"template":"","meta":[],"product_brand":[],"product_cat":[270,893,1961,1203],"product_tag":[],"class_list":{"0":"post-56080","1":"product","2":"type-product","3":"status-publish","4":"has-post-thumbnail","6":"product_cat-helium-balloons","7":"product_cat-helium-balloons-for-birthday","8":"product_cat-helium-balloons-for-girls","9":"product_cat-helium-rubber-balloons","10":"tm-has-options","12":"first","13":"instock","14":"taxable","15":"shipping-taxable","16":"purchasable","17":"product-type-simple"},"yoast_head":"<!-- This site is optimized with the Yoast SEO plugin v25.3 - https:\/\/yoast.com\/wordpress\/plugins\/seo\/ -->\n<title>Pink Latex Helium Balloon &quot;Happy Birthday&quot; | Gintar\u0117s G\u0117l\u0117s<\/title>\n<meta name=\"description\" content=\"Delicate pink latex balloons, 30 cm in size, featuring the &quot;Happy Birthday&quot; inscription. The perfect gift for a birthday celebration for a girl, friend, or loved one.\" \/>\n<meta name=\"robots\" content=\"index, follow, max-snippet:-1, max-image-preview:large, max-video-preview:-1\" \/>\n<link rel=\"canonical\" href=\"https:\/\/www.gintaresgeles.lt\/en\/puokste\/ink-latex-helium-balloon-happy-birthday\/\" \/>\n<meta property=\"og:locale\" content=\"en_US\" \/>\n<meta property=\"og:type\" content=\"article\" \/>\n<meta property=\"og:title\" content=\"Pink Latex Helium Balloon &quot;Happy Birthday&quot; | Gintar\u0117s G\u0117l\u0117s\" \/>\n<meta property=\"og:description\" content=\"Delicate pink latex balloons, 30 cm in size, featuring the &quot;Happy Birthday&quot; inscription. The perfect gift for a birthday celebration for a girl, friend, or loved one.\" \/>\n<meta property=\"og:url\" content=\"https:\/\/www.gintaresgeles.lt\/en\/puokste\/ink-latex-helium-balloon-happy-birthday\/\" \/>\n<meta property=\"og:site_name\" content=\"gintaresgeles.lt\" \/>\n<meta property=\"og:image\" content=\"https:\/\/www.gintaresgeles.lt\/wp-content\/uploads\/2025\/06\/Rausvas-guminis-balionas-su-gimtadienio-sveikinimu-1.jpg\" \/>\n\t<meta property=\"og:image:width\" content=\"706\" \/>\n\t<meta property=\"og:image:height\" content=\"704\" \/>\n\t<meta property=\"og:image:type\" content=\"image\/jpeg\" \/>\n<meta name=\"twitter:card\" content=\"summary_large_image\" \/>\n<script type=\"application\/ld+json\" class=\"yoast-schema-graph\">{\"@context\":\"https:\/\/schema.org\",\"@graph\":[{\"@type\":\"WebPage\",\"@id\":\"https:\/\/www.gintaresgeles.lt\/en\/puokste\/ink-latex-helium-balloon-happy-birthday\/\",\"url\":\"https:\/\/www.gintaresgeles.lt\/en\/puokste\/ink-latex-helium-balloon-happy-birthday\/\",\"name\":\"Pink Latex Helium Balloon \\\"Happy Birthday\\\" | Gintar\u0117s G\u0117l\u0117s\",\"isPartOf\":{\"@id\":\"https:\/\/www.gintaresgeles.lt\/en\/#website\"},\"primaryImageOfPage\":{\"@id\":\"https:\/\/www.gintaresgeles.lt\/en\/puokste\/ink-latex-helium-balloon-happy-birthday\/#primaryimage\"},\"image\":{\"@id\":\"https:\/\/www.gintaresgeles.lt\/en\/puokste\/ink-latex-helium-balloon-happy-birthday\/#primaryimage\"},\"thumbnailUrl\":\"https:\/\/www.gintaresgeles.lt\/wp-content\/uploads\/2025\/06\/Rausvas-guminis-balionas-su-gimtadienio-sveikinimu-1.jpg\",\"datePublished\":\"2025-06-20T08:09:11+00:00\",\"description\":\"Delicate pink latex balloons, 30 cm in size, featuring the \\\"Happy Birthday\\\" inscription. The perfect gift for a birthday celebration for a girl, friend, or loved one.\",\"breadcrumb\":{\"@id\":\"https:\/\/www.gintaresgeles.lt\/en\/puokste\/ink-latex-helium-balloon-happy-birthday\/#breadcrumb\"},\"inLanguage\":\"en-US\",\"potentialAction\":[{\"@type\":\"ReadAction\",\"target\":[\"https:\/\/www.gintaresgeles.lt\/en\/puokste\/ink-latex-helium-balloon-happy-birthday\/\"]}]},{\"@type\":\"ImageObject\",\"inLanguage\":\"en-US\",\"@id\":\"https:\/\/www.gintaresgeles.lt\/en\/puokste\/ink-latex-helium-balloon-happy-birthday\/#primaryimage\",\"url\":\"https:\/\/www.gintaresgeles.lt\/wp-content\/uploads\/2025\/06\/Rausvas-guminis-balionas-su-gimtadienio-sveikinimu-1.jpg\",\"contentUrl\":\"https:\/\/www.gintaresgeles.lt\/wp-content\/uploads\/2025\/06\/Rausvas-guminis-balionas-su-gimtadienio-sveikinimu-1.jpg\",\"width\":706,\"height\":704,\"caption\":\"Rausvas gimtadienio balionas su sveikinimais ir palink\u0117jimais\"},{\"@type\":\"BreadcrumbList\",\"@id\":\"https:\/\/www.gintaresgeles.lt\/en\/puokste\/ink-latex-helium-balloon-happy-birthday\/#breadcrumb\",\"itemListElement\":[{\"@type\":\"ListItem\",\"position\":1,\"name\":\"Prad\u017eia\",\"item\":\"https:\/\/www.gintaresgeles.lt\/en\/\"},{\"@type\":\"ListItem\",\"position\":2,\"name\":\"All flowers and other products\",\"item\":\"https:\/\/www.gintaresgeles.lt\/en\/all-flowers-and-other-products\/\"},{\"@type\":\"ListItem\",\"position\":3,\"name\":\"ink Latex Helium Balloon &#8222;Happy Birthday&#8221;\"}]},{\"@type\":\"WebSite\",\"@id\":\"https:\/\/www.gintaresgeles.lt\/en\/#website\",\"url\":\"https:\/\/www.gintaresgeles.lt\/en\/\",\"name\":\"Gintares Geles\",\"description\":\"Flower delivery in Vilnius | Same-day delivery | Gintares geles\",\"potentialAction\":[{\"@type\":\"SearchAction\",\"target\":{\"@type\":\"EntryPoint\",\"urlTemplate\":\"https:\/\/www.gintaresgeles.lt\/en\/?s={search_term_string}\"},\"query-input\":{\"@type\":\"PropertyValueSpecification\",\"valueRequired\":true,\"valueName\":\"search_term_string\"}}],\"inLanguage\":\"en-US\"}]}<\/script>\n<!-- \/ Yoast SEO plugin. -->","yoast_head_json":{"title":"Pink Latex Helium Balloon \"Happy Birthday\" | Gintar\u0117s G\u0117l\u0117s","description":"Delicate pink latex balloons, 30 cm in size, featuring the \"Happy Birthday\" inscription. The perfect gift for a birthday celebration for a girl, friend, or loved one.","robots":{"index":"index","follow":"follow","max-snippet":"max-snippet:-1","max-image-preview":"max-image-preview:large","max-video-preview":"max-video-preview:-1"},"canonical":"https:\/\/www.gintaresgeles.lt\/en\/puokste\/ink-latex-helium-balloon-happy-birthday\/","og_locale":"en_US","og_type":"article","og_title":"Pink Latex Helium Balloon \"Happy Birthday\" | Gintar\u0117s G\u0117l\u0117s","og_description":"Delicate pink latex balloons, 30 cm in size, featuring the \"Happy Birthday\" inscription. The perfect gift for a birthday celebration for a girl, friend, or loved one.","og_url":"https:\/\/www.gintaresgeles.lt\/en\/puokste\/ink-latex-helium-balloon-happy-birthday\/","og_site_name":"gintaresgeles.lt","og_image":[{"width":706,"height":704,"url":"https:\/\/www.gintaresgeles.lt\/wp-content\/uploads\/2025\/06\/Rausvas-guminis-balionas-su-gimtadienio-sveikinimu-1.jpg","type":"image\/jpeg"}],"twitter_card":"summary_large_image","schema":{"@context":"https:\/\/schema.org","@graph":[{"@type":"WebPage","@id":"https:\/\/www.gintaresgeles.lt\/en\/puokste\/ink-latex-helium-balloon-happy-birthday\/","url":"https:\/\/www.gintaresgeles.lt\/en\/puokste\/ink-latex-helium-balloon-happy-birthday\/","name":"Pink Latex Helium Balloon \"Happy Birthday\" | Gintar\u0117s G\u0117l\u0117s","isPartOf":{"@id":"https:\/\/www.gintaresgeles.lt\/en\/#website"},"primaryImageOfPage":{"@id":"https:\/\/www.gintaresgeles.lt\/en\/puokste\/ink-latex-helium-balloon-happy-birthday\/#primaryimage"},"image":{"@id":"https:\/\/www.gintaresgeles.lt\/en\/puokste\/ink-latex-helium-balloon-happy-birthday\/#primaryimage"},"thumbnailUrl":"https:\/\/www.gintaresgeles.lt\/wp-content\/uploads\/2025\/06\/Rausvas-guminis-balionas-su-gimtadienio-sveikinimu-1.jpg","datePublished":"2025-06-20T08:09:11+00:00","description":"Delicate pink latex balloons, 30 cm in size, featuring the \"Happy Birthday\" inscription. The perfect gift for a birthday celebration for a girl, friend, or loved one.","breadcrumb":{"@id":"https:\/\/www.gintaresgeles.lt\/en\/puokste\/ink-latex-helium-balloon-happy-birthday\/#breadcrumb"},"inLanguage":"en-US","potentialAction":[{"@type":"ReadAction","target":["https:\/\/www.gintaresgeles.lt\/en\/puokste\/ink-latex-helium-balloon-happy-birthday\/"]}]},{"@type":"ImageObject","inLanguage":"en-US","@id":"https:\/\/www.gintaresgeles.lt\/en\/puokste\/ink-latex-helium-balloon-happy-birthday\/#primaryimage","url":"https:\/\/www.gintaresgeles.lt\/wp-content\/uploads\/2025\/06\/Rausvas-guminis-balionas-su-gimtadienio-sveikinimu-1.jpg","contentUrl":"https:\/\/www.gintaresgeles.lt\/wp-content\/uploads\/2025\/06\/Rausvas-guminis-balionas-su-gimtadienio-sveikinimu-1.jpg","width":706,"height":704,"caption":"Rausvas gimtadienio balionas su sveikinimais ir palink\u0117jimais"},{"@type":"BreadcrumbList","@id":"https:\/\/www.gintaresgeles.lt\/en\/puokste\/ink-latex-helium-balloon-happy-birthday\/#breadcrumb","itemListElement":[{"@type":"ListItem","position":1,"name":"Prad\u017eia","item":"https:\/\/www.gintaresgeles.lt\/en\/"},{"@type":"ListItem","position":2,"name":"All flowers and other products","item":"https:\/\/www.gintaresgeles.lt\/en\/all-flowers-and-other-products\/"},{"@type":"ListItem","position":3,"name":"ink Latex Helium Balloon &#8222;Happy Birthday&#8221;"}]},{"@type":"WebSite","@id":"https:\/\/www.gintaresgeles.lt\/en\/#website","url":"https:\/\/www.gintaresgeles.lt\/en\/","name":"Gintares Geles","description":"Flower delivery in Vilnius | Same-day delivery | Gintares geles","potentialAction":[{"@type":"SearchAction","target":{"@type":"EntryPoint","urlTemplate":"https:\/\/www.gintaresgeles.lt\/en\/?s={search_term_string}"},"query-input":{"@type":"PropertyValueSpecification","valueRequired":true,"valueName":"search_term_string"}}],"inLanguage":"en-US"}]}},"_links":{"self":[{"href":"https:\/\/www.gintaresgeles.lt\/en\/wp-json\/wp\/v2\/product\/56080","targetHints":{"allow":["GET"]}}],"collection":[{"href":"https:\/\/www.gintaresgeles.lt\/en\/wp-json\/wp\/v2\/product"}],"about":[{"href":"https:\/\/www.gintaresgeles.lt\/en\/wp-json\/wp\/v2\/types\/product"}],"wp:featuredmedia":[{"embeddable":true,"href":"https:\/\/www.gintaresgeles.lt\/en\/wp-json\/wp\/v2\/media\/55860"}],"wp:attachment":[{"href":"https:\/\/www.gintaresgeles.lt\/en\/wp-json\/wp\/v2\/media?parent=56080"}],"wp:term":[{"taxonomy":"product_brand","embeddable":true,"href":"https:\/\/www.gintaresgeles.lt\/en\/wp-json\/wp\/v2\/product_brand?post=56080"},{"taxonomy":"product_cat","embeddable":true,"href":"https:\/\/www.gintaresgeles.lt\/en\/wp-json\/wp\/v2\/product_cat?post=56080"},{"taxonomy":"product_tag","embeddable":true,"href":"https:\/\/www.gintaresgeles.lt\/en\/wp-json\/wp\/v2\/product_tag?post=56080"}],"curies":[{"name":"wp","href":"https:\/\/api.w.org\/{rel}","templated":true}]}}