{"id":56124,"date":"2025-07-05T09:26:35","date_gmt":"2025-07-05T06:26:35","guid":{"rendered":"https:\/\/www.gintaresgeles.lt\/puokste\/rubber-helium-balloon-dove\/"},"modified":"2025-07-05T09:26:35","modified_gmt":"2025-07-05T06:26:35","slug":"rubber-helium-balloon-dove","status":"publish","type":"product","link":"https:\/\/www.gintaresgeles.lt\/en\/puokste\/rubber-helium-balloon-dove\/","title":{"rendered":"Rubber helium balloon \u201eDove\u201c"},"content":{"rendered":"","protected":false},"excerpt":{"rendered":"<p data-start=\"103\" data-end=\"304\">Create a bright and cozy festive atmosphere with white balloons decorated with a subtle golden dove design.<br data-start=\"210\" data-end=\"213\" \/>A perfect choice for First Communion, christening, or other sacred celebration decorations.<\/p>\n<p data-start=\"306\" data-end=\"331\">Balloon diameter \u2013 30 cm.<\/p>\n","protected":false},"featured_media":55969,"template":"","meta":[],"product_brand":[],"product_cat":[270,1955,1951,1203],"product_tag":[],"class_list":{"0":"post-56124","1":"product","2":"type-product","3":"status-publish","4":"has-post-thumbnail","6":"product_cat-helium-balloons","7":"product_cat-helium-balloons-for-the-christenings","8":"product_cat-helium-balloons-for-the-wedding","9":"product_cat-helium-rubber-balloons","10":"tm-has-options","12":"first","13":"instock","14":"taxable","15":"shipping-taxable","16":"purchasable","17":"product-type-simple"},"yoast_head":"<!-- This site is optimized with the Yoast SEO plugin v25.3 - https:\/\/yoast.com\/wordpress\/plugins\/seo\/ -->\n<title>Rubber helium balloon \u201eDove\u201c | Gintar\u0117s G\u0117l\u0117s<\/title>\n<meta name=\"description\" content=\"White helium balloons with a golden dove (30 cm). Suitable for communions and christenings. Helium balloons \u2014 an eco-friendly choice.\" \/>\n<meta name=\"robots\" content=\"index, follow, max-snippet:-1, max-image-preview:large, max-video-preview:-1\" \/>\n<link rel=\"canonical\" href=\"https:\/\/www.gintaresgeles.lt\/en\/puokste\/rubber-helium-balloon-dove\/\" \/>\n<meta property=\"og:locale\" content=\"en_US\" \/>\n<meta property=\"og:type\" content=\"article\" \/>\n<meta property=\"og:title\" content=\"Rubber helium balloon \u201eDove\u201c | Gintar\u0117s G\u0117l\u0117s\" \/>\n<meta property=\"og:description\" content=\"White helium balloons with a golden dove (30 cm). Suitable for communions and christenings. Helium balloons \u2014 an eco-friendly choice.\" \/>\n<meta property=\"og:url\" content=\"https:\/\/www.gintaresgeles.lt\/en\/puokste\/rubber-helium-balloon-dove\/\" \/>\n<meta property=\"og:site_name\" content=\"gintaresgeles.lt\" \/>\n<meta property=\"og:image\" content=\"https:\/\/www.gintaresgeles.lt\/wp-content\/uploads\/2025\/06\/Komunijos-ar-krikstynu-ar-vestuviu-balionas.png\" \/>\n\t<meta property=\"og:image:width\" content=\"900\" \/>\n\t<meta property=\"og:image:height\" content=\"900\" \/>\n\t<meta property=\"og:image:type\" content=\"image\/png\" \/>\n<meta name=\"twitter:card\" content=\"summary_large_image\" \/>\n<script type=\"application\/ld+json\" class=\"yoast-schema-graph\">{\"@context\":\"https:\/\/schema.org\",\"@graph\":[{\"@type\":\"WebPage\",\"@id\":\"https:\/\/www.gintaresgeles.lt\/en\/puokste\/rubber-helium-balloon-dove\/\",\"url\":\"https:\/\/www.gintaresgeles.lt\/en\/puokste\/rubber-helium-balloon-dove\/\",\"name\":\"Rubber helium balloon \u201eDove\u201c | Gintar\u0117s G\u0117l\u0117s\",\"isPartOf\":{\"@id\":\"https:\/\/www.gintaresgeles.lt\/en\/#website\"},\"primaryImageOfPage\":{\"@id\":\"https:\/\/www.gintaresgeles.lt\/en\/puokste\/rubber-helium-balloon-dove\/#primaryimage\"},\"image\":{\"@id\":\"https:\/\/www.gintaresgeles.lt\/en\/puokste\/rubber-helium-balloon-dove\/#primaryimage\"},\"thumbnailUrl\":\"https:\/\/www.gintaresgeles.lt\/wp-content\/uploads\/2025\/06\/Komunijos-ar-krikstynu-ar-vestuviu-balionas.png\",\"datePublished\":\"2025-07-05T06:26:35+00:00\",\"description\":\"White helium balloons with a golden dove (30 cm). Suitable for communions and christenings. Helium balloons \u2014 an eco-friendly choice.\",\"breadcrumb\":{\"@id\":\"https:\/\/www.gintaresgeles.lt\/en\/puokste\/rubber-helium-balloon-dove\/#breadcrumb\"},\"inLanguage\":\"en-US\",\"potentialAction\":[{\"@type\":\"ReadAction\",\"target\":[\"https:\/\/www.gintaresgeles.lt\/en\/puokste\/rubber-helium-balloon-dove\/\"]}]},{\"@type\":\"ImageObject\",\"inLanguage\":\"en-US\",\"@id\":\"https:\/\/www.gintaresgeles.lt\/en\/puokste\/rubber-helium-balloon-dove\/#primaryimage\",\"url\":\"https:\/\/www.gintaresgeles.lt\/wp-content\/uploads\/2025\/06\/Komunijos-ar-krikstynu-ar-vestuviu-balionas.png\",\"contentUrl\":\"https:\/\/www.gintaresgeles.lt\/wp-content\/uploads\/2025\/06\/Komunijos-ar-krikstynu-ar-vestuviu-balionas.png\",\"width\":900,\"height\":900,\"caption\":\"Baltas guminis balionas su auksiniu baland\u017eiu svarbioms \u0161vent\u0117ms\"},{\"@type\":\"BreadcrumbList\",\"@id\":\"https:\/\/www.gintaresgeles.lt\/en\/puokste\/rubber-helium-balloon-dove\/#breadcrumb\",\"itemListElement\":[{\"@type\":\"ListItem\",\"position\":1,\"name\":\"Prad\u017eia\",\"item\":\"https:\/\/www.gintaresgeles.lt\/en\/\"},{\"@type\":\"ListItem\",\"position\":2,\"name\":\"All flowers and other products\",\"item\":\"https:\/\/www.gintaresgeles.lt\/en\/all-flowers-and-other-products\/\"},{\"@type\":\"ListItem\",\"position\":3,\"name\":\"Rubber helium balloon \u201eDove\u201c\"}]},{\"@type\":\"WebSite\",\"@id\":\"https:\/\/www.gintaresgeles.lt\/en\/#website\",\"url\":\"https:\/\/www.gintaresgeles.lt\/en\/\",\"name\":\"Gintares Geles\",\"description\":\"Flower delivery in Vilnius | Same-day delivery | Gintares geles\",\"potentialAction\":[{\"@type\":\"SearchAction\",\"target\":{\"@type\":\"EntryPoint\",\"urlTemplate\":\"https:\/\/www.gintaresgeles.lt\/en\/?s={search_term_string}\"},\"query-input\":{\"@type\":\"PropertyValueSpecification\",\"valueRequired\":true,\"valueName\":\"search_term_string\"}}],\"inLanguage\":\"en-US\"}]}<\/script>\n<!-- \/ Yoast SEO plugin. -->","yoast_head_json":{"title":"Rubber helium balloon \u201eDove\u201c | Gintar\u0117s G\u0117l\u0117s","description":"White helium balloons with a golden dove (30 cm). Suitable for communions and christenings. Helium balloons \u2014 an eco-friendly choice.","robots":{"index":"index","follow":"follow","max-snippet":"max-snippet:-1","max-image-preview":"max-image-preview:large","max-video-preview":"max-video-preview:-1"},"canonical":"https:\/\/www.gintaresgeles.lt\/en\/puokste\/rubber-helium-balloon-dove\/","og_locale":"en_US","og_type":"article","og_title":"Rubber helium balloon \u201eDove\u201c | Gintar\u0117s G\u0117l\u0117s","og_description":"White helium balloons with a golden dove (30 cm). Suitable for communions and christenings. Helium balloons \u2014 an eco-friendly choice.","og_url":"https:\/\/www.gintaresgeles.lt\/en\/puokste\/rubber-helium-balloon-dove\/","og_site_name":"gintaresgeles.lt","og_image":[{"width":900,"height":900,"url":"https:\/\/www.gintaresgeles.lt\/wp-content\/uploads\/2025\/06\/Komunijos-ar-krikstynu-ar-vestuviu-balionas.png","type":"image\/png"}],"twitter_card":"summary_large_image","schema":{"@context":"https:\/\/schema.org","@graph":[{"@type":"WebPage","@id":"https:\/\/www.gintaresgeles.lt\/en\/puokste\/rubber-helium-balloon-dove\/","url":"https:\/\/www.gintaresgeles.lt\/en\/puokste\/rubber-helium-balloon-dove\/","name":"Rubber helium balloon \u201eDove\u201c | Gintar\u0117s G\u0117l\u0117s","isPartOf":{"@id":"https:\/\/www.gintaresgeles.lt\/en\/#website"},"primaryImageOfPage":{"@id":"https:\/\/www.gintaresgeles.lt\/en\/puokste\/rubber-helium-balloon-dove\/#primaryimage"},"image":{"@id":"https:\/\/www.gintaresgeles.lt\/en\/puokste\/rubber-helium-balloon-dove\/#primaryimage"},"thumbnailUrl":"https:\/\/www.gintaresgeles.lt\/wp-content\/uploads\/2025\/06\/Komunijos-ar-krikstynu-ar-vestuviu-balionas.png","datePublished":"2025-07-05T06:26:35+00:00","description":"White helium balloons with a golden dove (30 cm). Suitable for communions and christenings. Helium balloons \u2014 an eco-friendly choice.","breadcrumb":{"@id":"https:\/\/www.gintaresgeles.lt\/en\/puokste\/rubber-helium-balloon-dove\/#breadcrumb"},"inLanguage":"en-US","potentialAction":[{"@type":"ReadAction","target":["https:\/\/www.gintaresgeles.lt\/en\/puokste\/rubber-helium-balloon-dove\/"]}]},{"@type":"ImageObject","inLanguage":"en-US","@id":"https:\/\/www.gintaresgeles.lt\/en\/puokste\/rubber-helium-balloon-dove\/#primaryimage","url":"https:\/\/www.gintaresgeles.lt\/wp-content\/uploads\/2025\/06\/Komunijos-ar-krikstynu-ar-vestuviu-balionas.png","contentUrl":"https:\/\/www.gintaresgeles.lt\/wp-content\/uploads\/2025\/06\/Komunijos-ar-krikstynu-ar-vestuviu-balionas.png","width":900,"height":900,"caption":"Baltas guminis balionas su auksiniu baland\u017eiu svarbioms \u0161vent\u0117ms"},{"@type":"BreadcrumbList","@id":"https:\/\/www.gintaresgeles.lt\/en\/puokste\/rubber-helium-balloon-dove\/#breadcrumb","itemListElement":[{"@type":"ListItem","position":1,"name":"Prad\u017eia","item":"https:\/\/www.gintaresgeles.lt\/en\/"},{"@type":"ListItem","position":2,"name":"All flowers and other products","item":"https:\/\/www.gintaresgeles.lt\/en\/all-flowers-and-other-products\/"},{"@type":"ListItem","position":3,"name":"Rubber helium balloon \u201eDove\u201c"}]},{"@type":"WebSite","@id":"https:\/\/www.gintaresgeles.lt\/en\/#website","url":"https:\/\/www.gintaresgeles.lt\/en\/","name":"Gintares Geles","description":"Flower delivery in Vilnius | Same-day delivery | Gintares geles","potentialAction":[{"@type":"SearchAction","target":{"@type":"EntryPoint","urlTemplate":"https:\/\/www.gintaresgeles.lt\/en\/?s={search_term_string}"},"query-input":{"@type":"PropertyValueSpecification","valueRequired":true,"valueName":"search_term_string"}}],"inLanguage":"en-US"}]}},"_links":{"self":[{"href":"https:\/\/www.gintaresgeles.lt\/en\/wp-json\/wp\/v2\/product\/56124","targetHints":{"allow":["GET"]}}],"collection":[{"href":"https:\/\/www.gintaresgeles.lt\/en\/wp-json\/wp\/v2\/product"}],"about":[{"href":"https:\/\/www.gintaresgeles.lt\/en\/wp-json\/wp\/v2\/types\/product"}],"wp:featuredmedia":[{"embeddable":true,"href":"https:\/\/www.gintaresgeles.lt\/en\/wp-json\/wp\/v2\/media\/55969"}],"wp:attachment":[{"href":"https:\/\/www.gintaresgeles.lt\/en\/wp-json\/wp\/v2\/media?parent=56124"}],"wp:term":[{"taxonomy":"product_brand","embeddable":true,"href":"https:\/\/www.gintaresgeles.lt\/en\/wp-json\/wp\/v2\/product_brand?post=56124"},{"taxonomy":"product_cat","embeddable":true,"href":"https:\/\/www.gintaresgeles.lt\/en\/wp-json\/wp\/v2\/product_cat?post=56124"},{"taxonomy":"product_tag","embeddable":true,"href":"https:\/\/www.gintaresgeles.lt\/en\/wp-json\/wp\/v2\/product_tag?post=56124"}],"curies":[{"name":"wp","href":"https:\/\/api.w.org\/{rel}","templated":true}]}}