{"id":56144,"date":"2025-07-05T14:47:48","date_gmt":"2025-07-05T11:47:48","guid":{"rendered":"https:\/\/www.gintaresgeles.lt\/puokste\/flower-bouquet-silk-flowers\/"},"modified":"2025-07-05T14:47:48","modified_gmt":"2025-07-05T11:47:48","slug":"flower-bouquet-silk-flowers","status":"publish","type":"product","link":"https:\/\/www.gintaresgeles.lt\/en\/puokste\/flower-bouquet-silk-flowers\/","title":{"rendered":"Flower bouquet \u201eSilk Flowers\u201c"},"content":{"rendered":"","protected":false},"excerpt":{"rendered":"<p>A combination of softness, beauty, and lightness \u2013 \u201eSilk Flowers\u201c.<br data-start=\"170\" data-end=\"173\" \/>This elegant flower bouquet is created from lavender-colored roses, delicate pink spray roses, and fluffy chrysanthemums, evoking the impression of silk-like lightness. Subtle decorative greenery, tinted in pastel shades, adds a touch of modern freshness.<\/p>\n","protected":false},"featured_media":56133,"template":"","meta":[],"product_brand":[],"product_cat":[261,260,259,252,266,265,256,253,2157,2184,2183,257,428,262,263,264,243,268,2179,238],"product_tag":[],"class_list":{"0":"post-56144","1":"product","2":"type-product","3":"status-publish","4":"has-post-thumbnail","6":"product_cat-birthday-bouquets","7":"product_cat-birthday-flowers","8":"product_cat-flowers-by-occasion","9":"product_cat-flowers-by-recipient","10":"product_cat-flowers-by-style","11":"product_cat-flowers-by-type","12":"product_cat-flowers-for-girlfriend","13":"product_cat-flowers-for-mom","14":"product_cat-september-1","15":"product_cat-flowers-for-teachers-day","16":"product_cat-flowers-for-teachers","17":"product_cat-flowers-for-women","18":"product_cat-jubilee-flowers","19":"product_cat-march8th-flowers","20":"product_cat-mothers-day-flowers","21":"product_cat-valentines-day-flowers","22":"product_cat-chrysanthemums","23":"product_cat-flower-bouquets","24":"product_cat-flowers-in-exclusive-packaging","25":"product_cat-roses","26":"tm-has-options","28":"first","29":"instock","30":"taxable","31":"shipping-taxable","32":"purchasable","33":"product-type-simple"},"yoast_head":"<!-- This site is optimized with the Yoast SEO plugin v25.3 - https:\/\/yoast.com\/wordpress\/plugins\/seo\/ -->\n<title>Flower bouquet \u201eSilk Flowers\u201c | Gintar\u0117&#039;s Flowers<\/title>\n<meta name=\"description\" content=\"\u201eSilk Flowers\u201c \u2013 a delicate bouquet of pastel roses and chrysanthemums with artificial greenery. A subtle, elegant gift for special occasions.\" \/>\n<meta name=\"robots\" content=\"index, follow, max-snippet:-1, max-image-preview:large, max-video-preview:-1\" \/>\n<link rel=\"canonical\" href=\"https:\/\/www.gintaresgeles.lt\/en\/puokste\/flower-bouquet-silk-flowers\/\" \/>\n<meta property=\"og:locale\" content=\"en_US\" \/>\n<meta property=\"og:type\" content=\"article\" \/>\n<meta property=\"og:title\" content=\"Flower bouquet \u201eSilk Flowers\u201c | Gintar\u0117&#039;s Flowers\" \/>\n<meta property=\"og:description\" content=\"\u201eSilk Flowers\u201c \u2013 a delicate bouquet of pastel roses and chrysanthemums with artificial greenery. A subtle, elegant gift for special occasions.\" \/>\n<meta property=\"og:url\" content=\"https:\/\/www.gintaresgeles.lt\/en\/puokste\/flower-bouquet-silk-flowers\/\" \/>\n<meta property=\"og:site_name\" content=\"gintaresgeles.lt\" \/>\n<meta property=\"og:image\" content=\"https:\/\/www.gintaresgeles.lt\/wp-content\/uploads\/2025\/07\/geliu-puokste-silko-gele-geles-gimtadienio-proga-scaled.jpg\" \/>\n\t<meta property=\"og:image:width\" content=\"2560\" \/>\n\t<meta property=\"og:image:height\" content=\"2560\" \/>\n\t<meta property=\"og:image:type\" content=\"image\/jpeg\" \/>\n<meta name=\"twitter:card\" content=\"summary_large_image\" \/>\n<script type=\"application\/ld+json\" class=\"yoast-schema-graph\">{\"@context\":\"https:\/\/schema.org\",\"@graph\":[{\"@type\":\"WebPage\",\"@id\":\"https:\/\/www.gintaresgeles.lt\/en\/puokste\/flower-bouquet-silk-flowers\/\",\"url\":\"https:\/\/www.gintaresgeles.lt\/en\/puokste\/flower-bouquet-silk-flowers\/\",\"name\":\"Flower bouquet \u201eSilk Flowers\u201c | Gintar\u0117's Flowers\",\"isPartOf\":{\"@id\":\"https:\/\/www.gintaresgeles.lt\/en\/#website\"},\"primaryImageOfPage\":{\"@id\":\"https:\/\/www.gintaresgeles.lt\/en\/puokste\/flower-bouquet-silk-flowers\/#primaryimage\"},\"image\":{\"@id\":\"https:\/\/www.gintaresgeles.lt\/en\/puokste\/flower-bouquet-silk-flowers\/#primaryimage\"},\"thumbnailUrl\":\"https:\/\/www.gintaresgeles.lt\/wp-content\/uploads\/2025\/07\/geliu-puokste-silko-gele-geles-gimtadienio-proga-scaled.jpg\",\"datePublished\":\"2025-07-05T11:47:48+00:00\",\"description\":\"\u201eSilk Flowers\u201c \u2013 a delicate bouquet of pastel roses and chrysanthemums with artificial greenery. A subtle, elegant gift for special occasions.\",\"breadcrumb\":{\"@id\":\"https:\/\/www.gintaresgeles.lt\/en\/puokste\/flower-bouquet-silk-flowers\/#breadcrumb\"},\"inLanguage\":\"en-US\",\"potentialAction\":[{\"@type\":\"ReadAction\",\"target\":[\"https:\/\/www.gintaresgeles.lt\/en\/puokste\/flower-bouquet-silk-flowers\/\"]}]},{\"@type\":\"ImageObject\",\"inLanguage\":\"en-US\",\"@id\":\"https:\/\/www.gintaresgeles.lt\/en\/puokste\/flower-bouquet-silk-flowers\/#primaryimage\",\"url\":\"https:\/\/www.gintaresgeles.lt\/wp-content\/uploads\/2025\/07\/geliu-puokste-silko-gele-geles-gimtadienio-proga-scaled.jpg\",\"contentUrl\":\"https:\/\/www.gintaresgeles.lt\/wp-content\/uploads\/2025\/07\/geliu-puokste-silko-gele-geles-gimtadienio-proga-scaled.jpg\",\"width\":2560,\"height\":2560,\"caption\":\"G\u0117l\u0117s puok\u0161t\u0117je i\u0161skirtiniame \u012fpakavime \u0161velni\u0173 spalv\u0173\"},{\"@type\":\"BreadcrumbList\",\"@id\":\"https:\/\/www.gintaresgeles.lt\/en\/puokste\/flower-bouquet-silk-flowers\/#breadcrumb\",\"itemListElement\":[{\"@type\":\"ListItem\",\"position\":1,\"name\":\"Prad\u017eia\",\"item\":\"https:\/\/www.gintaresgeles.lt\/en\/\"},{\"@type\":\"ListItem\",\"position\":2,\"name\":\"All flowers and other products\",\"item\":\"https:\/\/www.gintaresgeles.lt\/en\/all-flowers-and-other-products\/\"},{\"@type\":\"ListItem\",\"position\":3,\"name\":\"Flower bouquet \u201eSilk Flowers\u201c\"}]},{\"@type\":\"WebSite\",\"@id\":\"https:\/\/www.gintaresgeles.lt\/en\/#website\",\"url\":\"https:\/\/www.gintaresgeles.lt\/en\/\",\"name\":\"gintaresgeles.lt\",\"description\":\"G\u0117li\u0173 parduotuv\u0117 internete\",\"potentialAction\":[{\"@type\":\"SearchAction\",\"target\":{\"@type\":\"EntryPoint\",\"urlTemplate\":\"https:\/\/www.gintaresgeles.lt\/en\/?s={search_term_string}\"},\"query-input\":{\"@type\":\"PropertyValueSpecification\",\"valueRequired\":true,\"valueName\":\"search_term_string\"}}],\"inLanguage\":\"en-US\"}]}<\/script>\n<!-- \/ Yoast SEO plugin. -->","yoast_head_json":{"title":"Flower bouquet \u201eSilk Flowers\u201c | Gintar\u0117's Flowers","description":"\u201eSilk Flowers\u201c \u2013 a delicate bouquet of pastel roses and chrysanthemums with artificial greenery. A subtle, elegant gift for special occasions.","robots":{"index":"index","follow":"follow","max-snippet":"max-snippet:-1","max-image-preview":"max-image-preview:large","max-video-preview":"max-video-preview:-1"},"canonical":"https:\/\/www.gintaresgeles.lt\/en\/puokste\/flower-bouquet-silk-flowers\/","og_locale":"en_US","og_type":"article","og_title":"Flower bouquet \u201eSilk Flowers\u201c | Gintar\u0117's Flowers","og_description":"\u201eSilk Flowers\u201c \u2013 a delicate bouquet of pastel roses and chrysanthemums with artificial greenery. A subtle, elegant gift for special occasions.","og_url":"https:\/\/www.gintaresgeles.lt\/en\/puokste\/flower-bouquet-silk-flowers\/","og_site_name":"gintaresgeles.lt","og_image":[{"width":2560,"height":2560,"url":"https:\/\/www.gintaresgeles.lt\/wp-content\/uploads\/2025\/07\/geliu-puokste-silko-gele-geles-gimtadienio-proga-scaled.jpg","type":"image\/jpeg"}],"twitter_card":"summary_large_image","schema":{"@context":"https:\/\/schema.org","@graph":[{"@type":"WebPage","@id":"https:\/\/www.gintaresgeles.lt\/en\/puokste\/flower-bouquet-silk-flowers\/","url":"https:\/\/www.gintaresgeles.lt\/en\/puokste\/flower-bouquet-silk-flowers\/","name":"Flower bouquet \u201eSilk Flowers\u201c | Gintar\u0117's Flowers","isPartOf":{"@id":"https:\/\/www.gintaresgeles.lt\/en\/#website"},"primaryImageOfPage":{"@id":"https:\/\/www.gintaresgeles.lt\/en\/puokste\/flower-bouquet-silk-flowers\/#primaryimage"},"image":{"@id":"https:\/\/www.gintaresgeles.lt\/en\/puokste\/flower-bouquet-silk-flowers\/#primaryimage"},"thumbnailUrl":"https:\/\/www.gintaresgeles.lt\/wp-content\/uploads\/2025\/07\/geliu-puokste-silko-gele-geles-gimtadienio-proga-scaled.jpg","datePublished":"2025-07-05T11:47:48+00:00","description":"\u201eSilk Flowers\u201c \u2013 a delicate bouquet of pastel roses and chrysanthemums with artificial greenery. A subtle, elegant gift for special occasions.","breadcrumb":{"@id":"https:\/\/www.gintaresgeles.lt\/en\/puokste\/flower-bouquet-silk-flowers\/#breadcrumb"},"inLanguage":"en-US","potentialAction":[{"@type":"ReadAction","target":["https:\/\/www.gintaresgeles.lt\/en\/puokste\/flower-bouquet-silk-flowers\/"]}]},{"@type":"ImageObject","inLanguage":"en-US","@id":"https:\/\/www.gintaresgeles.lt\/en\/puokste\/flower-bouquet-silk-flowers\/#primaryimage","url":"https:\/\/www.gintaresgeles.lt\/wp-content\/uploads\/2025\/07\/geliu-puokste-silko-gele-geles-gimtadienio-proga-scaled.jpg","contentUrl":"https:\/\/www.gintaresgeles.lt\/wp-content\/uploads\/2025\/07\/geliu-puokste-silko-gele-geles-gimtadienio-proga-scaled.jpg","width":2560,"height":2560,"caption":"G\u0117l\u0117s puok\u0161t\u0117je i\u0161skirtiniame \u012fpakavime \u0161velni\u0173 spalv\u0173"},{"@type":"BreadcrumbList","@id":"https:\/\/www.gintaresgeles.lt\/en\/puokste\/flower-bouquet-silk-flowers\/#breadcrumb","itemListElement":[{"@type":"ListItem","position":1,"name":"Prad\u017eia","item":"https:\/\/www.gintaresgeles.lt\/en\/"},{"@type":"ListItem","position":2,"name":"All flowers and other products","item":"https:\/\/www.gintaresgeles.lt\/en\/all-flowers-and-other-products\/"},{"@type":"ListItem","position":3,"name":"Flower bouquet \u201eSilk Flowers\u201c"}]},{"@type":"WebSite","@id":"https:\/\/www.gintaresgeles.lt\/en\/#website","url":"https:\/\/www.gintaresgeles.lt\/en\/","name":"gintaresgeles.lt","description":"G\u0117li\u0173 parduotuv\u0117 internete","potentialAction":[{"@type":"SearchAction","target":{"@type":"EntryPoint","urlTemplate":"https:\/\/www.gintaresgeles.lt\/en\/?s={search_term_string}"},"query-input":{"@type":"PropertyValueSpecification","valueRequired":true,"valueName":"search_term_string"}}],"inLanguage":"en-US"}]}},"_links":{"self":[{"href":"https:\/\/www.gintaresgeles.lt\/en\/wp-json\/wp\/v2\/product\/56144","targetHints":{"allow":["GET"]}}],"collection":[{"href":"https:\/\/www.gintaresgeles.lt\/en\/wp-json\/wp\/v2\/product"}],"about":[{"href":"https:\/\/www.gintaresgeles.lt\/en\/wp-json\/wp\/v2\/types\/product"}],"wp:featuredmedia":[{"embeddable":true,"href":"https:\/\/www.gintaresgeles.lt\/en\/wp-json\/wp\/v2\/media\/56133"}],"wp:attachment":[{"href":"https:\/\/www.gintaresgeles.lt\/en\/wp-json\/wp\/v2\/media?parent=56144"}],"wp:term":[{"taxonomy":"product_brand","embeddable":true,"href":"https:\/\/www.gintaresgeles.lt\/en\/wp-json\/wp\/v2\/product_brand?post=56144"},{"taxonomy":"product_cat","embeddable":true,"href":"https:\/\/www.gintaresgeles.lt\/en\/wp-json\/wp\/v2\/product_cat?post=56144"},{"taxonomy":"product_tag","embeddable":true,"href":"https:\/\/www.gintaresgeles.lt\/en\/wp-json\/wp\/v2\/product_tag?post=56144"}],"curies":[{"name":"wp","href":"https:\/\/api.w.org\/{rel}","templated":true}]}}