{"id":56162,"date":"2025-07-05T16:43:29","date_gmt":"2025-07-05T13:43:29","guid":{"rendered":"https:\/\/www.gintaresgeles.lt\/puokste\/walking-helium-balloon-hedgehog\/"},"modified":"2025-07-16T17:07:50","modified_gmt":"2025-07-16T14:07:50","slug":"walking-helium-balloon-hedgehog","status":"publish","type":"product","link":"https:\/\/www.gintaresgeles.lt\/en\/puokste\/walking-helium-balloon-hedgehog\/","title":{"rendered":"Walking helium balloon \u201eHedgehog\u201c"},"content":{"rendered":"","protected":false},"excerpt":{"rendered":"<p data-start=\"74\" data-end=\"332\">This playful walking helium balloon featuring a hedgehog design is a perfect choice for children\u2019s celebrations.<br data-start=\"186\" data-end=\"189\" \/>The balloon moves and spins, bringing laughter and joy to kids.<br data-start=\"252\" data-end=\"255\" \/>Easily adaptable for various occasions and pairs well with other decorations.<\/p>\n<p data-start=\"334\" data-end=\"390\">Walking helium balloon \u201eHedgehog\u201c size \u2013 51 \u00d7 37 cm.<\/p>\n","protected":false},"featured_media":55017,"template":"","meta":[],"product_brand":[],"product_cat":[270,1956,894,2199],"product_tag":[],"class_list":{"0":"post-56162","1":"product","2":"type-product","3":"status-publish","4":"has-post-thumbnail","6":"product_cat-helium-balloons","7":"product_cat-foil-helium-balloons","8":"product_cat-helium-balloons-for-kids","9":"product_cat-walking","10":"tm-has-options","12":"first","13":"instock","14":"taxable","15":"shipping-taxable","16":"purchasable","17":"product-type-simple"},"yoast_head":"<!-- This site is optimized with the Yoast SEO plugin v25.3 - https:\/\/yoast.com\/wordpress\/plugins\/seo\/ -->\n<title>Walking helium balloon \u201eHedgehog\u201c | Gintar\u0117s G\u0117l\u0117s<\/title>\n<meta name=\"description\" content=\"A walking helium balloon featuring a hedgehog design, perfect for children\u2019s parties and themed celebrations. Order now!\" \/>\n<meta name=\"robots\" content=\"index, follow, max-snippet:-1, max-image-preview:large, max-video-preview:-1\" \/>\n<link rel=\"canonical\" href=\"https:\/\/www.gintaresgeles.lt\/en\/puokste\/walking-helium-balloon-hedgehog\/\" \/>\n<meta property=\"og:locale\" content=\"en_US\" \/>\n<meta property=\"og:type\" content=\"article\" \/>\n<meta property=\"og:title\" content=\"Walking helium balloon \u201eHedgehog\u201c | Gintar\u0117s G\u0117l\u0117s\" \/>\n<meta property=\"og:description\" content=\"A walking helium balloon featuring a hedgehog design, perfect for children\u2019s parties and themed celebrations. Order now!\" \/>\n<meta property=\"og:url\" content=\"https:\/\/www.gintaresgeles.lt\/en\/puokste\/walking-helium-balloon-hedgehog\/\" \/>\n<meta property=\"og:site_name\" content=\"gintaresgeles.lt\" \/>\n<meta property=\"article:modified_time\" content=\"2025-07-16T14:07:50+00:00\" \/>\n<meta property=\"og:image\" content=\"https:\/\/www.gintaresgeles.lt\/wp-content\/uploads\/2025\/04\/Vaiksciojantis-mielas-eziukas.jpg\" \/>\n\t<meta property=\"og:image:width\" content=\"768\" \/>\n\t<meta property=\"og:image:height\" content=\"768\" \/>\n\t<meta property=\"og:image:type\" content=\"image\/jpeg\" \/>\n<meta name=\"twitter:card\" content=\"summary_large_image\" \/>\n<script type=\"application\/ld+json\" class=\"yoast-schema-graph\">{\"@context\":\"https:\/\/schema.org\",\"@graph\":[{\"@type\":\"WebPage\",\"@id\":\"https:\/\/www.gintaresgeles.lt\/en\/puokste\/walking-helium-balloon-hedgehog\/\",\"url\":\"https:\/\/www.gintaresgeles.lt\/en\/puokste\/walking-helium-balloon-hedgehog\/\",\"name\":\"Walking helium balloon \u201eHedgehog\u201c | Gintar\u0117s G\u0117l\u0117s\",\"isPartOf\":{\"@id\":\"https:\/\/www.gintaresgeles.lt\/en\/#website\"},\"primaryImageOfPage\":{\"@id\":\"https:\/\/www.gintaresgeles.lt\/en\/puokste\/walking-helium-balloon-hedgehog\/#primaryimage\"},\"image\":{\"@id\":\"https:\/\/www.gintaresgeles.lt\/en\/puokste\/walking-helium-balloon-hedgehog\/#primaryimage\"},\"thumbnailUrl\":\"https:\/\/www.gintaresgeles.lt\/wp-content\/uploads\/2025\/04\/Vaiksciojantis-mielas-eziukas.jpg\",\"datePublished\":\"2025-07-05T13:43:29+00:00\",\"dateModified\":\"2025-07-16T14:07:50+00:00\",\"description\":\"A walking helium balloon featuring a hedgehog design, perfect for children\u2019s parties and themed celebrations. Order now!\",\"breadcrumb\":{\"@id\":\"https:\/\/www.gintaresgeles.lt\/en\/puokste\/walking-helium-balloon-hedgehog\/#breadcrumb\"},\"inLanguage\":\"en-US\",\"potentialAction\":[{\"@type\":\"ReadAction\",\"target\":[\"https:\/\/www.gintaresgeles.lt\/en\/puokste\/walking-helium-balloon-hedgehog\/\"]}]},{\"@type\":\"ImageObject\",\"inLanguage\":\"en-US\",\"@id\":\"https:\/\/www.gintaresgeles.lt\/en\/puokste\/walking-helium-balloon-hedgehog\/#primaryimage\",\"url\":\"https:\/\/www.gintaresgeles.lt\/wp-content\/uploads\/2025\/04\/Vaiksciojantis-mielas-eziukas.jpg\",\"contentUrl\":\"https:\/\/www.gintaresgeles.lt\/wp-content\/uploads\/2025\/04\/Vaiksciojantis-mielas-eziukas.jpg\",\"width\":768,\"height\":768,\"caption\":\"Ore nesklandantis e\u017eiuko formos gyv\u016bn\u0117lis\"},{\"@type\":\"BreadcrumbList\",\"@id\":\"https:\/\/www.gintaresgeles.lt\/en\/puokste\/walking-helium-balloon-hedgehog\/#breadcrumb\",\"itemListElement\":[{\"@type\":\"ListItem\",\"position\":1,\"name\":\"Prad\u017eia\",\"item\":\"https:\/\/www.gintaresgeles.lt\/en\/\"},{\"@type\":\"ListItem\",\"position\":2,\"name\":\"All flowers and other products\",\"item\":\"https:\/\/www.gintaresgeles.lt\/en\/all-flowers-and-other-products\/\"},{\"@type\":\"ListItem\",\"position\":3,\"name\":\"Walking helium balloon \u201eHedgehog\u201c\"}]},{\"@type\":\"WebSite\",\"@id\":\"https:\/\/www.gintaresgeles.lt\/en\/#website\",\"url\":\"https:\/\/www.gintaresgeles.lt\/en\/\",\"name\":\"Gintares Geles\",\"description\":\"Flower delivery in Vilnius | Same-day delivery | Gintares geles\",\"potentialAction\":[{\"@type\":\"SearchAction\",\"target\":{\"@type\":\"EntryPoint\",\"urlTemplate\":\"https:\/\/www.gintaresgeles.lt\/en\/?s={search_term_string}\"},\"query-input\":{\"@type\":\"PropertyValueSpecification\",\"valueRequired\":true,\"valueName\":\"search_term_string\"}}],\"inLanguage\":\"en-US\"}]}<\/script>\n<!-- \/ Yoast SEO plugin. -->","yoast_head_json":{"title":"Walking helium balloon \u201eHedgehog\u201c | Gintar\u0117s G\u0117l\u0117s","description":"A walking helium balloon featuring a hedgehog design, perfect for children\u2019s parties and themed celebrations. Order now!","robots":{"index":"index","follow":"follow","max-snippet":"max-snippet:-1","max-image-preview":"max-image-preview:large","max-video-preview":"max-video-preview:-1"},"canonical":"https:\/\/www.gintaresgeles.lt\/en\/puokste\/walking-helium-balloon-hedgehog\/","og_locale":"en_US","og_type":"article","og_title":"Walking helium balloon \u201eHedgehog\u201c | Gintar\u0117s G\u0117l\u0117s","og_description":"A walking helium balloon featuring a hedgehog design, perfect for children\u2019s parties and themed celebrations. Order now!","og_url":"https:\/\/www.gintaresgeles.lt\/en\/puokste\/walking-helium-balloon-hedgehog\/","og_site_name":"gintaresgeles.lt","article_modified_time":"2025-07-16T14:07:50+00:00","og_image":[{"width":768,"height":768,"url":"https:\/\/www.gintaresgeles.lt\/wp-content\/uploads\/2025\/04\/Vaiksciojantis-mielas-eziukas.jpg","type":"image\/jpeg"}],"twitter_card":"summary_large_image","schema":{"@context":"https:\/\/schema.org","@graph":[{"@type":"WebPage","@id":"https:\/\/www.gintaresgeles.lt\/en\/puokste\/walking-helium-balloon-hedgehog\/","url":"https:\/\/www.gintaresgeles.lt\/en\/puokste\/walking-helium-balloon-hedgehog\/","name":"Walking helium balloon \u201eHedgehog\u201c | Gintar\u0117s G\u0117l\u0117s","isPartOf":{"@id":"https:\/\/www.gintaresgeles.lt\/en\/#website"},"primaryImageOfPage":{"@id":"https:\/\/www.gintaresgeles.lt\/en\/puokste\/walking-helium-balloon-hedgehog\/#primaryimage"},"image":{"@id":"https:\/\/www.gintaresgeles.lt\/en\/puokste\/walking-helium-balloon-hedgehog\/#primaryimage"},"thumbnailUrl":"https:\/\/www.gintaresgeles.lt\/wp-content\/uploads\/2025\/04\/Vaiksciojantis-mielas-eziukas.jpg","datePublished":"2025-07-05T13:43:29+00:00","dateModified":"2025-07-16T14:07:50+00:00","description":"A walking helium balloon featuring a hedgehog design, perfect for children\u2019s parties and themed celebrations. Order now!","breadcrumb":{"@id":"https:\/\/www.gintaresgeles.lt\/en\/puokste\/walking-helium-balloon-hedgehog\/#breadcrumb"},"inLanguage":"en-US","potentialAction":[{"@type":"ReadAction","target":["https:\/\/www.gintaresgeles.lt\/en\/puokste\/walking-helium-balloon-hedgehog\/"]}]},{"@type":"ImageObject","inLanguage":"en-US","@id":"https:\/\/www.gintaresgeles.lt\/en\/puokste\/walking-helium-balloon-hedgehog\/#primaryimage","url":"https:\/\/www.gintaresgeles.lt\/wp-content\/uploads\/2025\/04\/Vaiksciojantis-mielas-eziukas.jpg","contentUrl":"https:\/\/www.gintaresgeles.lt\/wp-content\/uploads\/2025\/04\/Vaiksciojantis-mielas-eziukas.jpg","width":768,"height":768,"caption":"Ore nesklandantis e\u017eiuko formos gyv\u016bn\u0117lis"},{"@type":"BreadcrumbList","@id":"https:\/\/www.gintaresgeles.lt\/en\/puokste\/walking-helium-balloon-hedgehog\/#breadcrumb","itemListElement":[{"@type":"ListItem","position":1,"name":"Prad\u017eia","item":"https:\/\/www.gintaresgeles.lt\/en\/"},{"@type":"ListItem","position":2,"name":"All flowers and other products","item":"https:\/\/www.gintaresgeles.lt\/en\/all-flowers-and-other-products\/"},{"@type":"ListItem","position":3,"name":"Walking helium balloon \u201eHedgehog\u201c"}]},{"@type":"WebSite","@id":"https:\/\/www.gintaresgeles.lt\/en\/#website","url":"https:\/\/www.gintaresgeles.lt\/en\/","name":"Gintares Geles","description":"Flower delivery in Vilnius | Same-day delivery | Gintares geles","potentialAction":[{"@type":"SearchAction","target":{"@type":"EntryPoint","urlTemplate":"https:\/\/www.gintaresgeles.lt\/en\/?s={search_term_string}"},"query-input":{"@type":"PropertyValueSpecification","valueRequired":true,"valueName":"search_term_string"}}],"inLanguage":"en-US"}]}},"_links":{"self":[{"href":"https:\/\/www.gintaresgeles.lt\/en\/wp-json\/wp\/v2\/product\/56162","targetHints":{"allow":["GET"]}}],"collection":[{"href":"https:\/\/www.gintaresgeles.lt\/en\/wp-json\/wp\/v2\/product"}],"about":[{"href":"https:\/\/www.gintaresgeles.lt\/en\/wp-json\/wp\/v2\/types\/product"}],"wp:featuredmedia":[{"embeddable":true,"href":"https:\/\/www.gintaresgeles.lt\/en\/wp-json\/wp\/v2\/media\/55017"}],"wp:attachment":[{"href":"https:\/\/www.gintaresgeles.lt\/en\/wp-json\/wp\/v2\/media?parent=56162"}],"wp:term":[{"taxonomy":"product_brand","embeddable":true,"href":"https:\/\/www.gintaresgeles.lt\/en\/wp-json\/wp\/v2\/product_brand?post=56162"},{"taxonomy":"product_cat","embeddable":true,"href":"https:\/\/www.gintaresgeles.lt\/en\/wp-json\/wp\/v2\/product_cat?post=56162"},{"taxonomy":"product_tag","embeddable":true,"href":"https:\/\/www.gintaresgeles.lt\/en\/wp-json\/wp\/v2\/product_tag?post=56162"}],"curies":[{"name":"wp","href":"https:\/\/api.w.org\/{rel}","templated":true}]}}