{"id":56163,"date":"2025-07-05T16:47:39","date_gmt":"2025-07-05T13:47:39","guid":{"rendered":"https:\/\/www.gintaresgeles.lt\/puokste\/foil-helium-balloon-shining-birthday-accent\/"},"modified":"2025-07-05T16:47:39","modified_gmt":"2025-07-05T13:47:39","slug":"foil-helium-balloon-shining-birthday-accent","status":"publish","type":"product","link":"https:\/\/www.gintaresgeles.lt\/en\/puokste\/foil-helium-balloon-shining-birthday-accent\/","title":{"rendered":"Foil helium balloon \u201eShining Birthday Accent\u201c"},"content":{"rendered":"","protected":false},"excerpt":{"rendered":"<p data-start=\"74\" data-end=\"291\">This foil balloon with an elegant \u201eHappy Birthday\u201c inscription and glowing design will add a special sparkle and charm to your celebration.<br data-start=\"213\" data-end=\"216\" \/>Perfect for both children and adults who want to decorate a birthday party.<\/p>\n<p data-start=\"293\" data-end=\"326\">Approximate balloon size \u2013 46 cm.<\/p>\n","protected":false},"featured_media":54901,"template":"","meta":[],"product_brand":[],"product_cat":[270,1956,893],"product_tag":[],"class_list":{"0":"post-56163","1":"product","2":"type-product","3":"status-publish","4":"has-post-thumbnail","6":"product_cat-helium-balloons","7":"product_cat-foil-helium-balloons","8":"product_cat-helium-balloons-for-birthday","9":"tm-has-options","11":"first","12":"instock","13":"taxable","14":"shipping-taxable","15":"purchasable","16":"product-type-simple"},"yoast_head":"<!-- This site is optimized with the Yoast SEO plugin v25.3 - https:\/\/yoast.com\/wordpress\/plugins\/seo\/ -->\n<title>Foil helium balloon \u201eShining Birthday Accent\u201c | Breto<\/title>\n<meta name=\"description\" content=\"Foil helium balloon \u201eShining Birthday Accent\u201c \u2013 an elegant balloon with a \u201eHappy Birthday\u201c inscription, perfect for a girl, friend, or mom.\" \/>\n<meta name=\"robots\" content=\"index, follow, max-snippet:-1, max-image-preview:large, max-video-preview:-1\" \/>\n<link rel=\"canonical\" href=\"https:\/\/www.gintaresgeles.lt\/en\/puokste\/foil-helium-balloon-shining-birthday-accent\/\" \/>\n<meta property=\"og:locale\" content=\"en_US\" \/>\n<meta property=\"og:type\" content=\"article\" \/>\n<meta property=\"og:title\" content=\"Foil helium balloon \u201eShining Birthday Accent\u201c | Breto\" \/>\n<meta property=\"og:description\" content=\"Foil helium balloon \u201eShining Birthday Accent\u201c \u2013 an elegant balloon with a \u201eHappy Birthday\u201c inscription, perfect for a girl, friend, or mom.\" \/>\n<meta property=\"og:url\" content=\"https:\/\/www.gintaresgeles.lt\/en\/puokste\/foil-helium-balloon-shining-birthday-accent\/\" \/>\n<meta property=\"og:site_name\" content=\"gintaresgeles.lt\" \/>\n<meta property=\"og:image\" content=\"https:\/\/www.gintaresgeles.lt\/wp-content\/uploads\/2025\/04\/Pateliniu-spalvu-helio-balionas-gimtadienio-sveikinimams.jpg\" \/>\n\t<meta property=\"og:image:width\" content=\"1100\" \/>\n\t<meta property=\"og:image:height\" content=\"1102\" \/>\n\t<meta property=\"og:image:type\" content=\"image\/jpeg\" \/>\n<meta name=\"twitter:card\" content=\"summary_large_image\" \/>\n<script type=\"application\/ld+json\" class=\"yoast-schema-graph\">{\"@context\":\"https:\/\/schema.org\",\"@graph\":[{\"@type\":\"WebPage\",\"@id\":\"https:\/\/www.gintaresgeles.lt\/en\/puokste\/foil-helium-balloon-shining-birthday-accent\/\",\"url\":\"https:\/\/www.gintaresgeles.lt\/en\/puokste\/foil-helium-balloon-shining-birthday-accent\/\",\"name\":\"Foil helium balloon \u201eShining Birthday Accent\u201c | Breto\",\"isPartOf\":{\"@id\":\"https:\/\/www.gintaresgeles.lt\/en\/#website\"},\"primaryImageOfPage\":{\"@id\":\"https:\/\/www.gintaresgeles.lt\/en\/puokste\/foil-helium-balloon-shining-birthday-accent\/#primaryimage\"},\"image\":{\"@id\":\"https:\/\/www.gintaresgeles.lt\/en\/puokste\/foil-helium-balloon-shining-birthday-accent\/#primaryimage\"},\"thumbnailUrl\":\"https:\/\/www.gintaresgeles.lt\/wp-content\/uploads\/2025\/04\/Pateliniu-spalvu-helio-balionas-gimtadienio-sveikinimams.jpg\",\"datePublished\":\"2025-07-05T13:47:39+00:00\",\"description\":\"Foil helium balloon \u201eShining Birthday Accent\u201c \u2013 an elegant balloon with a \u201eHappy Birthday\u201c inscription, perfect for a girl, friend, or mom.\",\"breadcrumb\":{\"@id\":\"https:\/\/www.gintaresgeles.lt\/en\/puokste\/foil-helium-balloon-shining-birthday-accent\/#breadcrumb\"},\"inLanguage\":\"en-US\",\"potentialAction\":[{\"@type\":\"ReadAction\",\"target\":[\"https:\/\/www.gintaresgeles.lt\/en\/puokste\/foil-helium-balloon-shining-birthday-accent\/\"]}]},{\"@type\":\"ImageObject\",\"inLanguage\":\"en-US\",\"@id\":\"https:\/\/www.gintaresgeles.lt\/en\/puokste\/foil-helium-balloon-shining-birthday-accent\/#primaryimage\",\"url\":\"https:\/\/www.gintaresgeles.lt\/wp-content\/uploads\/2025\/04\/Pateliniu-spalvu-helio-balionas-gimtadienio-sveikinimams.jpg\",\"contentUrl\":\"https:\/\/www.gintaresgeles.lt\/wp-content\/uploads\/2025\/04\/Pateliniu-spalvu-helio-balionas-gimtadienio-sveikinimams.jpg\",\"width\":1100,\"height\":1102,\"caption\":\"Pastelini\u0173 spalv\u0173 apvalios formos helio balionas su gimtadienio palink\u0117jimu\"},{\"@type\":\"BreadcrumbList\",\"@id\":\"https:\/\/www.gintaresgeles.lt\/en\/puokste\/foil-helium-balloon-shining-birthday-accent\/#breadcrumb\",\"itemListElement\":[{\"@type\":\"ListItem\",\"position\":1,\"name\":\"Prad\u017eia\",\"item\":\"https:\/\/www.gintaresgeles.lt\/en\/\"},{\"@type\":\"ListItem\",\"position\":2,\"name\":\"All flowers and other products\",\"item\":\"https:\/\/www.gintaresgeles.lt\/en\/all-flowers-and-other-products\/\"},{\"@type\":\"ListItem\",\"position\":3,\"name\":\"Foil helium balloon \u201eShining Birthday Accent\u201c\"}]},{\"@type\":\"WebSite\",\"@id\":\"https:\/\/www.gintaresgeles.lt\/en\/#website\",\"url\":\"https:\/\/www.gintaresgeles.lt\/en\/\",\"name\":\"gintaresgeles.lt\",\"description\":\"G\u0117li\u0173 parduotuv\u0117 internete\",\"potentialAction\":[{\"@type\":\"SearchAction\",\"target\":{\"@type\":\"EntryPoint\",\"urlTemplate\":\"https:\/\/www.gintaresgeles.lt\/en\/?s={search_term_string}\"},\"query-input\":{\"@type\":\"PropertyValueSpecification\",\"valueRequired\":true,\"valueName\":\"search_term_string\"}}],\"inLanguage\":\"en-US\"}]}<\/script>\n<!-- \/ Yoast SEO plugin. -->","yoast_head_json":{"title":"Foil helium balloon \u201eShining Birthday Accent\u201c | Breto","description":"Foil helium balloon \u201eShining Birthday Accent\u201c \u2013 an elegant balloon with a \u201eHappy Birthday\u201c inscription, perfect for a girl, friend, or mom.","robots":{"index":"index","follow":"follow","max-snippet":"max-snippet:-1","max-image-preview":"max-image-preview:large","max-video-preview":"max-video-preview:-1"},"canonical":"https:\/\/www.gintaresgeles.lt\/en\/puokste\/foil-helium-balloon-shining-birthday-accent\/","og_locale":"en_US","og_type":"article","og_title":"Foil helium balloon \u201eShining Birthday Accent\u201c | Breto","og_description":"Foil helium balloon \u201eShining Birthday Accent\u201c \u2013 an elegant balloon with a \u201eHappy Birthday\u201c inscription, perfect for a girl, friend, or mom.","og_url":"https:\/\/www.gintaresgeles.lt\/en\/puokste\/foil-helium-balloon-shining-birthday-accent\/","og_site_name":"gintaresgeles.lt","og_image":[{"width":1100,"height":1102,"url":"https:\/\/www.gintaresgeles.lt\/wp-content\/uploads\/2025\/04\/Pateliniu-spalvu-helio-balionas-gimtadienio-sveikinimams.jpg","type":"image\/jpeg"}],"twitter_card":"summary_large_image","schema":{"@context":"https:\/\/schema.org","@graph":[{"@type":"WebPage","@id":"https:\/\/www.gintaresgeles.lt\/en\/puokste\/foil-helium-balloon-shining-birthday-accent\/","url":"https:\/\/www.gintaresgeles.lt\/en\/puokste\/foil-helium-balloon-shining-birthday-accent\/","name":"Foil helium balloon \u201eShining Birthday Accent\u201c | Breto","isPartOf":{"@id":"https:\/\/www.gintaresgeles.lt\/en\/#website"},"primaryImageOfPage":{"@id":"https:\/\/www.gintaresgeles.lt\/en\/puokste\/foil-helium-balloon-shining-birthday-accent\/#primaryimage"},"image":{"@id":"https:\/\/www.gintaresgeles.lt\/en\/puokste\/foil-helium-balloon-shining-birthday-accent\/#primaryimage"},"thumbnailUrl":"https:\/\/www.gintaresgeles.lt\/wp-content\/uploads\/2025\/04\/Pateliniu-spalvu-helio-balionas-gimtadienio-sveikinimams.jpg","datePublished":"2025-07-05T13:47:39+00:00","description":"Foil helium balloon \u201eShining Birthday Accent\u201c \u2013 an elegant balloon with a \u201eHappy Birthday\u201c inscription, perfect for a girl, friend, or mom.","breadcrumb":{"@id":"https:\/\/www.gintaresgeles.lt\/en\/puokste\/foil-helium-balloon-shining-birthday-accent\/#breadcrumb"},"inLanguage":"en-US","potentialAction":[{"@type":"ReadAction","target":["https:\/\/www.gintaresgeles.lt\/en\/puokste\/foil-helium-balloon-shining-birthday-accent\/"]}]},{"@type":"ImageObject","inLanguage":"en-US","@id":"https:\/\/www.gintaresgeles.lt\/en\/puokste\/foil-helium-balloon-shining-birthday-accent\/#primaryimage","url":"https:\/\/www.gintaresgeles.lt\/wp-content\/uploads\/2025\/04\/Pateliniu-spalvu-helio-balionas-gimtadienio-sveikinimams.jpg","contentUrl":"https:\/\/www.gintaresgeles.lt\/wp-content\/uploads\/2025\/04\/Pateliniu-spalvu-helio-balionas-gimtadienio-sveikinimams.jpg","width":1100,"height":1102,"caption":"Pastelini\u0173 spalv\u0173 apvalios formos helio balionas su gimtadienio palink\u0117jimu"},{"@type":"BreadcrumbList","@id":"https:\/\/www.gintaresgeles.lt\/en\/puokste\/foil-helium-balloon-shining-birthday-accent\/#breadcrumb","itemListElement":[{"@type":"ListItem","position":1,"name":"Prad\u017eia","item":"https:\/\/www.gintaresgeles.lt\/en\/"},{"@type":"ListItem","position":2,"name":"All flowers and other products","item":"https:\/\/www.gintaresgeles.lt\/en\/all-flowers-and-other-products\/"},{"@type":"ListItem","position":3,"name":"Foil helium balloon \u201eShining Birthday Accent\u201c"}]},{"@type":"WebSite","@id":"https:\/\/www.gintaresgeles.lt\/en\/#website","url":"https:\/\/www.gintaresgeles.lt\/en\/","name":"gintaresgeles.lt","description":"G\u0117li\u0173 parduotuv\u0117 internete","potentialAction":[{"@type":"SearchAction","target":{"@type":"EntryPoint","urlTemplate":"https:\/\/www.gintaresgeles.lt\/en\/?s={search_term_string}"},"query-input":{"@type":"PropertyValueSpecification","valueRequired":true,"valueName":"search_term_string"}}],"inLanguage":"en-US"}]}},"_links":{"self":[{"href":"https:\/\/www.gintaresgeles.lt\/en\/wp-json\/wp\/v2\/product\/56163","targetHints":{"allow":["GET"]}}],"collection":[{"href":"https:\/\/www.gintaresgeles.lt\/en\/wp-json\/wp\/v2\/product"}],"about":[{"href":"https:\/\/www.gintaresgeles.lt\/en\/wp-json\/wp\/v2\/types\/product"}],"wp:featuredmedia":[{"embeddable":true,"href":"https:\/\/www.gintaresgeles.lt\/en\/wp-json\/wp\/v2\/media\/54901"}],"wp:attachment":[{"href":"https:\/\/www.gintaresgeles.lt\/en\/wp-json\/wp\/v2\/media?parent=56163"}],"wp:term":[{"taxonomy":"product_brand","embeddable":true,"href":"https:\/\/www.gintaresgeles.lt\/en\/wp-json\/wp\/v2\/product_brand?post=56163"},{"taxonomy":"product_cat","embeddable":true,"href":"https:\/\/www.gintaresgeles.lt\/en\/wp-json\/wp\/v2\/product_cat?post=56163"},{"taxonomy":"product_tag","embeddable":true,"href":"https:\/\/www.gintaresgeles.lt\/en\/wp-json\/wp\/v2\/product_tag?post=56163"}],"curies":[{"name":"wp","href":"https:\/\/api.w.org\/{rel}","templated":true}]}}