{"id":56179,"date":"2025-07-08T16:50:03","date_gmt":"2025-07-08T13:50:04","guid":{"rendered":"https:\/\/www.gintaresgeles.lt\/?post_type=product&#038;p=56179"},"modified":"2025-07-16T16:59:05","modified_gmt":"2025-07-16T13:59:05","slug":"walking-helium-balloon-ladybug-kopija","status":"publish","type":"product","link":"https:\/\/www.gintaresgeles.lt\/en\/puokste\/walking-helium-balloon-ladybug-kopija\/","title":{"rendered":"Walking helium balloon \u201eLama\u201c"},"content":{"rendered":"","protected":false},"excerpt":{"rendered":"<p data-start=\"458\" data-end=\"755\">Looking for a unique gift or a fun decoration for a children\u2019s party? The walking \u201eLlama\u201c balloon is an extraordinary balloon that walks along with you! Inflated with helium and attached to special little legs, this balloon looks like a real animal \u2014 cute, colorful, and always ready to celebrate.<\/p>\n<p data-start=\"757\" data-end=\"809\">The size of the walking helium balloon is 67 x 75cm.<\/p>\n","protected":false},"featured_media":56181,"template":"","meta":[],"product_brand":[],"product_cat":[270,1956,1961,894,2199],"product_tag":[],"class_list":{"0":"post-56179","1":"product","2":"type-product","3":"status-publish","4":"has-post-thumbnail","6":"product_cat-helium-balloons","7":"product_cat-foil-helium-balloons","8":"product_cat-helium-balloons-for-girls","9":"product_cat-helium-balloons-for-kids","10":"product_cat-walking","11":"tm-has-options","13":"first","14":"instock","15":"taxable","16":"shipping-taxable","17":"purchasable","18":"product-type-simple"},"yoast_head":"<!-- This site is optimized with the Yoast SEO plugin v25.3 - https:\/\/yoast.com\/wordpress\/plugins\/seo\/ -->\n<title>Vaik\u0161\u010diojantis helio balionas \u201eLama\u201c | Gintar\u0117s G\u0117l\u0117s<\/title>\n<meta name=\"description\" content=\"Walking foil helium balloon with a \u201ellama\u201c image \u2013 a fun accent for children\u2019s parties and themed events. Order now!\" \/>\n<meta name=\"robots\" content=\"index, follow, max-snippet:-1, max-image-preview:large, max-video-preview:-1\" \/>\n<link rel=\"canonical\" href=\"https:\/\/www.gintaresgeles.lt\/en\/puokste\/walking-helium-balloon-ladybug-kopija\/\" \/>\n<meta property=\"og:locale\" content=\"en_US\" \/>\n<meta property=\"og:type\" content=\"article\" \/>\n<meta property=\"og:title\" content=\"Vaik\u0161\u010diojantis helio balionas \u201eLama\u201c | Gintar\u0117s G\u0117l\u0117s\" \/>\n<meta property=\"og:description\" content=\"Walking foil helium balloon with a \u201ellama\u201c image \u2013 a fun accent for children\u2019s parties and themed events. Order now!\" \/>\n<meta property=\"og:url\" content=\"https:\/\/www.gintaresgeles.lt\/en\/puokste\/walking-helium-balloon-ladybug-kopija\/\" \/>\n<meta property=\"og:site_name\" content=\"gintaresgeles.lt\" \/>\n<meta property=\"article:modified_time\" content=\"2025-07-16T13:59:05+00:00\" \/>\n<meta property=\"og:image\" content=\"https:\/\/www.gintaresgeles.lt\/wp-content\/uploads\/2025\/07\/foliniai-vaiksciojantys-balionai-lamos-formos.jpg\" \/>\n\t<meta property=\"og:image:width\" content=\"800\" \/>\n\t<meta property=\"og:image:height\" content=\"800\" \/>\n\t<meta property=\"og:image:type\" content=\"image\/jpeg\" \/>\n<meta name=\"twitter:card\" content=\"summary_large_image\" \/>\n<script type=\"application\/ld+json\" class=\"yoast-schema-graph\">{\"@context\":\"https:\/\/schema.org\",\"@graph\":[{\"@type\":\"WebPage\",\"@id\":\"https:\/\/www.gintaresgeles.lt\/en\/puokste\/walking-helium-balloon-ladybug-kopija\/\",\"url\":\"https:\/\/www.gintaresgeles.lt\/en\/puokste\/walking-helium-balloon-ladybug-kopija\/\",\"name\":\"Vaik\u0161\u010diojantis helio balionas \u201eLama\u201c | Gintar\u0117s G\u0117l\u0117s\",\"isPartOf\":{\"@id\":\"https:\/\/www.gintaresgeles.lt\/en\/#website\"},\"primaryImageOfPage\":{\"@id\":\"https:\/\/www.gintaresgeles.lt\/en\/puokste\/walking-helium-balloon-ladybug-kopija\/#primaryimage\"},\"image\":{\"@id\":\"https:\/\/www.gintaresgeles.lt\/en\/puokste\/walking-helium-balloon-ladybug-kopija\/#primaryimage\"},\"thumbnailUrl\":\"https:\/\/www.gintaresgeles.lt\/wp-content\/uploads\/2025\/07\/foliniai-vaiksciojantys-balionai-lamos-formos.jpg\",\"datePublished\":\"2025-07-08T13:50:04+00:00\",\"dateModified\":\"2025-07-16T13:59:05+00:00\",\"description\":\"Walking foil helium balloon with a \u201ellama\u201c image \u2013 a fun accent for children\u2019s parties and themed events. Order now!\",\"breadcrumb\":{\"@id\":\"https:\/\/www.gintaresgeles.lt\/en\/puokste\/walking-helium-balloon-ladybug-kopija\/#breadcrumb\"},\"inLanguage\":\"en-US\",\"potentialAction\":[{\"@type\":\"ReadAction\",\"target\":[\"https:\/\/www.gintaresgeles.lt\/en\/puokste\/walking-helium-balloon-ladybug-kopija\/\"]}]},{\"@type\":\"ImageObject\",\"inLanguage\":\"en-US\",\"@id\":\"https:\/\/www.gintaresgeles.lt\/en\/puokste\/walking-helium-balloon-ladybug-kopija\/#primaryimage\",\"url\":\"https:\/\/www.gintaresgeles.lt\/wp-content\/uploads\/2025\/07\/foliniai-vaiksciojantys-balionai-lamos-formos.jpg\",\"contentUrl\":\"https:\/\/www.gintaresgeles.lt\/wp-content\/uploads\/2025\/07\/foliniai-vaiksciojantys-balionai-lamos-formos.jpg\",\"width\":800,\"height\":800},{\"@type\":\"BreadcrumbList\",\"@id\":\"https:\/\/www.gintaresgeles.lt\/en\/puokste\/walking-helium-balloon-ladybug-kopija\/#breadcrumb\",\"itemListElement\":[{\"@type\":\"ListItem\",\"position\":1,\"name\":\"Prad\u017eia\",\"item\":\"https:\/\/www.gintaresgeles.lt\/en\/\"},{\"@type\":\"ListItem\",\"position\":2,\"name\":\"All flowers and other products\",\"item\":\"https:\/\/www.gintaresgeles.lt\/en\/all-flowers-and-other-products\/\"},{\"@type\":\"ListItem\",\"position\":3,\"name\":\"Walking helium balloon \u201eLama\u201c\"}]},{\"@type\":\"WebSite\",\"@id\":\"https:\/\/www.gintaresgeles.lt\/en\/#website\",\"url\":\"https:\/\/www.gintaresgeles.lt\/en\/\",\"name\":\"Gintares Geles\",\"description\":\"Flower delivery in Vilnius | Same-day delivery | Gintares geles\",\"potentialAction\":[{\"@type\":\"SearchAction\",\"target\":{\"@type\":\"EntryPoint\",\"urlTemplate\":\"https:\/\/www.gintaresgeles.lt\/en\/?s={search_term_string}\"},\"query-input\":{\"@type\":\"PropertyValueSpecification\",\"valueRequired\":true,\"valueName\":\"search_term_string\"}}],\"inLanguage\":\"en-US\"}]}<\/script>\n<!-- \/ Yoast SEO plugin. -->","yoast_head_json":{"title":"Vaik\u0161\u010diojantis helio balionas \u201eLama\u201c | Gintar\u0117s G\u0117l\u0117s","description":"Walking foil helium balloon with a \u201ellama\u201c image \u2013 a fun accent for children\u2019s parties and themed events. Order now!","robots":{"index":"index","follow":"follow","max-snippet":"max-snippet:-1","max-image-preview":"max-image-preview:large","max-video-preview":"max-video-preview:-1"},"canonical":"https:\/\/www.gintaresgeles.lt\/en\/puokste\/walking-helium-balloon-ladybug-kopija\/","og_locale":"en_US","og_type":"article","og_title":"Vaik\u0161\u010diojantis helio balionas \u201eLama\u201c | Gintar\u0117s G\u0117l\u0117s","og_description":"Walking foil helium balloon with a \u201ellama\u201c image \u2013 a fun accent for children\u2019s parties and themed events. Order now!","og_url":"https:\/\/www.gintaresgeles.lt\/en\/puokste\/walking-helium-balloon-ladybug-kopija\/","og_site_name":"gintaresgeles.lt","article_modified_time":"2025-07-16T13:59:05+00:00","og_image":[{"width":800,"height":800,"url":"https:\/\/www.gintaresgeles.lt\/wp-content\/uploads\/2025\/07\/foliniai-vaiksciojantys-balionai-lamos-formos.jpg","type":"image\/jpeg"}],"twitter_card":"summary_large_image","schema":{"@context":"https:\/\/schema.org","@graph":[{"@type":"WebPage","@id":"https:\/\/www.gintaresgeles.lt\/en\/puokste\/walking-helium-balloon-ladybug-kopija\/","url":"https:\/\/www.gintaresgeles.lt\/en\/puokste\/walking-helium-balloon-ladybug-kopija\/","name":"Vaik\u0161\u010diojantis helio balionas \u201eLama\u201c | Gintar\u0117s G\u0117l\u0117s","isPartOf":{"@id":"https:\/\/www.gintaresgeles.lt\/en\/#website"},"primaryImageOfPage":{"@id":"https:\/\/www.gintaresgeles.lt\/en\/puokste\/walking-helium-balloon-ladybug-kopija\/#primaryimage"},"image":{"@id":"https:\/\/www.gintaresgeles.lt\/en\/puokste\/walking-helium-balloon-ladybug-kopija\/#primaryimage"},"thumbnailUrl":"https:\/\/www.gintaresgeles.lt\/wp-content\/uploads\/2025\/07\/foliniai-vaiksciojantys-balionai-lamos-formos.jpg","datePublished":"2025-07-08T13:50:04+00:00","dateModified":"2025-07-16T13:59:05+00:00","description":"Walking foil helium balloon with a \u201ellama\u201c image \u2013 a fun accent for children\u2019s parties and themed events. Order now!","breadcrumb":{"@id":"https:\/\/www.gintaresgeles.lt\/en\/puokste\/walking-helium-balloon-ladybug-kopija\/#breadcrumb"},"inLanguage":"en-US","potentialAction":[{"@type":"ReadAction","target":["https:\/\/www.gintaresgeles.lt\/en\/puokste\/walking-helium-balloon-ladybug-kopija\/"]}]},{"@type":"ImageObject","inLanguage":"en-US","@id":"https:\/\/www.gintaresgeles.lt\/en\/puokste\/walking-helium-balloon-ladybug-kopija\/#primaryimage","url":"https:\/\/www.gintaresgeles.lt\/wp-content\/uploads\/2025\/07\/foliniai-vaiksciojantys-balionai-lamos-formos.jpg","contentUrl":"https:\/\/www.gintaresgeles.lt\/wp-content\/uploads\/2025\/07\/foliniai-vaiksciojantys-balionai-lamos-formos.jpg","width":800,"height":800},{"@type":"BreadcrumbList","@id":"https:\/\/www.gintaresgeles.lt\/en\/puokste\/walking-helium-balloon-ladybug-kopija\/#breadcrumb","itemListElement":[{"@type":"ListItem","position":1,"name":"Prad\u017eia","item":"https:\/\/www.gintaresgeles.lt\/en\/"},{"@type":"ListItem","position":2,"name":"All flowers and other products","item":"https:\/\/www.gintaresgeles.lt\/en\/all-flowers-and-other-products\/"},{"@type":"ListItem","position":3,"name":"Walking helium balloon \u201eLama\u201c"}]},{"@type":"WebSite","@id":"https:\/\/www.gintaresgeles.lt\/en\/#website","url":"https:\/\/www.gintaresgeles.lt\/en\/","name":"Gintares Geles","description":"Flower delivery in Vilnius | Same-day delivery | Gintares geles","potentialAction":[{"@type":"SearchAction","target":{"@type":"EntryPoint","urlTemplate":"https:\/\/www.gintaresgeles.lt\/en\/?s={search_term_string}"},"query-input":{"@type":"PropertyValueSpecification","valueRequired":true,"valueName":"search_term_string"}}],"inLanguage":"en-US"}]}},"_links":{"self":[{"href":"https:\/\/www.gintaresgeles.lt\/en\/wp-json\/wp\/v2\/product\/56179","targetHints":{"allow":["GET"]}}],"collection":[{"href":"https:\/\/www.gintaresgeles.lt\/en\/wp-json\/wp\/v2\/product"}],"about":[{"href":"https:\/\/www.gintaresgeles.lt\/en\/wp-json\/wp\/v2\/types\/product"}],"wp:featuredmedia":[{"embeddable":true,"href":"https:\/\/www.gintaresgeles.lt\/en\/wp-json\/wp\/v2\/media\/56181"}],"wp:attachment":[{"href":"https:\/\/www.gintaresgeles.lt\/en\/wp-json\/wp\/v2\/media?parent=56179"}],"wp:term":[{"taxonomy":"product_brand","embeddable":true,"href":"https:\/\/www.gintaresgeles.lt\/en\/wp-json\/wp\/v2\/product_brand?post=56179"},{"taxonomy":"product_cat","embeddable":true,"href":"https:\/\/www.gintaresgeles.lt\/en\/wp-json\/wp\/v2\/product_cat?post=56179"},{"taxonomy":"product_tag","embeddable":true,"href":"https:\/\/www.gintaresgeles.lt\/en\/wp-json\/wp\/v2\/product_tag?post=56179"}],"curies":[{"name":"wp","href":"https:\/\/api.w.org\/{rel}","templated":true}]}}