{"id":56191,"date":"2025-07-08T17:10:22","date_gmt":"2025-07-08T14:10:23","guid":{"rendered":"https:\/\/www.gintaresgeles.lt\/?post_type=product&#038;p=56191"},"modified":"2025-07-16T17:01:58","modified_gmt":"2025-07-16T14:01:58","slug":"rubber-helium-balloon-dove-kopija","status":"publish","type":"product","link":"https:\/\/www.gintaresgeles.lt\/en\/puokste\/rubber-helium-balloon-dove-kopija\/","title":{"rendered":"White latex helium balloon with red ribbons"},"content":{"rendered":"","protected":false},"excerpt":{"rendered":"<p data-start=\"386\" data-end=\"660\">Add festive elegance to your event with our exclusive white latex balloon decorated with red \u201eribbons\u201c. The subtle color combination \u2013 classic white and vibrant red \u2013 creates a cozy, festive atmosphere perfect for romantic occasions, children\u2019s birthdays, or themed dinners.<\/p>\n<p data-start=\"662\" data-end=\"687\">Balloon diameter \u2013 30 cm.<\/p>\n","protected":false},"featured_media":56214,"template":"","meta":[],"product_brand":[],"product_cat":[270,1960,893,1961,1955,1954,1951,1203],"product_tag":[],"class_list":{"0":"post-56191","1":"product","2":"type-product","3":"status-publish","4":"has-post-thumbnail","6":"product_cat-helium-balloons","7":"product_cat-helium-balloons-for-a-hen-party","8":"product_cat-helium-balloons-for-birthday","9":"product_cat-helium-balloons-for-girls","10":"product_cat-helium-balloons-for-the-christenings","11":"product_cat-helium-balloons-for-the-valentines-day","12":"product_cat-helium-balloons-for-the-wedding","13":"product_cat-helium-rubber-balloons","14":"tm-has-options","16":"first","17":"instock","18":"taxable","19":"shipping-taxable","20":"purchasable","21":"product-type-simple"},"yoast_head":"<!-- This site is optimized with the Yoast SEO plugin v25.3 - https:\/\/yoast.com\/wordpress\/plugins\/seo\/ -->\n<title>White helium balloon with red \u201eribbons\u201c | Gintar\u0117s Flowers<\/title>\n<meta name=\"description\" content=\"Get an elegant white latex balloon with bright red \u201eribbons\u201c \u2013 a perfect choice for a celebration, gift, or decoration.\" \/>\n<meta name=\"robots\" content=\"index, follow, max-snippet:-1, max-image-preview:large, max-video-preview:-1\" \/>\n<link rel=\"canonical\" href=\"https:\/\/www.gintaresgeles.lt\/en\/puokste\/rubber-helium-balloon-dove-kopija\/\" \/>\n<meta property=\"og:locale\" content=\"en_US\" \/>\n<meta property=\"og:type\" content=\"article\" \/>\n<meta property=\"og:title\" content=\"White helium balloon with red \u201eribbons\u201c | Gintar\u0117s Flowers\" \/>\n<meta property=\"og:description\" content=\"Get an elegant white latex balloon with bright red \u201eribbons\u201c \u2013 a perfect choice for a celebration, gift, or decoration.\" \/>\n<meta property=\"og:url\" content=\"https:\/\/www.gintaresgeles.lt\/en\/puokste\/rubber-helium-balloon-dove-kopija\/\" \/>\n<meta property=\"og:site_name\" content=\"gintaresgeles.lt\" \/>\n<meta property=\"article:modified_time\" content=\"2025-07-16T14:01:58+00:00\" \/>\n<meta property=\"og:image\" content=\"https:\/\/www.gintaresgeles.lt\/wp-content\/uploads\/2025\/07\/baltas-guminis-balionas-su-raudonais-kaspineliais.jpg\" \/>\n\t<meta property=\"og:image:width\" content=\"1600\" \/>\n\t<meta property=\"og:image:height\" content=\"1600\" \/>\n\t<meta property=\"og:image:type\" content=\"image\/jpeg\" \/>\n<meta name=\"twitter:card\" content=\"summary_large_image\" \/>\n<script type=\"application\/ld+json\" class=\"yoast-schema-graph\">{\"@context\":\"https:\/\/schema.org\",\"@graph\":[{\"@type\":\"WebPage\",\"@id\":\"https:\/\/www.gintaresgeles.lt\/en\/puokste\/rubber-helium-balloon-dove-kopija\/\",\"url\":\"https:\/\/www.gintaresgeles.lt\/en\/puokste\/rubber-helium-balloon-dove-kopija\/\",\"name\":\"White helium balloon with red \u201eribbons\u201c | Gintar\u0117s Flowers\",\"isPartOf\":{\"@id\":\"https:\/\/www.gintaresgeles.lt\/en\/#website\"},\"primaryImageOfPage\":{\"@id\":\"https:\/\/www.gintaresgeles.lt\/en\/puokste\/rubber-helium-balloon-dove-kopija\/#primaryimage\"},\"image\":{\"@id\":\"https:\/\/www.gintaresgeles.lt\/en\/puokste\/rubber-helium-balloon-dove-kopija\/#primaryimage\"},\"thumbnailUrl\":\"https:\/\/www.gintaresgeles.lt\/wp-content\/uploads\/2025\/07\/baltas-guminis-balionas-su-raudonais-kaspineliais.jpg\",\"datePublished\":\"2025-07-08T14:10:23+00:00\",\"dateModified\":\"2025-07-16T14:01:58+00:00\",\"description\":\"Get an elegant white latex balloon with bright red \u201eribbons\u201c \u2013 a perfect choice for a celebration, gift, or decoration.\",\"breadcrumb\":{\"@id\":\"https:\/\/www.gintaresgeles.lt\/en\/puokste\/rubber-helium-balloon-dove-kopija\/#breadcrumb\"},\"inLanguage\":\"en-US\",\"potentialAction\":[{\"@type\":\"ReadAction\",\"target\":[\"https:\/\/www.gintaresgeles.lt\/en\/puokste\/rubber-helium-balloon-dove-kopija\/\"]}]},{\"@type\":\"ImageObject\",\"inLanguage\":\"en-US\",\"@id\":\"https:\/\/www.gintaresgeles.lt\/en\/puokste\/rubber-helium-balloon-dove-kopija\/#primaryimage\",\"url\":\"https:\/\/www.gintaresgeles.lt\/wp-content\/uploads\/2025\/07\/baltas-guminis-balionas-su-raudonais-kaspineliais.jpg\",\"contentUrl\":\"https:\/\/www.gintaresgeles.lt\/wp-content\/uploads\/2025\/07\/baltas-guminis-balionas-su-raudonais-kaspineliais.jpg\",\"width\":1600,\"height\":1600,\"caption\":\"Guminis helios balionas su raudonais kaspin\u0117liais\"},{\"@type\":\"BreadcrumbList\",\"@id\":\"https:\/\/www.gintaresgeles.lt\/en\/puokste\/rubber-helium-balloon-dove-kopija\/#breadcrumb\",\"itemListElement\":[{\"@type\":\"ListItem\",\"position\":1,\"name\":\"Prad\u017eia\",\"item\":\"https:\/\/www.gintaresgeles.lt\/en\/\"},{\"@type\":\"ListItem\",\"position\":2,\"name\":\"All flowers and other products\",\"item\":\"https:\/\/www.gintaresgeles.lt\/en\/all-flowers-and-other-products\/\"},{\"@type\":\"ListItem\",\"position\":3,\"name\":\"White latex helium balloon with red ribbons\"}]},{\"@type\":\"WebSite\",\"@id\":\"https:\/\/www.gintaresgeles.lt\/en\/#website\",\"url\":\"https:\/\/www.gintaresgeles.lt\/en\/\",\"name\":\"gintaresgeles.lt\",\"description\":\"G\u0117li\u0173 parduotuv\u0117 internete\",\"potentialAction\":[{\"@type\":\"SearchAction\",\"target\":{\"@type\":\"EntryPoint\",\"urlTemplate\":\"https:\/\/www.gintaresgeles.lt\/en\/?s={search_term_string}\"},\"query-input\":{\"@type\":\"PropertyValueSpecification\",\"valueRequired\":true,\"valueName\":\"search_term_string\"}}],\"inLanguage\":\"en-US\"}]}<\/script>\n<!-- \/ Yoast SEO plugin. -->","yoast_head_json":{"title":"White helium balloon with red \u201eribbons\u201c | Gintar\u0117s Flowers","description":"Get an elegant white latex balloon with bright red \u201eribbons\u201c \u2013 a perfect choice for a celebration, gift, or decoration.","robots":{"index":"index","follow":"follow","max-snippet":"max-snippet:-1","max-image-preview":"max-image-preview:large","max-video-preview":"max-video-preview:-1"},"canonical":"https:\/\/www.gintaresgeles.lt\/en\/puokste\/rubber-helium-balloon-dove-kopija\/","og_locale":"en_US","og_type":"article","og_title":"White helium balloon with red \u201eribbons\u201c | Gintar\u0117s Flowers","og_description":"Get an elegant white latex balloon with bright red \u201eribbons\u201c \u2013 a perfect choice for a celebration, gift, or decoration.","og_url":"https:\/\/www.gintaresgeles.lt\/en\/puokste\/rubber-helium-balloon-dove-kopija\/","og_site_name":"gintaresgeles.lt","article_modified_time":"2025-07-16T14:01:58+00:00","og_image":[{"width":1600,"height":1600,"url":"https:\/\/www.gintaresgeles.lt\/wp-content\/uploads\/2025\/07\/baltas-guminis-balionas-su-raudonais-kaspineliais.jpg","type":"image\/jpeg"}],"twitter_card":"summary_large_image","schema":{"@context":"https:\/\/schema.org","@graph":[{"@type":"WebPage","@id":"https:\/\/www.gintaresgeles.lt\/en\/puokste\/rubber-helium-balloon-dove-kopija\/","url":"https:\/\/www.gintaresgeles.lt\/en\/puokste\/rubber-helium-balloon-dove-kopija\/","name":"White helium balloon with red \u201eribbons\u201c | Gintar\u0117s Flowers","isPartOf":{"@id":"https:\/\/www.gintaresgeles.lt\/en\/#website"},"primaryImageOfPage":{"@id":"https:\/\/www.gintaresgeles.lt\/en\/puokste\/rubber-helium-balloon-dove-kopija\/#primaryimage"},"image":{"@id":"https:\/\/www.gintaresgeles.lt\/en\/puokste\/rubber-helium-balloon-dove-kopija\/#primaryimage"},"thumbnailUrl":"https:\/\/www.gintaresgeles.lt\/wp-content\/uploads\/2025\/07\/baltas-guminis-balionas-su-raudonais-kaspineliais.jpg","datePublished":"2025-07-08T14:10:23+00:00","dateModified":"2025-07-16T14:01:58+00:00","description":"Get an elegant white latex balloon with bright red \u201eribbons\u201c \u2013 a perfect choice for a celebration, gift, or decoration.","breadcrumb":{"@id":"https:\/\/www.gintaresgeles.lt\/en\/puokste\/rubber-helium-balloon-dove-kopija\/#breadcrumb"},"inLanguage":"en-US","potentialAction":[{"@type":"ReadAction","target":["https:\/\/www.gintaresgeles.lt\/en\/puokste\/rubber-helium-balloon-dove-kopija\/"]}]},{"@type":"ImageObject","inLanguage":"en-US","@id":"https:\/\/www.gintaresgeles.lt\/en\/puokste\/rubber-helium-balloon-dove-kopija\/#primaryimage","url":"https:\/\/www.gintaresgeles.lt\/wp-content\/uploads\/2025\/07\/baltas-guminis-balionas-su-raudonais-kaspineliais.jpg","contentUrl":"https:\/\/www.gintaresgeles.lt\/wp-content\/uploads\/2025\/07\/baltas-guminis-balionas-su-raudonais-kaspineliais.jpg","width":1600,"height":1600,"caption":"Guminis helios balionas su raudonais kaspin\u0117liais"},{"@type":"BreadcrumbList","@id":"https:\/\/www.gintaresgeles.lt\/en\/puokste\/rubber-helium-balloon-dove-kopija\/#breadcrumb","itemListElement":[{"@type":"ListItem","position":1,"name":"Prad\u017eia","item":"https:\/\/www.gintaresgeles.lt\/en\/"},{"@type":"ListItem","position":2,"name":"All flowers and other products","item":"https:\/\/www.gintaresgeles.lt\/en\/all-flowers-and-other-products\/"},{"@type":"ListItem","position":3,"name":"White latex helium balloon with red ribbons"}]},{"@type":"WebSite","@id":"https:\/\/www.gintaresgeles.lt\/en\/#website","url":"https:\/\/www.gintaresgeles.lt\/en\/","name":"gintaresgeles.lt","description":"G\u0117li\u0173 parduotuv\u0117 internete","potentialAction":[{"@type":"SearchAction","target":{"@type":"EntryPoint","urlTemplate":"https:\/\/www.gintaresgeles.lt\/en\/?s={search_term_string}"},"query-input":{"@type":"PropertyValueSpecification","valueRequired":true,"valueName":"search_term_string"}}],"inLanguage":"en-US"}]}},"_links":{"self":[{"href":"https:\/\/www.gintaresgeles.lt\/en\/wp-json\/wp\/v2\/product\/56191","targetHints":{"allow":["GET"]}}],"collection":[{"href":"https:\/\/www.gintaresgeles.lt\/en\/wp-json\/wp\/v2\/product"}],"about":[{"href":"https:\/\/www.gintaresgeles.lt\/en\/wp-json\/wp\/v2\/types\/product"}],"wp:featuredmedia":[{"embeddable":true,"href":"https:\/\/www.gintaresgeles.lt\/en\/wp-json\/wp\/v2\/media\/56214"}],"wp:attachment":[{"href":"https:\/\/www.gintaresgeles.lt\/en\/wp-json\/wp\/v2\/media?parent=56191"}],"wp:term":[{"taxonomy":"product_brand","embeddable":true,"href":"https:\/\/www.gintaresgeles.lt\/en\/wp-json\/wp\/v2\/product_brand?post=56191"},{"taxonomy":"product_cat","embeddable":true,"href":"https:\/\/www.gintaresgeles.lt\/en\/wp-json\/wp\/v2\/product_cat?post=56191"},{"taxonomy":"product_tag","embeddable":true,"href":"https:\/\/www.gintaresgeles.lt\/en\/wp-json\/wp\/v2\/product_tag?post=56191"}],"curies":[{"name":"wp","href":"https:\/\/api.w.org\/{rel}","templated":true}]}}