{"id":56280,"date":"2025-07-12T14:51:57","date_gmt":"2025-07-12T11:51:58","guid":{"rendered":"https:\/\/www.gintaresgeles.lt\/?post_type=product&#038;p=56280"},"modified":"2025-07-16T16:35:43","modified_gmt":"2025-07-16T13:35:43","slug":"helium-foil-balloon-pink-heart-kopija-kopija","status":"publish","type":"product","link":"https:\/\/www.gintaresgeles.lt\/en\/puokste\/helium-foil-balloon-pink-heart-kopija-kopija\/","title":{"rendered":"Matte foil helium balloon \u201eMint heart\u201c"},"content":{"rendered":"","protected":false},"excerpt":{"rendered":"<p data-start=\"76\" data-end=\"233\">\u201eMint heart\u201c is a perfect expression of love for your dear ones. The heart-shaped balloon suits various occasions \u2013 Valentine\u2019s Day, birthdays, Mother\u2019s Day.<\/p>\n<p data-start=\"235\" data-end=\"269\">Inflated balloon diameter \u2013 46 cm.<\/p>\n","protected":false},"featured_media":56282,"template":"","meta":[],"product_brand":[],"product_cat":[270,1956,893,1954,1951],"product_tag":[],"class_list":{"0":"post-56280","1":"product","2":"type-product","3":"status-publish","4":"has-post-thumbnail","6":"product_cat-helium-balloons","7":"product_cat-foil-helium-balloons","8":"product_cat-helium-balloons-for-birthday","9":"product_cat-helium-balloons-for-the-valentines-day","10":"product_cat-helium-balloons-for-the-wedding","11":"tm-has-options","13":"first","14":"instock","15":"taxable","16":"shipping-taxable","17":"purchasable","18":"product-type-simple"},"yoast_head":"<!-- This site is optimized with the Yoast SEO plugin v25.3 - https:\/\/yoast.com\/wordpress\/plugins\/seo\/ -->\n<title>Matte foil helium balloon \u201eMint heart\u201c | Gintar\u0117s G\u0117l\u0117s<\/title>\n<meta name=\"description\" content=\"Get a greenish mint-colored heart-shaped helium balloon and gift it to your closest and dearest loved ones!\" \/>\n<meta name=\"robots\" content=\"index, follow, max-snippet:-1, max-image-preview:large, max-video-preview:-1\" \/>\n<link rel=\"canonical\" href=\"https:\/\/www.gintaresgeles.lt\/en\/puokste\/helium-foil-balloon-pink-heart-kopija-kopija\/\" \/>\n<meta property=\"og:locale\" content=\"en_US\" \/>\n<meta property=\"og:type\" content=\"article\" \/>\n<meta property=\"og:title\" content=\"Matte foil helium balloon \u201eMint heart\u201c | Gintar\u0117s G\u0117l\u0117s\" \/>\n<meta property=\"og:description\" content=\"Get a greenish mint-colored heart-shaped helium balloon and gift it to your closest and dearest loved ones!\" \/>\n<meta property=\"og:url\" content=\"https:\/\/www.gintaresgeles.lt\/en\/puokste\/helium-foil-balloon-pink-heart-kopija-kopija\/\" \/>\n<meta property=\"og:site_name\" content=\"gintaresgeles.lt\" \/>\n<meta property=\"article:modified_time\" content=\"2025-07-16T13:35:43+00:00\" \/>\n<meta property=\"og:image\" content=\"https:\/\/www.gintaresgeles.lt\/wp-content\/uploads\/2025\/07\/Metos-spalvos-foline-sirdele.jpg\" \/>\n\t<meta property=\"og:image:width\" content=\"1002\" \/>\n\t<meta property=\"og:image:height\" content=\"1002\" \/>\n\t<meta property=\"og:image:type\" content=\"image\/jpeg\" \/>\n<meta name=\"twitter:card\" content=\"summary_large_image\" \/>\n<script type=\"application\/ld+json\" class=\"yoast-schema-graph\">{\"@context\":\"https:\/\/schema.org\",\"@graph\":[{\"@type\":\"WebPage\",\"@id\":\"https:\/\/www.gintaresgeles.lt\/en\/puokste\/helium-foil-balloon-pink-heart-kopija-kopija\/\",\"url\":\"https:\/\/www.gintaresgeles.lt\/en\/puokste\/helium-foil-balloon-pink-heart-kopija-kopija\/\",\"name\":\"Matte foil helium balloon \u201eMint heart\u201c | Gintar\u0117s G\u0117l\u0117s\",\"isPartOf\":{\"@id\":\"https:\/\/www.gintaresgeles.lt\/en\/#website\"},\"primaryImageOfPage\":{\"@id\":\"https:\/\/www.gintaresgeles.lt\/en\/puokste\/helium-foil-balloon-pink-heart-kopija-kopija\/#primaryimage\"},\"image\":{\"@id\":\"https:\/\/www.gintaresgeles.lt\/en\/puokste\/helium-foil-balloon-pink-heart-kopija-kopija\/#primaryimage\"},\"thumbnailUrl\":\"https:\/\/www.gintaresgeles.lt\/wp-content\/uploads\/2025\/07\/Metos-spalvos-foline-sirdele.jpg\",\"datePublished\":\"2025-07-12T11:51:58+00:00\",\"dateModified\":\"2025-07-16T13:35:43+00:00\",\"description\":\"Get a greenish mint-colored heart-shaped helium balloon and gift it to your closest and dearest loved ones!\",\"breadcrumb\":{\"@id\":\"https:\/\/www.gintaresgeles.lt\/en\/puokste\/helium-foil-balloon-pink-heart-kopija-kopija\/#breadcrumb\"},\"inLanguage\":\"en-US\",\"potentialAction\":[{\"@type\":\"ReadAction\",\"target\":[\"https:\/\/www.gintaresgeles.lt\/en\/puokste\/helium-foil-balloon-pink-heart-kopija-kopija\/\"]}]},{\"@type\":\"ImageObject\",\"inLanguage\":\"en-US\",\"@id\":\"https:\/\/www.gintaresgeles.lt\/en\/puokste\/helium-foil-balloon-pink-heart-kopija-kopija\/#primaryimage\",\"url\":\"https:\/\/www.gintaresgeles.lt\/wp-content\/uploads\/2025\/07\/Metos-spalvos-foline-sirdele.jpg\",\"contentUrl\":\"https:\/\/www.gintaresgeles.lt\/wp-content\/uploads\/2025\/07\/Metos-spalvos-foline-sirdele.jpg\",\"width\":1002,\"height\":1002,\"caption\":\"Matin\u0117 m\u0117tos spalvos \u0161irdel\u0117 \u012fvairioms progoms\"},{\"@type\":\"BreadcrumbList\",\"@id\":\"https:\/\/www.gintaresgeles.lt\/en\/puokste\/helium-foil-balloon-pink-heart-kopija-kopija\/#breadcrumb\",\"itemListElement\":[{\"@type\":\"ListItem\",\"position\":1,\"name\":\"Prad\u017eia\",\"item\":\"https:\/\/www.gintaresgeles.lt\/en\/\"},{\"@type\":\"ListItem\",\"position\":2,\"name\":\"All flowers and other products\",\"item\":\"https:\/\/www.gintaresgeles.lt\/en\/all-flowers-and-other-products\/\"},{\"@type\":\"ListItem\",\"position\":3,\"name\":\"Matte foil helium balloon \u201eMint heart\u201c\"}]},{\"@type\":\"WebSite\",\"@id\":\"https:\/\/www.gintaresgeles.lt\/en\/#website\",\"url\":\"https:\/\/www.gintaresgeles.lt\/en\/\",\"name\":\"Gintares Geles\",\"description\":\"Flower delivery in Vilnius | Same-day delivery | Gintares geles\",\"potentialAction\":[{\"@type\":\"SearchAction\",\"target\":{\"@type\":\"EntryPoint\",\"urlTemplate\":\"https:\/\/www.gintaresgeles.lt\/en\/?s={search_term_string}\"},\"query-input\":{\"@type\":\"PropertyValueSpecification\",\"valueRequired\":true,\"valueName\":\"search_term_string\"}}],\"inLanguage\":\"en-US\"}]}<\/script>\n<!-- \/ Yoast SEO plugin. -->","yoast_head_json":{"title":"Matte foil helium balloon \u201eMint heart\u201c | Gintar\u0117s G\u0117l\u0117s","description":"Get a greenish mint-colored heart-shaped helium balloon and gift it to your closest and dearest loved ones!","robots":{"index":"index","follow":"follow","max-snippet":"max-snippet:-1","max-image-preview":"max-image-preview:large","max-video-preview":"max-video-preview:-1"},"canonical":"https:\/\/www.gintaresgeles.lt\/en\/puokste\/helium-foil-balloon-pink-heart-kopija-kopija\/","og_locale":"en_US","og_type":"article","og_title":"Matte foil helium balloon \u201eMint heart\u201c | Gintar\u0117s G\u0117l\u0117s","og_description":"Get a greenish mint-colored heart-shaped helium balloon and gift it to your closest and dearest loved ones!","og_url":"https:\/\/www.gintaresgeles.lt\/en\/puokste\/helium-foil-balloon-pink-heart-kopija-kopija\/","og_site_name":"gintaresgeles.lt","article_modified_time":"2025-07-16T13:35:43+00:00","og_image":[{"width":1002,"height":1002,"url":"https:\/\/www.gintaresgeles.lt\/wp-content\/uploads\/2025\/07\/Metos-spalvos-foline-sirdele.jpg","type":"image\/jpeg"}],"twitter_card":"summary_large_image","schema":{"@context":"https:\/\/schema.org","@graph":[{"@type":"WebPage","@id":"https:\/\/www.gintaresgeles.lt\/en\/puokste\/helium-foil-balloon-pink-heart-kopija-kopija\/","url":"https:\/\/www.gintaresgeles.lt\/en\/puokste\/helium-foil-balloon-pink-heart-kopija-kopija\/","name":"Matte foil helium balloon \u201eMint heart\u201c | Gintar\u0117s G\u0117l\u0117s","isPartOf":{"@id":"https:\/\/www.gintaresgeles.lt\/en\/#website"},"primaryImageOfPage":{"@id":"https:\/\/www.gintaresgeles.lt\/en\/puokste\/helium-foil-balloon-pink-heart-kopija-kopija\/#primaryimage"},"image":{"@id":"https:\/\/www.gintaresgeles.lt\/en\/puokste\/helium-foil-balloon-pink-heart-kopija-kopija\/#primaryimage"},"thumbnailUrl":"https:\/\/www.gintaresgeles.lt\/wp-content\/uploads\/2025\/07\/Metos-spalvos-foline-sirdele.jpg","datePublished":"2025-07-12T11:51:58+00:00","dateModified":"2025-07-16T13:35:43+00:00","description":"Get a greenish mint-colored heart-shaped helium balloon and gift it to your closest and dearest loved ones!","breadcrumb":{"@id":"https:\/\/www.gintaresgeles.lt\/en\/puokste\/helium-foil-balloon-pink-heart-kopija-kopija\/#breadcrumb"},"inLanguage":"en-US","potentialAction":[{"@type":"ReadAction","target":["https:\/\/www.gintaresgeles.lt\/en\/puokste\/helium-foil-balloon-pink-heart-kopija-kopija\/"]}]},{"@type":"ImageObject","inLanguage":"en-US","@id":"https:\/\/www.gintaresgeles.lt\/en\/puokste\/helium-foil-balloon-pink-heart-kopija-kopija\/#primaryimage","url":"https:\/\/www.gintaresgeles.lt\/wp-content\/uploads\/2025\/07\/Metos-spalvos-foline-sirdele.jpg","contentUrl":"https:\/\/www.gintaresgeles.lt\/wp-content\/uploads\/2025\/07\/Metos-spalvos-foline-sirdele.jpg","width":1002,"height":1002,"caption":"Matin\u0117 m\u0117tos spalvos \u0161irdel\u0117 \u012fvairioms progoms"},{"@type":"BreadcrumbList","@id":"https:\/\/www.gintaresgeles.lt\/en\/puokste\/helium-foil-balloon-pink-heart-kopija-kopija\/#breadcrumb","itemListElement":[{"@type":"ListItem","position":1,"name":"Prad\u017eia","item":"https:\/\/www.gintaresgeles.lt\/en\/"},{"@type":"ListItem","position":2,"name":"All flowers and other products","item":"https:\/\/www.gintaresgeles.lt\/en\/all-flowers-and-other-products\/"},{"@type":"ListItem","position":3,"name":"Matte foil helium balloon \u201eMint heart\u201c"}]},{"@type":"WebSite","@id":"https:\/\/www.gintaresgeles.lt\/en\/#website","url":"https:\/\/www.gintaresgeles.lt\/en\/","name":"Gintares Geles","description":"Flower delivery in Vilnius | Same-day delivery | Gintares geles","potentialAction":[{"@type":"SearchAction","target":{"@type":"EntryPoint","urlTemplate":"https:\/\/www.gintaresgeles.lt\/en\/?s={search_term_string}"},"query-input":{"@type":"PropertyValueSpecification","valueRequired":true,"valueName":"search_term_string"}}],"inLanguage":"en-US"}]}},"_links":{"self":[{"href":"https:\/\/www.gintaresgeles.lt\/en\/wp-json\/wp\/v2\/product\/56280","targetHints":{"allow":["GET"]}}],"collection":[{"href":"https:\/\/www.gintaresgeles.lt\/en\/wp-json\/wp\/v2\/product"}],"about":[{"href":"https:\/\/www.gintaresgeles.lt\/en\/wp-json\/wp\/v2\/types\/product"}],"wp:featuredmedia":[{"embeddable":true,"href":"https:\/\/www.gintaresgeles.lt\/en\/wp-json\/wp\/v2\/media\/56282"}],"wp:attachment":[{"href":"https:\/\/www.gintaresgeles.lt\/en\/wp-json\/wp\/v2\/media?parent=56280"}],"wp:term":[{"taxonomy":"product_brand","embeddable":true,"href":"https:\/\/www.gintaresgeles.lt\/en\/wp-json\/wp\/v2\/product_brand?post=56280"},{"taxonomy":"product_cat","embeddable":true,"href":"https:\/\/www.gintaresgeles.lt\/en\/wp-json\/wp\/v2\/product_cat?post=56280"},{"taxonomy":"product_tag","embeddable":true,"href":"https:\/\/www.gintaresgeles.lt\/en\/wp-json\/wp\/v2\/product_tag?post=56280"}],"curies":[{"name":"wp","href":"https:\/\/api.w.org\/{rel}","templated":true}]}}