{"id":56339,"date":"2025-07-12T16:27:30","date_gmt":"2025-07-12T13:27:30","guid":{"rendered":"https:\/\/www.gintaresgeles.lt\/puokste\/bouquet-of-helium-rubber-balloons-dreamy-bear\/"},"modified":"2025-07-12T16:27:30","modified_gmt":"2025-07-12T13:27:30","slug":"bouquet-of-helium-rubber-balloons-dreamy-bear","status":"publish","type":"product","link":"https:\/\/www.gintaresgeles.lt\/en\/puokste\/bouquet-of-helium-rubber-balloons-dreamy-bear\/","title":{"rendered":"Bouquet of helium rubber balloons \u201eDreamy Bear\u201c"},"content":{"rendered":"","protected":false},"excerpt":{"rendered":"<p data-start=\"129\" data-end=\"478\">A soft and charming bouquet of rubber balloons \u201eDreamy Bear\u201c is a perfect choice for children\u2019s parties, christenings, first birthdays, or even photo sessions. Some of the balloons are decorated with a cozy bear illustration, while others feature a text print. The subtle, light colors of the balloons make them easy to match with other decorations.<\/p>\n<p data-start=\"480\" data-end=\"534\">Balloon size \u2013 33 cm, the bouquet includes 5 balloons.<\/p>\n","protected":false},"featured_media":56259,"template":"","meta":[],"product_brand":[],"product_cat":[270,893,915,894,1955,1203],"product_tag":[],"class_list":{"0":"post-56339","1":"product","2":"type-product","3":"status-publish","4":"has-post-thumbnail","6":"product_cat-helium-balloons","7":"product_cat-helium-balloons-for-birthday","8":"product_cat-helium-balloons-for-childbirth","9":"product_cat-helium-balloons-for-kids","10":"product_cat-helium-balloons-for-the-christenings","11":"product_cat-helium-rubber-balloons","12":"tm-has-options","14":"first","15":"instock","16":"taxable","17":"shipping-taxable","18":"purchasable","19":"product-type-simple"},"yoast_head":"<!-- This site is optimized with the Yoast SEO plugin v25.3 - https:\/\/yoast.com\/wordpress\/plugins\/seo\/ -->\n<title>Rubber Balloon Bouquet \u201eDreamy Bear\u201c | Gintar\u0117sG\u0117l\u0117s.lt<\/title>\n<meta name=\"description\" content=\"Helium Rubber Balloon Bouquet \u201eDreamy Bear\u201c (5 pcs., 33\u202fcm). Perfect for birthdays, christenings, or photo sessions. Order now!\" \/>\n<meta name=\"robots\" content=\"index, follow, max-snippet:-1, max-image-preview:large, max-video-preview:-1\" \/>\n<link rel=\"canonical\" href=\"https:\/\/www.gintaresgeles.lt\/en\/puokste\/bouquet-of-helium-rubber-balloons-dreamy-bear\/\" \/>\n<meta property=\"og:locale\" content=\"en_US\" \/>\n<meta property=\"og:type\" content=\"article\" \/>\n<meta property=\"og:title\" content=\"Rubber Balloon Bouquet \u201eDreamy Bear\u201c | Gintar\u0117sG\u0117l\u0117s.lt\" \/>\n<meta property=\"og:description\" content=\"Helium Rubber Balloon Bouquet \u201eDreamy Bear\u201c (5 pcs., 33\u202fcm). Perfect for birthdays, christenings, or photo sessions. Order now!\" \/>\n<meta property=\"og:url\" content=\"https:\/\/www.gintaresgeles.lt\/en\/puokste\/bouquet-of-helium-rubber-balloons-dreamy-bear\/\" \/>\n<meta property=\"og:site_name\" content=\"gintaresgeles.lt\" \/>\n<meta property=\"og:image\" content=\"https:\/\/www.gintaresgeles.lt\/wp-content\/uploads\/2025\/07\/Guminiia-balionai-su-meskuciais.jpg\" \/>\n\t<meta property=\"og:image:width\" content=\"1002\" \/>\n\t<meta property=\"og:image:height\" content=\"1004\" \/>\n\t<meta property=\"og:image:type\" content=\"image\/jpeg\" \/>\n<meta name=\"twitter:card\" content=\"summary_large_image\" \/>\n<script type=\"application\/ld+json\" class=\"yoast-schema-graph\">{\"@context\":\"https:\/\/schema.org\",\"@graph\":[{\"@type\":\"WebPage\",\"@id\":\"https:\/\/www.gintaresgeles.lt\/en\/puokste\/bouquet-of-helium-rubber-balloons-dreamy-bear\/\",\"url\":\"https:\/\/www.gintaresgeles.lt\/en\/puokste\/bouquet-of-helium-rubber-balloons-dreamy-bear\/\",\"name\":\"Rubber Balloon Bouquet \u201eDreamy Bear\u201c | Gintar\u0117sG\u0117l\u0117s.lt\",\"isPartOf\":{\"@id\":\"https:\/\/www.gintaresgeles.lt\/en\/#website\"},\"primaryImageOfPage\":{\"@id\":\"https:\/\/www.gintaresgeles.lt\/en\/puokste\/bouquet-of-helium-rubber-balloons-dreamy-bear\/#primaryimage\"},\"image\":{\"@id\":\"https:\/\/www.gintaresgeles.lt\/en\/puokste\/bouquet-of-helium-rubber-balloons-dreamy-bear\/#primaryimage\"},\"thumbnailUrl\":\"https:\/\/www.gintaresgeles.lt\/wp-content\/uploads\/2025\/07\/Guminiia-balionai-su-meskuciais.jpg\",\"datePublished\":\"2025-07-12T13:27:30+00:00\",\"description\":\"Helium Rubber Balloon Bouquet \u201eDreamy Bear\u201c (5 pcs., 33\u202fcm). Perfect for birthdays, christenings, or photo sessions. Order now!\",\"breadcrumb\":{\"@id\":\"https:\/\/www.gintaresgeles.lt\/en\/puokste\/bouquet-of-helium-rubber-balloons-dreamy-bear\/#breadcrumb\"},\"inLanguage\":\"en-US\",\"potentialAction\":[{\"@type\":\"ReadAction\",\"target\":[\"https:\/\/www.gintaresgeles.lt\/en\/puokste\/bouquet-of-helium-rubber-balloons-dreamy-bear\/\"]}]},{\"@type\":\"ImageObject\",\"inLanguage\":\"en-US\",\"@id\":\"https:\/\/www.gintaresgeles.lt\/en\/puokste\/bouquet-of-helium-rubber-balloons-dreamy-bear\/#primaryimage\",\"url\":\"https:\/\/www.gintaresgeles.lt\/wp-content\/uploads\/2025\/07\/Guminiia-balionai-su-meskuciais.jpg\",\"contentUrl\":\"https:\/\/www.gintaresgeles.lt\/wp-content\/uploads\/2025\/07\/Guminiia-balionai-su-meskuciais.jpg\",\"width\":1002,\"height\":1004,\"caption\":\"Miela balion\u0173 puok\u0161t\u0117 su me\u0161ku\u010diais\"},{\"@type\":\"BreadcrumbList\",\"@id\":\"https:\/\/www.gintaresgeles.lt\/en\/puokste\/bouquet-of-helium-rubber-balloons-dreamy-bear\/#breadcrumb\",\"itemListElement\":[{\"@type\":\"ListItem\",\"position\":1,\"name\":\"Prad\u017eia\",\"item\":\"https:\/\/www.gintaresgeles.lt\/en\/\"},{\"@type\":\"ListItem\",\"position\":2,\"name\":\"All flowers and other products\",\"item\":\"https:\/\/www.gintaresgeles.lt\/en\/all-flowers-and-other-products\/\"},{\"@type\":\"ListItem\",\"position\":3,\"name\":\"Bouquet of helium rubber balloons \u201eDreamy Bear\u201c\"}]},{\"@type\":\"WebSite\",\"@id\":\"https:\/\/www.gintaresgeles.lt\/en\/#website\",\"url\":\"https:\/\/www.gintaresgeles.lt\/en\/\",\"name\":\"Gintares Geles\",\"description\":\"Flower delivery in Vilnius | Same-day delivery | Gintares geles\",\"potentialAction\":[{\"@type\":\"SearchAction\",\"target\":{\"@type\":\"EntryPoint\",\"urlTemplate\":\"https:\/\/www.gintaresgeles.lt\/en\/?s={search_term_string}\"},\"query-input\":{\"@type\":\"PropertyValueSpecification\",\"valueRequired\":true,\"valueName\":\"search_term_string\"}}],\"inLanguage\":\"en-US\"}]}<\/script>\n<!-- \/ Yoast SEO plugin. -->","yoast_head_json":{"title":"Rubber Balloon Bouquet \u201eDreamy Bear\u201c | Gintar\u0117sG\u0117l\u0117s.lt","description":"Helium Rubber Balloon Bouquet \u201eDreamy Bear\u201c (5 pcs., 33\u202fcm). Perfect for birthdays, christenings, or photo sessions. Order now!","robots":{"index":"index","follow":"follow","max-snippet":"max-snippet:-1","max-image-preview":"max-image-preview:large","max-video-preview":"max-video-preview:-1"},"canonical":"https:\/\/www.gintaresgeles.lt\/en\/puokste\/bouquet-of-helium-rubber-balloons-dreamy-bear\/","og_locale":"en_US","og_type":"article","og_title":"Rubber Balloon Bouquet \u201eDreamy Bear\u201c | Gintar\u0117sG\u0117l\u0117s.lt","og_description":"Helium Rubber Balloon Bouquet \u201eDreamy Bear\u201c (5 pcs., 33\u202fcm). Perfect for birthdays, christenings, or photo sessions. Order now!","og_url":"https:\/\/www.gintaresgeles.lt\/en\/puokste\/bouquet-of-helium-rubber-balloons-dreamy-bear\/","og_site_name":"gintaresgeles.lt","og_image":[{"width":1002,"height":1004,"url":"https:\/\/www.gintaresgeles.lt\/wp-content\/uploads\/2025\/07\/Guminiia-balionai-su-meskuciais.jpg","type":"image\/jpeg"}],"twitter_card":"summary_large_image","schema":{"@context":"https:\/\/schema.org","@graph":[{"@type":"WebPage","@id":"https:\/\/www.gintaresgeles.lt\/en\/puokste\/bouquet-of-helium-rubber-balloons-dreamy-bear\/","url":"https:\/\/www.gintaresgeles.lt\/en\/puokste\/bouquet-of-helium-rubber-balloons-dreamy-bear\/","name":"Rubber Balloon Bouquet \u201eDreamy Bear\u201c | Gintar\u0117sG\u0117l\u0117s.lt","isPartOf":{"@id":"https:\/\/www.gintaresgeles.lt\/en\/#website"},"primaryImageOfPage":{"@id":"https:\/\/www.gintaresgeles.lt\/en\/puokste\/bouquet-of-helium-rubber-balloons-dreamy-bear\/#primaryimage"},"image":{"@id":"https:\/\/www.gintaresgeles.lt\/en\/puokste\/bouquet-of-helium-rubber-balloons-dreamy-bear\/#primaryimage"},"thumbnailUrl":"https:\/\/www.gintaresgeles.lt\/wp-content\/uploads\/2025\/07\/Guminiia-balionai-su-meskuciais.jpg","datePublished":"2025-07-12T13:27:30+00:00","description":"Helium Rubber Balloon Bouquet \u201eDreamy Bear\u201c (5 pcs., 33\u202fcm). Perfect for birthdays, christenings, or photo sessions. Order now!","breadcrumb":{"@id":"https:\/\/www.gintaresgeles.lt\/en\/puokste\/bouquet-of-helium-rubber-balloons-dreamy-bear\/#breadcrumb"},"inLanguage":"en-US","potentialAction":[{"@type":"ReadAction","target":["https:\/\/www.gintaresgeles.lt\/en\/puokste\/bouquet-of-helium-rubber-balloons-dreamy-bear\/"]}]},{"@type":"ImageObject","inLanguage":"en-US","@id":"https:\/\/www.gintaresgeles.lt\/en\/puokste\/bouquet-of-helium-rubber-balloons-dreamy-bear\/#primaryimage","url":"https:\/\/www.gintaresgeles.lt\/wp-content\/uploads\/2025\/07\/Guminiia-balionai-su-meskuciais.jpg","contentUrl":"https:\/\/www.gintaresgeles.lt\/wp-content\/uploads\/2025\/07\/Guminiia-balionai-su-meskuciais.jpg","width":1002,"height":1004,"caption":"Miela balion\u0173 puok\u0161t\u0117 su me\u0161ku\u010diais"},{"@type":"BreadcrumbList","@id":"https:\/\/www.gintaresgeles.lt\/en\/puokste\/bouquet-of-helium-rubber-balloons-dreamy-bear\/#breadcrumb","itemListElement":[{"@type":"ListItem","position":1,"name":"Prad\u017eia","item":"https:\/\/www.gintaresgeles.lt\/en\/"},{"@type":"ListItem","position":2,"name":"All flowers and other products","item":"https:\/\/www.gintaresgeles.lt\/en\/all-flowers-and-other-products\/"},{"@type":"ListItem","position":3,"name":"Bouquet of helium rubber balloons \u201eDreamy Bear\u201c"}]},{"@type":"WebSite","@id":"https:\/\/www.gintaresgeles.lt\/en\/#website","url":"https:\/\/www.gintaresgeles.lt\/en\/","name":"Gintares Geles","description":"Flower delivery in Vilnius | Same-day delivery | Gintares geles","potentialAction":[{"@type":"SearchAction","target":{"@type":"EntryPoint","urlTemplate":"https:\/\/www.gintaresgeles.lt\/en\/?s={search_term_string}"},"query-input":{"@type":"PropertyValueSpecification","valueRequired":true,"valueName":"search_term_string"}}],"inLanguage":"en-US"}]}},"_links":{"self":[{"href":"https:\/\/www.gintaresgeles.lt\/en\/wp-json\/wp\/v2\/product\/56339","targetHints":{"allow":["GET"]}}],"collection":[{"href":"https:\/\/www.gintaresgeles.lt\/en\/wp-json\/wp\/v2\/product"}],"about":[{"href":"https:\/\/www.gintaresgeles.lt\/en\/wp-json\/wp\/v2\/types\/product"}],"wp:featuredmedia":[{"embeddable":true,"href":"https:\/\/www.gintaresgeles.lt\/en\/wp-json\/wp\/v2\/media\/56259"}],"wp:attachment":[{"href":"https:\/\/www.gintaresgeles.lt\/en\/wp-json\/wp\/v2\/media?parent=56339"}],"wp:term":[{"taxonomy":"product_brand","embeddable":true,"href":"https:\/\/www.gintaresgeles.lt\/en\/wp-json\/wp\/v2\/product_brand?post=56339"},{"taxonomy":"product_cat","embeddable":true,"href":"https:\/\/www.gintaresgeles.lt\/en\/wp-json\/wp\/v2\/product_cat?post=56339"},{"taxonomy":"product_tag","embeddable":true,"href":"https:\/\/www.gintaresgeles.lt\/en\/wp-json\/wp\/v2\/product_tag?post=56339"}],"curies":[{"name":"wp","href":"https:\/\/api.w.org\/{rel}","templated":true}]}}