{"id":56345,"date":"2025-07-16T13:28:40","date_gmt":"2025-07-16T10:28:40","guid":{"rendered":"https:\/\/www.gintaresgeles.lt\/puokste\/pink-foil-helium-balloon-happy-birthday\/"},"modified":"2025-07-16T13:28:40","modified_gmt":"2025-07-16T10:28:40","slug":"pink-foil-helium-balloon-happy-birthday","status":"publish","type":"product","link":"https:\/\/www.gintaresgeles.lt\/en\/puokste\/pink-foil-helium-balloon-happy-birthday\/","title":{"rendered":"Pink foil helium balloon \u201eHappy Birthday\u201c"},"content":{"rendered":"","protected":false},"excerpt":{"rendered":"<p data-start=\"94\" data-end=\"376\">Decorate the birthday celebration with a unique accent! The pink foil balloon with the inscription \u201eHappy Birthday\u201c is a stylish and festive choice that will enhance any birthday decoration. The soft pink color and elegant design are perfect for both children\u2019s and adults\u2019 parties.<\/p>\n<p data-start=\"378\" data-end=\"399\">Balloon size \u2013 45 cm.<\/p>\n","protected":false},"featured_media":58021,"template":"","meta":[],"product_brand":[],"product_cat":[270,1956,893],"product_tag":[],"class_list":{"0":"post-56345","1":"product","2":"type-product","3":"status-publish","4":"has-post-thumbnail","6":"product_cat-helium-balloons","7":"product_cat-foil-helium-balloons","8":"product_cat-helium-balloons-for-birthday","9":"tm-has-options","11":"first","12":"instock","13":"taxable","14":"shipping-taxable","15":"purchasable","16":"product-type-simple"},"yoast_head":"<!-- This site is optimized with the Yoast SEO plugin v25.3 - https:\/\/yoast.com\/wordpress\/plugins\/seo\/ -->\n<title>Pink foil helium balloon \u201eHappy Birthday\u201c | Gintar\u0117s G\u0117l\u0117s<\/title>\n<meta name=\"description\" content=\"Pink foil balloon \u201eHappy Birthday\u201c \u2013 45 cm. Suitable for birthday celebrations or as decoration. A stylish and festive decoration.\" \/>\n<meta name=\"robots\" content=\"index, follow, max-snippet:-1, max-image-preview:large, max-video-preview:-1\" \/>\n<link rel=\"canonical\" href=\"https:\/\/www.gintaresgeles.lt\/en\/puokste\/pink-foil-helium-balloon-happy-birthday\/\" \/>\n<meta property=\"og:locale\" content=\"en_US\" \/>\n<meta property=\"og:type\" content=\"article\" \/>\n<meta property=\"og:title\" content=\"Pink foil helium balloon \u201eHappy Birthday\u201c | Gintar\u0117s G\u0117l\u0117s\" \/>\n<meta property=\"og:description\" content=\"Pink foil balloon \u201eHappy Birthday\u201c \u2013 45 cm. Suitable for birthday celebrations or as decoration. A stylish and festive decoration.\" \/>\n<meta property=\"og:url\" content=\"https:\/\/www.gintaresgeles.lt\/en\/puokste\/pink-foil-helium-balloon-happy-birthday\/\" \/>\n<meta property=\"og:site_name\" content=\"gintaresgeles.lt\" \/>\n<meta property=\"og:image\" content=\"https:\/\/www.gintaresgeles.lt\/wp-content\/uploads\/2025\/07\/Rozinis-folinis-balionas-su-gimtadienio-sveikinimu.jpg\" \/>\n\t<meta property=\"og:image:width\" content=\"1106\" \/>\n\t<meta property=\"og:image:height\" content=\"1102\" \/>\n\t<meta property=\"og:image:type\" content=\"image\/jpeg\" \/>\n<meta name=\"twitter:card\" content=\"summary_large_image\" \/>\n<script type=\"application\/ld+json\" class=\"yoast-schema-graph\">{\"@context\":\"https:\/\/schema.org\",\"@graph\":[{\"@type\":\"WebPage\",\"@id\":\"https:\/\/www.gintaresgeles.lt\/en\/puokste\/pink-foil-helium-balloon-happy-birthday\/\",\"url\":\"https:\/\/www.gintaresgeles.lt\/en\/puokste\/pink-foil-helium-balloon-happy-birthday\/\",\"name\":\"Pink foil helium balloon \u201eHappy Birthday\u201c | Gintar\u0117s G\u0117l\u0117s\",\"isPartOf\":{\"@id\":\"https:\/\/www.gintaresgeles.lt\/en\/#website\"},\"primaryImageOfPage\":{\"@id\":\"https:\/\/www.gintaresgeles.lt\/en\/puokste\/pink-foil-helium-balloon-happy-birthday\/#primaryimage\"},\"image\":{\"@id\":\"https:\/\/www.gintaresgeles.lt\/en\/puokste\/pink-foil-helium-balloon-happy-birthday\/#primaryimage\"},\"thumbnailUrl\":\"https:\/\/www.gintaresgeles.lt\/wp-content\/uploads\/2025\/07\/Rozinis-helio-folinis-balionas-su-konfeti-sveikinimu.jpg\",\"datePublished\":\"2025-07-16T10:28:40+00:00\",\"description\":\"Pink foil balloon \u201eHappy Birthday\u201c \u2013 45 cm. Suitable for birthday celebrations or as decoration. A stylish and festive decoration.\",\"breadcrumb\":{\"@id\":\"https:\/\/www.gintaresgeles.lt\/en\/puokste\/pink-foil-helium-balloon-happy-birthday\/#breadcrumb\"},\"inLanguage\":\"en-US\",\"potentialAction\":[{\"@type\":\"ReadAction\",\"target\":[\"https:\/\/www.gintaresgeles.lt\/en\/puokste\/pink-foil-helium-balloon-happy-birthday\/\"]}]},{\"@type\":\"ImageObject\",\"inLanguage\":\"en-US\",\"@id\":\"https:\/\/www.gintaresgeles.lt\/en\/puokste\/pink-foil-helium-balloon-happy-birthday\/#primaryimage\",\"url\":\"https:\/\/www.gintaresgeles.lt\/wp-content\/uploads\/2025\/07\/Rozinis-helio-folinis-balionas-su-konfeti-sveikinimu.jpg\",\"contentUrl\":\"https:\/\/www.gintaresgeles.lt\/wp-content\/uploads\/2025\/07\/Rozinis-helio-folinis-balionas-su-konfeti-sveikinimu.jpg\",\"width\":701,\"height\":703,\"caption\":\"Ro\u017ein\u0117s spalvos helio balionas su konfeti Happy birthday\"},{\"@type\":\"BreadcrumbList\",\"@id\":\"https:\/\/www.gintaresgeles.lt\/en\/puokste\/pink-foil-helium-balloon-happy-birthday\/#breadcrumb\",\"itemListElement\":[{\"@type\":\"ListItem\",\"position\":1,\"name\":\"Prad\u017eia\",\"item\":\"https:\/\/www.gintaresgeles.lt\/en\/\"},{\"@type\":\"ListItem\",\"position\":2,\"name\":\"All flowers and other products\",\"item\":\"https:\/\/www.gintaresgeles.lt\/en\/all-flowers-and-other-products\/\"},{\"@type\":\"ListItem\",\"position\":3,\"name\":\"Pink foil helium balloon \u201eHappy Birthday\u201c\"}]},{\"@type\":\"WebSite\",\"@id\":\"https:\/\/www.gintaresgeles.lt\/en\/#website\",\"url\":\"https:\/\/www.gintaresgeles.lt\/en\/\",\"name\":\"Gintares Geles\",\"description\":\"Flower delivery in Vilnius | Same-day delivery | Gintares geles\",\"potentialAction\":[{\"@type\":\"SearchAction\",\"target\":{\"@type\":\"EntryPoint\",\"urlTemplate\":\"https:\/\/www.gintaresgeles.lt\/en\/?s={search_term_string}\"},\"query-input\":{\"@type\":\"PropertyValueSpecification\",\"valueRequired\":true,\"valueName\":\"search_term_string\"}}],\"inLanguage\":\"en-US\"}]}<\/script>\n<!-- \/ Yoast SEO plugin. -->","yoast_head_json":{"title":"Pink foil helium balloon \u201eHappy Birthday\u201c | Gintar\u0117s G\u0117l\u0117s","description":"Pink foil balloon \u201eHappy Birthday\u201c \u2013 45 cm. Suitable for birthday celebrations or as decoration. A stylish and festive decoration.","robots":{"index":"index","follow":"follow","max-snippet":"max-snippet:-1","max-image-preview":"max-image-preview:large","max-video-preview":"max-video-preview:-1"},"canonical":"https:\/\/www.gintaresgeles.lt\/en\/puokste\/pink-foil-helium-balloon-happy-birthday\/","og_locale":"en_US","og_type":"article","og_title":"Pink foil helium balloon \u201eHappy Birthday\u201c | Gintar\u0117s G\u0117l\u0117s","og_description":"Pink foil balloon \u201eHappy Birthday\u201c \u2013 45 cm. Suitable for birthday celebrations or as decoration. A stylish and festive decoration.","og_url":"https:\/\/www.gintaresgeles.lt\/en\/puokste\/pink-foil-helium-balloon-happy-birthday\/","og_site_name":"gintaresgeles.lt","og_image":[{"width":1106,"height":1102,"url":"https:\/\/www.gintaresgeles.lt\/wp-content\/uploads\/2025\/07\/Rozinis-folinis-balionas-su-gimtadienio-sveikinimu.jpg","type":"image\/jpeg"}],"twitter_card":"summary_large_image","schema":{"@context":"https:\/\/schema.org","@graph":[{"@type":"WebPage","@id":"https:\/\/www.gintaresgeles.lt\/en\/puokste\/pink-foil-helium-balloon-happy-birthday\/","url":"https:\/\/www.gintaresgeles.lt\/en\/puokste\/pink-foil-helium-balloon-happy-birthday\/","name":"Pink foil helium balloon \u201eHappy Birthday\u201c | Gintar\u0117s G\u0117l\u0117s","isPartOf":{"@id":"https:\/\/www.gintaresgeles.lt\/en\/#website"},"primaryImageOfPage":{"@id":"https:\/\/www.gintaresgeles.lt\/en\/puokste\/pink-foil-helium-balloon-happy-birthday\/#primaryimage"},"image":{"@id":"https:\/\/www.gintaresgeles.lt\/en\/puokste\/pink-foil-helium-balloon-happy-birthday\/#primaryimage"},"thumbnailUrl":"https:\/\/www.gintaresgeles.lt\/wp-content\/uploads\/2025\/07\/Rozinis-helio-folinis-balionas-su-konfeti-sveikinimu.jpg","datePublished":"2025-07-16T10:28:40+00:00","description":"Pink foil balloon \u201eHappy Birthday\u201c \u2013 45 cm. Suitable for birthday celebrations or as decoration. A stylish and festive decoration.","breadcrumb":{"@id":"https:\/\/www.gintaresgeles.lt\/en\/puokste\/pink-foil-helium-balloon-happy-birthday\/#breadcrumb"},"inLanguage":"en-US","potentialAction":[{"@type":"ReadAction","target":["https:\/\/www.gintaresgeles.lt\/en\/puokste\/pink-foil-helium-balloon-happy-birthday\/"]}]},{"@type":"ImageObject","inLanguage":"en-US","@id":"https:\/\/www.gintaresgeles.lt\/en\/puokste\/pink-foil-helium-balloon-happy-birthday\/#primaryimage","url":"https:\/\/www.gintaresgeles.lt\/wp-content\/uploads\/2025\/07\/Rozinis-helio-folinis-balionas-su-konfeti-sveikinimu.jpg","contentUrl":"https:\/\/www.gintaresgeles.lt\/wp-content\/uploads\/2025\/07\/Rozinis-helio-folinis-balionas-su-konfeti-sveikinimu.jpg","width":701,"height":703,"caption":"Ro\u017ein\u0117s spalvos helio balionas su konfeti Happy birthday"},{"@type":"BreadcrumbList","@id":"https:\/\/www.gintaresgeles.lt\/en\/puokste\/pink-foil-helium-balloon-happy-birthday\/#breadcrumb","itemListElement":[{"@type":"ListItem","position":1,"name":"Prad\u017eia","item":"https:\/\/www.gintaresgeles.lt\/en\/"},{"@type":"ListItem","position":2,"name":"All flowers and other products","item":"https:\/\/www.gintaresgeles.lt\/en\/all-flowers-and-other-products\/"},{"@type":"ListItem","position":3,"name":"Pink foil helium balloon \u201eHappy Birthday\u201c"}]},{"@type":"WebSite","@id":"https:\/\/www.gintaresgeles.lt\/en\/#website","url":"https:\/\/www.gintaresgeles.lt\/en\/","name":"Gintares Geles","description":"Flower delivery in Vilnius | Same-day delivery | Gintares geles","potentialAction":[{"@type":"SearchAction","target":{"@type":"EntryPoint","urlTemplate":"https:\/\/www.gintaresgeles.lt\/en\/?s={search_term_string}"},"query-input":{"@type":"PropertyValueSpecification","valueRequired":true,"valueName":"search_term_string"}}],"inLanguage":"en-US"}]}},"_links":{"self":[{"href":"https:\/\/www.gintaresgeles.lt\/en\/wp-json\/wp\/v2\/product\/56345","targetHints":{"allow":["GET"]}}],"collection":[{"href":"https:\/\/www.gintaresgeles.lt\/en\/wp-json\/wp\/v2\/product"}],"about":[{"href":"https:\/\/www.gintaresgeles.lt\/en\/wp-json\/wp\/v2\/types\/product"}],"wp:featuredmedia":[{"embeddable":true,"href":"https:\/\/www.gintaresgeles.lt\/en\/wp-json\/wp\/v2\/media\/58021"}],"wp:attachment":[{"href":"https:\/\/www.gintaresgeles.lt\/en\/wp-json\/wp\/v2\/media?parent=56345"}],"wp:term":[{"taxonomy":"product_brand","embeddable":true,"href":"https:\/\/www.gintaresgeles.lt\/en\/wp-json\/wp\/v2\/product_brand?post=56345"},{"taxonomy":"product_cat","embeddable":true,"href":"https:\/\/www.gintaresgeles.lt\/en\/wp-json\/wp\/v2\/product_cat?post=56345"},{"taxonomy":"product_tag","embeddable":true,"href":"https:\/\/www.gintaresgeles.lt\/en\/wp-json\/wp\/v2\/product_tag?post=56345"}],"curies":[{"name":"wp","href":"https:\/\/api.w.org\/{rel}","templated":true}]}}